{"id":24754,"date":"2019-08-27T15:29:27","date_gmt":"2019-08-27T15:29:27","guid":{"rendered":"https:\/\/deutschcolor.com\/de\/?post_type=product&#038;p=24754"},"modified":"2020-01-06T11:44:45","modified_gmt":"2020-01-06T11:44:45","slug":"gutter-dc-vlt-150","status":"publish","type":"product","link":"https:\/\/deutschcolor.com\/de\/product\/gutter-dc-vlt-150\/","title":{"rendered":"GUTTER DC VLT 150"},"content":{"rendered":"<p>Tr\u00f6pfchen f\u00fcr Balkone mit Maschenweite 145 gr, 10X15X250 cm, alkalibest\u00e4ndig.<\/p>\n","protected":false},"excerpt":{"rendered":"<p>Tr\u00f6pfchen f\u00fcr Balkone mit Maschenweite 145 gr, 10X15X250 cm, alkalibest\u00e4ndig.<\/p>\n","protected":false},"featured_media":24751,"template":"","meta":{"om_disable_all_campaigns":false,"_monsterinsights_skip_tracking":false,"_monsterinsights_sitenote_active":false,"_monsterinsights_sitenote_note":"","_monsterinsights_sitenote_category":0},"class_list":["post-24754","product","type-product","status-publish","has-post-thumbnail","hentry","product_cat-products-association","product_cat-associative-products-products-association"],"aioseo_notices":[],"_links":{"self":[{"href":"https:\/\/deutschcolor.com\/de\/wp-json\/wp\/v2\/product\/24754","targetHints":{"allow":["GET"]}}],"collection":[{"href":"https:\/\/deutschcolor.com\/de\/wp-json\/wp\/v2\/product"}],"about":[{"href":"https:\/\/deutschcolor.com\/de\/wp-json\/wp\/v2\/types\/product"}],"wp:featuredmedia":[{"embeddable":true,"href":"https:\/\/deutschcolor.com\/de\/wp-json\/wp\/v2\/media\/24751"}],"wp:attachment":[{"href":"https:\/\/deutschcolor.com\/de\/wp-json\/wp\/v2\/media?parent=24754"}],"curies":[{"name":"wp","href":"https:\/\/api.w.org\/{rel}","templated":true}]}}