{"id":24758,"date":"2019-08-27T15:31:39","date_gmt":"2019-08-27T15:31:39","guid":{"rendered":"https:\/\/deutschcolor.com\/de\/?post_type=product&#038;p=24758"},"modified":"2020-01-06T11:45:29","modified_gmt":"2020-01-06T11:45:29","slug":"termostart-103","status":"publish","type":"product","link":"https:\/\/deutschcolor.com\/de\/product\/termostart-103\/","title":{"rendered":"TERMOSTART 103"},"content":{"rendered":"<p>Ein Ausgangsprofil f\u00fcr das W\u00e4rmed\u00e4mmsystem mit 145 Gramm verst\u00e4rktem PVC-Element, alkalibest\u00e4ndigem und Zinkprofil. L\u00e4nge 0,5-2,0m.<\/p>\n","protected":false},"excerpt":{"rendered":"<p>Ein Ausgangsprofil f\u00fcr das W\u00e4rmed\u00e4mmsystem mit 145 Gramm verst\u00e4rktem PVC-Element, alkalibest\u00e4ndigem und Zinkprofil. L\u00e4nge 0,5-2,0m.<\/p>\n","protected":false},"featured_media":24752,"template":"","meta":{"om_disable_all_campaigns":false,"_monsterinsights_skip_tracking":false,"_monsterinsights_sitenote_active":false,"_monsterinsights_sitenote_note":"","_monsterinsights_sitenote_category":0},"class_list":["post-24758","product","type-product","status-publish","has-post-thumbnail","hentry","product_cat-products-association","product_cat-associative-products-products-association"],"aioseo_notices":[],"_links":{"self":[{"href":"https:\/\/deutschcolor.com\/de\/wp-json\/wp\/v2\/product\/24758","targetHints":{"allow":["GET"]}}],"collection":[{"href":"https:\/\/deutschcolor.com\/de\/wp-json\/wp\/v2\/product"}],"about":[{"href":"https:\/\/deutschcolor.com\/de\/wp-json\/wp\/v2\/types\/product"}],"wp:featuredmedia":[{"embeddable":true,"href":"https:\/\/deutschcolor.com\/de\/wp-json\/wp\/v2\/media\/24752"}],"wp:attachment":[{"href":"https:\/\/deutschcolor.com\/de\/wp-json\/wp\/v2\/media?parent=24758"}],"curies":[{"name":"wp","href":"https:\/\/api.w.org\/{rel}","templated":true}]}}