{"id":24786,"date":"2019-08-27T15:58:22","date_gmt":"2019-08-27T15:58:22","guid":{"rendered":"https:\/\/deutschcolor.com\/de\/?post_type=product&#038;p=24786"},"modified":"2020-01-06T11:48:30","modified_gmt":"2020-01-06T11:48:30","slug":"a-11","status":"publish","type":"product","link":"https:\/\/deutschcolor.com\/de\/product\/a-11\/","title":{"rendered":"A-11"},"content":{"rendered":"<p>Polyurethan-Isolierschaum mit sehr guter Schalld\u00e4mmung und W\u00e4rmed\u00e4mmung.<\/p>\n","protected":false},"excerpt":{"rendered":"<p>Polyurethan-Isolierschaum mit sehr guter Schalld\u00e4mmung und W\u00e4rmed\u00e4mmung.<\/p>\n","protected":false},"featured_media":24762,"template":"","meta":{"om_disable_all_campaigns":false,"_monsterinsights_skip_tracking":false,"_monsterinsights_sitenote_active":false,"_monsterinsights_sitenote_note":"","_monsterinsights_sitenote_category":0},"class_list":["post-24786","product","type-product","status-publish","has-post-thumbnail","hentry","product_cat-products-association","product_cat-silicone"],"aioseo_notices":[],"_links":{"self":[{"href":"https:\/\/deutschcolor.com\/de\/wp-json\/wp\/v2\/product\/24786","targetHints":{"allow":["GET"]}}],"collection":[{"href":"https:\/\/deutschcolor.com\/de\/wp-json\/wp\/v2\/product"}],"about":[{"href":"https:\/\/deutschcolor.com\/de\/wp-json\/wp\/v2\/types\/product"}],"wp:featuredmedia":[{"embeddable":true,"href":"https:\/\/deutschcolor.com\/de\/wp-json\/wp\/v2\/media\/24762"}],"wp:attachment":[{"href":"https:\/\/deutschcolor.com\/de\/wp-json\/wp\/v2\/media?parent=24786"}],"curies":[{"name":"wp","href":"https:\/\/api.w.org\/{rel}","templated":true}]}}