{"id":24795,"date":"2019-08-27T16:12:02","date_gmt":"2019-08-27T16:12:02","guid":{"rendered":"https:\/\/deutschcolor.com\/de\/?post_type=product&#038;p=24795"},"modified":"2020-01-06T11:51:37","modified_gmt":"2020-01-06T11:51:37","slug":"dc-cem-color-red","status":"publish","type":"product","link":"https:\/\/deutschcolor.com\/de\/product\/dc-cem-color-red\/","title":{"rendered":"DC CEM COLOR RED"},"content":{"rendered":"<p>Farben f\u00fcr Beton und Oberfl\u00e4chen. Es eignet sich zum Streichen von Fliesenm\u00f6rtel oder farbigem Beton usw.<br \/>\n###<br \/>\n<strong>die Ma\u00dfeinheit:<\/strong> 2 kg\/ Plastikflasche<br \/>\n<strong>St\u00fcck\/Kisten:<\/strong> 8 St\u00fcck\/Kisten<br \/>\n<strong>Farben \u0337 andere Spezifikationen:<\/strong> Rot<\/p>\n","protected":false},"excerpt":{"rendered":"<p>Farben f\u00fcr Beton und Oberfl\u00e4chen. Es eignet sich zum Streichen von Fliesenm\u00f6rtel oder farbigem Beton usw.<\/p>\n","protected":false},"featured_media":24791,"template":"","meta":{"om_disable_all_campaigns":false,"_monsterinsights_skip_tracking":false,"_monsterinsights_sitenote_active":false,"_monsterinsights_sitenote_note":"","_monsterinsights_sitenote_category":0},"class_list":["post-24795","product","type-product","status-publish","has-post-thumbnail","hentry","product_cat-products-association","product_cat-concrete-colors"],"aioseo_notices":[],"_links":{"self":[{"href":"https:\/\/deutschcolor.com\/de\/wp-json\/wp\/v2\/product\/24795","targetHints":{"allow":["GET"]}}],"collection":[{"href":"https:\/\/deutschcolor.com\/de\/wp-json\/wp\/v2\/product"}],"about":[{"href":"https:\/\/deutschcolor.com\/de\/wp-json\/wp\/v2\/types\/product"}],"wp:featuredmedia":[{"embeddable":true,"href":"https:\/\/deutschcolor.com\/de\/wp-json\/wp\/v2\/media\/24791"}],"wp:attachment":[{"href":"https:\/\/deutschcolor.com\/de\/wp-json\/wp\/v2\/media?parent=24795"}],"curies":[{"name":"wp","href":"https:\/\/api.w.org\/{rel}","templated":true}]}}