{"id":25062,"date":"2021-01-07T15:34:52","date_gmt":"2021-01-07T15:34:52","guid":{"rendered":"https:\/\/deutschcolor.com\/de\/?post_type=product&#038;p=25062"},"modified":"2021-01-07T15:40:23","modified_gmt":"2021-01-07T15:40:23","slug":"beton-farbe","status":"publish","type":"product","link":"https:\/\/deutschcolor.com\/de\/product\/beton-farbe\/","title":{"rendered":"Beton Farbe"},"content":{"rendered":"<p><strong>Eigenschaften<\/strong>:<br \/>\n\u2022 L\u00f6sungsmittelbasiert<br \/>\n\u2022 Starke Haftung<br \/>\n\u2022 Tiefes Eindringen in die Oberfl\u00e4che<br \/>\n\u2022 Hoher mechanischer Widerstand<br \/>\n\u2022 Perfekte Abdeckung<\/p>\n<p>###<\/p>\n<p><strong>Anwendungsempfehlungen<\/strong><\/p>\n<p>Beton Farbe ist eine l\u00f6sungsmittelbasierte Farbe f\u00fcr por\u00f6se Oberfl\u00e4chen wie Beton, Stein, Asphalt, die auf diesen Arten von Tr\u00e4gern verwendet werden kann und eine sehr starke Haftung bietet. Es ist best\u00e4ndig gegen ultraviolette Strahlen und atmosph\u00e4rische Bedingungen, kratzfest, schnell trocknend und langlebig. Es dringt sehr gut in die Oberfl\u00e4che ein und ist leicht aufzutragen. Dank der hohen mechanischen Best\u00e4ndigkeit entsteht eine starke und lang anhaltende Beschichtung der aufgetragenen Oberfl\u00e4chen. Das Produkt ist im Laufe der Zeit vergilbungsbest\u00e4ndig und l\u00f6st sich im Laufe der Zeit nicht von der Beschichtung.<\/p>\n","protected":false},"excerpt":{"rendered":"<p>Acrylfarbe mit schneller Trocknung f\u00fcr Stra\u00dfenanstriche. Ausgezeichnete Qualit\u00e4t<\/p>\n","protected":false},"featured_media":25063,"template":"","meta":{"om_disable_all_campaigns":false,"_monsterinsights_skip_tracking":false,"_monsterinsights_sitenote_active":false,"_monsterinsights_sitenote_note":"","_monsterinsights_sitenote_category":0},"class_list":["post-25062","product","type-product","status-publish","has-post-thumbnail","hentry","product_cat-paints","product_cat-street-paint"],"aioseo_notices":[],"_links":{"self":[{"href":"https:\/\/deutschcolor.com\/de\/wp-json\/wp\/v2\/product\/25062","targetHints":{"allow":["GET"]}}],"collection":[{"href":"https:\/\/deutschcolor.com\/de\/wp-json\/wp\/v2\/product"}],"about":[{"href":"https:\/\/deutschcolor.com\/de\/wp-json\/wp\/v2\/types\/product"}],"wp:featuredmedia":[{"embeddable":true,"href":"https:\/\/deutschcolor.com\/de\/wp-json\/wp\/v2\/media\/25063"}],"wp:attachment":[{"href":"https:\/\/deutschcolor.com\/de\/wp-json\/wp\/v2\/media?parent=25062"}],"curies":[{"name":"wp","href":"https:\/\/api.w.org\/{rel}","templated":true}]}}