{"id":23774,"date":"2019-05-07T07:40:22","date_gmt":"2019-05-07T07:40:22","guid":{"rendered":"https:\/\/deutschcolor.com\/fr\/?post_type=product&#038;p=23774"},"modified":"2025-05-26T12:27:57","modified_gmt":"2025-05-26T12:27:57","slug":"fm-5000","status":"publish","type":"product","link":"https:\/\/deutschcolor.com\/fr\/product\/fm-5000\/","title":{"rendered":"FM 5000"},"content":{"rendered":"<p><strong>Caract\u00e9ristiques<\/strong><br \/>\nMortier colle pr\u00eat \u00e0 l\u2019emploi thixotrope et \u00e9lastique, \u00e0 base constitu\u00e9e d\u2019esters polyacryliques<br \/>\nen dispersion aqueuse et d\u2019additifs sp\u00e9ciaux. Il est r\u00e9sistant \u00e0 l\u2019humidit\u00e9, aux acides dilu\u00e9s et<br \/>\naux surfaces alcalines (B\u00e9ton, enduits) et sans effet sur les mat\u00e9riaux sensibles aux diluants<br \/>\nIl est dot\u00e9 d\u2019un temps ouvert allong\u00e9, ce qui permet son usage sur de nombreux types de<br \/>\nsupports lisses (verniss\u00e9es) ou rugueux, en cr\u00e9ant une excellente adh\u00e9rence. Il poss\u00e8de<br \/>\nune force d\u2019adh\u00e9rence initiale et finale \u00e9lev\u00e9e. Il est de classe D2TE selon la norme EN<br \/>\n12004.<\/p>\n<p><strong>Pr\u00e9paration du support<\/strong><br \/>\nLes supports traditionnels \u00e0 base de ciment doivent avoir une maturit\u00e9 suffisante (28 jours \u00e0<br \/>\nune temp\u00e9rature de 23\u00b0C et HR 40%).<br \/>\nLes supports doivent \u00eatre plats, m\u00e9caniquement stables, et fonctionnels.<br \/>\nLe support doit \u00eatre propre, exempt de toute substance \u00e9trang\u00e8re telles que peintures,<br \/>\nhuiles, vernis et mat\u00e9riaux emp\u00eachant l\u2019adh\u00e9rence ..etc. Le nettoyage se fait manuellement<br \/>\nou m\u00e9caniquement. La maturit\u00e9, pour les enduits neufs, doit \u00eatre d\u2019au moins une semaine<br \/>\npar centim\u00e8tre d\u2019\u00e9paisseur avant application du FM 5000.<\/p>\n<p>###<\/p>\n<p><strong>Condititionnement<\/strong><br \/>\nFM 5000 est fourni en seaux plastiques de de 5 Kg et 25 kg.<\/p>\n<p><strong>Duree de vie &#8211; stockage<\/strong><br \/>\n12 mois au moins \u00e0 compter de la date de fabrication, en emballage d\u2019origine bien ferm\u00e9<br \/>\ndans un endroit \u00e0 faible humidit\u00e9 ambiante sec et ombrag\u00e9.<\/p>\n","protected":false},"excerpt":{"rendered":"<p>Adh\u00e9sif thixotrope, \u00e9lastique, pr\u00eat \u00e0 l\u2019emploi, \u00e1 base<br \/>\nune dispersion aqueuse d\u2019esters polyacryliques et des<br \/>\nadjuvants sp\u00e9cifiques.<\/p>\n","protected":false},"featured_media":24669,"template":"","meta":[],"class_list":["post-23774","product","type-product","status-publish","has-post-thumbnail","hentry","product_cat-colles","product_cat-colles-a-base-de-ciment-pour-carrelage"],"yoast_head":"<!-- This site is optimized with the Yoast SEO plugin v25.7 - https:\/\/yoast.com\/wordpress\/plugins\/seo\/ -->\n<title>FM 5000 - Deutschcolor<\/title>\n<meta name=\"robots\" content=\"index, follow, max-snippet:-1, max-image-preview:large, max-video-preview:-1\" \/>\n<link rel=\"canonical\" href=\"https:\/\/deutschcolor.com\/fr\/product\/fm-5000\/\" \/>\n<meta property=\"og:locale\" content=\"en_US\" \/>\n<meta property=\"og:type\" content=\"article\" \/>\n<meta property=\"og:title\" content=\"FM 5000 - Deutschcolor\" \/>\n<meta property=\"og:description\" content=\"Adh\u00e9sif thixotrope, \u00e9lastique, pr\u00eat \u00e0 l\u2019emploi, \u00e1 base une dispersion aqueuse d\u2019esters polyacryliques et des adjuvants sp\u00e9cifiques.\" \/>\n<meta property=\"og:url\" content=\"https:\/\/deutschcolor.com\/fr\/product\/fm-5000\/\" \/>\n<meta property=\"og:site_name\" content=\"Deutschcolor\" \/>\n<meta property=\"article:publisher\" content=\"https:\/\/www.facebook.com\/deltahome.al\" \/>\n<meta property=\"article:modified_time\" content=\"2025-05-26T12:27:57+00:00\" \/>\n<meta property=\"og:image\" content=\"https:\/\/deutschcolor.com\/fr\/wp-content\/uploads\/2019\/05\/kova-fm-5000-min.png\" \/>\n\t<meta property=\"og:image:width\" content=\"1000\" \/>\n\t<meta property=\"og:image:height\" content=\"1000\" \/>\n\t<meta property=\"og:image:type\" content=\"image\/png\" \/>\n<meta name=\"twitter:card\" content=\"summary_large_image\" \/>\n<meta name=\"twitter:label1\" content=\"Est. reading time\" \/>\n\t<meta name=\"twitter:data1\" content=\"1 minute\" \/>\n<script type=\"application\/ld+json\" class=\"yoast-schema-graph\">{\"@context\":\"https:\/\/schema.org\",\"@graph\":[{\"@type\":\"WebPage\",\"@id\":\"https:\/\/deutschcolor.com\/fr\/product\/fm-5000\/\",\"url\":\"https:\/\/deutschcolor.com\/fr\/product\/fm-5000\/\",\"name\":\"FM 5000 - Deutschcolor\",\"isPartOf\":{\"@id\":\"https:\/\/deutschcolor.com\/fr\/#website\"},\"primaryImageOfPage\":{\"@id\":\"https:\/\/deutschcolor.com\/fr\/product\/fm-5000\/#primaryimage\"},\"image\":{\"@id\":\"https:\/\/deutschcolor.com\/fr\/product\/fm-5000\/#primaryimage\"},\"thumbnailUrl\":\"https:\/\/deutschcolor.com\/fr\/wp-content\/uploads\/2019\/05\/kova-fm-5000-min.png\",\"datePublished\":\"2019-05-07T07:40:22+00:00\",\"dateModified\":\"2025-05-26T12:27:57+00:00\",\"breadcrumb\":{\"@id\":\"https:\/\/deutschcolor.com\/fr\/product\/fm-5000\/#breadcrumb\"},\"inLanguage\":\"en-US\",\"potentialAction\":[{\"@type\":\"ReadAction\",\"target\":[\"https:\/\/deutschcolor.com\/fr\/product\/fm-5000\/\"]}]},{\"@type\":\"ImageObject\",\"inLanguage\":\"en-US\",\"@id\":\"https:\/\/deutschcolor.com\/fr\/product\/fm-5000\/#primaryimage\",\"url\":\"https:\/\/deutschcolor.com\/fr\/wp-content\/uploads\/2019\/05\/kova-fm-5000-min.png\",\"contentUrl\":\"https:\/\/deutschcolor.com\/fr\/wp-content\/uploads\/2019\/05\/kova-fm-5000-min.png\",\"width\":1000,\"height\":1000},{\"@type\":\"BreadcrumbList\",\"@id\":\"https:\/\/deutschcolor.com\/fr\/product\/fm-5000\/#breadcrumb\",\"itemListElement\":[{\"@type\":\"ListItem\",\"position\":1,\"name\":\"Home\",\"item\":\"https:\/\/deutschcolor.com\/fr\/\"},{\"@type\":\"ListItem\",\"position\":2,\"name\":\"SHOP\",\"item\":\"https:\/\/deutschcolor.com\/fr\/shop\/\"},{\"@type\":\"ListItem\",\"position\":3,\"name\":\"FM 5000\"}]},{\"@type\":\"WebSite\",\"@id\":\"https:\/\/deutschcolor.com\/fr\/#website\",\"url\":\"https:\/\/deutschcolor.com\/fr\/\",\"name\":\"Deutschcolor\",\"description\":\"Deutschcolor Tunisia\",\"publisher\":{\"@id\":\"https:\/\/deutschcolor.com\/fr\/#organization\"},\"potentialAction\":[{\"@type\":\"SearchAction\",\"target\":{\"@type\":\"EntryPoint\",\"urlTemplate\":\"https:\/\/deutschcolor.com\/fr\/?s={search_term_string}\"},\"query-input\":{\"@type\":\"PropertyValueSpecification\",\"valueRequired\":true,\"valueName\":\"search_term_string\"}}],\"inLanguage\":\"en-US\"},{\"@type\":\"Organization\",\"@id\":\"https:\/\/deutschcolor.com\/fr\/#organization\",\"name\":\"Deutschcolor\",\"url\":\"https:\/\/deutschcolor.com\/fr\/\",\"logo\":{\"@type\":\"ImageObject\",\"inLanguage\":\"en-US\",\"@id\":\"https:\/\/deutschcolor.com\/fr\/#\/schema\/logo\/image\/\",\"url\":\"https:\/\/deutschcolor.com\/fr\/wp-content\/uploads\/2025\/08\/4160px-dc.png\",\"contentUrl\":\"https:\/\/deutschcolor.com\/fr\/wp-content\/uploads\/2025\/08\/4160px-dc.png\",\"width\":4160,\"height\":689,\"caption\":\"Deutschcolor\"},\"image\":{\"@id\":\"https:\/\/deutschcolor.com\/fr\/#\/schema\/logo\/image\/\"},\"sameAs\":[\"https:\/\/www.facebook.com\/deltahome.al\"]}]}<\/script>\n<!-- \/ Yoast SEO plugin. -->","yoast_head_json":{"title":"FM 5000 - Deutschcolor","robots":{"index":"index","follow":"follow","max-snippet":"max-snippet:-1","max-image-preview":"max-image-preview:large","max-video-preview":"max-video-preview:-1"},"canonical":"https:\/\/deutschcolor.com\/fr\/product\/fm-5000\/","og_locale":"en_US","og_type":"article","og_title":"FM 5000 - Deutschcolor","og_description":"Adh\u00e9sif thixotrope, \u00e9lastique, pr\u00eat \u00e0 l\u2019emploi, \u00e1 base une dispersion aqueuse d\u2019esters polyacryliques et des adjuvants sp\u00e9cifiques.","og_url":"https:\/\/deutschcolor.com\/fr\/product\/fm-5000\/","og_site_name":"Deutschcolor","article_publisher":"https:\/\/www.facebook.com\/deltahome.al","article_modified_time":"2025-05-26T12:27:57+00:00","og_image":[{"width":1000,"height":1000,"url":"https:\/\/deutschcolor.com\/fr\/wp-content\/uploads\/2019\/05\/kova-fm-5000-min.png","type":"image\/png"}],"twitter_card":"summary_large_image","twitter_misc":{"Est. reading time":"1 minute"},"schema":{"@context":"https:\/\/schema.org","@graph":[{"@type":"WebPage","@id":"https:\/\/deutschcolor.com\/fr\/product\/fm-5000\/","url":"https:\/\/deutschcolor.com\/fr\/product\/fm-5000\/","name":"FM 5000 - Deutschcolor","isPartOf":{"@id":"https:\/\/deutschcolor.com\/fr\/#website"},"primaryImageOfPage":{"@id":"https:\/\/deutschcolor.com\/fr\/product\/fm-5000\/#primaryimage"},"image":{"@id":"https:\/\/deutschcolor.com\/fr\/product\/fm-5000\/#primaryimage"},"thumbnailUrl":"https:\/\/deutschcolor.com\/fr\/wp-content\/uploads\/2019\/05\/kova-fm-5000-min.png","datePublished":"2019-05-07T07:40:22+00:00","dateModified":"2025-05-26T12:27:57+00:00","breadcrumb":{"@id":"https:\/\/deutschcolor.com\/fr\/product\/fm-5000\/#breadcrumb"},"inLanguage":"en-US","potentialAction":[{"@type":"ReadAction","target":["https:\/\/deutschcolor.com\/fr\/product\/fm-5000\/"]}]},{"@type":"ImageObject","inLanguage":"en-US","@id":"https:\/\/deutschcolor.com\/fr\/product\/fm-5000\/#primaryimage","url":"https:\/\/deutschcolor.com\/fr\/wp-content\/uploads\/2019\/05\/kova-fm-5000-min.png","contentUrl":"https:\/\/deutschcolor.com\/fr\/wp-content\/uploads\/2019\/05\/kova-fm-5000-min.png","width":1000,"height":1000},{"@type":"BreadcrumbList","@id":"https:\/\/deutschcolor.com\/fr\/product\/fm-5000\/#breadcrumb","itemListElement":[{"@type":"ListItem","position":1,"name":"Home","item":"https:\/\/deutschcolor.com\/fr\/"},{"@type":"ListItem","position":2,"name":"SHOP","item":"https:\/\/deutschcolor.com\/fr\/shop\/"},{"@type":"ListItem","position":3,"name":"FM 5000"}]},{"@type":"WebSite","@id":"https:\/\/deutschcolor.com\/fr\/#website","url":"https:\/\/deutschcolor.com\/fr\/","name":"Deutschcolor","description":"Deutschcolor Tunisia","publisher":{"@id":"https:\/\/deutschcolor.com\/fr\/#organization"},"potentialAction":[{"@type":"SearchAction","target":{"@type":"EntryPoint","urlTemplate":"https:\/\/deutschcolor.com\/fr\/?s={search_term_string}"},"query-input":{"@type":"PropertyValueSpecification","valueRequired":true,"valueName":"search_term_string"}}],"inLanguage":"en-US"},{"@type":"Organization","@id":"https:\/\/deutschcolor.com\/fr\/#organization","name":"Deutschcolor","url":"https:\/\/deutschcolor.com\/fr\/","logo":{"@type":"ImageObject","inLanguage":"en-US","@id":"https:\/\/deutschcolor.com\/fr\/#\/schema\/logo\/image\/","url":"https:\/\/deutschcolor.com\/fr\/wp-content\/uploads\/2025\/08\/4160px-dc.png","contentUrl":"https:\/\/deutschcolor.com\/fr\/wp-content\/uploads\/2025\/08\/4160px-dc.png","width":4160,"height":689,"caption":"Deutschcolor"},"image":{"@id":"https:\/\/deutschcolor.com\/fr\/#\/schema\/logo\/image\/"},"sameAs":["https:\/\/www.facebook.com\/deltahome.al"]}]}},"_links":{"self":[{"href":"https:\/\/deutschcolor.com\/fr\/wp-json\/wp\/v2\/product\/23774","targetHints":{"allow":["GET"]}}],"collection":[{"href":"https:\/\/deutschcolor.com\/fr\/wp-json\/wp\/v2\/product"}],"about":[{"href":"https:\/\/deutschcolor.com\/fr\/wp-json\/wp\/v2\/types\/product"}],"wp:featuredmedia":[{"embeddable":true,"href":"https:\/\/deutschcolor.com\/fr\/wp-json\/wp\/v2\/media\/24669"}],"wp:attachment":[{"href":"https:\/\/deutschcolor.com\/fr\/wp-json\/wp\/v2\/media?parent=23774"}],"curies":[{"name":"wp","href":"https:\/\/api.w.org\/{rel}","templated":true}]}}