{"id":23782,"date":"2019-05-07T08:30:38","date_gmt":"2019-05-07T08:30:38","guid":{"rendered":"https:\/\/deutschcolor.com\/fr\/?post_type=product&#038;p=23782"},"modified":"2025-05-26T12:33:05","modified_gmt":"2025-05-26T12:33:05","slug":"fm-rapid-180","status":"publish","type":"product","link":"https:\/\/deutschcolor.com\/fr\/product\/fm-rapid-180\/","title":{"rendered":"FM RAPID 180"},"content":{"rendered":"<p><strong>Caract\u00e9ristiques<\/strong><br \/>\n&#8211; Utlisation en int\u00e9rieur et ext\u00e9rieur<br \/>\n&#8211; Pour environnements secs et humides<br \/>\n&#8211; Am\u00e9lioration des param\u00e8tres de travail<br \/>\n&#8211; Bonne ouvrabilit\u00e9<br \/>\n&#8211; Pose de carreaux sur supports \u00e0 base de ciment<br \/>\n&#8211; Pose de carreaux sur supports en gypse pr\u00e9alablement trait\u00e9s avec FM Primer<\/p>\n<p><strong>Pr\u00e9paration du support<\/strong><br \/>\nLes supports traditionnels \u00e0 base de ciment doivent avoir une maturit\u00e9<br \/>\nsuffisante (28 jours \u00e0 une temp\u00e9rature de 23\u00b0C et HR 40%). Les supports<br \/>\ndoivent \u00eatre plats, m\u00e9caniquement stables, et fonctionnels. Le support doit<br \/>\n\u00eatre propre, exempt de toute substance \u00e9trang\u00e8re telles que peintures,<br \/>\nhuiles, vernis et mat\u00e9riaux emp\u00eachant l\u2019adh\u00e9rence ..etc. Le nettoyage se<br \/>\nfait manuellement ou m\u00e9caniquement. La maturit\u00e9, pour les enduits neufs,<br \/>\ndoit \u00eatre d\u2019au moins une semaine par centim\u00e8tre d\u2019\u00e9paisseur avant.<\/p>\n<p>###<\/p>\n<p><strong>Condititionnement<\/strong><br \/>\nFM RAPID 180 est fourni en sacs papier de 25 kg.<\/p>\n<p><strong>Duree de vie &#8211; stockage<\/strong><br \/>\n12 mois en emballage d\u2019origine dans des conditions de stockage normales<br \/>\n\u00e0 l\u2019abri des rayons du soleil et du gel.<\/p>\n","protected":false},"excerpt":{"rendered":"<p>Mortier colle \u00e0 base de ciment et \u00e0 s\u00e9chage rapide pour<br \/>\nla pose de carreaux c\u00e9ramique, porcelaine, gr\u00e8s.. etc.<\/p>\n","protected":false},"featured_media":25025,"template":"","meta":[],"class_list":["post-23782","product","type-product","status-publish","has-post-thumbnail","hentry","product_cat-colles","product_cat-colles-a-base-de-ciment-pour-carrelage"],"yoast_head":"<!-- This site is optimized with the Yoast SEO plugin v25.7 - https:\/\/yoast.com\/wordpress\/plugins\/seo\/ -->\n<title>FM RAPID 180 - Deutschcolor<\/title>\n<meta name=\"robots\" content=\"index, follow, max-snippet:-1, max-image-preview:large, max-video-preview:-1\" \/>\n<link rel=\"canonical\" href=\"https:\/\/deutschcolor.com\/fr\/product\/fm-rapid-180\/\" \/>\n<meta property=\"og:locale\" content=\"en_US\" \/>\n<meta property=\"og:type\" content=\"article\" \/>\n<meta property=\"og:title\" content=\"FM RAPID 180 - Deutschcolor\" \/>\n<meta property=\"og:description\" content=\"Mortier colle \u00e0 base de ciment et \u00e0 s\u00e9chage rapide pour la pose de carreaux c\u00e9ramique, porcelaine, gr\u00e8s.. etc.\" \/>\n<meta property=\"og:url\" content=\"https:\/\/deutschcolor.com\/fr\/product\/fm-rapid-180\/\" \/>\n<meta property=\"og:site_name\" content=\"Deutschcolor\" \/>\n<meta property=\"article:publisher\" content=\"https:\/\/www.facebook.com\/deltahome.al\" \/>\n<meta property=\"article:modified_time\" content=\"2025-05-26T12:33:05+00:00\" \/>\n<meta property=\"og:image\" content=\"https:\/\/deutschcolor.com\/fr\/wp-content\/uploads\/2019\/05\/FM-RAPID-180-min-1-1.png\" \/>\n\t<meta property=\"og:image:width\" content=\"1000\" \/>\n\t<meta property=\"og:image:height\" content=\"1000\" \/>\n\t<meta property=\"og:image:type\" content=\"image\/png\" \/>\n<meta name=\"twitter:card\" content=\"summary_large_image\" \/>\n<meta name=\"twitter:label1\" content=\"Est. reading time\" \/>\n\t<meta name=\"twitter:data1\" content=\"1 minute\" \/>\n<script type=\"application\/ld+json\" class=\"yoast-schema-graph\">{\"@context\":\"https:\/\/schema.org\",\"@graph\":[{\"@type\":\"WebPage\",\"@id\":\"https:\/\/deutschcolor.com\/fr\/product\/fm-rapid-180\/\",\"url\":\"https:\/\/deutschcolor.com\/fr\/product\/fm-rapid-180\/\",\"name\":\"FM RAPID 180 - Deutschcolor\",\"isPartOf\":{\"@id\":\"https:\/\/deutschcolor.com\/fr\/#website\"},\"primaryImageOfPage\":{\"@id\":\"https:\/\/deutschcolor.com\/fr\/product\/fm-rapid-180\/#primaryimage\"},\"image\":{\"@id\":\"https:\/\/deutschcolor.com\/fr\/product\/fm-rapid-180\/#primaryimage\"},\"thumbnailUrl\":\"https:\/\/deutschcolor.com\/fr\/wp-content\/uploads\/2019\/05\/FM-RAPID-180-min-1-1.png\",\"datePublished\":\"2019-05-07T08:30:38+00:00\",\"dateModified\":\"2025-05-26T12:33:05+00:00\",\"breadcrumb\":{\"@id\":\"https:\/\/deutschcolor.com\/fr\/product\/fm-rapid-180\/#breadcrumb\"},\"inLanguage\":\"en-US\",\"potentialAction\":[{\"@type\":\"ReadAction\",\"target\":[\"https:\/\/deutschcolor.com\/fr\/product\/fm-rapid-180\/\"]}]},{\"@type\":\"ImageObject\",\"inLanguage\":\"en-US\",\"@id\":\"https:\/\/deutschcolor.com\/fr\/product\/fm-rapid-180\/#primaryimage\",\"url\":\"https:\/\/deutschcolor.com\/fr\/wp-content\/uploads\/2019\/05\/FM-RAPID-180-min-1-1.png\",\"contentUrl\":\"https:\/\/deutschcolor.com\/fr\/wp-content\/uploads\/2019\/05\/FM-RAPID-180-min-1-1.png\",\"width\":1000,\"height\":1000},{\"@type\":\"BreadcrumbList\",\"@id\":\"https:\/\/deutschcolor.com\/fr\/product\/fm-rapid-180\/#breadcrumb\",\"itemListElement\":[{\"@type\":\"ListItem\",\"position\":1,\"name\":\"Home\",\"item\":\"https:\/\/deutschcolor.com\/fr\/\"},{\"@type\":\"ListItem\",\"position\":2,\"name\":\"SHOP\",\"item\":\"https:\/\/deutschcolor.com\/fr\/shop\/\"},{\"@type\":\"ListItem\",\"position\":3,\"name\":\"FM RAPID 180\"}]},{\"@type\":\"WebSite\",\"@id\":\"https:\/\/deutschcolor.com\/fr\/#website\",\"url\":\"https:\/\/deutschcolor.com\/fr\/\",\"name\":\"Deutschcolor\",\"description\":\"Deutschcolor Tunisia\",\"publisher\":{\"@id\":\"https:\/\/deutschcolor.com\/fr\/#organization\"},\"potentialAction\":[{\"@type\":\"SearchAction\",\"target\":{\"@type\":\"EntryPoint\",\"urlTemplate\":\"https:\/\/deutschcolor.com\/fr\/?s={search_term_string}\"},\"query-input\":{\"@type\":\"PropertyValueSpecification\",\"valueRequired\":true,\"valueName\":\"search_term_string\"}}],\"inLanguage\":\"en-US\"},{\"@type\":\"Organization\",\"@id\":\"https:\/\/deutschcolor.com\/fr\/#organization\",\"name\":\"Deutschcolor\",\"url\":\"https:\/\/deutschcolor.com\/fr\/\",\"logo\":{\"@type\":\"ImageObject\",\"inLanguage\":\"en-US\",\"@id\":\"https:\/\/deutschcolor.com\/fr\/#\/schema\/logo\/image\/\",\"url\":\"https:\/\/deutschcolor.com\/fr\/wp-content\/uploads\/2025\/08\/4160px-dc.png\",\"contentUrl\":\"https:\/\/deutschcolor.com\/fr\/wp-content\/uploads\/2025\/08\/4160px-dc.png\",\"width\":4160,\"height\":689,\"caption\":\"Deutschcolor\"},\"image\":{\"@id\":\"https:\/\/deutschcolor.com\/fr\/#\/schema\/logo\/image\/\"},\"sameAs\":[\"https:\/\/www.facebook.com\/deltahome.al\"]}]}<\/script>\n<!-- \/ Yoast SEO plugin. -->","yoast_head_json":{"title":"FM RAPID 180 - Deutschcolor","robots":{"index":"index","follow":"follow","max-snippet":"max-snippet:-1","max-image-preview":"max-image-preview:large","max-video-preview":"max-video-preview:-1"},"canonical":"https:\/\/deutschcolor.com\/fr\/product\/fm-rapid-180\/","og_locale":"en_US","og_type":"article","og_title":"FM RAPID 180 - Deutschcolor","og_description":"Mortier colle \u00e0 base de ciment et \u00e0 s\u00e9chage rapide pour la pose de carreaux c\u00e9ramique, porcelaine, gr\u00e8s.. etc.","og_url":"https:\/\/deutschcolor.com\/fr\/product\/fm-rapid-180\/","og_site_name":"Deutschcolor","article_publisher":"https:\/\/www.facebook.com\/deltahome.al","article_modified_time":"2025-05-26T12:33:05+00:00","og_image":[{"width":1000,"height":1000,"url":"https:\/\/deutschcolor.com\/fr\/wp-content\/uploads\/2019\/05\/FM-RAPID-180-min-1-1.png","type":"image\/png"}],"twitter_card":"summary_large_image","twitter_misc":{"Est. reading time":"1 minute"},"schema":{"@context":"https:\/\/schema.org","@graph":[{"@type":"WebPage","@id":"https:\/\/deutschcolor.com\/fr\/product\/fm-rapid-180\/","url":"https:\/\/deutschcolor.com\/fr\/product\/fm-rapid-180\/","name":"FM RAPID 180 - Deutschcolor","isPartOf":{"@id":"https:\/\/deutschcolor.com\/fr\/#website"},"primaryImageOfPage":{"@id":"https:\/\/deutschcolor.com\/fr\/product\/fm-rapid-180\/#primaryimage"},"image":{"@id":"https:\/\/deutschcolor.com\/fr\/product\/fm-rapid-180\/#primaryimage"},"thumbnailUrl":"https:\/\/deutschcolor.com\/fr\/wp-content\/uploads\/2019\/05\/FM-RAPID-180-min-1-1.png","datePublished":"2019-05-07T08:30:38+00:00","dateModified":"2025-05-26T12:33:05+00:00","breadcrumb":{"@id":"https:\/\/deutschcolor.com\/fr\/product\/fm-rapid-180\/#breadcrumb"},"inLanguage":"en-US","potentialAction":[{"@type":"ReadAction","target":["https:\/\/deutschcolor.com\/fr\/product\/fm-rapid-180\/"]}]},{"@type":"ImageObject","inLanguage":"en-US","@id":"https:\/\/deutschcolor.com\/fr\/product\/fm-rapid-180\/#primaryimage","url":"https:\/\/deutschcolor.com\/fr\/wp-content\/uploads\/2019\/05\/FM-RAPID-180-min-1-1.png","contentUrl":"https:\/\/deutschcolor.com\/fr\/wp-content\/uploads\/2019\/05\/FM-RAPID-180-min-1-1.png","width":1000,"height":1000},{"@type":"BreadcrumbList","@id":"https:\/\/deutschcolor.com\/fr\/product\/fm-rapid-180\/#breadcrumb","itemListElement":[{"@type":"ListItem","position":1,"name":"Home","item":"https:\/\/deutschcolor.com\/fr\/"},{"@type":"ListItem","position":2,"name":"SHOP","item":"https:\/\/deutschcolor.com\/fr\/shop\/"},{"@type":"ListItem","position":3,"name":"FM RAPID 180"}]},{"@type":"WebSite","@id":"https:\/\/deutschcolor.com\/fr\/#website","url":"https:\/\/deutschcolor.com\/fr\/","name":"Deutschcolor","description":"Deutschcolor Tunisia","publisher":{"@id":"https:\/\/deutschcolor.com\/fr\/#organization"},"potentialAction":[{"@type":"SearchAction","target":{"@type":"EntryPoint","urlTemplate":"https:\/\/deutschcolor.com\/fr\/?s={search_term_string}"},"query-input":{"@type":"PropertyValueSpecification","valueRequired":true,"valueName":"search_term_string"}}],"inLanguage":"en-US"},{"@type":"Organization","@id":"https:\/\/deutschcolor.com\/fr\/#organization","name":"Deutschcolor","url":"https:\/\/deutschcolor.com\/fr\/","logo":{"@type":"ImageObject","inLanguage":"en-US","@id":"https:\/\/deutschcolor.com\/fr\/#\/schema\/logo\/image\/","url":"https:\/\/deutschcolor.com\/fr\/wp-content\/uploads\/2025\/08\/4160px-dc.png","contentUrl":"https:\/\/deutschcolor.com\/fr\/wp-content\/uploads\/2025\/08\/4160px-dc.png","width":4160,"height":689,"caption":"Deutschcolor"},"image":{"@id":"https:\/\/deutschcolor.com\/fr\/#\/schema\/logo\/image\/"},"sameAs":["https:\/\/www.facebook.com\/deltahome.al"]}]}},"_links":{"self":[{"href":"https:\/\/deutschcolor.com\/fr\/wp-json\/wp\/v2\/product\/23782","targetHints":{"allow":["GET"]}}],"collection":[{"href":"https:\/\/deutschcolor.com\/fr\/wp-json\/wp\/v2\/product"}],"about":[{"href":"https:\/\/deutschcolor.com\/fr\/wp-json\/wp\/v2\/types\/product"}],"wp:featuredmedia":[{"embeddable":true,"href":"https:\/\/deutschcolor.com\/fr\/wp-json\/wp\/v2\/media\/25025"}],"wp:attachment":[{"href":"https:\/\/deutschcolor.com\/fr\/wp-json\/wp\/v2\/media?parent=23782"}],"curies":[{"name":"wp","href":"https:\/\/api.w.org\/{rel}","templated":true}]}}