{"id":23784,"date":"2019-05-07T08:32:37","date_gmt":"2019-05-07T08:32:37","guid":{"rendered":"https:\/\/deutschcolor.com\/fr\/?post_type=product&#038;p=23784"},"modified":"2025-05-26T13:27:38","modified_gmt":"2025-05-26T13:27:38","slug":"rfm-800","status":"publish","type":"product","link":"https:\/\/deutschcolor.com\/fr\/product\/rfm-800\/","title":{"rendered":"RFM 800"},"content":{"rendered":"<p><strong>Caract\u00e9ristiques<\/strong><br \/>\nMortier \u00e0 base de ciment pour utrilisation dans les environnements \u00e0 forte<br \/>\ntemp\u00e9rature et o\u00f9 des r\u00e9sistances m\u00e9caniques \u00e9lev\u00e9es sont requises. Il<br \/>\nne cr\u00e9e ni retraits noi fissures ce qui permet le garnissage d\u2019une \u00e9paisseur<br \/>\njusqu\u2019\u00e0 20 mm par couche. RFM 800 offre d\u2019excellentes propri\u00e9t\u00e9s<br \/>\nd\u2019ouvrabilit\u00e9 d\u2019adh\u00e9rence et de r\u00e9sistance aux chocs et aux temp\u00e9ratures<br \/>\n\u00e9lev\u00e9es. Gr\u00e2ce \u00e0 ses liaisons hydrauliques et aux polym\u00e8res sp\u00e9ciaux,<br \/>\ncharges inertes s\u00e9lectionn\u00e9es et fibres synth\u00e9tiques qu\u2019il contient, RFM 800<br \/>\nne cr\u00e9e pas de fissures et ne glisse pas m\u00eame \u00e0 fortes \u00e9paisseurs.<\/p>\n<p><strong>Application<\/strong><br \/>\nVerser la poudre dans une eau propre (25 Kg de poudre pour 5.5 L d\u2019eau)<br \/>\net remuer \u00e0 l\u2019aide d\u2019un malaxeur \u00e9lectrique \u00e0 faible vitesse ou dans une<br \/>\nb\u00e9tonni\u00e8re jusqu\u2019\u00e0 obtention d\u2019un m\u00e9lange homog\u00e8ne propre \u00e0 \u00eatre<br \/>\nappliqu\u00e9. La vie en p\u00f4t du m\u00e9lange est de 03 heures, l\u2019Application se fait \u00e0<br \/>\nl\u2019aide d\u2019une truelle de ma\u00e7onnerie ou de pl\u00e2tre.<\/p>\n<p>###<\/p>\n<p><strong>Condititionnement<\/strong><br \/>\nRFM 800 est fourni en sacs papier de 25 kg.<\/p>\n<p><strong>Duree de vie &#8211; stockage<\/strong><br \/>\n12 mois en emballage d\u2019origine dans des conditions de stockage normales<br \/>\n\u00e0 l\u2019abri des rayons du soleil et du gel.<\/p>\n","protected":false},"excerpt":{"rendered":"<p>Mortier r\u00e9fractaire \u00e0 base de ciment, des r\u00e9sines synth\u00e9tiques<br \/>\net d\u2019additifs sp\u00e9ciaux pour des environnements \u00e0 temp\u00e9rature<br \/>\n\u00e9lev\u00e9e.<\/p>\n","protected":false},"featured_media":25031,"template":"","meta":[],"class_list":["post-23784","product","type-product","status-publish","has-post-thumbnail","hentry","product_cat-colles","product_cat-colle-resistante-aux-temperatures-elevees"],"yoast_head":"<!-- This site is optimized with the Yoast SEO plugin v25.7 - https:\/\/yoast.com\/wordpress\/plugins\/seo\/ -->\n<title>RFM 800 - Deutschcolor<\/title>\n<meta name=\"robots\" content=\"index, follow, max-snippet:-1, max-image-preview:large, max-video-preview:-1\" \/>\n<link rel=\"canonical\" href=\"https:\/\/deutschcolor.com\/fr\/product\/rfm-800\/\" \/>\n<meta property=\"og:locale\" content=\"en_US\" \/>\n<meta property=\"og:type\" content=\"article\" \/>\n<meta property=\"og:title\" content=\"RFM 800 - Deutschcolor\" \/>\n<meta property=\"og:description\" content=\"Mortier r\u00e9fractaire \u00e0 base de ciment, des r\u00e9sines synth\u00e9tiques et d\u2019additifs sp\u00e9ciaux pour des environnements \u00e0 temp\u00e9rature \u00e9lev\u00e9e.\" \/>\n<meta property=\"og:url\" content=\"https:\/\/deutschcolor.com\/fr\/product\/rfm-800\/\" \/>\n<meta property=\"og:site_name\" content=\"Deutschcolor\" \/>\n<meta property=\"article:publisher\" content=\"https:\/\/www.facebook.com\/deltahome.al\" \/>\n<meta property=\"article:modified_time\" content=\"2025-05-26T13:27:38+00:00\" \/>\n<meta property=\"og:image\" content=\"https:\/\/deutschcolor.com\/fr\/wp-content\/uploads\/2019\/05\/rfm-800.png\" \/>\n\t<meta property=\"og:image:width\" content=\"1000\" \/>\n\t<meta property=\"og:image:height\" content=\"1000\" \/>\n\t<meta property=\"og:image:type\" content=\"image\/png\" \/>\n<meta name=\"twitter:card\" content=\"summary_large_image\" \/>\n<meta name=\"twitter:label1\" content=\"Est. reading time\" \/>\n\t<meta name=\"twitter:data1\" content=\"1 minute\" \/>\n<script type=\"application\/ld+json\" class=\"yoast-schema-graph\">{\"@context\":\"https:\/\/schema.org\",\"@graph\":[{\"@type\":\"WebPage\",\"@id\":\"https:\/\/deutschcolor.com\/fr\/product\/rfm-800\/\",\"url\":\"https:\/\/deutschcolor.com\/fr\/product\/rfm-800\/\",\"name\":\"RFM 800 - Deutschcolor\",\"isPartOf\":{\"@id\":\"https:\/\/deutschcolor.com\/fr\/#website\"},\"primaryImageOfPage\":{\"@id\":\"https:\/\/deutschcolor.com\/fr\/product\/rfm-800\/#primaryimage\"},\"image\":{\"@id\":\"https:\/\/deutschcolor.com\/fr\/product\/rfm-800\/#primaryimage\"},\"thumbnailUrl\":\"https:\/\/deutschcolor.com\/fr\/wp-content\/uploads\/2019\/05\/rfm-800.png\",\"datePublished\":\"2019-05-07T08:32:37+00:00\",\"dateModified\":\"2025-05-26T13:27:38+00:00\",\"breadcrumb\":{\"@id\":\"https:\/\/deutschcolor.com\/fr\/product\/rfm-800\/#breadcrumb\"},\"inLanguage\":\"en-US\",\"potentialAction\":[{\"@type\":\"ReadAction\",\"target\":[\"https:\/\/deutschcolor.com\/fr\/product\/rfm-800\/\"]}]},{\"@type\":\"ImageObject\",\"inLanguage\":\"en-US\",\"@id\":\"https:\/\/deutschcolor.com\/fr\/product\/rfm-800\/#primaryimage\",\"url\":\"https:\/\/deutschcolor.com\/fr\/wp-content\/uploads\/2019\/05\/rfm-800.png\",\"contentUrl\":\"https:\/\/deutschcolor.com\/fr\/wp-content\/uploads\/2019\/05\/rfm-800.png\",\"width\":1000,\"height\":1000},{\"@type\":\"BreadcrumbList\",\"@id\":\"https:\/\/deutschcolor.com\/fr\/product\/rfm-800\/#breadcrumb\",\"itemListElement\":[{\"@type\":\"ListItem\",\"position\":1,\"name\":\"Home\",\"item\":\"https:\/\/deutschcolor.com\/fr\/\"},{\"@type\":\"ListItem\",\"position\":2,\"name\":\"SHOP\",\"item\":\"https:\/\/deutschcolor.com\/fr\/shop\/\"},{\"@type\":\"ListItem\",\"position\":3,\"name\":\"RFM 800\"}]},{\"@type\":\"WebSite\",\"@id\":\"https:\/\/deutschcolor.com\/fr\/#website\",\"url\":\"https:\/\/deutschcolor.com\/fr\/\",\"name\":\"Deutschcolor\",\"description\":\"Deutschcolor Tunisia\",\"publisher\":{\"@id\":\"https:\/\/deutschcolor.com\/fr\/#organization\"},\"potentialAction\":[{\"@type\":\"SearchAction\",\"target\":{\"@type\":\"EntryPoint\",\"urlTemplate\":\"https:\/\/deutschcolor.com\/fr\/?s={search_term_string}\"},\"query-input\":{\"@type\":\"PropertyValueSpecification\",\"valueRequired\":true,\"valueName\":\"search_term_string\"}}],\"inLanguage\":\"en-US\"},{\"@type\":\"Organization\",\"@id\":\"https:\/\/deutschcolor.com\/fr\/#organization\",\"name\":\"Deutschcolor\",\"url\":\"https:\/\/deutschcolor.com\/fr\/\",\"logo\":{\"@type\":\"ImageObject\",\"inLanguage\":\"en-US\",\"@id\":\"https:\/\/deutschcolor.com\/fr\/#\/schema\/logo\/image\/\",\"url\":\"https:\/\/deutschcolor.com\/fr\/wp-content\/uploads\/2025\/08\/4160px-dc.png\",\"contentUrl\":\"https:\/\/deutschcolor.com\/fr\/wp-content\/uploads\/2025\/08\/4160px-dc.png\",\"width\":4160,\"height\":689,\"caption\":\"Deutschcolor\"},\"image\":{\"@id\":\"https:\/\/deutschcolor.com\/fr\/#\/schema\/logo\/image\/\"},\"sameAs\":[\"https:\/\/www.facebook.com\/deltahome.al\"]}]}<\/script>\n<!-- \/ Yoast SEO plugin. -->","yoast_head_json":{"title":"RFM 800 - Deutschcolor","robots":{"index":"index","follow":"follow","max-snippet":"max-snippet:-1","max-image-preview":"max-image-preview:large","max-video-preview":"max-video-preview:-1"},"canonical":"https:\/\/deutschcolor.com\/fr\/product\/rfm-800\/","og_locale":"en_US","og_type":"article","og_title":"RFM 800 - Deutschcolor","og_description":"Mortier r\u00e9fractaire \u00e0 base de ciment, des r\u00e9sines synth\u00e9tiques et d\u2019additifs sp\u00e9ciaux pour des environnements \u00e0 temp\u00e9rature \u00e9lev\u00e9e.","og_url":"https:\/\/deutschcolor.com\/fr\/product\/rfm-800\/","og_site_name":"Deutschcolor","article_publisher":"https:\/\/www.facebook.com\/deltahome.al","article_modified_time":"2025-05-26T13:27:38+00:00","og_image":[{"width":1000,"height":1000,"url":"https:\/\/deutschcolor.com\/fr\/wp-content\/uploads\/2019\/05\/rfm-800.png","type":"image\/png"}],"twitter_card":"summary_large_image","twitter_misc":{"Est. reading time":"1 minute"},"schema":{"@context":"https:\/\/schema.org","@graph":[{"@type":"WebPage","@id":"https:\/\/deutschcolor.com\/fr\/product\/rfm-800\/","url":"https:\/\/deutschcolor.com\/fr\/product\/rfm-800\/","name":"RFM 800 - Deutschcolor","isPartOf":{"@id":"https:\/\/deutschcolor.com\/fr\/#website"},"primaryImageOfPage":{"@id":"https:\/\/deutschcolor.com\/fr\/product\/rfm-800\/#primaryimage"},"image":{"@id":"https:\/\/deutschcolor.com\/fr\/product\/rfm-800\/#primaryimage"},"thumbnailUrl":"https:\/\/deutschcolor.com\/fr\/wp-content\/uploads\/2019\/05\/rfm-800.png","datePublished":"2019-05-07T08:32:37+00:00","dateModified":"2025-05-26T13:27:38+00:00","breadcrumb":{"@id":"https:\/\/deutschcolor.com\/fr\/product\/rfm-800\/#breadcrumb"},"inLanguage":"en-US","potentialAction":[{"@type":"ReadAction","target":["https:\/\/deutschcolor.com\/fr\/product\/rfm-800\/"]}]},{"@type":"ImageObject","inLanguage":"en-US","@id":"https:\/\/deutschcolor.com\/fr\/product\/rfm-800\/#primaryimage","url":"https:\/\/deutschcolor.com\/fr\/wp-content\/uploads\/2019\/05\/rfm-800.png","contentUrl":"https:\/\/deutschcolor.com\/fr\/wp-content\/uploads\/2019\/05\/rfm-800.png","width":1000,"height":1000},{"@type":"BreadcrumbList","@id":"https:\/\/deutschcolor.com\/fr\/product\/rfm-800\/#breadcrumb","itemListElement":[{"@type":"ListItem","position":1,"name":"Home","item":"https:\/\/deutschcolor.com\/fr\/"},{"@type":"ListItem","position":2,"name":"SHOP","item":"https:\/\/deutschcolor.com\/fr\/shop\/"},{"@type":"ListItem","position":3,"name":"RFM 800"}]},{"@type":"WebSite","@id":"https:\/\/deutschcolor.com\/fr\/#website","url":"https:\/\/deutschcolor.com\/fr\/","name":"Deutschcolor","description":"Deutschcolor Tunisia","publisher":{"@id":"https:\/\/deutschcolor.com\/fr\/#organization"},"potentialAction":[{"@type":"SearchAction","target":{"@type":"EntryPoint","urlTemplate":"https:\/\/deutschcolor.com\/fr\/?s={search_term_string}"},"query-input":{"@type":"PropertyValueSpecification","valueRequired":true,"valueName":"search_term_string"}}],"inLanguage":"en-US"},{"@type":"Organization","@id":"https:\/\/deutschcolor.com\/fr\/#organization","name":"Deutschcolor","url":"https:\/\/deutschcolor.com\/fr\/","logo":{"@type":"ImageObject","inLanguage":"en-US","@id":"https:\/\/deutschcolor.com\/fr\/#\/schema\/logo\/image\/","url":"https:\/\/deutschcolor.com\/fr\/wp-content\/uploads\/2025\/08\/4160px-dc.png","contentUrl":"https:\/\/deutschcolor.com\/fr\/wp-content\/uploads\/2025\/08\/4160px-dc.png","width":4160,"height":689,"caption":"Deutschcolor"},"image":{"@id":"https:\/\/deutschcolor.com\/fr\/#\/schema\/logo\/image\/"},"sameAs":["https:\/\/www.facebook.com\/deltahome.al"]}]}},"_links":{"self":[{"href":"https:\/\/deutschcolor.com\/fr\/wp-json\/wp\/v2\/product\/23784","targetHints":{"allow":["GET"]}}],"collection":[{"href":"https:\/\/deutschcolor.com\/fr\/wp-json\/wp\/v2\/product"}],"about":[{"href":"https:\/\/deutschcolor.com\/fr\/wp-json\/wp\/v2\/types\/product"}],"wp:featuredmedia":[{"embeddable":true,"href":"https:\/\/deutschcolor.com\/fr\/wp-json\/wp\/v2\/media\/25031"}],"wp:attachment":[{"href":"https:\/\/deutschcolor.com\/fr\/wp-json\/wp\/v2\/media?parent=23784"}],"curies":[{"name":"wp","href":"https:\/\/api.w.org\/{rel}","templated":true}]}}