{"id":23788,"date":"2019-05-07T08:38:07","date_gmt":"2019-05-07T08:38:07","guid":{"rendered":"https:\/\/deutschcolor.com\/fr\/?post_type=product&#038;p=23788"},"modified":"2025-05-26T12:21:54","modified_gmt":"2025-05-26T12:21:54","slug":"epofast-360","status":"publish","type":"product","link":"https:\/\/deutschcolor.com\/fr\/product\/epofast-360\/","title":{"rendered":"EPOFAST 360"},"content":{"rendered":"<p><strong>Caract\u00e9ristiques<\/strong><br \/>\nCaract\u00e9ris\u00e9e par une haute r\u00e9sistance \u00e0 la compression et \u00e0 la flexion et par une force d\u2019adh\u00e9rence \u00e9lev\u00e9e. EPOFAST 360 est r\u00e9sistant \u00e0 plusieurs acides, alcalis, agents corrosifs du b\u00e9ton, aux d\u00e9t\u00e9rgents, \u00e0 l\u2019eau de mer et l\u2019eau sal\u00e9e.<br \/>\nLe produit est caract\u00e9ris\u00e9 par une excellente maniabilit\u00e9. Les outils de travail peuvent facilement \u00eatre nettoy\u00e9s \u00e0 l\u2019eau avant durcissement du produit.<\/p>\n<p><strong>Pr\u00e9paration du produit<\/strong><br \/>\nLe composant A (r\u00e9sine) et le composant B (durcisseur) sont fournis en deux seaux s\u00e9par\u00e9s dans des proportions pr\u00e9determin\u00e9s par rapport au poids. La quantit\u00e9 totale du composant B doit \u00eatre ajout\u00e9e au composant A. Le malaxage des deux composants \u00e0 l\u2019aide d\u2019un malaxeur \u00e0 basse vitesse (300 tours\/mn) doit durer environ 5 minutes. Il est important de bien remuer sur les bords et le fond du seau afin d\u2019obtenir un m\u00e9lange complet et une distribution uniforme du durcisseur.<\/p>\n<p>###<\/p>\n<p><strong>Condititionnement<\/strong><br \/>\nEPOFAST 360 est disponible en sceaux de 1 kg et 5 kg. Les quantit\u00e9s en poids des composants A et B sont pr\u00e9d\u00e9termin\u00e9es. Le seau du composant B est ins\u00e9r\u00e9 dans le conteneur du composant A.<\/p>\n<p><strong>Duree de vie &#8211; stockage<\/strong><br \/>\n24 mois \u00e0 compter de la date de fabrication, dans son emballage herm\u00e9tique d\u2019origine, prot\u00e9g\u00e9 de l\u2019humidit\u00e9 et de l\u2019exposition directe au soleil, \u00e0 des temp\u00e9ratures comprises entre +5\u00b0C et +35\u00b0C.<\/p>\n","protected":false},"excerpt":{"rendered":"<p>Colle \u00e0 carrelage \u00e0 s\u00e9chage rapide, \u00e0 base de r\u00e9sine<br \/>\n\u00e9poxy, \u00e0 deux composants et sans solvant.<\/p>\n","protected":false},"featured_media":24676,"template":"","meta":[],"class_list":["post-23788","product","type-product","status-publish","has-post-thumbnail","hentry","product_cat-colles","product_cat-colles-a-base-depoxy"],"yoast_head":"<!-- This site is optimized with the Yoast SEO plugin v25.7 - https:\/\/yoast.com\/wordpress\/plugins\/seo\/ -->\n<title>EPOFAST 360 - Deutschcolor<\/title>\n<meta name=\"robots\" content=\"index, follow, max-snippet:-1, max-image-preview:large, max-video-preview:-1\" \/>\n<link rel=\"canonical\" href=\"https:\/\/deutschcolor.com\/fr\/product\/epofast-360\/\" \/>\n<meta property=\"og:locale\" content=\"en_US\" \/>\n<meta property=\"og:type\" content=\"article\" \/>\n<meta property=\"og:title\" content=\"EPOFAST 360 - Deutschcolor\" \/>\n<meta property=\"og:description\" content=\"Colle \u00e0 carrelage \u00e0 s\u00e9chage rapide, \u00e0 base de r\u00e9sine \u00e9poxy, \u00e0 deux composants et sans solvant.\" \/>\n<meta property=\"og:url\" content=\"https:\/\/deutschcolor.com\/fr\/product\/epofast-360\/\" \/>\n<meta property=\"og:site_name\" content=\"Deutschcolor\" \/>\n<meta property=\"article:publisher\" content=\"https:\/\/www.facebook.com\/deltahome.al\" \/>\n<meta property=\"article:modified_time\" content=\"2025-05-26T12:21:54+00:00\" \/>\n<meta property=\"og:image\" content=\"https:\/\/deutschcolor.com\/fr\/wp-content\/uploads\/2019\/05\/epofast-360compB-min.png\" \/>\n\t<meta property=\"og:image:width\" content=\"1000\" \/>\n\t<meta property=\"og:image:height\" content=\"1000\" \/>\n\t<meta property=\"og:image:type\" content=\"image\/png\" \/>\n<meta name=\"twitter:card\" content=\"summary_large_image\" \/>\n<meta name=\"twitter:label1\" content=\"Est. reading time\" \/>\n\t<meta name=\"twitter:data1\" content=\"1 minute\" \/>\n<script type=\"application\/ld+json\" class=\"yoast-schema-graph\">{\"@context\":\"https:\/\/schema.org\",\"@graph\":[{\"@type\":\"WebPage\",\"@id\":\"https:\/\/deutschcolor.com\/fr\/product\/epofast-360\/\",\"url\":\"https:\/\/deutschcolor.com\/fr\/product\/epofast-360\/\",\"name\":\"EPOFAST 360 - Deutschcolor\",\"isPartOf\":{\"@id\":\"https:\/\/deutschcolor.com\/fr\/#website\"},\"primaryImageOfPage\":{\"@id\":\"https:\/\/deutschcolor.com\/fr\/product\/epofast-360\/#primaryimage\"},\"image\":{\"@id\":\"https:\/\/deutschcolor.com\/fr\/product\/epofast-360\/#primaryimage\"},\"thumbnailUrl\":\"https:\/\/deutschcolor.com\/fr\/wp-content\/uploads\/2019\/05\/epofast-360compB-min.png\",\"datePublished\":\"2019-05-07T08:38:07+00:00\",\"dateModified\":\"2025-05-26T12:21:54+00:00\",\"breadcrumb\":{\"@id\":\"https:\/\/deutschcolor.com\/fr\/product\/epofast-360\/#breadcrumb\"},\"inLanguage\":\"en-US\",\"potentialAction\":[{\"@type\":\"ReadAction\",\"target\":[\"https:\/\/deutschcolor.com\/fr\/product\/epofast-360\/\"]}]},{\"@type\":\"ImageObject\",\"inLanguage\":\"en-US\",\"@id\":\"https:\/\/deutschcolor.com\/fr\/product\/epofast-360\/#primaryimage\",\"url\":\"https:\/\/deutschcolor.com\/fr\/wp-content\/uploads\/2019\/05\/epofast-360compB-min.png\",\"contentUrl\":\"https:\/\/deutschcolor.com\/fr\/wp-content\/uploads\/2019\/05\/epofast-360compB-min.png\",\"width\":1000,\"height\":1000},{\"@type\":\"BreadcrumbList\",\"@id\":\"https:\/\/deutschcolor.com\/fr\/product\/epofast-360\/#breadcrumb\",\"itemListElement\":[{\"@type\":\"ListItem\",\"position\":1,\"name\":\"Home\",\"item\":\"https:\/\/deutschcolor.com\/fr\/\"},{\"@type\":\"ListItem\",\"position\":2,\"name\":\"SHOP\",\"item\":\"https:\/\/deutschcolor.com\/fr\/shop\/\"},{\"@type\":\"ListItem\",\"position\":3,\"name\":\"EPOFAST 360\"}]},{\"@type\":\"WebSite\",\"@id\":\"https:\/\/deutschcolor.com\/fr\/#website\",\"url\":\"https:\/\/deutschcolor.com\/fr\/\",\"name\":\"Deutschcolor\",\"description\":\"Deutschcolor Tunisia\",\"publisher\":{\"@id\":\"https:\/\/deutschcolor.com\/fr\/#organization\"},\"potentialAction\":[{\"@type\":\"SearchAction\",\"target\":{\"@type\":\"EntryPoint\",\"urlTemplate\":\"https:\/\/deutschcolor.com\/fr\/?s={search_term_string}\"},\"query-input\":{\"@type\":\"PropertyValueSpecification\",\"valueRequired\":true,\"valueName\":\"search_term_string\"}}],\"inLanguage\":\"en-US\"},{\"@type\":\"Organization\",\"@id\":\"https:\/\/deutschcolor.com\/fr\/#organization\",\"name\":\"Deutschcolor\",\"url\":\"https:\/\/deutschcolor.com\/fr\/\",\"logo\":{\"@type\":\"ImageObject\",\"inLanguage\":\"en-US\",\"@id\":\"https:\/\/deutschcolor.com\/fr\/#\/schema\/logo\/image\/\",\"url\":\"https:\/\/deutschcolor.com\/fr\/wp-content\/uploads\/2025\/08\/4160px-dc.png\",\"contentUrl\":\"https:\/\/deutschcolor.com\/fr\/wp-content\/uploads\/2025\/08\/4160px-dc.png\",\"width\":4160,\"height\":689,\"caption\":\"Deutschcolor\"},\"image\":{\"@id\":\"https:\/\/deutschcolor.com\/fr\/#\/schema\/logo\/image\/\"},\"sameAs\":[\"https:\/\/www.facebook.com\/deltahome.al\"]}]}<\/script>\n<!-- \/ Yoast SEO plugin. -->","yoast_head_json":{"title":"EPOFAST 360 - Deutschcolor","robots":{"index":"index","follow":"follow","max-snippet":"max-snippet:-1","max-image-preview":"max-image-preview:large","max-video-preview":"max-video-preview:-1"},"canonical":"https:\/\/deutschcolor.com\/fr\/product\/epofast-360\/","og_locale":"en_US","og_type":"article","og_title":"EPOFAST 360 - Deutschcolor","og_description":"Colle \u00e0 carrelage \u00e0 s\u00e9chage rapide, \u00e0 base de r\u00e9sine \u00e9poxy, \u00e0 deux composants et sans solvant.","og_url":"https:\/\/deutschcolor.com\/fr\/product\/epofast-360\/","og_site_name":"Deutschcolor","article_publisher":"https:\/\/www.facebook.com\/deltahome.al","article_modified_time":"2025-05-26T12:21:54+00:00","og_image":[{"width":1000,"height":1000,"url":"https:\/\/deutschcolor.com\/fr\/wp-content\/uploads\/2019\/05\/epofast-360compB-min.png","type":"image\/png"}],"twitter_card":"summary_large_image","twitter_misc":{"Est. reading time":"1 minute"},"schema":{"@context":"https:\/\/schema.org","@graph":[{"@type":"WebPage","@id":"https:\/\/deutschcolor.com\/fr\/product\/epofast-360\/","url":"https:\/\/deutschcolor.com\/fr\/product\/epofast-360\/","name":"EPOFAST 360 - Deutschcolor","isPartOf":{"@id":"https:\/\/deutschcolor.com\/fr\/#website"},"primaryImageOfPage":{"@id":"https:\/\/deutschcolor.com\/fr\/product\/epofast-360\/#primaryimage"},"image":{"@id":"https:\/\/deutschcolor.com\/fr\/product\/epofast-360\/#primaryimage"},"thumbnailUrl":"https:\/\/deutschcolor.com\/fr\/wp-content\/uploads\/2019\/05\/epofast-360compB-min.png","datePublished":"2019-05-07T08:38:07+00:00","dateModified":"2025-05-26T12:21:54+00:00","breadcrumb":{"@id":"https:\/\/deutschcolor.com\/fr\/product\/epofast-360\/#breadcrumb"},"inLanguage":"en-US","potentialAction":[{"@type":"ReadAction","target":["https:\/\/deutschcolor.com\/fr\/product\/epofast-360\/"]}]},{"@type":"ImageObject","inLanguage":"en-US","@id":"https:\/\/deutschcolor.com\/fr\/product\/epofast-360\/#primaryimage","url":"https:\/\/deutschcolor.com\/fr\/wp-content\/uploads\/2019\/05\/epofast-360compB-min.png","contentUrl":"https:\/\/deutschcolor.com\/fr\/wp-content\/uploads\/2019\/05\/epofast-360compB-min.png","width":1000,"height":1000},{"@type":"BreadcrumbList","@id":"https:\/\/deutschcolor.com\/fr\/product\/epofast-360\/#breadcrumb","itemListElement":[{"@type":"ListItem","position":1,"name":"Home","item":"https:\/\/deutschcolor.com\/fr\/"},{"@type":"ListItem","position":2,"name":"SHOP","item":"https:\/\/deutschcolor.com\/fr\/shop\/"},{"@type":"ListItem","position":3,"name":"EPOFAST 360"}]},{"@type":"WebSite","@id":"https:\/\/deutschcolor.com\/fr\/#website","url":"https:\/\/deutschcolor.com\/fr\/","name":"Deutschcolor","description":"Deutschcolor Tunisia","publisher":{"@id":"https:\/\/deutschcolor.com\/fr\/#organization"},"potentialAction":[{"@type":"SearchAction","target":{"@type":"EntryPoint","urlTemplate":"https:\/\/deutschcolor.com\/fr\/?s={search_term_string}"},"query-input":{"@type":"PropertyValueSpecification","valueRequired":true,"valueName":"search_term_string"}}],"inLanguage":"en-US"},{"@type":"Organization","@id":"https:\/\/deutschcolor.com\/fr\/#organization","name":"Deutschcolor","url":"https:\/\/deutschcolor.com\/fr\/","logo":{"@type":"ImageObject","inLanguage":"en-US","@id":"https:\/\/deutschcolor.com\/fr\/#\/schema\/logo\/image\/","url":"https:\/\/deutschcolor.com\/fr\/wp-content\/uploads\/2025\/08\/4160px-dc.png","contentUrl":"https:\/\/deutschcolor.com\/fr\/wp-content\/uploads\/2025\/08\/4160px-dc.png","width":4160,"height":689,"caption":"Deutschcolor"},"image":{"@id":"https:\/\/deutschcolor.com\/fr\/#\/schema\/logo\/image\/"},"sameAs":["https:\/\/www.facebook.com\/deltahome.al"]}]}},"_links":{"self":[{"href":"https:\/\/deutschcolor.com\/fr\/wp-json\/wp\/v2\/product\/23788","targetHints":{"allow":["GET"]}}],"collection":[{"href":"https:\/\/deutschcolor.com\/fr\/wp-json\/wp\/v2\/product"}],"about":[{"href":"https:\/\/deutschcolor.com\/fr\/wp-json\/wp\/v2\/types\/product"}],"wp:featuredmedia":[{"embeddable":true,"href":"https:\/\/deutschcolor.com\/fr\/wp-json\/wp\/v2\/media\/24676"}],"wp:attachment":[{"href":"https:\/\/deutschcolor.com\/fr\/wp-json\/wp\/v2\/media?parent=23788"}],"curies":[{"name":"wp","href":"https:\/\/api.w.org\/{rel}","templated":true}]}}