{"id":23792,"date":"2019-05-07T13:26:09","date_gmt":"2019-05-07T13:26:09","guid":{"rendered":"https:\/\/deutschcolor.com\/fr\/?post_type=product&#038;p=23792"},"modified":"2025-05-26T15:15:28","modified_gmt":"2025-05-26T15:15:28","slug":"wa-500","status":"publish","type":"product","link":"https:\/\/deutschcolor.com\/fr\/product\/wa-500\/","title":{"rendered":"WA 500"},"content":{"rendered":"<p><strong>Caract\u00e9ristiques<\/strong><br \/>\n-WA 500 est une colle synth\u00e9tique \u00e0 s\u00e9chage rapide, en emulsion aqueuse et \u00e0 faible teneur en eau.<br \/>\n-WA 500 durcit m\u00eame \u00e0 des temp\u00e9ratures proches du gel, mais il est recommand\u00e9 de l\u2019appliquer \u00e0 des temp\u00e9ratures d\u2019au moins + 10 \u00b0 C<br \/>\n-WA 500 se caracterise par une adh\u00e9rence \u00e9lev\u00e9e ce qui rend possible la circulation apr\u00e8s 24 heures seulement.<br \/>\n-Apr\u00e8s l\u2019\u00e9vaporation de l\u2019eau, WA 500 atteint un niveau \u00e9lev\u00e9 de flexibilit\u00e9, d\u2019adh\u00e9rence, de r\u00e9sistance aux mouvements hygrom\u00e9triques naturels du bois et \u00e0 la dilatation thermique de la surface.<br \/>\n-WA 500 est totalement r\u00e9sistant aux moisissures et bact\u00e9ries gr\u00e2ce aux additifs sp\u00e9ciaux qu\u2019il contient.<\/p>\n<p><strong>Pr\u00e9paration de la surface <\/strong><br \/>\nLa surface doit \u00eatre compl\u00e8tement s\u00e8che, absorbante, nivel\u00e9e, m\u00e9caniquement stable, exempte de poussi\u00e9res, de particules libres, peintures, cire, huile, rouille et de traces de gypse. De plus, le niveau d\u2019humidit\u00e9 du parquet ainsi que celui de l\u2019humidit\u00e9 ambiante doivent \u00eatre conformes aux valeurs prescrites par le fabriquant. V\u00e9rifier l\u2019humidit\u00e9 sur toute l\u2019\u00e9paisseur \u00e0 l\u2019aide d\u2019un hygrom\u00e8tre. Les couches d\u2019isolation flottantes ou autres ainsi que le carrelage doivent \u00eatre dot\u00e9s d\u2019un parevapeur pour pr\u00e9venir la condensation de l\u2019humidit\u00e9.<\/p>\n<p>###<\/p>\n<p><strong>Conditionnnement<\/strong><br \/>\nWA 500 est disponible en couleur beige, en seaux de 5 et 15 kg.<\/p>\n<p><strong>Duree de vie &#8211; stockage<\/strong><br \/>\n12 mois en emballage d\u2019origine ferm\u00e9, dans un endroit frais.<\/p>\n","protected":false},"excerpt":{"rendered":"<p>Colle \u00e0 prise rapide, en dispersion aqueuse, sans solvant destin\u00e9 au collage des parquets en bois.<\/p>\n","protected":false},"featured_media":24682,"template":"","meta":[],"class_list":["post-23792","product","type-product","status-publish","has-post-thumbnail","hentry","product_cat-colles","product_cat-colles-pour-pvc-linoleum-et-parquets"],"yoast_head":"<!-- This site is optimized with the Yoast SEO plugin v25.7 - https:\/\/yoast.com\/wordpress\/plugins\/seo\/ -->\n<title>WA 500 - Deutschcolor<\/title>\n<meta name=\"robots\" content=\"index, follow, max-snippet:-1, max-image-preview:large, max-video-preview:-1\" \/>\n<link rel=\"canonical\" href=\"https:\/\/deutschcolor.com\/fr\/product\/wa-500\/\" \/>\n<meta property=\"og:locale\" content=\"en_US\" \/>\n<meta property=\"og:type\" content=\"article\" \/>\n<meta property=\"og:title\" content=\"WA 500 - Deutschcolor\" \/>\n<meta property=\"og:description\" content=\"Colle \u00e0 prise rapide, en dispersion aqueuse, sans solvant destin\u00e9 au collage des parquets en bois.\" \/>\n<meta property=\"og:url\" content=\"https:\/\/deutschcolor.com\/fr\/product\/wa-500\/\" \/>\n<meta property=\"og:site_name\" content=\"Deutschcolor\" \/>\n<meta property=\"article:publisher\" content=\"https:\/\/www.facebook.com\/deltahome.al\" \/>\n<meta property=\"article:modified_time\" content=\"2025-05-26T15:15:28+00:00\" \/>\n<meta property=\"og:image\" content=\"https:\/\/deutschcolor.com\/fr\/wp-content\/uploads\/2019\/05\/wa-500-min.png\" \/>\n\t<meta property=\"og:image:width\" content=\"1000\" \/>\n\t<meta property=\"og:image:height\" content=\"1000\" \/>\n\t<meta property=\"og:image:type\" content=\"image\/png\" \/>\n<meta name=\"twitter:card\" content=\"summary_large_image\" \/>\n<meta name=\"twitter:label1\" content=\"Est. reading time\" \/>\n\t<meta name=\"twitter:data1\" content=\"1 minute\" \/>\n<script type=\"application\/ld+json\" class=\"yoast-schema-graph\">{\"@context\":\"https:\/\/schema.org\",\"@graph\":[{\"@type\":\"WebPage\",\"@id\":\"https:\/\/deutschcolor.com\/fr\/product\/wa-500\/\",\"url\":\"https:\/\/deutschcolor.com\/fr\/product\/wa-500\/\",\"name\":\"WA 500 - Deutschcolor\",\"isPartOf\":{\"@id\":\"https:\/\/deutschcolor.com\/fr\/#website\"},\"primaryImageOfPage\":{\"@id\":\"https:\/\/deutschcolor.com\/fr\/product\/wa-500\/#primaryimage\"},\"image\":{\"@id\":\"https:\/\/deutschcolor.com\/fr\/product\/wa-500\/#primaryimage\"},\"thumbnailUrl\":\"https:\/\/deutschcolor.com\/fr\/wp-content\/uploads\/2019\/05\/wa-500-min.png\",\"datePublished\":\"2019-05-07T13:26:09+00:00\",\"dateModified\":\"2025-05-26T15:15:28+00:00\",\"breadcrumb\":{\"@id\":\"https:\/\/deutschcolor.com\/fr\/product\/wa-500\/#breadcrumb\"},\"inLanguage\":\"en-US\",\"potentialAction\":[{\"@type\":\"ReadAction\",\"target\":[\"https:\/\/deutschcolor.com\/fr\/product\/wa-500\/\"]}]},{\"@type\":\"ImageObject\",\"inLanguage\":\"en-US\",\"@id\":\"https:\/\/deutschcolor.com\/fr\/product\/wa-500\/#primaryimage\",\"url\":\"https:\/\/deutschcolor.com\/fr\/wp-content\/uploads\/2019\/05\/wa-500-min.png\",\"contentUrl\":\"https:\/\/deutschcolor.com\/fr\/wp-content\/uploads\/2019\/05\/wa-500-min.png\",\"width\":1000,\"height\":1000},{\"@type\":\"BreadcrumbList\",\"@id\":\"https:\/\/deutschcolor.com\/fr\/product\/wa-500\/#breadcrumb\",\"itemListElement\":[{\"@type\":\"ListItem\",\"position\":1,\"name\":\"Home\",\"item\":\"https:\/\/deutschcolor.com\/fr\/\"},{\"@type\":\"ListItem\",\"position\":2,\"name\":\"SHOP\",\"item\":\"https:\/\/deutschcolor.com\/fr\/shop\/\"},{\"@type\":\"ListItem\",\"position\":3,\"name\":\"WA 500\"}]},{\"@type\":\"WebSite\",\"@id\":\"https:\/\/deutschcolor.com\/fr\/#website\",\"url\":\"https:\/\/deutschcolor.com\/fr\/\",\"name\":\"Deutschcolor\",\"description\":\"Deutschcolor Tunisia\",\"publisher\":{\"@id\":\"https:\/\/deutschcolor.com\/fr\/#organization\"},\"potentialAction\":[{\"@type\":\"SearchAction\",\"target\":{\"@type\":\"EntryPoint\",\"urlTemplate\":\"https:\/\/deutschcolor.com\/fr\/?s={search_term_string}\"},\"query-input\":{\"@type\":\"PropertyValueSpecification\",\"valueRequired\":true,\"valueName\":\"search_term_string\"}}],\"inLanguage\":\"en-US\"},{\"@type\":\"Organization\",\"@id\":\"https:\/\/deutschcolor.com\/fr\/#organization\",\"name\":\"Deutschcolor\",\"url\":\"https:\/\/deutschcolor.com\/fr\/\",\"logo\":{\"@type\":\"ImageObject\",\"inLanguage\":\"en-US\",\"@id\":\"https:\/\/deutschcolor.com\/fr\/#\/schema\/logo\/image\/\",\"url\":\"https:\/\/deutschcolor.com\/fr\/wp-content\/uploads\/2025\/08\/4160px-dc.png\",\"contentUrl\":\"https:\/\/deutschcolor.com\/fr\/wp-content\/uploads\/2025\/08\/4160px-dc.png\",\"width\":4160,\"height\":689,\"caption\":\"Deutschcolor\"},\"image\":{\"@id\":\"https:\/\/deutschcolor.com\/fr\/#\/schema\/logo\/image\/\"},\"sameAs\":[\"https:\/\/www.facebook.com\/deltahome.al\"]}]}<\/script>\n<!-- \/ Yoast SEO plugin. -->","yoast_head_json":{"title":"WA 500 - Deutschcolor","robots":{"index":"index","follow":"follow","max-snippet":"max-snippet:-1","max-image-preview":"max-image-preview:large","max-video-preview":"max-video-preview:-1"},"canonical":"https:\/\/deutschcolor.com\/fr\/product\/wa-500\/","og_locale":"en_US","og_type":"article","og_title":"WA 500 - Deutschcolor","og_description":"Colle \u00e0 prise rapide, en dispersion aqueuse, sans solvant destin\u00e9 au collage des parquets en bois.","og_url":"https:\/\/deutschcolor.com\/fr\/product\/wa-500\/","og_site_name":"Deutschcolor","article_publisher":"https:\/\/www.facebook.com\/deltahome.al","article_modified_time":"2025-05-26T15:15:28+00:00","og_image":[{"width":1000,"height":1000,"url":"https:\/\/deutschcolor.com\/fr\/wp-content\/uploads\/2019\/05\/wa-500-min.png","type":"image\/png"}],"twitter_card":"summary_large_image","twitter_misc":{"Est. reading time":"1 minute"},"schema":{"@context":"https:\/\/schema.org","@graph":[{"@type":"WebPage","@id":"https:\/\/deutschcolor.com\/fr\/product\/wa-500\/","url":"https:\/\/deutschcolor.com\/fr\/product\/wa-500\/","name":"WA 500 - Deutschcolor","isPartOf":{"@id":"https:\/\/deutschcolor.com\/fr\/#website"},"primaryImageOfPage":{"@id":"https:\/\/deutschcolor.com\/fr\/product\/wa-500\/#primaryimage"},"image":{"@id":"https:\/\/deutschcolor.com\/fr\/product\/wa-500\/#primaryimage"},"thumbnailUrl":"https:\/\/deutschcolor.com\/fr\/wp-content\/uploads\/2019\/05\/wa-500-min.png","datePublished":"2019-05-07T13:26:09+00:00","dateModified":"2025-05-26T15:15:28+00:00","breadcrumb":{"@id":"https:\/\/deutschcolor.com\/fr\/product\/wa-500\/#breadcrumb"},"inLanguage":"en-US","potentialAction":[{"@type":"ReadAction","target":["https:\/\/deutschcolor.com\/fr\/product\/wa-500\/"]}]},{"@type":"ImageObject","inLanguage":"en-US","@id":"https:\/\/deutschcolor.com\/fr\/product\/wa-500\/#primaryimage","url":"https:\/\/deutschcolor.com\/fr\/wp-content\/uploads\/2019\/05\/wa-500-min.png","contentUrl":"https:\/\/deutschcolor.com\/fr\/wp-content\/uploads\/2019\/05\/wa-500-min.png","width":1000,"height":1000},{"@type":"BreadcrumbList","@id":"https:\/\/deutschcolor.com\/fr\/product\/wa-500\/#breadcrumb","itemListElement":[{"@type":"ListItem","position":1,"name":"Home","item":"https:\/\/deutschcolor.com\/fr\/"},{"@type":"ListItem","position":2,"name":"SHOP","item":"https:\/\/deutschcolor.com\/fr\/shop\/"},{"@type":"ListItem","position":3,"name":"WA 500"}]},{"@type":"WebSite","@id":"https:\/\/deutschcolor.com\/fr\/#website","url":"https:\/\/deutschcolor.com\/fr\/","name":"Deutschcolor","description":"Deutschcolor Tunisia","publisher":{"@id":"https:\/\/deutschcolor.com\/fr\/#organization"},"potentialAction":[{"@type":"SearchAction","target":{"@type":"EntryPoint","urlTemplate":"https:\/\/deutschcolor.com\/fr\/?s={search_term_string}"},"query-input":{"@type":"PropertyValueSpecification","valueRequired":true,"valueName":"search_term_string"}}],"inLanguage":"en-US"},{"@type":"Organization","@id":"https:\/\/deutschcolor.com\/fr\/#organization","name":"Deutschcolor","url":"https:\/\/deutschcolor.com\/fr\/","logo":{"@type":"ImageObject","inLanguage":"en-US","@id":"https:\/\/deutschcolor.com\/fr\/#\/schema\/logo\/image\/","url":"https:\/\/deutschcolor.com\/fr\/wp-content\/uploads\/2025\/08\/4160px-dc.png","contentUrl":"https:\/\/deutschcolor.com\/fr\/wp-content\/uploads\/2025\/08\/4160px-dc.png","width":4160,"height":689,"caption":"Deutschcolor"},"image":{"@id":"https:\/\/deutschcolor.com\/fr\/#\/schema\/logo\/image\/"},"sameAs":["https:\/\/www.facebook.com\/deltahome.al"]}]}},"_links":{"self":[{"href":"https:\/\/deutschcolor.com\/fr\/wp-json\/wp\/v2\/product\/23792","targetHints":{"allow":["GET"]}}],"collection":[{"href":"https:\/\/deutschcolor.com\/fr\/wp-json\/wp\/v2\/product"}],"about":[{"href":"https:\/\/deutschcolor.com\/fr\/wp-json\/wp\/v2\/types\/product"}],"wp:featuredmedia":[{"embeddable":true,"href":"https:\/\/deutschcolor.com\/fr\/wp-json\/wp\/v2\/media\/24682"}],"wp:attachment":[{"href":"https:\/\/deutschcolor.com\/fr\/wp-json\/wp\/v2\/media?parent=23792"}],"curies":[{"name":"wp","href":"https:\/\/api.w.org\/{rel}","templated":true}]}}