{"id":23796,"date":"2019-05-07T13:30:12","date_gmt":"2019-05-07T13:30:12","guid":{"rendered":"https:\/\/deutschcolor.com\/fr\/?post_type=product&#038;p=23796"},"modified":"2025-05-26T13:22:44","modified_gmt":"2025-05-26T13:22:44","slug":"pu-800","status":"publish","type":"product","link":"https:\/\/deutschcolor.com\/fr\/product\/pu-800\/","title":{"rendered":"PU 800"},"content":{"rendered":"<p><strong>Caract\u00e9ristiques<\/strong><br \/>\nPU 800 est une colle synth\u00e9tique \u00e0 s\u00e9chage rapide, en emulsion aqueuse et sans presence de compos\u00e9s volatils organiques , COV.<br \/>\nPU 800 se caracterise d\u2019une force d\u2019adh\u00e9rence tr\u00e8s \u00e9lev\u00e9e d\u00e8s aux d\u00e9but de son Application.<br \/>\nPU 800 atteint un niveau \u00e9lev\u00e9 de flexibilit\u00e9 et d\u2019adh\u00e9rence.<br \/>\nPU 800 assure une forte adh\u00e9rence dans tout type de support.<\/p>\n<p><strong>Pr\u00e9paration de la surface<\/strong><br \/>\nLa surface doit \u00eatre compl\u00e8tement s\u00e8che, absorbante, nivel\u00e9e, m\u00e9caniquement stable, depoussi\u00e9r\u00e9e, exempts des particules libres, peintures, cire, huile, rouille, et des traces de gypse. Le niveau de l\u2019humidit\u00e9 doit \u00eatre inf\u00e9rieure \u00e0 la valeur maximale sp\u00e9cifi\u00e9e par les producteurs 2 &#8211; 3% au plancher \u00e0 base de ciment et 0.5% au plancher \u00e0 base d\u2019anhydrite.<br \/>\nIl faut v\u00e9rifier l\u2019humidit\u00e9 dans toute l\u2019\u00e9paisseur de la couche en utilisant un hydrom\u00e8tre. Les couches flottantes doivent \u00eatre \u00e9quip\u00e9es d\u2019une couche isolante pour emp\u00eacher la condensation de l\u2019humidit\u00e9.<\/p>\n<p>###<\/p>\n<p><strong>Conditionnnement<\/strong><br \/>\nPU 800 est disponible en seaux de 5 et 15 kg en couleur beige.<\/p>\n<p><strong>Duree de vie &#8211; stockage<\/strong><br \/>\n12 mois en emballage d\u2019origine, non ouvert, dans un endroit froid.<\/p>\n","protected":false},"excerpt":{"rendered":"<p>Colle \u00e0 prise rapide , en dispersion aqueuse, sans solvant destin\u00e9e pour le collage de linoleum.<\/p>\n","protected":false},"featured_media":24684,"template":"","meta":[],"class_list":["post-23796","product","type-product","status-publish","has-post-thumbnail","hentry","product_cat-colles","product_cat-colles-pour-pvc-linoleum-et-parquets"],"yoast_head":"<!-- This site is optimized with the Yoast SEO plugin v25.7 - https:\/\/yoast.com\/wordpress\/plugins\/seo\/ -->\n<title>PU 800 - Deutschcolor<\/title>\n<meta name=\"robots\" content=\"index, follow, max-snippet:-1, max-image-preview:large, max-video-preview:-1\" \/>\n<link rel=\"canonical\" href=\"https:\/\/deutschcolor.com\/fr\/product\/pu-800\/\" \/>\n<meta property=\"og:locale\" content=\"en_US\" \/>\n<meta property=\"og:type\" content=\"article\" \/>\n<meta property=\"og:title\" content=\"PU 800 - Deutschcolor\" \/>\n<meta property=\"og:description\" content=\"Colle \u00e0 prise rapide , en dispersion aqueuse, sans solvant destin\u00e9e pour le collage de linoleum.\" \/>\n<meta property=\"og:url\" content=\"https:\/\/deutschcolor.com\/fr\/product\/pu-800\/\" \/>\n<meta property=\"og:site_name\" content=\"Deutschcolor\" \/>\n<meta property=\"article:publisher\" content=\"https:\/\/www.facebook.com\/deltahome.al\" \/>\n<meta property=\"article:modified_time\" content=\"2025-05-26T13:22:44+00:00\" \/>\n<meta property=\"og:image\" content=\"https:\/\/deutschcolor.com\/fr\/wp-content\/uploads\/2019\/05\/pu-800-min.png\" \/>\n\t<meta property=\"og:image:width\" content=\"1000\" \/>\n\t<meta property=\"og:image:height\" content=\"1000\" \/>\n\t<meta property=\"og:image:type\" content=\"image\/png\" \/>\n<meta name=\"twitter:card\" content=\"summary_large_image\" \/>\n<meta name=\"twitter:label1\" content=\"Est. reading time\" \/>\n\t<meta name=\"twitter:data1\" content=\"1 minute\" \/>\n<script type=\"application\/ld+json\" class=\"yoast-schema-graph\">{\"@context\":\"https:\/\/schema.org\",\"@graph\":[{\"@type\":\"WebPage\",\"@id\":\"https:\/\/deutschcolor.com\/fr\/product\/pu-800\/\",\"url\":\"https:\/\/deutschcolor.com\/fr\/product\/pu-800\/\",\"name\":\"PU 800 - Deutschcolor\",\"isPartOf\":{\"@id\":\"https:\/\/deutschcolor.com\/fr\/#website\"},\"primaryImageOfPage\":{\"@id\":\"https:\/\/deutschcolor.com\/fr\/product\/pu-800\/#primaryimage\"},\"image\":{\"@id\":\"https:\/\/deutschcolor.com\/fr\/product\/pu-800\/#primaryimage\"},\"thumbnailUrl\":\"https:\/\/deutschcolor.com\/fr\/wp-content\/uploads\/2019\/05\/pu-800-min.png\",\"datePublished\":\"2019-05-07T13:30:12+00:00\",\"dateModified\":\"2025-05-26T13:22:44+00:00\",\"breadcrumb\":{\"@id\":\"https:\/\/deutschcolor.com\/fr\/product\/pu-800\/#breadcrumb\"},\"inLanguage\":\"en-US\",\"potentialAction\":[{\"@type\":\"ReadAction\",\"target\":[\"https:\/\/deutschcolor.com\/fr\/product\/pu-800\/\"]}]},{\"@type\":\"ImageObject\",\"inLanguage\":\"en-US\",\"@id\":\"https:\/\/deutschcolor.com\/fr\/product\/pu-800\/#primaryimage\",\"url\":\"https:\/\/deutschcolor.com\/fr\/wp-content\/uploads\/2019\/05\/pu-800-min.png\",\"contentUrl\":\"https:\/\/deutschcolor.com\/fr\/wp-content\/uploads\/2019\/05\/pu-800-min.png\",\"width\":1000,\"height\":1000},{\"@type\":\"BreadcrumbList\",\"@id\":\"https:\/\/deutschcolor.com\/fr\/product\/pu-800\/#breadcrumb\",\"itemListElement\":[{\"@type\":\"ListItem\",\"position\":1,\"name\":\"Home\",\"item\":\"https:\/\/deutschcolor.com\/fr\/\"},{\"@type\":\"ListItem\",\"position\":2,\"name\":\"SHOP\",\"item\":\"https:\/\/deutschcolor.com\/fr\/shop\/\"},{\"@type\":\"ListItem\",\"position\":3,\"name\":\"PU 800\"}]},{\"@type\":\"WebSite\",\"@id\":\"https:\/\/deutschcolor.com\/fr\/#website\",\"url\":\"https:\/\/deutschcolor.com\/fr\/\",\"name\":\"Deutschcolor\",\"description\":\"Deutschcolor Tunisia\",\"publisher\":{\"@id\":\"https:\/\/deutschcolor.com\/fr\/#organization\"},\"potentialAction\":[{\"@type\":\"SearchAction\",\"target\":{\"@type\":\"EntryPoint\",\"urlTemplate\":\"https:\/\/deutschcolor.com\/fr\/?s={search_term_string}\"},\"query-input\":{\"@type\":\"PropertyValueSpecification\",\"valueRequired\":true,\"valueName\":\"search_term_string\"}}],\"inLanguage\":\"en-US\"},{\"@type\":\"Organization\",\"@id\":\"https:\/\/deutschcolor.com\/fr\/#organization\",\"name\":\"Deutschcolor\",\"url\":\"https:\/\/deutschcolor.com\/fr\/\",\"logo\":{\"@type\":\"ImageObject\",\"inLanguage\":\"en-US\",\"@id\":\"https:\/\/deutschcolor.com\/fr\/#\/schema\/logo\/image\/\",\"url\":\"https:\/\/deutschcolor.com\/fr\/wp-content\/uploads\/2025\/08\/4160px-dc.png\",\"contentUrl\":\"https:\/\/deutschcolor.com\/fr\/wp-content\/uploads\/2025\/08\/4160px-dc.png\",\"width\":4160,\"height\":689,\"caption\":\"Deutschcolor\"},\"image\":{\"@id\":\"https:\/\/deutschcolor.com\/fr\/#\/schema\/logo\/image\/\"},\"sameAs\":[\"https:\/\/www.facebook.com\/deltahome.al\"]}]}<\/script>\n<!-- \/ Yoast SEO plugin. -->","yoast_head_json":{"title":"PU 800 - Deutschcolor","robots":{"index":"index","follow":"follow","max-snippet":"max-snippet:-1","max-image-preview":"max-image-preview:large","max-video-preview":"max-video-preview:-1"},"canonical":"https:\/\/deutschcolor.com\/fr\/product\/pu-800\/","og_locale":"en_US","og_type":"article","og_title":"PU 800 - Deutschcolor","og_description":"Colle \u00e0 prise rapide , en dispersion aqueuse, sans solvant destin\u00e9e pour le collage de linoleum.","og_url":"https:\/\/deutschcolor.com\/fr\/product\/pu-800\/","og_site_name":"Deutschcolor","article_publisher":"https:\/\/www.facebook.com\/deltahome.al","article_modified_time":"2025-05-26T13:22:44+00:00","og_image":[{"width":1000,"height":1000,"url":"https:\/\/deutschcolor.com\/fr\/wp-content\/uploads\/2019\/05\/pu-800-min.png","type":"image\/png"}],"twitter_card":"summary_large_image","twitter_misc":{"Est. reading time":"1 minute"},"schema":{"@context":"https:\/\/schema.org","@graph":[{"@type":"WebPage","@id":"https:\/\/deutschcolor.com\/fr\/product\/pu-800\/","url":"https:\/\/deutschcolor.com\/fr\/product\/pu-800\/","name":"PU 800 - Deutschcolor","isPartOf":{"@id":"https:\/\/deutschcolor.com\/fr\/#website"},"primaryImageOfPage":{"@id":"https:\/\/deutschcolor.com\/fr\/product\/pu-800\/#primaryimage"},"image":{"@id":"https:\/\/deutschcolor.com\/fr\/product\/pu-800\/#primaryimage"},"thumbnailUrl":"https:\/\/deutschcolor.com\/fr\/wp-content\/uploads\/2019\/05\/pu-800-min.png","datePublished":"2019-05-07T13:30:12+00:00","dateModified":"2025-05-26T13:22:44+00:00","breadcrumb":{"@id":"https:\/\/deutschcolor.com\/fr\/product\/pu-800\/#breadcrumb"},"inLanguage":"en-US","potentialAction":[{"@type":"ReadAction","target":["https:\/\/deutschcolor.com\/fr\/product\/pu-800\/"]}]},{"@type":"ImageObject","inLanguage":"en-US","@id":"https:\/\/deutschcolor.com\/fr\/product\/pu-800\/#primaryimage","url":"https:\/\/deutschcolor.com\/fr\/wp-content\/uploads\/2019\/05\/pu-800-min.png","contentUrl":"https:\/\/deutschcolor.com\/fr\/wp-content\/uploads\/2019\/05\/pu-800-min.png","width":1000,"height":1000},{"@type":"BreadcrumbList","@id":"https:\/\/deutschcolor.com\/fr\/product\/pu-800\/#breadcrumb","itemListElement":[{"@type":"ListItem","position":1,"name":"Home","item":"https:\/\/deutschcolor.com\/fr\/"},{"@type":"ListItem","position":2,"name":"SHOP","item":"https:\/\/deutschcolor.com\/fr\/shop\/"},{"@type":"ListItem","position":3,"name":"PU 800"}]},{"@type":"WebSite","@id":"https:\/\/deutschcolor.com\/fr\/#website","url":"https:\/\/deutschcolor.com\/fr\/","name":"Deutschcolor","description":"Deutschcolor Tunisia","publisher":{"@id":"https:\/\/deutschcolor.com\/fr\/#organization"},"potentialAction":[{"@type":"SearchAction","target":{"@type":"EntryPoint","urlTemplate":"https:\/\/deutschcolor.com\/fr\/?s={search_term_string}"},"query-input":{"@type":"PropertyValueSpecification","valueRequired":true,"valueName":"search_term_string"}}],"inLanguage":"en-US"},{"@type":"Organization","@id":"https:\/\/deutschcolor.com\/fr\/#organization","name":"Deutschcolor","url":"https:\/\/deutschcolor.com\/fr\/","logo":{"@type":"ImageObject","inLanguage":"en-US","@id":"https:\/\/deutschcolor.com\/fr\/#\/schema\/logo\/image\/","url":"https:\/\/deutschcolor.com\/fr\/wp-content\/uploads\/2025\/08\/4160px-dc.png","contentUrl":"https:\/\/deutschcolor.com\/fr\/wp-content\/uploads\/2025\/08\/4160px-dc.png","width":4160,"height":689,"caption":"Deutschcolor"},"image":{"@id":"https:\/\/deutschcolor.com\/fr\/#\/schema\/logo\/image\/"},"sameAs":["https:\/\/www.facebook.com\/deltahome.al"]}]}},"_links":{"self":[{"href":"https:\/\/deutschcolor.com\/fr\/wp-json\/wp\/v2\/product\/23796","targetHints":{"allow":["GET"]}}],"collection":[{"href":"https:\/\/deutschcolor.com\/fr\/wp-json\/wp\/v2\/product"}],"about":[{"href":"https:\/\/deutschcolor.com\/fr\/wp-json\/wp\/v2\/types\/product"}],"wp:featuredmedia":[{"embeddable":true,"href":"https:\/\/deutschcolor.com\/fr\/wp-json\/wp\/v2\/media\/24684"}],"wp:attachment":[{"href":"https:\/\/deutschcolor.com\/fr\/wp-json\/wp\/v2\/media?parent=23796"}],"curies":[{"name":"wp","href":"https:\/\/api.w.org\/{rel}","templated":true}]}}