{"id":23799,"date":"2019-05-07T13:38:46","date_gmt":"2019-05-07T13:38:46","guid":{"rendered":"https:\/\/deutschcolor.com\/fr\/?post_type=product&#038;p=23799"},"modified":"2025-05-26T12:40:38","modified_gmt":"2025-05-26T12:40:38","slug":"griff-l45","status":"publish","type":"product","link":"https:\/\/deutschcolor.com\/fr\/product\/griff-l45\/","title":{"rendered":"GRIFF L45"},"content":{"rendered":"<p><strong>Caract\u00e9ristiques<\/strong><br \/>\n&#8211; Ne s\u2019agglutine pas<br \/>\n&#8211; Ne tache pas<br \/>\n&#8211; Facile \u00e0 appliquer<br \/>\n&#8211; Facilement corrigible<br \/>\n&#8211; Super fort<br \/>\n&#8211; Pr\u00eat \u00e0 \u00eatre utilis\u00e9 dans les 15 minutes<br \/>\n&#8211; Emballage herm\u00e9tique<br \/>\n&#8211; P\u00e2te fra\u00eeche en permanence<br \/>\n&#8211; Ph neutre<br \/>\n&#8211; R\u00e9sistant \u00e0 l\u2019humidit\u00e9<\/p>\n<p><strong>Domaines d\u2019application<\/strong><br \/>\nAd\u00e9quat pour l\u2019application de tous types de papiers peints, l\u00e9gers, lourds ou moyens y compris les papiers simplex, duplex et les papiers peints acryliques.<\/p>\n<p>###<\/p>\n<p><strong>Stockage<\/strong><br \/>\n24 Mois dans l\u2019emballage ferm\u00e9 et dans des conditions normales de stockage. Informations relatives a la sante la securite et l\u2019environnement.<br \/>\nSe reporter \u00e0 l\u2019\u00e9tiquetage appos\u00e9 sur la bo\u00eete. Pour plus d\u2019informations, se r\u00e9f\u00e9rer \u00e0 la fiche des donn\u00e9es de s\u00e9curit\u00e9 du mat\u00e9riau.<\/p>\n<p><strong>Notes<\/strong><br \/>\n\u2022 Ne pas appliquer \u00e0 des temp\u00e9ratures inf\u00e9rieures \u00e0 +10\u00b0c et\/ou une humidit\u00e9 relative sup\u00e9rieure \u00e0 70%.<br \/>\n\u2022 La p\u00e2te pr\u00eate \u00e0 l\u2019emploi demeure utilisable pendant plusieurs jours lorsqu\u2019elle est conserv\u00e9e dans un r\u00e9cipient bien herm\u00e9tique.<br \/>\n\u2022 Appliquez toujours le papier peint conform\u00e9ment aux instructions du fabricant.<\/p>\n","protected":false},"excerpt":{"rendered":"<p>Colle pour papiers peints \u00e0 base de cellulose de haute qualit\u00e9.<\/p>\n","protected":false},"featured_media":24686,"template":"","meta":[],"class_list":["post-23799","product","type-product","status-publish","has-post-thumbnail","hentry","product_cat-colles","product_cat-colles-pour-papiers-peints"],"yoast_head":"<!-- This site is optimized with the Yoast SEO plugin v25.7 - https:\/\/yoast.com\/wordpress\/plugins\/seo\/ -->\n<title>GRIFF L45 - Deutschcolor<\/title>\n<meta name=\"robots\" content=\"index, follow, max-snippet:-1, max-image-preview:large, max-video-preview:-1\" \/>\n<link rel=\"canonical\" href=\"https:\/\/deutschcolor.com\/fr\/product\/griff-l45\/\" \/>\n<meta property=\"og:locale\" content=\"en_US\" \/>\n<meta property=\"og:type\" content=\"article\" \/>\n<meta property=\"og:title\" content=\"GRIFF L45 - Deutschcolor\" \/>\n<meta property=\"og:description\" content=\"Colle pour papiers peints \u00e0 base de cellulose de haute qualit\u00e9.\" \/>\n<meta property=\"og:url\" content=\"https:\/\/deutschcolor.com\/fr\/product\/griff-l45\/\" \/>\n<meta property=\"og:site_name\" content=\"Deutschcolor\" \/>\n<meta property=\"article:publisher\" content=\"https:\/\/www.facebook.com\/deltahome.al\" \/>\n<meta property=\"article:modified_time\" content=\"2025-05-26T12:40:38+00:00\" \/>\n<meta property=\"og:image\" content=\"https:\/\/deutschcolor.com\/fr\/wp-content\/uploads\/2019\/05\/GRIFF-L45-min.png\" \/>\n\t<meta property=\"og:image:width\" content=\"1000\" \/>\n\t<meta property=\"og:image:height\" content=\"1000\" \/>\n\t<meta property=\"og:image:type\" content=\"image\/png\" \/>\n<meta name=\"twitter:card\" content=\"summary_large_image\" \/>\n<meta name=\"twitter:label1\" content=\"Est. reading time\" \/>\n\t<meta name=\"twitter:data1\" content=\"1 minute\" \/>\n<script type=\"application\/ld+json\" class=\"yoast-schema-graph\">{\"@context\":\"https:\/\/schema.org\",\"@graph\":[{\"@type\":\"WebPage\",\"@id\":\"https:\/\/deutschcolor.com\/fr\/product\/griff-l45\/\",\"url\":\"https:\/\/deutschcolor.com\/fr\/product\/griff-l45\/\",\"name\":\"GRIFF L45 - Deutschcolor\",\"isPartOf\":{\"@id\":\"https:\/\/deutschcolor.com\/fr\/#website\"},\"primaryImageOfPage\":{\"@id\":\"https:\/\/deutschcolor.com\/fr\/product\/griff-l45\/#primaryimage\"},\"image\":{\"@id\":\"https:\/\/deutschcolor.com\/fr\/product\/griff-l45\/#primaryimage\"},\"thumbnailUrl\":\"https:\/\/deutschcolor.com\/fr\/wp-content\/uploads\/2019\/05\/GRIFF-L45-min.png\",\"datePublished\":\"2019-05-07T13:38:46+00:00\",\"dateModified\":\"2025-05-26T12:40:38+00:00\",\"breadcrumb\":{\"@id\":\"https:\/\/deutschcolor.com\/fr\/product\/griff-l45\/#breadcrumb\"},\"inLanguage\":\"en-US\",\"potentialAction\":[{\"@type\":\"ReadAction\",\"target\":[\"https:\/\/deutschcolor.com\/fr\/product\/griff-l45\/\"]}]},{\"@type\":\"ImageObject\",\"inLanguage\":\"en-US\",\"@id\":\"https:\/\/deutschcolor.com\/fr\/product\/griff-l45\/#primaryimage\",\"url\":\"https:\/\/deutschcolor.com\/fr\/wp-content\/uploads\/2019\/05\/GRIFF-L45-min.png\",\"contentUrl\":\"https:\/\/deutschcolor.com\/fr\/wp-content\/uploads\/2019\/05\/GRIFF-L45-min.png\",\"width\":1000,\"height\":1000},{\"@type\":\"BreadcrumbList\",\"@id\":\"https:\/\/deutschcolor.com\/fr\/product\/griff-l45\/#breadcrumb\",\"itemListElement\":[{\"@type\":\"ListItem\",\"position\":1,\"name\":\"Home\",\"item\":\"https:\/\/deutschcolor.com\/fr\/\"},{\"@type\":\"ListItem\",\"position\":2,\"name\":\"SHOP\",\"item\":\"https:\/\/deutschcolor.com\/fr\/shop\/\"},{\"@type\":\"ListItem\",\"position\":3,\"name\":\"GRIFF L45\"}]},{\"@type\":\"WebSite\",\"@id\":\"https:\/\/deutschcolor.com\/fr\/#website\",\"url\":\"https:\/\/deutschcolor.com\/fr\/\",\"name\":\"Deutschcolor\",\"description\":\"Deutschcolor Tunisia\",\"publisher\":{\"@id\":\"https:\/\/deutschcolor.com\/fr\/#organization\"},\"potentialAction\":[{\"@type\":\"SearchAction\",\"target\":{\"@type\":\"EntryPoint\",\"urlTemplate\":\"https:\/\/deutschcolor.com\/fr\/?s={search_term_string}\"},\"query-input\":{\"@type\":\"PropertyValueSpecification\",\"valueRequired\":true,\"valueName\":\"search_term_string\"}}],\"inLanguage\":\"en-US\"},{\"@type\":\"Organization\",\"@id\":\"https:\/\/deutschcolor.com\/fr\/#organization\",\"name\":\"Deutschcolor\",\"url\":\"https:\/\/deutschcolor.com\/fr\/\",\"logo\":{\"@type\":\"ImageObject\",\"inLanguage\":\"en-US\",\"@id\":\"https:\/\/deutschcolor.com\/fr\/#\/schema\/logo\/image\/\",\"url\":\"https:\/\/deutschcolor.com\/fr\/wp-content\/uploads\/2025\/08\/4160px-dc.png\",\"contentUrl\":\"https:\/\/deutschcolor.com\/fr\/wp-content\/uploads\/2025\/08\/4160px-dc.png\",\"width\":4160,\"height\":689,\"caption\":\"Deutschcolor\"},\"image\":{\"@id\":\"https:\/\/deutschcolor.com\/fr\/#\/schema\/logo\/image\/\"},\"sameAs\":[\"https:\/\/www.facebook.com\/deltahome.al\"]}]}<\/script>\n<!-- \/ Yoast SEO plugin. -->","yoast_head_json":{"title":"GRIFF L45 - Deutschcolor","robots":{"index":"index","follow":"follow","max-snippet":"max-snippet:-1","max-image-preview":"max-image-preview:large","max-video-preview":"max-video-preview:-1"},"canonical":"https:\/\/deutschcolor.com\/fr\/product\/griff-l45\/","og_locale":"en_US","og_type":"article","og_title":"GRIFF L45 - Deutschcolor","og_description":"Colle pour papiers peints \u00e0 base de cellulose de haute qualit\u00e9.","og_url":"https:\/\/deutschcolor.com\/fr\/product\/griff-l45\/","og_site_name":"Deutschcolor","article_publisher":"https:\/\/www.facebook.com\/deltahome.al","article_modified_time":"2025-05-26T12:40:38+00:00","og_image":[{"width":1000,"height":1000,"url":"https:\/\/deutschcolor.com\/fr\/wp-content\/uploads\/2019\/05\/GRIFF-L45-min.png","type":"image\/png"}],"twitter_card":"summary_large_image","twitter_misc":{"Est. reading time":"1 minute"},"schema":{"@context":"https:\/\/schema.org","@graph":[{"@type":"WebPage","@id":"https:\/\/deutschcolor.com\/fr\/product\/griff-l45\/","url":"https:\/\/deutschcolor.com\/fr\/product\/griff-l45\/","name":"GRIFF L45 - Deutschcolor","isPartOf":{"@id":"https:\/\/deutschcolor.com\/fr\/#website"},"primaryImageOfPage":{"@id":"https:\/\/deutschcolor.com\/fr\/product\/griff-l45\/#primaryimage"},"image":{"@id":"https:\/\/deutschcolor.com\/fr\/product\/griff-l45\/#primaryimage"},"thumbnailUrl":"https:\/\/deutschcolor.com\/fr\/wp-content\/uploads\/2019\/05\/GRIFF-L45-min.png","datePublished":"2019-05-07T13:38:46+00:00","dateModified":"2025-05-26T12:40:38+00:00","breadcrumb":{"@id":"https:\/\/deutschcolor.com\/fr\/product\/griff-l45\/#breadcrumb"},"inLanguage":"en-US","potentialAction":[{"@type":"ReadAction","target":["https:\/\/deutschcolor.com\/fr\/product\/griff-l45\/"]}]},{"@type":"ImageObject","inLanguage":"en-US","@id":"https:\/\/deutschcolor.com\/fr\/product\/griff-l45\/#primaryimage","url":"https:\/\/deutschcolor.com\/fr\/wp-content\/uploads\/2019\/05\/GRIFF-L45-min.png","contentUrl":"https:\/\/deutschcolor.com\/fr\/wp-content\/uploads\/2019\/05\/GRIFF-L45-min.png","width":1000,"height":1000},{"@type":"BreadcrumbList","@id":"https:\/\/deutschcolor.com\/fr\/product\/griff-l45\/#breadcrumb","itemListElement":[{"@type":"ListItem","position":1,"name":"Home","item":"https:\/\/deutschcolor.com\/fr\/"},{"@type":"ListItem","position":2,"name":"SHOP","item":"https:\/\/deutschcolor.com\/fr\/shop\/"},{"@type":"ListItem","position":3,"name":"GRIFF L45"}]},{"@type":"WebSite","@id":"https:\/\/deutschcolor.com\/fr\/#website","url":"https:\/\/deutschcolor.com\/fr\/","name":"Deutschcolor","description":"Deutschcolor Tunisia","publisher":{"@id":"https:\/\/deutschcolor.com\/fr\/#organization"},"potentialAction":[{"@type":"SearchAction","target":{"@type":"EntryPoint","urlTemplate":"https:\/\/deutschcolor.com\/fr\/?s={search_term_string}"},"query-input":{"@type":"PropertyValueSpecification","valueRequired":true,"valueName":"search_term_string"}}],"inLanguage":"en-US"},{"@type":"Organization","@id":"https:\/\/deutschcolor.com\/fr\/#organization","name":"Deutschcolor","url":"https:\/\/deutschcolor.com\/fr\/","logo":{"@type":"ImageObject","inLanguage":"en-US","@id":"https:\/\/deutschcolor.com\/fr\/#\/schema\/logo\/image\/","url":"https:\/\/deutschcolor.com\/fr\/wp-content\/uploads\/2025\/08\/4160px-dc.png","contentUrl":"https:\/\/deutschcolor.com\/fr\/wp-content\/uploads\/2025\/08\/4160px-dc.png","width":4160,"height":689,"caption":"Deutschcolor"},"image":{"@id":"https:\/\/deutschcolor.com\/fr\/#\/schema\/logo\/image\/"},"sameAs":["https:\/\/www.facebook.com\/deltahome.al"]}]}},"_links":{"self":[{"href":"https:\/\/deutschcolor.com\/fr\/wp-json\/wp\/v2\/product\/23799","targetHints":{"allow":["GET"]}}],"collection":[{"href":"https:\/\/deutschcolor.com\/fr\/wp-json\/wp\/v2\/product"}],"about":[{"href":"https:\/\/deutschcolor.com\/fr\/wp-json\/wp\/v2\/types\/product"}],"wp:featuredmedia":[{"embeddable":true,"href":"https:\/\/deutschcolor.com\/fr\/wp-json\/wp\/v2\/media\/24686"}],"wp:attachment":[{"href":"https:\/\/deutschcolor.com\/fr\/wp-json\/wp\/v2\/media?parent=23799"}],"curies":[{"name":"wp","href":"https:\/\/api.w.org\/{rel}","templated":true}]}}