{"id":23801,"date":"2019-05-07T13:55:15","date_gmt":"2019-05-07T13:55:15","guid":{"rendered":"https:\/\/deutschcolor.com\/fr\/?post_type=product&#038;p=23801"},"modified":"2025-05-26T13:22:14","modified_gmt":"2025-05-26T13:22:14","slug":"professional-w11","status":"publish","type":"product","link":"https:\/\/deutschcolor.com\/fr\/product\/professional-w11\/","title":{"rendered":"PROFESSIONAL W11"},"content":{"rendered":"<p>Caracteristiques<br \/>\n&#8211; Mat\u00e9riau \u00e0 base de ciment, de poudre de pierres naturelles avec une granulom\u00e9trie s\u00e9lectionn\u00e9e, de r\u00e9sines synth\u00e9tiques, d\u2019additifs hydrophobes et de pigments colorants.<br \/>\n&#8211; Facilement nettoyable<br \/>\n&#8211; Surface lisse comme r\u00e9sultat final<br \/>\n&#8211; Etanche<br \/>\n&#8211; Haute r\u00e9sistance aux bases (alcalis) et aux d\u00e9tergents<br \/>\n&#8211; R\u00e9sistant \u00e0 la corrosion<br \/>\n&#8211; R\u00e9sistant aux radiations UV<br \/>\n&#8211; Pr\u00e9vient la formaztion d\u2019efflorescences.<br \/>\nIl est de classe CG2-WA, selon la norme EN 13888<\/p>\n<p><strong>Pr\u00e9paration du m\u00e9lange<\/strong><br \/>\nM\u00e9langez 6 kg de PROFESSIONAL W11 avec 1,5 \u00e0 1,7 l d\u2019eau propre \u00e0 l\u2019aide d\u2019un malaxeur \u00e9lectrique \u00e0 faible vitesse, jusqu\u2019\u00e0 obtention d\u2019une masse homog\u00e8ne puis laissez reposer le m\u00e9lange 10 minutes, et malaxez de nouveau avant Application. En cas de renforcement, diluez 500 g de l\u2019additif LATEX dans 700 \u00e0 1000 ml d\u2019eau puis versez PROFESSIONAL W11 poudrec 6 Kg lentement et m\u00e9langer comme d\u00e9crit pr\u00e9c\u00e9demment.<\/p>\n<p>###<\/p>\n<p><strong>Application<\/strong><br \/>\nLe remplissage des joints entre carreaux se fait ais\u00e9ment \u00e0 l\u2019aide d\u2019une spatule en caoutchouc. L\u2019exc\u00e8s de mortier est \u00e9limin\u00e9 au moyen d\u2019une \u00e9ponge humide au moment o\u00f9 le produit ait atteint la stabilit\u00e9 et la consistance ad\u00e9quates (20 minutes environ apr\u00e8s Application). Le nettoyage final est fait avec un chiffon sec. Ce nettoyage peut \u00eatre fait m\u00eame le lendemain apr\u00e8s durcissement du mat\u00e9riau, dans ce cas utilisez un chiffon de nettoyage appropri\u00e9.<\/p>\n<p><strong>Conditionnnement<\/strong><br \/>\nPROFESSIONAL W11 est disponible en sacs de 3 Kg, 6 Kg, 12 Kg<\/p>\n<p><strong>Stockage<\/strong><br \/>\n18 mois au moins \u00e0 compter de la date de fabrication, si stock\u00e9 dans un endroit sec \u00e0 faible humidit\u00e9 et \u00e0 l\u2019ombre.<\/p>\n","protected":false},"excerpt":{"rendered":"<p>Mortier \u00e0 base de ciment \u00e0 granulom\u00e9trie s\u00e9lectionn\u00e9e et haute r\u00e9sistance \u00e0 l\u2019eau servant au remplissage des joints de 0 \u00e0 6mm.<\/p>\n","protected":false},"featured_media":24688,"template":"","meta":[],"class_list":["post-23801","product","type-product","status-publish","has-post-thumbnail","hentry","product_cat-mortiers-de-jointoiement","product_cat-mortiers-de-jointoiement-a-base-de-ciment"],"yoast_head":"<!-- This site is optimized with the Yoast SEO plugin v25.7 - https:\/\/yoast.com\/wordpress\/plugins\/seo\/ -->\n<title>PROFESSIONAL W11 - Deutschcolor<\/title>\n<meta name=\"robots\" content=\"index, follow, max-snippet:-1, max-image-preview:large, max-video-preview:-1\" \/>\n<link rel=\"canonical\" href=\"https:\/\/deutschcolor.com\/fr\/product\/professional-w11\/\" \/>\n<meta property=\"og:locale\" content=\"en_US\" \/>\n<meta property=\"og:type\" content=\"article\" \/>\n<meta property=\"og:title\" content=\"PROFESSIONAL W11 - Deutschcolor\" \/>\n<meta property=\"og:description\" content=\"Mortier \u00e0 base de ciment \u00e0 granulom\u00e9trie s\u00e9lectionn\u00e9e et haute r\u00e9sistance \u00e0 l\u2019eau servant au remplissage des joints de 0 \u00e0 6mm.\" \/>\n<meta property=\"og:url\" content=\"https:\/\/deutschcolor.com\/fr\/product\/professional-w11\/\" \/>\n<meta property=\"og:site_name\" content=\"Deutschcolor\" \/>\n<meta property=\"article:publisher\" content=\"https:\/\/www.facebook.com\/deltahome.al\" \/>\n<meta property=\"article:modified_time\" content=\"2025-05-26T13:22:14+00:00\" \/>\n<meta property=\"og:image\" content=\"https:\/\/deutschcolor.com\/fr\/wp-content\/uploads\/2019\/05\/Professional-W11-min.png\" \/>\n\t<meta property=\"og:image:width\" content=\"1000\" \/>\n\t<meta property=\"og:image:height\" content=\"1000\" \/>\n\t<meta property=\"og:image:type\" content=\"image\/png\" \/>\n<meta name=\"twitter:card\" content=\"summary_large_image\" \/>\n<meta name=\"twitter:label1\" content=\"Est. reading time\" \/>\n\t<meta name=\"twitter:data1\" content=\"1 minute\" \/>\n<script type=\"application\/ld+json\" class=\"yoast-schema-graph\">{\"@context\":\"https:\/\/schema.org\",\"@graph\":[{\"@type\":\"WebPage\",\"@id\":\"https:\/\/deutschcolor.com\/fr\/product\/professional-w11\/\",\"url\":\"https:\/\/deutschcolor.com\/fr\/product\/professional-w11\/\",\"name\":\"PROFESSIONAL W11 - Deutschcolor\",\"isPartOf\":{\"@id\":\"https:\/\/deutschcolor.com\/fr\/#website\"},\"primaryImageOfPage\":{\"@id\":\"https:\/\/deutschcolor.com\/fr\/product\/professional-w11\/#primaryimage\"},\"image\":{\"@id\":\"https:\/\/deutschcolor.com\/fr\/product\/professional-w11\/#primaryimage\"},\"thumbnailUrl\":\"https:\/\/deutschcolor.com\/fr\/wp-content\/uploads\/2019\/05\/Professional-W11-min.png\",\"datePublished\":\"2019-05-07T13:55:15+00:00\",\"dateModified\":\"2025-05-26T13:22:14+00:00\",\"breadcrumb\":{\"@id\":\"https:\/\/deutschcolor.com\/fr\/product\/professional-w11\/#breadcrumb\"},\"inLanguage\":\"en-US\",\"potentialAction\":[{\"@type\":\"ReadAction\",\"target\":[\"https:\/\/deutschcolor.com\/fr\/product\/professional-w11\/\"]}]},{\"@type\":\"ImageObject\",\"inLanguage\":\"en-US\",\"@id\":\"https:\/\/deutschcolor.com\/fr\/product\/professional-w11\/#primaryimage\",\"url\":\"https:\/\/deutschcolor.com\/fr\/wp-content\/uploads\/2019\/05\/Professional-W11-min.png\",\"contentUrl\":\"https:\/\/deutschcolor.com\/fr\/wp-content\/uploads\/2019\/05\/Professional-W11-min.png\",\"width\":1000,\"height\":1000},{\"@type\":\"BreadcrumbList\",\"@id\":\"https:\/\/deutschcolor.com\/fr\/product\/professional-w11\/#breadcrumb\",\"itemListElement\":[{\"@type\":\"ListItem\",\"position\":1,\"name\":\"Home\",\"item\":\"https:\/\/deutschcolor.com\/fr\/\"},{\"@type\":\"ListItem\",\"position\":2,\"name\":\"SHOP\",\"item\":\"https:\/\/deutschcolor.com\/fr\/shop\/\"},{\"@type\":\"ListItem\",\"position\":3,\"name\":\"PROFESSIONAL W11\"}]},{\"@type\":\"WebSite\",\"@id\":\"https:\/\/deutschcolor.com\/fr\/#website\",\"url\":\"https:\/\/deutschcolor.com\/fr\/\",\"name\":\"Deutschcolor\",\"description\":\"Deutschcolor Tunisia\",\"publisher\":{\"@id\":\"https:\/\/deutschcolor.com\/fr\/#organization\"},\"potentialAction\":[{\"@type\":\"SearchAction\",\"target\":{\"@type\":\"EntryPoint\",\"urlTemplate\":\"https:\/\/deutschcolor.com\/fr\/?s={search_term_string}\"},\"query-input\":{\"@type\":\"PropertyValueSpecification\",\"valueRequired\":true,\"valueName\":\"search_term_string\"}}],\"inLanguage\":\"en-US\"},{\"@type\":\"Organization\",\"@id\":\"https:\/\/deutschcolor.com\/fr\/#organization\",\"name\":\"Deutschcolor\",\"url\":\"https:\/\/deutschcolor.com\/fr\/\",\"logo\":{\"@type\":\"ImageObject\",\"inLanguage\":\"en-US\",\"@id\":\"https:\/\/deutschcolor.com\/fr\/#\/schema\/logo\/image\/\",\"url\":\"https:\/\/deutschcolor.com\/fr\/wp-content\/uploads\/2025\/08\/4160px-dc.png\",\"contentUrl\":\"https:\/\/deutschcolor.com\/fr\/wp-content\/uploads\/2025\/08\/4160px-dc.png\",\"width\":4160,\"height\":689,\"caption\":\"Deutschcolor\"},\"image\":{\"@id\":\"https:\/\/deutschcolor.com\/fr\/#\/schema\/logo\/image\/\"},\"sameAs\":[\"https:\/\/www.facebook.com\/deltahome.al\"]}]}<\/script>\n<!-- \/ Yoast SEO plugin. -->","yoast_head_json":{"title":"PROFESSIONAL W11 - Deutschcolor","robots":{"index":"index","follow":"follow","max-snippet":"max-snippet:-1","max-image-preview":"max-image-preview:large","max-video-preview":"max-video-preview:-1"},"canonical":"https:\/\/deutschcolor.com\/fr\/product\/professional-w11\/","og_locale":"en_US","og_type":"article","og_title":"PROFESSIONAL W11 - Deutschcolor","og_description":"Mortier \u00e0 base de ciment \u00e0 granulom\u00e9trie s\u00e9lectionn\u00e9e et haute r\u00e9sistance \u00e0 l\u2019eau servant au remplissage des joints de 0 \u00e0 6mm.","og_url":"https:\/\/deutschcolor.com\/fr\/product\/professional-w11\/","og_site_name":"Deutschcolor","article_publisher":"https:\/\/www.facebook.com\/deltahome.al","article_modified_time":"2025-05-26T13:22:14+00:00","og_image":[{"width":1000,"height":1000,"url":"https:\/\/deutschcolor.com\/fr\/wp-content\/uploads\/2019\/05\/Professional-W11-min.png","type":"image\/png"}],"twitter_card":"summary_large_image","twitter_misc":{"Est. reading time":"1 minute"},"schema":{"@context":"https:\/\/schema.org","@graph":[{"@type":"WebPage","@id":"https:\/\/deutschcolor.com\/fr\/product\/professional-w11\/","url":"https:\/\/deutschcolor.com\/fr\/product\/professional-w11\/","name":"PROFESSIONAL W11 - Deutschcolor","isPartOf":{"@id":"https:\/\/deutschcolor.com\/fr\/#website"},"primaryImageOfPage":{"@id":"https:\/\/deutschcolor.com\/fr\/product\/professional-w11\/#primaryimage"},"image":{"@id":"https:\/\/deutschcolor.com\/fr\/product\/professional-w11\/#primaryimage"},"thumbnailUrl":"https:\/\/deutschcolor.com\/fr\/wp-content\/uploads\/2019\/05\/Professional-W11-min.png","datePublished":"2019-05-07T13:55:15+00:00","dateModified":"2025-05-26T13:22:14+00:00","breadcrumb":{"@id":"https:\/\/deutschcolor.com\/fr\/product\/professional-w11\/#breadcrumb"},"inLanguage":"en-US","potentialAction":[{"@type":"ReadAction","target":["https:\/\/deutschcolor.com\/fr\/product\/professional-w11\/"]}]},{"@type":"ImageObject","inLanguage":"en-US","@id":"https:\/\/deutschcolor.com\/fr\/product\/professional-w11\/#primaryimage","url":"https:\/\/deutschcolor.com\/fr\/wp-content\/uploads\/2019\/05\/Professional-W11-min.png","contentUrl":"https:\/\/deutschcolor.com\/fr\/wp-content\/uploads\/2019\/05\/Professional-W11-min.png","width":1000,"height":1000},{"@type":"BreadcrumbList","@id":"https:\/\/deutschcolor.com\/fr\/product\/professional-w11\/#breadcrumb","itemListElement":[{"@type":"ListItem","position":1,"name":"Home","item":"https:\/\/deutschcolor.com\/fr\/"},{"@type":"ListItem","position":2,"name":"SHOP","item":"https:\/\/deutschcolor.com\/fr\/shop\/"},{"@type":"ListItem","position":3,"name":"PROFESSIONAL W11"}]},{"@type":"WebSite","@id":"https:\/\/deutschcolor.com\/fr\/#website","url":"https:\/\/deutschcolor.com\/fr\/","name":"Deutschcolor","description":"Deutschcolor Tunisia","publisher":{"@id":"https:\/\/deutschcolor.com\/fr\/#organization"},"potentialAction":[{"@type":"SearchAction","target":{"@type":"EntryPoint","urlTemplate":"https:\/\/deutschcolor.com\/fr\/?s={search_term_string}"},"query-input":{"@type":"PropertyValueSpecification","valueRequired":true,"valueName":"search_term_string"}}],"inLanguage":"en-US"},{"@type":"Organization","@id":"https:\/\/deutschcolor.com\/fr\/#organization","name":"Deutschcolor","url":"https:\/\/deutschcolor.com\/fr\/","logo":{"@type":"ImageObject","inLanguage":"en-US","@id":"https:\/\/deutschcolor.com\/fr\/#\/schema\/logo\/image\/","url":"https:\/\/deutschcolor.com\/fr\/wp-content\/uploads\/2025\/08\/4160px-dc.png","contentUrl":"https:\/\/deutschcolor.com\/fr\/wp-content\/uploads\/2025\/08\/4160px-dc.png","width":4160,"height":689,"caption":"Deutschcolor"},"image":{"@id":"https:\/\/deutschcolor.com\/fr\/#\/schema\/logo\/image\/"},"sameAs":["https:\/\/www.facebook.com\/deltahome.al"]}]}},"_links":{"self":[{"href":"https:\/\/deutschcolor.com\/fr\/wp-json\/wp\/v2\/product\/23801","targetHints":{"allow":["GET"]}}],"collection":[{"href":"https:\/\/deutschcolor.com\/fr\/wp-json\/wp\/v2\/product"}],"about":[{"href":"https:\/\/deutschcolor.com\/fr\/wp-json\/wp\/v2\/types\/product"}],"wp:featuredmedia":[{"embeddable":true,"href":"https:\/\/deutschcolor.com\/fr\/wp-json\/wp\/v2\/media\/24688"}],"wp:attachment":[{"href":"https:\/\/deutschcolor.com\/fr\/wp-json\/wp\/v2\/media?parent=23801"}],"curies":[{"name":"wp","href":"https:\/\/api.w.org\/{rel}","templated":true}]}}