{"id":23804,"date":"2019-05-07T14:03:12","date_gmt":"2019-05-07T14:03:12","guid":{"rendered":"https:\/\/deutschcolor.com\/fr\/?post_type=product&#038;p=23804"},"modified":"2025-05-26T13:18:06","modified_gmt":"2025-05-26T13:18:06","slug":"prestige-2k","status":"publish","type":"product","link":"https:\/\/deutschcolor.com\/fr\/product\/prestige-2k\/","title":{"rendered":"PRESTIGE 2K"},"content":{"rendered":"<p><strong>Caracteristiques<\/strong><br \/>\nMat\u00e9riau \u00e0 deux composants. Le composant A en forme de poudre compos\u00e9e de ciment, de poudre de pierres naturelles, de r\u00e9sines synth\u00e9tiques, et de pigments sp\u00e9ciaux. Le composant B est un liquide \u00e0 base d\u2019\u00e9lastom\u00e8re. Cette composition procure une r\u00e9sistance plus \u00e9lev\u00e9e \u00e0 la compression, \u00e0 la flexion et une r\u00e9sistance aux agents chimiques et d\u00e9tergents.<\/p>\n<p><strong>Instructions d\u2019application<\/strong><br \/>\nLe remplissage des joints entre carreaux se fait ais\u00e9ment \u00e0 l\u2019aide d\u2019une spatule en caoutchouc souple. L\u2019exc\u00e8s de mortier est \u00e9limin\u00e9 au moyen d\u2019une \u00e9ponge humide une fois que PRESTIGE 2K a atteint un durcissemnt suffisant (g\u00e9n\u00e9ralement 15-20 minutes environ apr\u00e8s Application). Le nettoyage du sol ou du mur est fait avec un chiffon sec ou un chiffon en laine apr\u00e8s durcissement complet du produit. Ce nettoyage peut \u00eatre fait m\u00eame le lendemain.<\/p>\n<p>###<\/p>\n<p><strong>Temperature d\u2019application<\/strong><br \/>\nIl est recommand\u00e9 d\u2019appliquer PRESTIGE 2K 0-5 mm \u00e0 des temp\u00e9ratures allant de + 5\u00b0C \u00e0 + 35\u00b0C.<\/p>\n<p><strong>Conditionnnement<\/strong><br \/>\nPRESTIGE 2K est disponible en seau de 2.2 Kg<\/p>\n","protected":false},"excerpt":{"rendered":"<p>Mat\u00e9riau \u00e0 deux composants. Le composant A en forme de poudre compos\u00e9e de ciment, de poudre de pierres naturelles, de r\u00e9sines synth\u00e9tiques, et de pigments sp\u00e9ciaux.<\/p>\n","protected":false},"featured_media":24689,"template":"","meta":[],"class_list":["post-23804","product","type-product","status-publish","has-post-thumbnail","hentry","product_cat-mortiers-de-jointoiement","product_cat-mortiers-de-jointoiement-a-base-de-ciment"],"yoast_head":"<!-- This site is optimized with the Yoast SEO plugin v25.7 - https:\/\/yoast.com\/wordpress\/plugins\/seo\/ -->\n<title>PRESTIGE 2K - Deutschcolor<\/title>\n<meta name=\"robots\" content=\"index, follow, max-snippet:-1, max-image-preview:large, max-video-preview:-1\" \/>\n<link rel=\"canonical\" href=\"https:\/\/deutschcolor.com\/fr\/product\/prestige-2k\/\" \/>\n<meta property=\"og:locale\" content=\"en_US\" \/>\n<meta property=\"og:type\" content=\"article\" \/>\n<meta property=\"og:title\" content=\"PRESTIGE 2K - Deutschcolor\" \/>\n<meta property=\"og:description\" content=\"Mat\u00e9riau \u00e0 deux composants. Le composant A en forme de poudre compos\u00e9e de ciment, de poudre de pierres naturelles, de r\u00e9sines synth\u00e9tiques, et de pigments sp\u00e9ciaux.\" \/>\n<meta property=\"og:url\" content=\"https:\/\/deutschcolor.com\/fr\/product\/prestige-2k\/\" \/>\n<meta property=\"og:site_name\" content=\"Deutschcolor\" \/>\n<meta property=\"article:publisher\" content=\"https:\/\/www.facebook.com\/deltahome.al\" \/>\n<meta property=\"article:modified_time\" content=\"2025-05-26T13:18:06+00:00\" \/>\n<meta property=\"og:image\" content=\"https:\/\/deutschcolor.com\/fr\/wp-content\/uploads\/2019\/05\/prestige-2k-blu-min.png\" \/>\n\t<meta property=\"og:image:width\" content=\"1000\" \/>\n\t<meta property=\"og:image:height\" content=\"1000\" \/>\n\t<meta property=\"og:image:type\" content=\"image\/png\" \/>\n<meta name=\"twitter:card\" content=\"summary_large_image\" \/>\n<meta name=\"twitter:label1\" content=\"Est. reading time\" \/>\n\t<meta name=\"twitter:data1\" content=\"1 minute\" \/>\n<script type=\"application\/ld+json\" class=\"yoast-schema-graph\">{\"@context\":\"https:\/\/schema.org\",\"@graph\":[{\"@type\":\"WebPage\",\"@id\":\"https:\/\/deutschcolor.com\/fr\/product\/prestige-2k\/\",\"url\":\"https:\/\/deutschcolor.com\/fr\/product\/prestige-2k\/\",\"name\":\"PRESTIGE 2K - Deutschcolor\",\"isPartOf\":{\"@id\":\"https:\/\/deutschcolor.com\/fr\/#website\"},\"primaryImageOfPage\":{\"@id\":\"https:\/\/deutschcolor.com\/fr\/product\/prestige-2k\/#primaryimage\"},\"image\":{\"@id\":\"https:\/\/deutschcolor.com\/fr\/product\/prestige-2k\/#primaryimage\"},\"thumbnailUrl\":\"https:\/\/deutschcolor.com\/fr\/wp-content\/uploads\/2019\/05\/prestige-2k-blu-min.png\",\"datePublished\":\"2019-05-07T14:03:12+00:00\",\"dateModified\":\"2025-05-26T13:18:06+00:00\",\"breadcrumb\":{\"@id\":\"https:\/\/deutschcolor.com\/fr\/product\/prestige-2k\/#breadcrumb\"},\"inLanguage\":\"en-US\",\"potentialAction\":[{\"@type\":\"ReadAction\",\"target\":[\"https:\/\/deutschcolor.com\/fr\/product\/prestige-2k\/\"]}]},{\"@type\":\"ImageObject\",\"inLanguage\":\"en-US\",\"@id\":\"https:\/\/deutschcolor.com\/fr\/product\/prestige-2k\/#primaryimage\",\"url\":\"https:\/\/deutschcolor.com\/fr\/wp-content\/uploads\/2019\/05\/prestige-2k-blu-min.png\",\"contentUrl\":\"https:\/\/deutschcolor.com\/fr\/wp-content\/uploads\/2019\/05\/prestige-2k-blu-min.png\",\"width\":1000,\"height\":1000},{\"@type\":\"BreadcrumbList\",\"@id\":\"https:\/\/deutschcolor.com\/fr\/product\/prestige-2k\/#breadcrumb\",\"itemListElement\":[{\"@type\":\"ListItem\",\"position\":1,\"name\":\"Home\",\"item\":\"https:\/\/deutschcolor.com\/fr\/\"},{\"@type\":\"ListItem\",\"position\":2,\"name\":\"SHOP\",\"item\":\"https:\/\/deutschcolor.com\/fr\/shop\/\"},{\"@type\":\"ListItem\",\"position\":3,\"name\":\"PRESTIGE 2K\"}]},{\"@type\":\"WebSite\",\"@id\":\"https:\/\/deutschcolor.com\/fr\/#website\",\"url\":\"https:\/\/deutschcolor.com\/fr\/\",\"name\":\"Deutschcolor\",\"description\":\"Deutschcolor Tunisia\",\"publisher\":{\"@id\":\"https:\/\/deutschcolor.com\/fr\/#organization\"},\"potentialAction\":[{\"@type\":\"SearchAction\",\"target\":{\"@type\":\"EntryPoint\",\"urlTemplate\":\"https:\/\/deutschcolor.com\/fr\/?s={search_term_string}\"},\"query-input\":{\"@type\":\"PropertyValueSpecification\",\"valueRequired\":true,\"valueName\":\"search_term_string\"}}],\"inLanguage\":\"en-US\"},{\"@type\":\"Organization\",\"@id\":\"https:\/\/deutschcolor.com\/fr\/#organization\",\"name\":\"Deutschcolor\",\"url\":\"https:\/\/deutschcolor.com\/fr\/\",\"logo\":{\"@type\":\"ImageObject\",\"inLanguage\":\"en-US\",\"@id\":\"https:\/\/deutschcolor.com\/fr\/#\/schema\/logo\/image\/\",\"url\":\"https:\/\/deutschcolor.com\/fr\/wp-content\/uploads\/2025\/08\/4160px-dc.png\",\"contentUrl\":\"https:\/\/deutschcolor.com\/fr\/wp-content\/uploads\/2025\/08\/4160px-dc.png\",\"width\":4160,\"height\":689,\"caption\":\"Deutschcolor\"},\"image\":{\"@id\":\"https:\/\/deutschcolor.com\/fr\/#\/schema\/logo\/image\/\"},\"sameAs\":[\"https:\/\/www.facebook.com\/deltahome.al\"]}]}<\/script>\n<!-- \/ Yoast SEO plugin. -->","yoast_head_json":{"title":"PRESTIGE 2K - Deutschcolor","robots":{"index":"index","follow":"follow","max-snippet":"max-snippet:-1","max-image-preview":"max-image-preview:large","max-video-preview":"max-video-preview:-1"},"canonical":"https:\/\/deutschcolor.com\/fr\/product\/prestige-2k\/","og_locale":"en_US","og_type":"article","og_title":"PRESTIGE 2K - Deutschcolor","og_description":"Mat\u00e9riau \u00e0 deux composants. Le composant A en forme de poudre compos\u00e9e de ciment, de poudre de pierres naturelles, de r\u00e9sines synth\u00e9tiques, et de pigments sp\u00e9ciaux.","og_url":"https:\/\/deutschcolor.com\/fr\/product\/prestige-2k\/","og_site_name":"Deutschcolor","article_publisher":"https:\/\/www.facebook.com\/deltahome.al","article_modified_time":"2025-05-26T13:18:06+00:00","og_image":[{"width":1000,"height":1000,"url":"https:\/\/deutschcolor.com\/fr\/wp-content\/uploads\/2019\/05\/prestige-2k-blu-min.png","type":"image\/png"}],"twitter_card":"summary_large_image","twitter_misc":{"Est. reading time":"1 minute"},"schema":{"@context":"https:\/\/schema.org","@graph":[{"@type":"WebPage","@id":"https:\/\/deutschcolor.com\/fr\/product\/prestige-2k\/","url":"https:\/\/deutschcolor.com\/fr\/product\/prestige-2k\/","name":"PRESTIGE 2K - Deutschcolor","isPartOf":{"@id":"https:\/\/deutschcolor.com\/fr\/#website"},"primaryImageOfPage":{"@id":"https:\/\/deutschcolor.com\/fr\/product\/prestige-2k\/#primaryimage"},"image":{"@id":"https:\/\/deutschcolor.com\/fr\/product\/prestige-2k\/#primaryimage"},"thumbnailUrl":"https:\/\/deutschcolor.com\/fr\/wp-content\/uploads\/2019\/05\/prestige-2k-blu-min.png","datePublished":"2019-05-07T14:03:12+00:00","dateModified":"2025-05-26T13:18:06+00:00","breadcrumb":{"@id":"https:\/\/deutschcolor.com\/fr\/product\/prestige-2k\/#breadcrumb"},"inLanguage":"en-US","potentialAction":[{"@type":"ReadAction","target":["https:\/\/deutschcolor.com\/fr\/product\/prestige-2k\/"]}]},{"@type":"ImageObject","inLanguage":"en-US","@id":"https:\/\/deutschcolor.com\/fr\/product\/prestige-2k\/#primaryimage","url":"https:\/\/deutschcolor.com\/fr\/wp-content\/uploads\/2019\/05\/prestige-2k-blu-min.png","contentUrl":"https:\/\/deutschcolor.com\/fr\/wp-content\/uploads\/2019\/05\/prestige-2k-blu-min.png","width":1000,"height":1000},{"@type":"BreadcrumbList","@id":"https:\/\/deutschcolor.com\/fr\/product\/prestige-2k\/#breadcrumb","itemListElement":[{"@type":"ListItem","position":1,"name":"Home","item":"https:\/\/deutschcolor.com\/fr\/"},{"@type":"ListItem","position":2,"name":"SHOP","item":"https:\/\/deutschcolor.com\/fr\/shop\/"},{"@type":"ListItem","position":3,"name":"PRESTIGE 2K"}]},{"@type":"WebSite","@id":"https:\/\/deutschcolor.com\/fr\/#website","url":"https:\/\/deutschcolor.com\/fr\/","name":"Deutschcolor","description":"Deutschcolor Tunisia","publisher":{"@id":"https:\/\/deutschcolor.com\/fr\/#organization"},"potentialAction":[{"@type":"SearchAction","target":{"@type":"EntryPoint","urlTemplate":"https:\/\/deutschcolor.com\/fr\/?s={search_term_string}"},"query-input":{"@type":"PropertyValueSpecification","valueRequired":true,"valueName":"search_term_string"}}],"inLanguage":"en-US"},{"@type":"Organization","@id":"https:\/\/deutschcolor.com\/fr\/#organization","name":"Deutschcolor","url":"https:\/\/deutschcolor.com\/fr\/","logo":{"@type":"ImageObject","inLanguage":"en-US","@id":"https:\/\/deutschcolor.com\/fr\/#\/schema\/logo\/image\/","url":"https:\/\/deutschcolor.com\/fr\/wp-content\/uploads\/2025\/08\/4160px-dc.png","contentUrl":"https:\/\/deutschcolor.com\/fr\/wp-content\/uploads\/2025\/08\/4160px-dc.png","width":4160,"height":689,"caption":"Deutschcolor"},"image":{"@id":"https:\/\/deutschcolor.com\/fr\/#\/schema\/logo\/image\/"},"sameAs":["https:\/\/www.facebook.com\/deltahome.al"]}]}},"_links":{"self":[{"href":"https:\/\/deutschcolor.com\/fr\/wp-json\/wp\/v2\/product\/23804","targetHints":{"allow":["GET"]}}],"collection":[{"href":"https:\/\/deutschcolor.com\/fr\/wp-json\/wp\/v2\/product"}],"about":[{"href":"https:\/\/deutschcolor.com\/fr\/wp-json\/wp\/v2\/types\/product"}],"wp:featuredmedia":[{"embeddable":true,"href":"https:\/\/deutschcolor.com\/fr\/wp-json\/wp\/v2\/media\/24689"}],"wp:attachment":[{"href":"https:\/\/deutschcolor.com\/fr\/wp-json\/wp\/v2\/media?parent=23804"}],"curies":[{"name":"wp","href":"https:\/\/api.w.org\/{rel}","templated":true}]}}