{"id":23810,"date":"2019-05-07T14:12:00","date_gmt":"2019-05-07T14:12:00","guid":{"rendered":"https:\/\/deutschcolor.com\/fr\/?post_type=product&#038;p=23810"},"modified":"2025-08-20T10:24:35","modified_gmt":"2025-08-20T10:24:35","slug":"3d-fugen","status":"publish","type":"product","link":"https:\/\/deutschcolor.com\/fr\/product\/3d-fugen\/","title":{"rendered":"3D FUGEN"},"content":{"rendered":"<p><strong>Caracteristiques<\/strong><br \/>\n3D Fugen est un <a href=\"https:\/\/deutschcolor.com\/fr\/shop\/\" target=\"_blank\" rel=\"noopener\">mortier<\/a> sans solvant, \u00e0 deux composants, <a href=\"https:\/\/fr.wikipedia.org\/wiki\/Poly%C3%A9poxyde?utm_source=chatgpt.com\" target=\"_blank\" rel=\"noopener\">\u00e0 base d\u2019\u00e9poxy<\/a> et de charges siliceuses fines inertes. Il est r\u00e9sistant aux acides, alcalis, d\u00e9tergents puissants, \u00e0 la plupart des solvants organiques ainsi qu\u2019\u00e0 <a href=\"https:\/\/fr.wikipedia.org\/wiki\/Chloration_%28d%C3%A9sinfection%29?utm_source=chatgpt.com\" target=\"_blank\" rel=\"noopener\">l\u2019eau chlor\u00e9e<\/a> ou sal\u00e9e. <a href=\"https:\/\/deutschcolor.com\/fr\/colors\/\" target=\"_blank\" rel=\"noopener\">Le produit, pr\u00eat \u00e0 l\u2019emploi, est disponible en 30 nuances<\/a><br \/>\ndiff\u00e9rentes.<br \/>\nIl se caract\u00e9rise par une excellente maniabilit\u00e9, une forte adh\u00e9rence sur les bords des joints et est compl\u00e8tement \u00e9tanche.<br \/>\nIl emp\u00eache le d\u00e9veloppement des bact\u00e9ries, se nettoie facilement et r\u00e9siste aux agents de nettoyage.<br \/>\n3D Fugen convient pour les joints larges de 1 \u00e0 10 mm. Il offre un texture finale absolument lisse comme de la porcelaine. Il se nettoie facilement \u00e0 l\u2019eau ti\u00e8de avant qu\u2019il ne durcisse.<br \/>\nLe produit est de classe RG2, <a href=\"https:\/\/www.boutique.afnor.org\/fr-fr\/norme\/nf-en-13888\/mortiers-de-jointoiement-pour-carreaux-et-dalles-ceramiques-exigences-evalu\/fa157542\/1001?utm_source=chatgpt.com\" target=\"_blank\" rel=\"noopener\">conform\u00e9ment \u00e0 la norme EN 13888<\/a>.<\/p>\n<p><strong>Pr\u00e9paration de la surface<\/strong><br \/>\n\u00c9liminer les r\u00e9sidus potentiels de ciment colle et autres contaminants sur les joints \u00e0 traiter ou la surface de granit ou de marbre.<\/p>\n<p>###<\/p>\n<p><strong>Application<\/strong><br \/>\nRemplir les joints au moyen d\u2019une spatule en caoutchouc. L\u2019Application se fait avec la spatule ouverte en pressant dans le sens de la diagonale au joint, sans laisser de vide ou des r\u00e9sidus de mat\u00e9riau.<\/p>\n<p><strong>Consommation<\/strong><br \/>\n0,2 \u00e0 3.0 Kg \/m\u00b2, en fonction de la profondeur et la largeur du joint.<\/p>\n<p><strong>Duree de vie &#8211; stockage<\/strong><br \/>\n24 mois au moins \u00e0 compter de la date de fabrication si stock\u00e9 dans un endroit sec, \u00e0 faible niveau d\u2019humidit\u00e9 et \u00e0 l\u2019ombre.<\/p>\n","protected":false},"excerpt":{"rendered":"<p>Mortier \u00e0 base d\u2019\u00e9poxy \u00e0 deux composants pour le jointoiement de carrelage.<\/p>\n","protected":false},"featured_media":24692,"template":"","meta":[],"class_list":["post-23810","product","type-product","status-publish","has-post-thumbnail","hentry","product_cat-mortiers-de-jointoiement","product_cat-mortiers-de-jointoiement-a-base-depoxy"],"yoast_head":"<!-- This site is optimized with the Yoast SEO plugin v25.7 - https:\/\/yoast.com\/wordpress\/plugins\/seo\/ -->\n<title>3D Fugen \u2013 Joint \u00e9poxy bi-composant RG2 | Deutsch Color<\/title>\n<meta name=\"description\" content=\"3D Fugen, mortier de jointoiement \u00e9poxy sans solvant, classe RG2 (EN 13888). \u00c9tanche, maniable, r\u00e9sistant aux acides\/alcali; pour joints de 1\u201310 mm.\" \/>\n<meta name=\"robots\" content=\"index, follow, max-snippet:-1, max-image-preview:large, max-video-preview:-1\" \/>\n<link rel=\"canonical\" href=\"https:\/\/deutschcolor.com\/fr\/product\/3d-fugen\/\" \/>\n<meta property=\"og:locale\" content=\"en_US\" \/>\n<meta property=\"og:type\" content=\"article\" \/>\n<meta property=\"og:title\" content=\"3D Fugen \u2013 Joint \u00e9poxy bi-composant RG2 | Deutsch Color\" \/>\n<meta property=\"og:description\" content=\"3D Fugen, mortier de jointoiement \u00e9poxy sans solvant, classe RG2 (EN 13888). \u00c9tanche, maniable, r\u00e9sistant aux acides\/alcali; pour joints de 1\u201310 mm.\" \/>\n<meta property=\"og:url\" content=\"https:\/\/deutschcolor.com\/fr\/product\/3d-fugen\/\" \/>\n<meta property=\"og:site_name\" content=\"Deutschcolor\" \/>\n<meta property=\"article:publisher\" content=\"https:\/\/www.facebook.com\/deltahome.al\" \/>\n<meta property=\"article:modified_time\" content=\"2025-08-20T10:24:35+00:00\" \/>\n<meta property=\"og:image\" content=\"https:\/\/deutschcolor.com\/fr\/wp-content\/uploads\/2019\/05\/3d-fugen-min.png\" \/>\n\t<meta property=\"og:image:width\" content=\"1000\" \/>\n\t<meta property=\"og:image:height\" content=\"1000\" \/>\n\t<meta property=\"og:image:type\" content=\"image\/png\" \/>\n<meta name=\"twitter:card\" content=\"summary_large_image\" \/>\n<meta name=\"twitter:label1\" content=\"Est. reading time\" \/>\n\t<meta name=\"twitter:data1\" content=\"2 minutes\" \/>\n<script type=\"application\/ld+json\" class=\"yoast-schema-graph\">{\"@context\":\"https:\/\/schema.org\",\"@graph\":[{\"@type\":\"WebPage\",\"@id\":\"https:\/\/deutschcolor.com\/fr\/product\/3d-fugen\/\",\"url\":\"https:\/\/deutschcolor.com\/fr\/product\/3d-fugen\/\",\"name\":\"3D Fugen \u2013 Joint \u00e9poxy bi-composant RG2 | Deutsch Color\",\"isPartOf\":{\"@id\":\"https:\/\/deutschcolor.com\/fr\/#website\"},\"primaryImageOfPage\":{\"@id\":\"https:\/\/deutschcolor.com\/fr\/product\/3d-fugen\/#primaryimage\"},\"image\":{\"@id\":\"https:\/\/deutschcolor.com\/fr\/product\/3d-fugen\/#primaryimage\"},\"thumbnailUrl\":\"https:\/\/deutschcolor.com\/fr\/wp-content\/uploads\/2019\/05\/3d-fugen-min.png\",\"datePublished\":\"2019-05-07T14:12:00+00:00\",\"dateModified\":\"2025-08-20T10:24:35+00:00\",\"description\":\"3D Fugen, mortier de jointoiement \u00e9poxy sans solvant, classe RG2 (EN 13888). \u00c9tanche, maniable, r\u00e9sistant aux acides\/alcali; pour joints de 1\u201310 mm.\",\"breadcrumb\":{\"@id\":\"https:\/\/deutschcolor.com\/fr\/product\/3d-fugen\/#breadcrumb\"},\"inLanguage\":\"en-US\",\"potentialAction\":[{\"@type\":\"ReadAction\",\"target\":[\"https:\/\/deutschcolor.com\/fr\/product\/3d-fugen\/\"]}]},{\"@type\":\"ImageObject\",\"inLanguage\":\"en-US\",\"@id\":\"https:\/\/deutschcolor.com\/fr\/product\/3d-fugen\/#primaryimage\",\"url\":\"https:\/\/deutschcolor.com\/fr\/wp-content\/uploads\/2019\/05\/3d-fugen-min.png\",\"contentUrl\":\"https:\/\/deutschcolor.com\/fr\/wp-content\/uploads\/2019\/05\/3d-fugen-min.png\",\"width\":1000,\"height\":1000,\"caption\":\"Le produit, pr\u00eat \u00e0 l\u2019emploi, est disponible en 30 nuances\"},{\"@type\":\"BreadcrumbList\",\"@id\":\"https:\/\/deutschcolor.com\/fr\/product\/3d-fugen\/#breadcrumb\",\"itemListElement\":[{\"@type\":\"ListItem\",\"position\":1,\"name\":\"Home\",\"item\":\"https:\/\/deutschcolor.com\/fr\/\"},{\"@type\":\"ListItem\",\"position\":2,\"name\":\"SHOP\",\"item\":\"https:\/\/deutschcolor.com\/fr\/shop\/\"},{\"@type\":\"ListItem\",\"position\":3,\"name\":\"3D FUGEN\"}]},{\"@type\":\"WebSite\",\"@id\":\"https:\/\/deutschcolor.com\/fr\/#website\",\"url\":\"https:\/\/deutschcolor.com\/fr\/\",\"name\":\"Deutschcolor\",\"description\":\"Deutschcolor Tunisia\",\"publisher\":{\"@id\":\"https:\/\/deutschcolor.com\/fr\/#organization\"},\"potentialAction\":[{\"@type\":\"SearchAction\",\"target\":{\"@type\":\"EntryPoint\",\"urlTemplate\":\"https:\/\/deutschcolor.com\/fr\/?s={search_term_string}\"},\"query-input\":{\"@type\":\"PropertyValueSpecification\",\"valueRequired\":true,\"valueName\":\"search_term_string\"}}],\"inLanguage\":\"en-US\"},{\"@type\":\"Organization\",\"@id\":\"https:\/\/deutschcolor.com\/fr\/#organization\",\"name\":\"Deutschcolor\",\"url\":\"https:\/\/deutschcolor.com\/fr\/\",\"logo\":{\"@type\":\"ImageObject\",\"inLanguage\":\"en-US\",\"@id\":\"https:\/\/deutschcolor.com\/fr\/#\/schema\/logo\/image\/\",\"url\":\"https:\/\/deutschcolor.com\/fr\/wp-content\/uploads\/2025\/08\/4160px-dc.png\",\"contentUrl\":\"https:\/\/deutschcolor.com\/fr\/wp-content\/uploads\/2025\/08\/4160px-dc.png\",\"width\":4160,\"height\":689,\"caption\":\"Deutschcolor\"},\"image\":{\"@id\":\"https:\/\/deutschcolor.com\/fr\/#\/schema\/logo\/image\/\"},\"sameAs\":[\"https:\/\/www.facebook.com\/deltahome.al\"]}]}<\/script>\n<!-- \/ Yoast SEO plugin. -->","yoast_head_json":{"title":"3D Fugen \u2013 Joint \u00e9poxy bi-composant RG2 | Deutsch Color","description":"3D Fugen, mortier de jointoiement \u00e9poxy sans solvant, classe RG2 (EN 13888). \u00c9tanche, maniable, r\u00e9sistant aux acides\/alcali; pour joints de 1\u201310 mm.","robots":{"index":"index","follow":"follow","max-snippet":"max-snippet:-1","max-image-preview":"max-image-preview:large","max-video-preview":"max-video-preview:-1"},"canonical":"https:\/\/deutschcolor.com\/fr\/product\/3d-fugen\/","og_locale":"en_US","og_type":"article","og_title":"3D Fugen \u2013 Joint \u00e9poxy bi-composant RG2 | Deutsch Color","og_description":"3D Fugen, mortier de jointoiement \u00e9poxy sans solvant, classe RG2 (EN 13888). \u00c9tanche, maniable, r\u00e9sistant aux acides\/alcali; pour joints de 1\u201310 mm.","og_url":"https:\/\/deutschcolor.com\/fr\/product\/3d-fugen\/","og_site_name":"Deutschcolor","article_publisher":"https:\/\/www.facebook.com\/deltahome.al","article_modified_time":"2025-08-20T10:24:35+00:00","og_image":[{"width":1000,"height":1000,"url":"https:\/\/deutschcolor.com\/fr\/wp-content\/uploads\/2019\/05\/3d-fugen-min.png","type":"image\/png"}],"twitter_card":"summary_large_image","twitter_misc":{"Est. reading time":"2 minutes"},"schema":{"@context":"https:\/\/schema.org","@graph":[{"@type":"WebPage","@id":"https:\/\/deutschcolor.com\/fr\/product\/3d-fugen\/","url":"https:\/\/deutschcolor.com\/fr\/product\/3d-fugen\/","name":"3D Fugen \u2013 Joint \u00e9poxy bi-composant RG2 | Deutsch Color","isPartOf":{"@id":"https:\/\/deutschcolor.com\/fr\/#website"},"primaryImageOfPage":{"@id":"https:\/\/deutschcolor.com\/fr\/product\/3d-fugen\/#primaryimage"},"image":{"@id":"https:\/\/deutschcolor.com\/fr\/product\/3d-fugen\/#primaryimage"},"thumbnailUrl":"https:\/\/deutschcolor.com\/fr\/wp-content\/uploads\/2019\/05\/3d-fugen-min.png","datePublished":"2019-05-07T14:12:00+00:00","dateModified":"2025-08-20T10:24:35+00:00","description":"3D Fugen, mortier de jointoiement \u00e9poxy sans solvant, classe RG2 (EN 13888). \u00c9tanche, maniable, r\u00e9sistant aux acides\/alcali; pour joints de 1\u201310 mm.","breadcrumb":{"@id":"https:\/\/deutschcolor.com\/fr\/product\/3d-fugen\/#breadcrumb"},"inLanguage":"en-US","potentialAction":[{"@type":"ReadAction","target":["https:\/\/deutschcolor.com\/fr\/product\/3d-fugen\/"]}]},{"@type":"ImageObject","inLanguage":"en-US","@id":"https:\/\/deutschcolor.com\/fr\/product\/3d-fugen\/#primaryimage","url":"https:\/\/deutschcolor.com\/fr\/wp-content\/uploads\/2019\/05\/3d-fugen-min.png","contentUrl":"https:\/\/deutschcolor.com\/fr\/wp-content\/uploads\/2019\/05\/3d-fugen-min.png","width":1000,"height":1000,"caption":"Le produit, pr\u00eat \u00e0 l\u2019emploi, est disponible en 30 nuances"},{"@type":"BreadcrumbList","@id":"https:\/\/deutschcolor.com\/fr\/product\/3d-fugen\/#breadcrumb","itemListElement":[{"@type":"ListItem","position":1,"name":"Home","item":"https:\/\/deutschcolor.com\/fr\/"},{"@type":"ListItem","position":2,"name":"SHOP","item":"https:\/\/deutschcolor.com\/fr\/shop\/"},{"@type":"ListItem","position":3,"name":"3D FUGEN"}]},{"@type":"WebSite","@id":"https:\/\/deutschcolor.com\/fr\/#website","url":"https:\/\/deutschcolor.com\/fr\/","name":"Deutschcolor","description":"Deutschcolor Tunisia","publisher":{"@id":"https:\/\/deutschcolor.com\/fr\/#organization"},"potentialAction":[{"@type":"SearchAction","target":{"@type":"EntryPoint","urlTemplate":"https:\/\/deutschcolor.com\/fr\/?s={search_term_string}"},"query-input":{"@type":"PropertyValueSpecification","valueRequired":true,"valueName":"search_term_string"}}],"inLanguage":"en-US"},{"@type":"Organization","@id":"https:\/\/deutschcolor.com\/fr\/#organization","name":"Deutschcolor","url":"https:\/\/deutschcolor.com\/fr\/","logo":{"@type":"ImageObject","inLanguage":"en-US","@id":"https:\/\/deutschcolor.com\/fr\/#\/schema\/logo\/image\/","url":"https:\/\/deutschcolor.com\/fr\/wp-content\/uploads\/2025\/08\/4160px-dc.png","contentUrl":"https:\/\/deutschcolor.com\/fr\/wp-content\/uploads\/2025\/08\/4160px-dc.png","width":4160,"height":689,"caption":"Deutschcolor"},"image":{"@id":"https:\/\/deutschcolor.com\/fr\/#\/schema\/logo\/image\/"},"sameAs":["https:\/\/www.facebook.com\/deltahome.al"]}]}},"_links":{"self":[{"href":"https:\/\/deutschcolor.com\/fr\/wp-json\/wp\/v2\/product\/23810","targetHints":{"allow":["GET"]}}],"collection":[{"href":"https:\/\/deutschcolor.com\/fr\/wp-json\/wp\/v2\/product"}],"about":[{"href":"https:\/\/deutschcolor.com\/fr\/wp-json\/wp\/v2\/types\/product"}],"wp:featuredmedia":[{"embeddable":true,"href":"https:\/\/deutschcolor.com\/fr\/wp-json\/wp\/v2\/media\/24692"}],"wp:attachment":[{"href":"https:\/\/deutschcolor.com\/fr\/wp-json\/wp\/v2\/media?parent=23810"}],"curies":[{"name":"wp","href":"https:\/\/api.w.org\/{rel}","templated":true}]}}