{"id":23812,"date":"2019-05-07T14:14:47","date_gmt":"2019-05-07T14:14:47","guid":{"rendered":"https:\/\/deutschcolor.com\/fr\/?post_type=product&#038;p=23812"},"modified":"2025-05-26T12:20:16","modified_gmt":"2025-05-26T12:20:16","slug":"epo-color","status":"publish","type":"product","link":"https:\/\/deutschcolor.com\/fr\/product\/epo-color\/","title":{"rendered":"EPO COLOR"},"content":{"rendered":"<p><strong>Caracteristiques<\/strong><br \/>\nEPO COLOR est une colle \u00e0 carreaux, bi- composants, \u00e0 base \u00e9poxy et sans solvant. Caract\u00e9ris\u00e9e par une haute r\u00e9sistance \u00e0 la compression et \u00e0 la flexion et par une force d\u2019adh\u00e9rence \u00e9lev\u00e9e.<br \/>\nEPO COLOR est r\u00e9sistant \u00e0 plusieurs acides, alcalis, agents corrosifs du b\u00e9ton, aux d\u00e9t\u00e9rgents, \u00e0 l\u2019eau de mer et l\u2019eau sal\u00e9e.<br \/>\nEPO COLOR est caract\u00e9ris\u00e9 par une excellente maniabilit\u00e9 permettant son Application sur sols et murs. Il est facilement nettoyable \u00e0 l\u2019eau avant durcissement. Il convient pour les joints larges de 0 \u00e0 12 mm.<br \/>\nEPO COLOR en tant que mortier colle est de classe R2T selon la norme<br \/>\nEN 12004, et en temps que produit de jointoiement il RG2 selon la norme<br \/>\nEN13888.<\/p>\n<p><strong>Domaine d\u2019utilisation<\/strong><br \/>\nEPO COLOR est applicable dans les zones o\u00f9 une forte r\u00e9sistance aux charges m\u00e9caniques et aux agents chimiques est requise.<br \/>\nIl est utilis\u00e9 pour la pose de carreaux et le remplissage des joints sur les sols et les murs en milieux industriels tels que : brasseries, laiteries, laboratoires, abattoirs et autres secteurs de l\u2019industrie alimentaire ou chimique ainsi que piscines, cuisines, etc.<br \/>\nEPO COLOR convient \u00e9galement pour les surfaces en contact direct avec les produits alimentaires, et ce conform\u00e9ment aux normes W-347, EPA 330.5 et EPA 110.2.<\/p>\n<p>###<\/p>\n<p><strong>Garnissage des joints<\/strong><br \/>\nLe m\u00e9lange est vers\u00e9 progressivement dans les joints secs et propres.<br \/>\nL\u2019\u00e9talement se fait au moyen d\u2019une spatule en caoutchouc dans le sens de la diagonale par rapport au joint. De cette fa\u00e7on les joints sont bien remplis et le produit en exc\u00e8s est \u00e9limin\u00e9.<br \/>\nLe r\u00e9sidu de colle \u00e0 la surface des carreaux est \u00e9limin\u00e9 avec une \u00e9ponge l\u00e9g\u00e8rement rugueuse et humidifi\u00e9e. Apr\u00e8s cela, nettoyez les carreaux avec un chiffon propre, doux et l\u00e9g\u00e8rement humide.<br \/>\nL\u2019utilisation d\u2019une eau ti\u00e8de facilite le n\u00e9ttoyage. De m\u00eame, l\u2019ajout de 10% d\u2019alcool (en poids) \u00e0 l\u2019eau de nettoyage donne de meilleurs r\u00e9sultats.<\/p>\n<p><strong>Duree de vie- stockage<\/strong><br \/>\n24 mois \u00e0 compter de la date de fabrication, dans son emballage herm\u00e9tique d\u2019origine, prot\u00e9g\u00e9 de l\u2019humidit\u00e9 et de l\u2019exposition directe au soleil, \u00e0 des temp\u00e9ratures comprises entre +5\u00b0C et +35\u00b0C.<\/p>\n<p><strong>Conditionnnement<\/strong><br \/>\nEmballage de 5 KG<\/p>\n","protected":false},"excerpt":{"rendered":"<p>Mat\u00e9riau \u00e0 base de r\u00e9sine epoxy, \u00e0 deux composants, utilis\u00e9 pour le remplissage de joints et comme mortier colle pour les rev\u00eatements de sols et murs.<\/p>\n","protected":false},"featured_media":24693,"template":"","meta":[],"class_list":["post-23812","product","type-product","status-publish","has-post-thumbnail","hentry","product_cat-mortiers-de-jointoiement","product_cat-mortiers-de-jointoiement-a-base-depoxy"],"yoast_head":"<!-- This site is optimized with the Yoast SEO plugin v25.7 - https:\/\/yoast.com\/wordpress\/plugins\/seo\/ -->\n<title>EPO COLOR - Deutschcolor<\/title>\n<meta name=\"robots\" content=\"index, follow, max-snippet:-1, max-image-preview:large, max-video-preview:-1\" \/>\n<link rel=\"canonical\" href=\"https:\/\/deutschcolor.com\/fr\/product\/epo-color\/\" \/>\n<meta property=\"og:locale\" content=\"en_US\" \/>\n<meta property=\"og:type\" content=\"article\" \/>\n<meta property=\"og:title\" content=\"EPO COLOR - Deutschcolor\" \/>\n<meta property=\"og:description\" content=\"Mat\u00e9riau \u00e0 base de r\u00e9sine epoxy, \u00e0 deux composants, utilis\u00e9 pour le remplissage de joints et comme mortier colle pour les rev\u00eatements de sols et murs.\" \/>\n<meta property=\"og:url\" content=\"https:\/\/deutschcolor.com\/fr\/product\/epo-color\/\" \/>\n<meta property=\"og:site_name\" content=\"Deutschcolor\" \/>\n<meta property=\"article:publisher\" content=\"https:\/\/www.facebook.com\/deltahome.al\" \/>\n<meta property=\"article:modified_time\" content=\"2025-05-26T12:20:16+00:00\" \/>\n<meta property=\"og:image\" content=\"https:\/\/deutschcolor.com\/fr\/wp-content\/uploads\/2019\/05\/EpoColor-min.png\" \/>\n\t<meta property=\"og:image:width\" content=\"1000\" \/>\n\t<meta property=\"og:image:height\" content=\"1000\" \/>\n\t<meta property=\"og:image:type\" content=\"image\/png\" \/>\n<meta name=\"twitter:card\" content=\"summary_large_image\" \/>\n<meta name=\"twitter:label1\" content=\"Est. reading time\" \/>\n\t<meta name=\"twitter:data1\" content=\"2 minutes\" \/>\n<script type=\"application\/ld+json\" class=\"yoast-schema-graph\">{\"@context\":\"https:\/\/schema.org\",\"@graph\":[{\"@type\":\"WebPage\",\"@id\":\"https:\/\/deutschcolor.com\/fr\/product\/epo-color\/\",\"url\":\"https:\/\/deutschcolor.com\/fr\/product\/epo-color\/\",\"name\":\"EPO COLOR - Deutschcolor\",\"isPartOf\":{\"@id\":\"https:\/\/deutschcolor.com\/fr\/#website\"},\"primaryImageOfPage\":{\"@id\":\"https:\/\/deutschcolor.com\/fr\/product\/epo-color\/#primaryimage\"},\"image\":{\"@id\":\"https:\/\/deutschcolor.com\/fr\/product\/epo-color\/#primaryimage\"},\"thumbnailUrl\":\"https:\/\/deutschcolor.com\/fr\/wp-content\/uploads\/2019\/05\/EpoColor-min.png\",\"datePublished\":\"2019-05-07T14:14:47+00:00\",\"dateModified\":\"2025-05-26T12:20:16+00:00\",\"breadcrumb\":{\"@id\":\"https:\/\/deutschcolor.com\/fr\/product\/epo-color\/#breadcrumb\"},\"inLanguage\":\"en-US\",\"potentialAction\":[{\"@type\":\"ReadAction\",\"target\":[\"https:\/\/deutschcolor.com\/fr\/product\/epo-color\/\"]}]},{\"@type\":\"ImageObject\",\"inLanguage\":\"en-US\",\"@id\":\"https:\/\/deutschcolor.com\/fr\/product\/epo-color\/#primaryimage\",\"url\":\"https:\/\/deutschcolor.com\/fr\/wp-content\/uploads\/2019\/05\/EpoColor-min.png\",\"contentUrl\":\"https:\/\/deutschcolor.com\/fr\/wp-content\/uploads\/2019\/05\/EpoColor-min.png\",\"width\":1000,\"height\":1000},{\"@type\":\"BreadcrumbList\",\"@id\":\"https:\/\/deutschcolor.com\/fr\/product\/epo-color\/#breadcrumb\",\"itemListElement\":[{\"@type\":\"ListItem\",\"position\":1,\"name\":\"Home\",\"item\":\"https:\/\/deutschcolor.com\/fr\/\"},{\"@type\":\"ListItem\",\"position\":2,\"name\":\"SHOP\",\"item\":\"https:\/\/deutschcolor.com\/fr\/shop\/\"},{\"@type\":\"ListItem\",\"position\":3,\"name\":\"EPO COLOR\"}]},{\"@type\":\"WebSite\",\"@id\":\"https:\/\/deutschcolor.com\/fr\/#website\",\"url\":\"https:\/\/deutschcolor.com\/fr\/\",\"name\":\"Deutschcolor\",\"description\":\"Deutschcolor Tunisia\",\"publisher\":{\"@id\":\"https:\/\/deutschcolor.com\/fr\/#organization\"},\"potentialAction\":[{\"@type\":\"SearchAction\",\"target\":{\"@type\":\"EntryPoint\",\"urlTemplate\":\"https:\/\/deutschcolor.com\/fr\/?s={search_term_string}\"},\"query-input\":{\"@type\":\"PropertyValueSpecification\",\"valueRequired\":true,\"valueName\":\"search_term_string\"}}],\"inLanguage\":\"en-US\"},{\"@type\":\"Organization\",\"@id\":\"https:\/\/deutschcolor.com\/fr\/#organization\",\"name\":\"Deutschcolor\",\"url\":\"https:\/\/deutschcolor.com\/fr\/\",\"logo\":{\"@type\":\"ImageObject\",\"inLanguage\":\"en-US\",\"@id\":\"https:\/\/deutschcolor.com\/fr\/#\/schema\/logo\/image\/\",\"url\":\"https:\/\/deutschcolor.com\/fr\/wp-content\/uploads\/2025\/08\/4160px-dc.png\",\"contentUrl\":\"https:\/\/deutschcolor.com\/fr\/wp-content\/uploads\/2025\/08\/4160px-dc.png\",\"width\":4160,\"height\":689,\"caption\":\"Deutschcolor\"},\"image\":{\"@id\":\"https:\/\/deutschcolor.com\/fr\/#\/schema\/logo\/image\/\"},\"sameAs\":[\"https:\/\/www.facebook.com\/deltahome.al\"]}]}<\/script>\n<!-- \/ Yoast SEO plugin. -->","yoast_head_json":{"title":"EPO COLOR - Deutschcolor","robots":{"index":"index","follow":"follow","max-snippet":"max-snippet:-1","max-image-preview":"max-image-preview:large","max-video-preview":"max-video-preview:-1"},"canonical":"https:\/\/deutschcolor.com\/fr\/product\/epo-color\/","og_locale":"en_US","og_type":"article","og_title":"EPO COLOR - Deutschcolor","og_description":"Mat\u00e9riau \u00e0 base de r\u00e9sine epoxy, \u00e0 deux composants, utilis\u00e9 pour le remplissage de joints et comme mortier colle pour les rev\u00eatements de sols et murs.","og_url":"https:\/\/deutschcolor.com\/fr\/product\/epo-color\/","og_site_name":"Deutschcolor","article_publisher":"https:\/\/www.facebook.com\/deltahome.al","article_modified_time":"2025-05-26T12:20:16+00:00","og_image":[{"width":1000,"height":1000,"url":"https:\/\/deutschcolor.com\/fr\/wp-content\/uploads\/2019\/05\/EpoColor-min.png","type":"image\/png"}],"twitter_card":"summary_large_image","twitter_misc":{"Est. reading time":"2 minutes"},"schema":{"@context":"https:\/\/schema.org","@graph":[{"@type":"WebPage","@id":"https:\/\/deutschcolor.com\/fr\/product\/epo-color\/","url":"https:\/\/deutschcolor.com\/fr\/product\/epo-color\/","name":"EPO COLOR - Deutschcolor","isPartOf":{"@id":"https:\/\/deutschcolor.com\/fr\/#website"},"primaryImageOfPage":{"@id":"https:\/\/deutschcolor.com\/fr\/product\/epo-color\/#primaryimage"},"image":{"@id":"https:\/\/deutschcolor.com\/fr\/product\/epo-color\/#primaryimage"},"thumbnailUrl":"https:\/\/deutschcolor.com\/fr\/wp-content\/uploads\/2019\/05\/EpoColor-min.png","datePublished":"2019-05-07T14:14:47+00:00","dateModified":"2025-05-26T12:20:16+00:00","breadcrumb":{"@id":"https:\/\/deutschcolor.com\/fr\/product\/epo-color\/#breadcrumb"},"inLanguage":"en-US","potentialAction":[{"@type":"ReadAction","target":["https:\/\/deutschcolor.com\/fr\/product\/epo-color\/"]}]},{"@type":"ImageObject","inLanguage":"en-US","@id":"https:\/\/deutschcolor.com\/fr\/product\/epo-color\/#primaryimage","url":"https:\/\/deutschcolor.com\/fr\/wp-content\/uploads\/2019\/05\/EpoColor-min.png","contentUrl":"https:\/\/deutschcolor.com\/fr\/wp-content\/uploads\/2019\/05\/EpoColor-min.png","width":1000,"height":1000},{"@type":"BreadcrumbList","@id":"https:\/\/deutschcolor.com\/fr\/product\/epo-color\/#breadcrumb","itemListElement":[{"@type":"ListItem","position":1,"name":"Home","item":"https:\/\/deutschcolor.com\/fr\/"},{"@type":"ListItem","position":2,"name":"SHOP","item":"https:\/\/deutschcolor.com\/fr\/shop\/"},{"@type":"ListItem","position":3,"name":"EPO COLOR"}]},{"@type":"WebSite","@id":"https:\/\/deutschcolor.com\/fr\/#website","url":"https:\/\/deutschcolor.com\/fr\/","name":"Deutschcolor","description":"Deutschcolor Tunisia","publisher":{"@id":"https:\/\/deutschcolor.com\/fr\/#organization"},"potentialAction":[{"@type":"SearchAction","target":{"@type":"EntryPoint","urlTemplate":"https:\/\/deutschcolor.com\/fr\/?s={search_term_string}"},"query-input":{"@type":"PropertyValueSpecification","valueRequired":true,"valueName":"search_term_string"}}],"inLanguage":"en-US"},{"@type":"Organization","@id":"https:\/\/deutschcolor.com\/fr\/#organization","name":"Deutschcolor","url":"https:\/\/deutschcolor.com\/fr\/","logo":{"@type":"ImageObject","inLanguage":"en-US","@id":"https:\/\/deutschcolor.com\/fr\/#\/schema\/logo\/image\/","url":"https:\/\/deutschcolor.com\/fr\/wp-content\/uploads\/2025\/08\/4160px-dc.png","contentUrl":"https:\/\/deutschcolor.com\/fr\/wp-content\/uploads\/2025\/08\/4160px-dc.png","width":4160,"height":689,"caption":"Deutschcolor"},"image":{"@id":"https:\/\/deutschcolor.com\/fr\/#\/schema\/logo\/image\/"},"sameAs":["https:\/\/www.facebook.com\/deltahome.al"]}]}},"_links":{"self":[{"href":"https:\/\/deutschcolor.com\/fr\/wp-json\/wp\/v2\/product\/23812","targetHints":{"allow":["GET"]}}],"collection":[{"href":"https:\/\/deutschcolor.com\/fr\/wp-json\/wp\/v2\/product"}],"about":[{"href":"https:\/\/deutschcolor.com\/fr\/wp-json\/wp\/v2\/types\/product"}],"wp:featuredmedia":[{"embeddable":true,"href":"https:\/\/deutschcolor.com\/fr\/wp-json\/wp\/v2\/media\/24693"}],"wp:attachment":[{"href":"https:\/\/deutschcolor.com\/fr\/wp-json\/wp\/v2\/media?parent=23812"}],"curies":[{"name":"wp","href":"https:\/\/api.w.org\/{rel}","templated":true}]}}