{"id":23815,"date":"2019-05-07T14:41:54","date_gmt":"2019-05-07T14:41:54","guid":{"rendered":"https:\/\/deutschcolor.com\/fr\/?post_type=product&#038;p=23815"},"modified":"2025-05-26T12:07:16","modified_gmt":"2025-05-26T12:07:16","slug":"dc-glitter","status":"publish","type":"product","link":"https:\/\/deutschcolor.com\/fr\/product\/dc-glitter\/","title":{"rendered":"DC GLITTER"},"content":{"rendered":"<p><strong>Champ d\u2019application<\/strong><br \/>\nDC GLITTER disponible en couleurs or et argent, donne apr\u00e8s m\u00e9lange complet avec 3D Fugen un produit \u00e0 Caract\u00e9ristiques d\u00e9coratives sp\u00e9ciales.<br \/>\nIl est d\u00e9conseill\u00e9 d\u2019utiliser ce produit en ext\u00e9rieur et pour les piscines.<\/p>\n<p>###<\/p>\n<p><strong>Instructions d\u2019utilisation<\/strong><br \/>\nDC GLITTER est additionn\u00e9 \u00e0 3D Fugen dans une proportion maximale<br \/>\nde 10% en poids. Ne pas utiliser plus que la dose recommand\u00e9e. Il est<br \/>\nvers\u00e9 directement lors du malaxage des composants A et B. Une fois<br \/>\npr\u00eat, le m\u00e9lange doit \u00eatre appliqu\u00e9 aussit\u00f4t, avant commencement de son<br \/>\ndurcissemnt.<\/p>\n<p><strong>Stockage<\/strong><br \/>\nDans un endroit sec.<\/p>\n","protected":false},"excerpt":{"rendered":"<p>Paillettes m\u00e9tallis\u00e9es color\u00e9es, \u00e0 base de polyester et d\u2019aluminium.<\/p>\n","protected":false},"featured_media":24695,"template":"","meta":[],"class_list":["post-23815","product","type-product","status-publish","has-post-thumbnail","hentry","product_cat-mortiers-de-jointoiement","product_cat-produits-associes"],"yoast_head":"<!-- This site is optimized with the Yoast SEO plugin v25.7 - https:\/\/yoast.com\/wordpress\/plugins\/seo\/ -->\n<title>DC GLITTER - Deutschcolor<\/title>\n<meta name=\"robots\" content=\"index, follow, max-snippet:-1, max-image-preview:large, max-video-preview:-1\" \/>\n<link rel=\"canonical\" href=\"https:\/\/deutschcolor.com\/fr\/product\/dc-glitter\/\" \/>\n<meta property=\"og:locale\" content=\"en_US\" \/>\n<meta property=\"og:type\" content=\"article\" \/>\n<meta property=\"og:title\" content=\"DC GLITTER - Deutschcolor\" \/>\n<meta property=\"og:description\" content=\"Paillettes m\u00e9tallis\u00e9es color\u00e9es, \u00e0 base de polyester et d\u2019aluminium.\" \/>\n<meta property=\"og:url\" content=\"https:\/\/deutschcolor.com\/fr\/product\/dc-glitter\/\" \/>\n<meta property=\"og:site_name\" content=\"Deutschcolor\" \/>\n<meta property=\"article:publisher\" content=\"https:\/\/www.facebook.com\/deltahome.al\" \/>\n<meta property=\"article:modified_time\" content=\"2025-05-26T12:07:16+00:00\" \/>\n<meta property=\"og:image\" content=\"https:\/\/deutschcolor.com\/fr\/wp-content\/uploads\/2019\/05\/Glitter-min.png\" \/>\n\t<meta property=\"og:image:width\" content=\"1000\" \/>\n\t<meta property=\"og:image:height\" content=\"1000\" \/>\n\t<meta property=\"og:image:type\" content=\"image\/png\" \/>\n<meta name=\"twitter:card\" content=\"summary_large_image\" \/>\n<meta name=\"twitter:label1\" content=\"Est. reading time\" \/>\n\t<meta name=\"twitter:data1\" content=\"1 minute\" \/>\n<script type=\"application\/ld+json\" class=\"yoast-schema-graph\">{\"@context\":\"https:\/\/schema.org\",\"@graph\":[{\"@type\":\"WebPage\",\"@id\":\"https:\/\/deutschcolor.com\/fr\/product\/dc-glitter\/\",\"url\":\"https:\/\/deutschcolor.com\/fr\/product\/dc-glitter\/\",\"name\":\"DC GLITTER - Deutschcolor\",\"isPartOf\":{\"@id\":\"https:\/\/deutschcolor.com\/fr\/#website\"},\"primaryImageOfPage\":{\"@id\":\"https:\/\/deutschcolor.com\/fr\/product\/dc-glitter\/#primaryimage\"},\"image\":{\"@id\":\"https:\/\/deutschcolor.com\/fr\/product\/dc-glitter\/#primaryimage\"},\"thumbnailUrl\":\"https:\/\/deutschcolor.com\/fr\/wp-content\/uploads\/2019\/05\/Glitter-min.png\",\"datePublished\":\"2019-05-07T14:41:54+00:00\",\"dateModified\":\"2025-05-26T12:07:16+00:00\",\"breadcrumb\":{\"@id\":\"https:\/\/deutschcolor.com\/fr\/product\/dc-glitter\/#breadcrumb\"},\"inLanguage\":\"en-US\",\"potentialAction\":[{\"@type\":\"ReadAction\",\"target\":[\"https:\/\/deutschcolor.com\/fr\/product\/dc-glitter\/\"]}]},{\"@type\":\"ImageObject\",\"inLanguage\":\"en-US\",\"@id\":\"https:\/\/deutschcolor.com\/fr\/product\/dc-glitter\/#primaryimage\",\"url\":\"https:\/\/deutschcolor.com\/fr\/wp-content\/uploads\/2019\/05\/Glitter-min.png\",\"contentUrl\":\"https:\/\/deutschcolor.com\/fr\/wp-content\/uploads\/2019\/05\/Glitter-min.png\",\"width\":1000,\"height\":1000},{\"@type\":\"BreadcrumbList\",\"@id\":\"https:\/\/deutschcolor.com\/fr\/product\/dc-glitter\/#breadcrumb\",\"itemListElement\":[{\"@type\":\"ListItem\",\"position\":1,\"name\":\"Home\",\"item\":\"https:\/\/deutschcolor.com\/fr\/\"},{\"@type\":\"ListItem\",\"position\":2,\"name\":\"SHOP\",\"item\":\"https:\/\/deutschcolor.com\/fr\/shop\/\"},{\"@type\":\"ListItem\",\"position\":3,\"name\":\"DC GLITTER\"}]},{\"@type\":\"WebSite\",\"@id\":\"https:\/\/deutschcolor.com\/fr\/#website\",\"url\":\"https:\/\/deutschcolor.com\/fr\/\",\"name\":\"Deutschcolor\",\"description\":\"Deutschcolor Tunisia\",\"publisher\":{\"@id\":\"https:\/\/deutschcolor.com\/fr\/#organization\"},\"potentialAction\":[{\"@type\":\"SearchAction\",\"target\":{\"@type\":\"EntryPoint\",\"urlTemplate\":\"https:\/\/deutschcolor.com\/fr\/?s={search_term_string}\"},\"query-input\":{\"@type\":\"PropertyValueSpecification\",\"valueRequired\":true,\"valueName\":\"search_term_string\"}}],\"inLanguage\":\"en-US\"},{\"@type\":\"Organization\",\"@id\":\"https:\/\/deutschcolor.com\/fr\/#organization\",\"name\":\"Deutschcolor\",\"url\":\"https:\/\/deutschcolor.com\/fr\/\",\"logo\":{\"@type\":\"ImageObject\",\"inLanguage\":\"en-US\",\"@id\":\"https:\/\/deutschcolor.com\/fr\/#\/schema\/logo\/image\/\",\"url\":\"https:\/\/deutschcolor.com\/fr\/wp-content\/uploads\/2025\/08\/4160px-dc.png\",\"contentUrl\":\"https:\/\/deutschcolor.com\/fr\/wp-content\/uploads\/2025\/08\/4160px-dc.png\",\"width\":4160,\"height\":689,\"caption\":\"Deutschcolor\"},\"image\":{\"@id\":\"https:\/\/deutschcolor.com\/fr\/#\/schema\/logo\/image\/\"},\"sameAs\":[\"https:\/\/www.facebook.com\/deltahome.al\"]}]}<\/script>\n<!-- \/ Yoast SEO plugin. -->","yoast_head_json":{"title":"DC GLITTER - Deutschcolor","robots":{"index":"index","follow":"follow","max-snippet":"max-snippet:-1","max-image-preview":"max-image-preview:large","max-video-preview":"max-video-preview:-1"},"canonical":"https:\/\/deutschcolor.com\/fr\/product\/dc-glitter\/","og_locale":"en_US","og_type":"article","og_title":"DC GLITTER - Deutschcolor","og_description":"Paillettes m\u00e9tallis\u00e9es color\u00e9es, \u00e0 base de polyester et d\u2019aluminium.","og_url":"https:\/\/deutschcolor.com\/fr\/product\/dc-glitter\/","og_site_name":"Deutschcolor","article_publisher":"https:\/\/www.facebook.com\/deltahome.al","article_modified_time":"2025-05-26T12:07:16+00:00","og_image":[{"width":1000,"height":1000,"url":"https:\/\/deutschcolor.com\/fr\/wp-content\/uploads\/2019\/05\/Glitter-min.png","type":"image\/png"}],"twitter_card":"summary_large_image","twitter_misc":{"Est. reading time":"1 minute"},"schema":{"@context":"https:\/\/schema.org","@graph":[{"@type":"WebPage","@id":"https:\/\/deutschcolor.com\/fr\/product\/dc-glitter\/","url":"https:\/\/deutschcolor.com\/fr\/product\/dc-glitter\/","name":"DC GLITTER - Deutschcolor","isPartOf":{"@id":"https:\/\/deutschcolor.com\/fr\/#website"},"primaryImageOfPage":{"@id":"https:\/\/deutschcolor.com\/fr\/product\/dc-glitter\/#primaryimage"},"image":{"@id":"https:\/\/deutschcolor.com\/fr\/product\/dc-glitter\/#primaryimage"},"thumbnailUrl":"https:\/\/deutschcolor.com\/fr\/wp-content\/uploads\/2019\/05\/Glitter-min.png","datePublished":"2019-05-07T14:41:54+00:00","dateModified":"2025-05-26T12:07:16+00:00","breadcrumb":{"@id":"https:\/\/deutschcolor.com\/fr\/product\/dc-glitter\/#breadcrumb"},"inLanguage":"en-US","potentialAction":[{"@type":"ReadAction","target":["https:\/\/deutschcolor.com\/fr\/product\/dc-glitter\/"]}]},{"@type":"ImageObject","inLanguage":"en-US","@id":"https:\/\/deutschcolor.com\/fr\/product\/dc-glitter\/#primaryimage","url":"https:\/\/deutschcolor.com\/fr\/wp-content\/uploads\/2019\/05\/Glitter-min.png","contentUrl":"https:\/\/deutschcolor.com\/fr\/wp-content\/uploads\/2019\/05\/Glitter-min.png","width":1000,"height":1000},{"@type":"BreadcrumbList","@id":"https:\/\/deutschcolor.com\/fr\/product\/dc-glitter\/#breadcrumb","itemListElement":[{"@type":"ListItem","position":1,"name":"Home","item":"https:\/\/deutschcolor.com\/fr\/"},{"@type":"ListItem","position":2,"name":"SHOP","item":"https:\/\/deutschcolor.com\/fr\/shop\/"},{"@type":"ListItem","position":3,"name":"DC GLITTER"}]},{"@type":"WebSite","@id":"https:\/\/deutschcolor.com\/fr\/#website","url":"https:\/\/deutschcolor.com\/fr\/","name":"Deutschcolor","description":"Deutschcolor Tunisia","publisher":{"@id":"https:\/\/deutschcolor.com\/fr\/#organization"},"potentialAction":[{"@type":"SearchAction","target":{"@type":"EntryPoint","urlTemplate":"https:\/\/deutschcolor.com\/fr\/?s={search_term_string}"},"query-input":{"@type":"PropertyValueSpecification","valueRequired":true,"valueName":"search_term_string"}}],"inLanguage":"en-US"},{"@type":"Organization","@id":"https:\/\/deutschcolor.com\/fr\/#organization","name":"Deutschcolor","url":"https:\/\/deutschcolor.com\/fr\/","logo":{"@type":"ImageObject","inLanguage":"en-US","@id":"https:\/\/deutschcolor.com\/fr\/#\/schema\/logo\/image\/","url":"https:\/\/deutschcolor.com\/fr\/wp-content\/uploads\/2025\/08\/4160px-dc.png","contentUrl":"https:\/\/deutschcolor.com\/fr\/wp-content\/uploads\/2025\/08\/4160px-dc.png","width":4160,"height":689,"caption":"Deutschcolor"},"image":{"@id":"https:\/\/deutschcolor.com\/fr\/#\/schema\/logo\/image\/"},"sameAs":["https:\/\/www.facebook.com\/deltahome.al"]}]}},"_links":{"self":[{"href":"https:\/\/deutschcolor.com\/fr\/wp-json\/wp\/v2\/product\/23815","targetHints":{"allow":["GET"]}}],"collection":[{"href":"https:\/\/deutschcolor.com\/fr\/wp-json\/wp\/v2\/product"}],"about":[{"href":"https:\/\/deutschcolor.com\/fr\/wp-json\/wp\/v2\/types\/product"}],"wp:featuredmedia":[{"embeddable":true,"href":"https:\/\/deutschcolor.com\/fr\/wp-json\/wp\/v2\/media\/24695"}],"wp:attachment":[{"href":"https:\/\/deutschcolor.com\/fr\/wp-json\/wp\/v2\/media?parent=23815"}],"curies":[{"name":"wp","href":"https:\/\/api.w.org\/{rel}","templated":true}]}}