{"id":23817,"date":"2019-05-07T14:51:46","date_gmt":"2019-05-07T14:51:46","guid":{"rendered":"https:\/\/deutschcolor.com\/fr\/?post_type=product&#038;p=23817"},"modified":"2025-05-26T15:21:28","modified_gmt":"2025-05-26T15:21:28","slug":"wasserproof-1k","status":"publish","type":"product","link":"https:\/\/deutschcolor.com\/fr\/product\/wasserproof-1k\/","title":{"rendered":"WASSERPROOF 1K"},"content":{"rendered":"<p><strong>Caracteristiques<\/strong><br \/>\nMortier hydroisolant, monocomposant \u00e0 base de ciment offrant de bonnes qualit\u00e9s d\u2019isolation contre l\u2019humidit\u00e9 et de protection du b\u00e9ton contre la carbonatation. Il convient pour l\u2019imperm\u00e9abilisation des r\u00e9servois d\u2019eau et des sous-sols. Facile \u00e0 appliquer, \u00e0 faible co\u00fbt et n\u2019a pas d\u2019effet corrosif<br \/>\npour les armatures du b\u00e9ton.<\/p>\n<p><strong>Pr\u00e9paration du support<\/strong><br \/>\nLa surface doit \u00eatre exempte de poussi\u00e8re, de graisse et de tout autre type d\u2019impuret\u00e9s. Elle doit \u00eatre \u00e9galement s\u00e8che et sans aucune trace d\u2019humidit\u00e9. Si le support pr\u00e9sente des crevasses ou des fissures, il convient de les fermer avant Application de WASSERPROOF 1K. Les fils de fer qui \u00e9mergent de la surface doivent \u00eatre coup\u00e9s sur une profondeur de 2 \u00e0 4 cm. Le ou trous ainsi cr\u00e9es doivent \u00eatre colmat\u00e9s avant Application du produit.<\/p>\n<p>###<\/p>\n<p><strong>Application<\/strong><br \/>\nWASSERPROOF 1K est introduit dans la quantit\u00e9 d\u2019eau requise de mani\u00e8re progressive tout en remuant jusqu\u2019\u00e0 obtenir un m\u00e9lange \u00e0 consistance visqueuse pouvant \u00eatre appliqu\u00e9e au pinceau. Le produit est appliqu\u00e9 en deux couches ou plus, en fonction des imp\u00e9ratifs d\u2019imperm\u00e9abilisation recherch\u00e9s. Afin d\u2019\u00e9viter une \u00e9ventuelle fissuration, l\u2019\u00e9paisseur par couche ne doit pas d\u00e9passer 1mm. La couche qui suit n\u2019est appliqu\u00e9e qu\u2019apr\u00e8s s\u00e9chage complet de la pr\u00e9cedente.<\/p>\n<p><strong>Conditionnnement<\/strong><br \/>\nWASSERPROOF 1K est fourni en sacs de 20 Kg et 5 Kg<\/p>\n<p><strong>Duree de vie &#8211; stockage<\/strong><br \/>\n12 mois \u00e0 compter de la date de fabrication, dans son emballage d\u2019origine, prot\u00e9g\u00e9 de gel et de l\u2019exposition directe au soleil.<\/p>\n","protected":false},"excerpt":{"rendered":"<p>Mortier hydroisolant, monocomposant \u00e0 base de ciment.<\/p>\n","protected":false},"featured_media":24696,"template":"","meta":[],"class_list":["post-23817","product","type-product","status-publish","has-post-thumbnail","hentry","product_cat-impermeabilisants","product_cat-produit-impermeabilisant-mono-composant-a-base-de-ciment"],"yoast_head":"<!-- This site is optimized with the Yoast SEO plugin v25.7 - https:\/\/yoast.com\/wordpress\/plugins\/seo\/ -->\n<title>WASSERPROOF 1K - Deutschcolor<\/title>\n<meta name=\"robots\" content=\"index, follow, max-snippet:-1, max-image-preview:large, max-video-preview:-1\" \/>\n<link rel=\"canonical\" href=\"https:\/\/deutschcolor.com\/fr\/product\/wasserproof-1k\/\" \/>\n<meta property=\"og:locale\" content=\"en_US\" \/>\n<meta property=\"og:type\" content=\"article\" \/>\n<meta property=\"og:title\" content=\"WASSERPROOF 1K - Deutschcolor\" \/>\n<meta property=\"og:description\" content=\"Mortier hydroisolant, monocomposant \u00e0 base de ciment.\" \/>\n<meta property=\"og:url\" content=\"https:\/\/deutschcolor.com\/fr\/product\/wasserproof-1k\/\" \/>\n<meta property=\"og:site_name\" content=\"Deutschcolor\" \/>\n<meta property=\"article:publisher\" content=\"https:\/\/www.facebook.com\/deltahome.al\" \/>\n<meta property=\"article:modified_time\" content=\"2025-05-26T15:21:28+00:00\" \/>\n<meta property=\"og:image\" content=\"https:\/\/deutschcolor.com\/fr\/wp-content\/uploads\/2019\/05\/Thesi-Wasseproof-1K-min.png\" \/>\n\t<meta property=\"og:image:width\" content=\"1000\" \/>\n\t<meta property=\"og:image:height\" content=\"1000\" \/>\n\t<meta property=\"og:image:type\" content=\"image\/png\" \/>\n<meta name=\"twitter:card\" content=\"summary_large_image\" \/>\n<meta name=\"twitter:label1\" content=\"Est. reading time\" \/>\n\t<meta name=\"twitter:data1\" content=\"1 minute\" \/>\n<script type=\"application\/ld+json\" class=\"yoast-schema-graph\">{\"@context\":\"https:\/\/schema.org\",\"@graph\":[{\"@type\":\"WebPage\",\"@id\":\"https:\/\/deutschcolor.com\/fr\/product\/wasserproof-1k\/\",\"url\":\"https:\/\/deutschcolor.com\/fr\/product\/wasserproof-1k\/\",\"name\":\"WASSERPROOF 1K - Deutschcolor\",\"isPartOf\":{\"@id\":\"https:\/\/deutschcolor.com\/fr\/#website\"},\"primaryImageOfPage\":{\"@id\":\"https:\/\/deutschcolor.com\/fr\/product\/wasserproof-1k\/#primaryimage\"},\"image\":{\"@id\":\"https:\/\/deutschcolor.com\/fr\/product\/wasserproof-1k\/#primaryimage\"},\"thumbnailUrl\":\"https:\/\/deutschcolor.com\/fr\/wp-content\/uploads\/2019\/05\/Thesi-Wasseproof-1K-min.png\",\"datePublished\":\"2019-05-07T14:51:46+00:00\",\"dateModified\":\"2025-05-26T15:21:28+00:00\",\"breadcrumb\":{\"@id\":\"https:\/\/deutschcolor.com\/fr\/product\/wasserproof-1k\/#breadcrumb\"},\"inLanguage\":\"en-US\",\"potentialAction\":[{\"@type\":\"ReadAction\",\"target\":[\"https:\/\/deutschcolor.com\/fr\/product\/wasserproof-1k\/\"]}]},{\"@type\":\"ImageObject\",\"inLanguage\":\"en-US\",\"@id\":\"https:\/\/deutschcolor.com\/fr\/product\/wasserproof-1k\/#primaryimage\",\"url\":\"https:\/\/deutschcolor.com\/fr\/wp-content\/uploads\/2019\/05\/Thesi-Wasseproof-1K-min.png\",\"contentUrl\":\"https:\/\/deutschcolor.com\/fr\/wp-content\/uploads\/2019\/05\/Thesi-Wasseproof-1K-min.png\",\"width\":1000,\"height\":1000},{\"@type\":\"BreadcrumbList\",\"@id\":\"https:\/\/deutschcolor.com\/fr\/product\/wasserproof-1k\/#breadcrumb\",\"itemListElement\":[{\"@type\":\"ListItem\",\"position\":1,\"name\":\"Home\",\"item\":\"https:\/\/deutschcolor.com\/fr\/\"},{\"@type\":\"ListItem\",\"position\":2,\"name\":\"SHOP\",\"item\":\"https:\/\/deutschcolor.com\/fr\/shop\/\"},{\"@type\":\"ListItem\",\"position\":3,\"name\":\"WASSERPROOF 1K\"}]},{\"@type\":\"WebSite\",\"@id\":\"https:\/\/deutschcolor.com\/fr\/#website\",\"url\":\"https:\/\/deutschcolor.com\/fr\/\",\"name\":\"Deutschcolor\",\"description\":\"Deutschcolor Tunisia\",\"publisher\":{\"@id\":\"https:\/\/deutschcolor.com\/fr\/#organization\"},\"potentialAction\":[{\"@type\":\"SearchAction\",\"target\":{\"@type\":\"EntryPoint\",\"urlTemplate\":\"https:\/\/deutschcolor.com\/fr\/?s={search_term_string}\"},\"query-input\":{\"@type\":\"PropertyValueSpecification\",\"valueRequired\":true,\"valueName\":\"search_term_string\"}}],\"inLanguage\":\"en-US\"},{\"@type\":\"Organization\",\"@id\":\"https:\/\/deutschcolor.com\/fr\/#organization\",\"name\":\"Deutschcolor\",\"url\":\"https:\/\/deutschcolor.com\/fr\/\",\"logo\":{\"@type\":\"ImageObject\",\"inLanguage\":\"en-US\",\"@id\":\"https:\/\/deutschcolor.com\/fr\/#\/schema\/logo\/image\/\",\"url\":\"https:\/\/deutschcolor.com\/fr\/wp-content\/uploads\/2025\/08\/4160px-dc.png\",\"contentUrl\":\"https:\/\/deutschcolor.com\/fr\/wp-content\/uploads\/2025\/08\/4160px-dc.png\",\"width\":4160,\"height\":689,\"caption\":\"Deutschcolor\"},\"image\":{\"@id\":\"https:\/\/deutschcolor.com\/fr\/#\/schema\/logo\/image\/\"},\"sameAs\":[\"https:\/\/www.facebook.com\/deltahome.al\"]}]}<\/script>\n<!-- \/ Yoast SEO plugin. -->","yoast_head_json":{"title":"WASSERPROOF 1K - Deutschcolor","robots":{"index":"index","follow":"follow","max-snippet":"max-snippet:-1","max-image-preview":"max-image-preview:large","max-video-preview":"max-video-preview:-1"},"canonical":"https:\/\/deutschcolor.com\/fr\/product\/wasserproof-1k\/","og_locale":"en_US","og_type":"article","og_title":"WASSERPROOF 1K - Deutschcolor","og_description":"Mortier hydroisolant, monocomposant \u00e0 base de ciment.","og_url":"https:\/\/deutschcolor.com\/fr\/product\/wasserproof-1k\/","og_site_name":"Deutschcolor","article_publisher":"https:\/\/www.facebook.com\/deltahome.al","article_modified_time":"2025-05-26T15:21:28+00:00","og_image":[{"width":1000,"height":1000,"url":"https:\/\/deutschcolor.com\/fr\/wp-content\/uploads\/2019\/05\/Thesi-Wasseproof-1K-min.png","type":"image\/png"}],"twitter_card":"summary_large_image","twitter_misc":{"Est. reading time":"1 minute"},"schema":{"@context":"https:\/\/schema.org","@graph":[{"@type":"WebPage","@id":"https:\/\/deutschcolor.com\/fr\/product\/wasserproof-1k\/","url":"https:\/\/deutschcolor.com\/fr\/product\/wasserproof-1k\/","name":"WASSERPROOF 1K - Deutschcolor","isPartOf":{"@id":"https:\/\/deutschcolor.com\/fr\/#website"},"primaryImageOfPage":{"@id":"https:\/\/deutschcolor.com\/fr\/product\/wasserproof-1k\/#primaryimage"},"image":{"@id":"https:\/\/deutschcolor.com\/fr\/product\/wasserproof-1k\/#primaryimage"},"thumbnailUrl":"https:\/\/deutschcolor.com\/fr\/wp-content\/uploads\/2019\/05\/Thesi-Wasseproof-1K-min.png","datePublished":"2019-05-07T14:51:46+00:00","dateModified":"2025-05-26T15:21:28+00:00","breadcrumb":{"@id":"https:\/\/deutschcolor.com\/fr\/product\/wasserproof-1k\/#breadcrumb"},"inLanguage":"en-US","potentialAction":[{"@type":"ReadAction","target":["https:\/\/deutschcolor.com\/fr\/product\/wasserproof-1k\/"]}]},{"@type":"ImageObject","inLanguage":"en-US","@id":"https:\/\/deutschcolor.com\/fr\/product\/wasserproof-1k\/#primaryimage","url":"https:\/\/deutschcolor.com\/fr\/wp-content\/uploads\/2019\/05\/Thesi-Wasseproof-1K-min.png","contentUrl":"https:\/\/deutschcolor.com\/fr\/wp-content\/uploads\/2019\/05\/Thesi-Wasseproof-1K-min.png","width":1000,"height":1000},{"@type":"BreadcrumbList","@id":"https:\/\/deutschcolor.com\/fr\/product\/wasserproof-1k\/#breadcrumb","itemListElement":[{"@type":"ListItem","position":1,"name":"Home","item":"https:\/\/deutschcolor.com\/fr\/"},{"@type":"ListItem","position":2,"name":"SHOP","item":"https:\/\/deutschcolor.com\/fr\/shop\/"},{"@type":"ListItem","position":3,"name":"WASSERPROOF 1K"}]},{"@type":"WebSite","@id":"https:\/\/deutschcolor.com\/fr\/#website","url":"https:\/\/deutschcolor.com\/fr\/","name":"Deutschcolor","description":"Deutschcolor Tunisia","publisher":{"@id":"https:\/\/deutschcolor.com\/fr\/#organization"},"potentialAction":[{"@type":"SearchAction","target":{"@type":"EntryPoint","urlTemplate":"https:\/\/deutschcolor.com\/fr\/?s={search_term_string}"},"query-input":{"@type":"PropertyValueSpecification","valueRequired":true,"valueName":"search_term_string"}}],"inLanguage":"en-US"},{"@type":"Organization","@id":"https:\/\/deutschcolor.com\/fr\/#organization","name":"Deutschcolor","url":"https:\/\/deutschcolor.com\/fr\/","logo":{"@type":"ImageObject","inLanguage":"en-US","@id":"https:\/\/deutschcolor.com\/fr\/#\/schema\/logo\/image\/","url":"https:\/\/deutschcolor.com\/fr\/wp-content\/uploads\/2025\/08\/4160px-dc.png","contentUrl":"https:\/\/deutschcolor.com\/fr\/wp-content\/uploads\/2025\/08\/4160px-dc.png","width":4160,"height":689,"caption":"Deutschcolor"},"image":{"@id":"https:\/\/deutschcolor.com\/fr\/#\/schema\/logo\/image\/"},"sameAs":["https:\/\/www.facebook.com\/deltahome.al"]}]}},"_links":{"self":[{"href":"https:\/\/deutschcolor.com\/fr\/wp-json\/wp\/v2\/product\/23817","targetHints":{"allow":["GET"]}}],"collection":[{"href":"https:\/\/deutschcolor.com\/fr\/wp-json\/wp\/v2\/product"}],"about":[{"href":"https:\/\/deutschcolor.com\/fr\/wp-json\/wp\/v2\/types\/product"}],"wp:featuredmedia":[{"embeddable":true,"href":"https:\/\/deutschcolor.com\/fr\/wp-json\/wp\/v2\/media\/24696"}],"wp:attachment":[{"href":"https:\/\/deutschcolor.com\/fr\/wp-json\/wp\/v2\/media?parent=23817"}],"curies":[{"name":"wp","href":"https:\/\/api.w.org\/{rel}","templated":true}]}}