{"id":23834,"date":"2019-05-07T15:16:37","date_gmt":"2019-05-07T15:16:37","guid":{"rendered":"https:\/\/deutschcolor.com\/fr\/?post_type=product&#038;p=23834"},"modified":"2025-05-26T15:21:10","modified_gmt":"2025-05-26T15:21:10","slug":"wasserphob","status":"publish","type":"product","link":"https:\/\/deutschcolor.com\/fr\/product\/wasserphob\/","title":{"rendered":"WASSERPHOB"},"content":{"rendered":"<p><strong>CARACT\u00c9RISTIQUES<\/strong><br \/>\nMat\u00e9riau \u00e0 base de silicone, r\u00e9sistant \u00e0 l\u2019eau, contenant du solvant. Il conserve sa transparence et ne cr\u00e9e pas de membrane gr\u00e2ce \u00e0 sa p\u00e9n\u00e9tration (micro technology), en assurant la transpiration de substrat. Il met en evidence les couleurs naturelles de la pierre, donnant le sentiment de la \u201cmouillage\u201c. Il assure une protection du mortier de liaison de pierre de l\u2019humidit\u00e9 et l\u2019\u00e9rosion en avenir, d\u2019influence du gel ou de l\u2019absorption de l\u2019eau r\u00e9sultant de l\u2019\u00e9coulement des sels. Il fournit une protection imm\u00e9diate et long\u00e9vite.<\/p>\n<p><strong>Pr\u00e9paration de la surface<\/strong><br \/>\nDans la pierre naturelle, on enleve des substrats les d\u00e9bris de construction, tels que les muscs et moisissures, ainsi pour le nettoyage des pierres on utilise le nettoyeur FUGA SHINE.<\/p>\n<p>###<\/p>\n<p><strong>Application<\/strong><br \/>\nWASSERPHOB s\u2019applique sur des surfaces pr\u00e9par\u00e9es et seches, \u00e0 la brosse, au rouleau ou pulv\u00e9risation, en une seule couche jusqu\u2019\u00e0 la saturation ou en deux couches cons\u00e9cutives si la surface est poreuse. Le passage de la deuxi\u00e8me couche se fait quand la premi\u00e8re couche est encore humide.<\/p>\n<p><strong>Consommation<\/strong><br \/>\n150 \u00e0 300 ml\/m\u00b2, en fonction de l\u2019absorption de la surface<\/p>\n<p><strong>Duree de vie &#8211; stockage<\/strong><br \/>\nStock\u00e9s dans des zones prot\u00e9g\u00e9es contre le gel jusqu\u2019\u00e0 18 mois \u00e0 compter de la date de production.<\/p>\n<p><strong>Conditionnnement<\/strong><br \/>\nEmballage de 1 Kg<\/p>\n","protected":false},"excerpt":{"rendered":"<p>Mat\u00e8riau \u00e0 base de silicone, qui contient du solvant.<\/p>\n","protected":false},"featured_media":24708,"template":"","meta":[],"class_list":["post-23834","product","type-product","status-publish","has-post-thumbnail","hentry","product_cat-impermeabilisants","product_cat-produits-associes-impermeabilisants"],"yoast_head":"<!-- This site is optimized with the Yoast SEO plugin v25.7 - https:\/\/yoast.com\/wordpress\/plugins\/seo\/ -->\n<title>WASSERPHOB - Deutschcolor<\/title>\n<meta name=\"robots\" content=\"index, follow, max-snippet:-1, max-image-preview:large, max-video-preview:-1\" \/>\n<link rel=\"canonical\" href=\"https:\/\/deutschcolor.com\/fr\/product\/wasserphob\/\" \/>\n<meta property=\"og:locale\" content=\"en_US\" \/>\n<meta property=\"og:type\" content=\"article\" \/>\n<meta property=\"og:title\" content=\"WASSERPHOB - Deutschcolor\" \/>\n<meta property=\"og:description\" content=\"Mat\u00e8riau \u00e0 base de silicone, qui contient du solvant.\" \/>\n<meta property=\"og:url\" content=\"https:\/\/deutschcolor.com\/fr\/product\/wasserphob\/\" \/>\n<meta property=\"og:site_name\" content=\"Deutschcolor\" \/>\n<meta property=\"article:publisher\" content=\"https:\/\/www.facebook.com\/deltahome.al\" \/>\n<meta property=\"article:modified_time\" content=\"2025-05-26T15:21:10+00:00\" \/>\n<meta property=\"og:image\" content=\"https:\/\/deutschcolor.com\/fr\/wp-content\/uploads\/2019\/05\/wasserphob-ok-min-1.png\" \/>\n\t<meta property=\"og:image:width\" content=\"1000\" \/>\n\t<meta property=\"og:image:height\" content=\"1000\" \/>\n\t<meta property=\"og:image:type\" content=\"image\/png\" \/>\n<meta name=\"twitter:card\" content=\"summary_large_image\" \/>\n<meta name=\"twitter:label1\" content=\"Est. reading time\" \/>\n\t<meta name=\"twitter:data1\" content=\"1 minute\" \/>\n<script type=\"application\/ld+json\" class=\"yoast-schema-graph\">{\"@context\":\"https:\/\/schema.org\",\"@graph\":[{\"@type\":\"WebPage\",\"@id\":\"https:\/\/deutschcolor.com\/fr\/product\/wasserphob\/\",\"url\":\"https:\/\/deutschcolor.com\/fr\/product\/wasserphob\/\",\"name\":\"WASSERPHOB - Deutschcolor\",\"isPartOf\":{\"@id\":\"https:\/\/deutschcolor.com\/fr\/#website\"},\"primaryImageOfPage\":{\"@id\":\"https:\/\/deutschcolor.com\/fr\/product\/wasserphob\/#primaryimage\"},\"image\":{\"@id\":\"https:\/\/deutschcolor.com\/fr\/product\/wasserphob\/#primaryimage\"},\"thumbnailUrl\":\"https:\/\/deutschcolor.com\/fr\/wp-content\/uploads\/2019\/05\/wasserphob-ok-min-1.png\",\"datePublished\":\"2019-05-07T15:16:37+00:00\",\"dateModified\":\"2025-05-26T15:21:10+00:00\",\"breadcrumb\":{\"@id\":\"https:\/\/deutschcolor.com\/fr\/product\/wasserphob\/#breadcrumb\"},\"inLanguage\":\"en-US\",\"potentialAction\":[{\"@type\":\"ReadAction\",\"target\":[\"https:\/\/deutschcolor.com\/fr\/product\/wasserphob\/\"]}]},{\"@type\":\"ImageObject\",\"inLanguage\":\"en-US\",\"@id\":\"https:\/\/deutschcolor.com\/fr\/product\/wasserphob\/#primaryimage\",\"url\":\"https:\/\/deutschcolor.com\/fr\/wp-content\/uploads\/2019\/05\/wasserphob-ok-min-1.png\",\"contentUrl\":\"https:\/\/deutschcolor.com\/fr\/wp-content\/uploads\/2019\/05\/wasserphob-ok-min-1.png\",\"width\":1000,\"height\":1000},{\"@type\":\"BreadcrumbList\",\"@id\":\"https:\/\/deutschcolor.com\/fr\/product\/wasserphob\/#breadcrumb\",\"itemListElement\":[{\"@type\":\"ListItem\",\"position\":1,\"name\":\"Home\",\"item\":\"https:\/\/deutschcolor.com\/fr\/\"},{\"@type\":\"ListItem\",\"position\":2,\"name\":\"SHOP\",\"item\":\"https:\/\/deutschcolor.com\/fr\/shop\/\"},{\"@type\":\"ListItem\",\"position\":3,\"name\":\"WASSERPHOB\"}]},{\"@type\":\"WebSite\",\"@id\":\"https:\/\/deutschcolor.com\/fr\/#website\",\"url\":\"https:\/\/deutschcolor.com\/fr\/\",\"name\":\"Deutschcolor\",\"description\":\"Deutschcolor Tunisia\",\"publisher\":{\"@id\":\"https:\/\/deutschcolor.com\/fr\/#organization\"},\"potentialAction\":[{\"@type\":\"SearchAction\",\"target\":{\"@type\":\"EntryPoint\",\"urlTemplate\":\"https:\/\/deutschcolor.com\/fr\/?s={search_term_string}\"},\"query-input\":{\"@type\":\"PropertyValueSpecification\",\"valueRequired\":true,\"valueName\":\"search_term_string\"}}],\"inLanguage\":\"en-US\"},{\"@type\":\"Organization\",\"@id\":\"https:\/\/deutschcolor.com\/fr\/#organization\",\"name\":\"Deutschcolor\",\"url\":\"https:\/\/deutschcolor.com\/fr\/\",\"logo\":{\"@type\":\"ImageObject\",\"inLanguage\":\"en-US\",\"@id\":\"https:\/\/deutschcolor.com\/fr\/#\/schema\/logo\/image\/\",\"url\":\"https:\/\/deutschcolor.com\/fr\/wp-content\/uploads\/2025\/08\/4160px-dc.png\",\"contentUrl\":\"https:\/\/deutschcolor.com\/fr\/wp-content\/uploads\/2025\/08\/4160px-dc.png\",\"width\":4160,\"height\":689,\"caption\":\"Deutschcolor\"},\"image\":{\"@id\":\"https:\/\/deutschcolor.com\/fr\/#\/schema\/logo\/image\/\"},\"sameAs\":[\"https:\/\/www.facebook.com\/deltahome.al\"]}]}<\/script>\n<!-- \/ Yoast SEO plugin. -->","yoast_head_json":{"title":"WASSERPHOB - Deutschcolor","robots":{"index":"index","follow":"follow","max-snippet":"max-snippet:-1","max-image-preview":"max-image-preview:large","max-video-preview":"max-video-preview:-1"},"canonical":"https:\/\/deutschcolor.com\/fr\/product\/wasserphob\/","og_locale":"en_US","og_type":"article","og_title":"WASSERPHOB - Deutschcolor","og_description":"Mat\u00e8riau \u00e0 base de silicone, qui contient du solvant.","og_url":"https:\/\/deutschcolor.com\/fr\/product\/wasserphob\/","og_site_name":"Deutschcolor","article_publisher":"https:\/\/www.facebook.com\/deltahome.al","article_modified_time":"2025-05-26T15:21:10+00:00","og_image":[{"width":1000,"height":1000,"url":"https:\/\/deutschcolor.com\/fr\/wp-content\/uploads\/2019\/05\/wasserphob-ok-min-1.png","type":"image\/png"}],"twitter_card":"summary_large_image","twitter_misc":{"Est. reading time":"1 minute"},"schema":{"@context":"https:\/\/schema.org","@graph":[{"@type":"WebPage","@id":"https:\/\/deutschcolor.com\/fr\/product\/wasserphob\/","url":"https:\/\/deutschcolor.com\/fr\/product\/wasserphob\/","name":"WASSERPHOB - Deutschcolor","isPartOf":{"@id":"https:\/\/deutschcolor.com\/fr\/#website"},"primaryImageOfPage":{"@id":"https:\/\/deutschcolor.com\/fr\/product\/wasserphob\/#primaryimage"},"image":{"@id":"https:\/\/deutschcolor.com\/fr\/product\/wasserphob\/#primaryimage"},"thumbnailUrl":"https:\/\/deutschcolor.com\/fr\/wp-content\/uploads\/2019\/05\/wasserphob-ok-min-1.png","datePublished":"2019-05-07T15:16:37+00:00","dateModified":"2025-05-26T15:21:10+00:00","breadcrumb":{"@id":"https:\/\/deutschcolor.com\/fr\/product\/wasserphob\/#breadcrumb"},"inLanguage":"en-US","potentialAction":[{"@type":"ReadAction","target":["https:\/\/deutschcolor.com\/fr\/product\/wasserphob\/"]}]},{"@type":"ImageObject","inLanguage":"en-US","@id":"https:\/\/deutschcolor.com\/fr\/product\/wasserphob\/#primaryimage","url":"https:\/\/deutschcolor.com\/fr\/wp-content\/uploads\/2019\/05\/wasserphob-ok-min-1.png","contentUrl":"https:\/\/deutschcolor.com\/fr\/wp-content\/uploads\/2019\/05\/wasserphob-ok-min-1.png","width":1000,"height":1000},{"@type":"BreadcrumbList","@id":"https:\/\/deutschcolor.com\/fr\/product\/wasserphob\/#breadcrumb","itemListElement":[{"@type":"ListItem","position":1,"name":"Home","item":"https:\/\/deutschcolor.com\/fr\/"},{"@type":"ListItem","position":2,"name":"SHOP","item":"https:\/\/deutschcolor.com\/fr\/shop\/"},{"@type":"ListItem","position":3,"name":"WASSERPHOB"}]},{"@type":"WebSite","@id":"https:\/\/deutschcolor.com\/fr\/#website","url":"https:\/\/deutschcolor.com\/fr\/","name":"Deutschcolor","description":"Deutschcolor Tunisia","publisher":{"@id":"https:\/\/deutschcolor.com\/fr\/#organization"},"potentialAction":[{"@type":"SearchAction","target":{"@type":"EntryPoint","urlTemplate":"https:\/\/deutschcolor.com\/fr\/?s={search_term_string}"},"query-input":{"@type":"PropertyValueSpecification","valueRequired":true,"valueName":"search_term_string"}}],"inLanguage":"en-US"},{"@type":"Organization","@id":"https:\/\/deutschcolor.com\/fr\/#organization","name":"Deutschcolor","url":"https:\/\/deutschcolor.com\/fr\/","logo":{"@type":"ImageObject","inLanguage":"en-US","@id":"https:\/\/deutschcolor.com\/fr\/#\/schema\/logo\/image\/","url":"https:\/\/deutschcolor.com\/fr\/wp-content\/uploads\/2025\/08\/4160px-dc.png","contentUrl":"https:\/\/deutschcolor.com\/fr\/wp-content\/uploads\/2025\/08\/4160px-dc.png","width":4160,"height":689,"caption":"Deutschcolor"},"image":{"@id":"https:\/\/deutschcolor.com\/fr\/#\/schema\/logo\/image\/"},"sameAs":["https:\/\/www.facebook.com\/deltahome.al"]}]}},"_links":{"self":[{"href":"https:\/\/deutschcolor.com\/fr\/wp-json\/wp\/v2\/product\/23834","targetHints":{"allow":["GET"]}}],"collection":[{"href":"https:\/\/deutschcolor.com\/fr\/wp-json\/wp\/v2\/product"}],"about":[{"href":"https:\/\/deutschcolor.com\/fr\/wp-json\/wp\/v2\/types\/product"}],"wp:featuredmedia":[{"embeddable":true,"href":"https:\/\/deutschcolor.com\/fr\/wp-json\/wp\/v2\/media\/24708"}],"wp:attachment":[{"href":"https:\/\/deutschcolor.com\/fr\/wp-json\/wp\/v2\/media?parent=23834"}],"curies":[{"name":"wp","href":"https:\/\/api.w.org\/{rel}","templated":true}]}}