{"id":23845,"date":"2019-05-07T15:34:22","date_gmt":"2019-05-07T15:34:22","guid":{"rendered":"https:\/\/deutschcolor.com\/fr\/?post_type=product&#038;p=23845"},"modified":"2025-05-26T13:40:56","modified_gmt":"2025-05-26T13:40:56","slug":"sl-03-epoxy","status":"publish","type":"product","link":"https:\/\/deutschcolor.com\/fr\/product\/sl-03-epoxy\/","title":{"rendered":"SL 03 EPOXY"},"content":{"rendered":"<p><strong>Description<\/strong><br \/>\nSL 03 EPOXY est un produit de nivellement \u00e0 base de ciment et de r\u00e9sine \u00e9poxy exempt de solvant dot\u00e9 des propri\u00e9t\u00e9s suivantes :<br \/>\n&#8211; Haute r\u00e9sistance m\u00e9canique,<br \/>\n&#8211; Tr\u00e8s bonne adh\u00e9rence au support,<br \/>\n&#8211; Haute r\u00e9sistance \u00e0 l\u2019humidit\u00e9,<br \/>\n&#8211; Excellentes qualit\u00e9s de nivellement,<br \/>\n&#8211; Sans effets corrosifs.<br \/>\nIl est de classe CT \u2013 C50 &#8211; F10 \u2013 AR0,5 selon la norme EN 13813.<\/p>\n<p><strong>Domaine d\u2019application<\/strong><br \/>\nSL 03 EPOXY est utilis\u00e9 pour le ragr\u00e9age et le nivellement des supports en pr\u00e9paration \u00e0 la pose de rev\u00eatements en polyur\u00e9thane, PVC, bois stratifi\u00e9, etc. L\u2019Application du produit SL 03 EPOXY se fait lorsque le b\u00e9ton est relativement frais afin d\u2019emp\u00eacher tout d\u00e9collement de la couche r\u00e9alis\u00e9e<br \/>\nqui doit \u00eatre d\u2019au moins 2 mm.<br \/>\nSL 03 EPOXY convient \u00e9galement comme couche finale dans une \u00e9paisseur de 3mm. Cette \u00e9paisseur permet d\u2019obtenir une surface de texture lisse et de r\u00e9sistance m\u00e9canique plus importante.<\/p>\n<p>###<\/p>\n<p><strong>Application<\/strong><br \/>\nSL 03 EPOXY doit \u00eatre appliqu\u00e9 \u00e0 l\u2019aide d\u2019une spatule crant\u00e9e sur une \u00e9paisseur de 3mm. Apr\u00e8s \u00e9talement et nivellement du produit faites passerla surface au rouleau d\u00e9bulleur pour faire d\u00e9gager l\u2019air emprisonn\u00e9 dans le rev\u00eatement encore frais.<\/p>\n<p><strong>Nettoyage des outils de travail<\/strong><br \/>\nNettoyez les outils de travail \u00e0 l\u2019eau imm\u00e9diatement apr\u00e8s usage. Une fois durci le mat\u00e9riau est enlev\u00e9 m\u00e9caniquement.<\/p>\n<p><strong>Conditionnnement<\/strong><br \/>\nEmballage de A: 2 Kg \/ B: 6 Kg \/ C: 25 Kg<\/p>\n","protected":false},"excerpt":{"rendered":"<p>Autonivelant \u00e0 base d\u2019\u00e9poxy \u00e0 trois composants.<\/p>\n","protected":false},"featured_media":24918,"template":"","meta":[],"class_list":["post-23845","product","type-product","status-publish","has-post-thumbnail","hentry","product_cat-sols-decoratifs-sportifs-et-industriels","product_cat-auto-nivelant-a-base-depoxy"],"yoast_head":"<!-- This site is optimized with the Yoast SEO plugin v25.7 - https:\/\/yoast.com\/wordpress\/plugins\/seo\/ -->\n<title>SL 03 EPOXY - Deutschcolor<\/title>\n<meta name=\"robots\" content=\"index, follow, max-snippet:-1, max-image-preview:large, max-video-preview:-1\" \/>\n<link rel=\"canonical\" href=\"https:\/\/deutschcolor.com\/fr\/product\/sl-03-epoxy\/\" \/>\n<meta property=\"og:locale\" content=\"en_US\" \/>\n<meta property=\"og:type\" content=\"article\" \/>\n<meta property=\"og:title\" content=\"SL 03 EPOXY - Deutschcolor\" \/>\n<meta property=\"og:description\" content=\"Autonivelant \u00e0 base d\u2019\u00e9poxy \u00e0 trois composants.\" \/>\n<meta property=\"og:url\" content=\"https:\/\/deutschcolor.com\/fr\/product\/sl-03-epoxy\/\" \/>\n<meta property=\"og:site_name\" content=\"Deutschcolor\" \/>\n<meta property=\"article:publisher\" content=\"https:\/\/www.facebook.com\/deltahome.al\" \/>\n<meta property=\"article:modified_time\" content=\"2025-05-26T13:40:56+00:00\" \/>\n<meta property=\"og:image\" content=\"https:\/\/deutschcolor.com\/fr\/wp-content\/uploads\/2019\/05\/Thesi-SL-0.3-white-min.png\" \/>\n\t<meta property=\"og:image:width\" content=\"1000\" \/>\n\t<meta property=\"og:image:height\" content=\"1000\" \/>\n\t<meta property=\"og:image:type\" content=\"image\/png\" \/>\n<meta name=\"twitter:card\" content=\"summary_large_image\" \/>\n<meta name=\"twitter:label1\" content=\"Est. reading time\" \/>\n\t<meta name=\"twitter:data1\" content=\"1 minute\" \/>\n<script type=\"application\/ld+json\" class=\"yoast-schema-graph\">{\"@context\":\"https:\/\/schema.org\",\"@graph\":[{\"@type\":\"WebPage\",\"@id\":\"https:\/\/deutschcolor.com\/fr\/product\/sl-03-epoxy\/\",\"url\":\"https:\/\/deutschcolor.com\/fr\/product\/sl-03-epoxy\/\",\"name\":\"SL 03 EPOXY - Deutschcolor\",\"isPartOf\":{\"@id\":\"https:\/\/deutschcolor.com\/fr\/#website\"},\"primaryImageOfPage\":{\"@id\":\"https:\/\/deutschcolor.com\/fr\/product\/sl-03-epoxy\/#primaryimage\"},\"image\":{\"@id\":\"https:\/\/deutschcolor.com\/fr\/product\/sl-03-epoxy\/#primaryimage\"},\"thumbnailUrl\":\"https:\/\/deutschcolor.com\/fr\/wp-content\/uploads\/2019\/05\/Thesi-SL-0.3-white-min.png\",\"datePublished\":\"2019-05-07T15:34:22+00:00\",\"dateModified\":\"2025-05-26T13:40:56+00:00\",\"breadcrumb\":{\"@id\":\"https:\/\/deutschcolor.com\/fr\/product\/sl-03-epoxy\/#breadcrumb\"},\"inLanguage\":\"en-US\",\"potentialAction\":[{\"@type\":\"ReadAction\",\"target\":[\"https:\/\/deutschcolor.com\/fr\/product\/sl-03-epoxy\/\"]}]},{\"@type\":\"ImageObject\",\"inLanguage\":\"en-US\",\"@id\":\"https:\/\/deutschcolor.com\/fr\/product\/sl-03-epoxy\/#primaryimage\",\"url\":\"https:\/\/deutschcolor.com\/fr\/wp-content\/uploads\/2019\/05\/Thesi-SL-0.3-white-min.png\",\"contentUrl\":\"https:\/\/deutschcolor.com\/fr\/wp-content\/uploads\/2019\/05\/Thesi-SL-0.3-white-min.png\",\"width\":1000,\"height\":1000},{\"@type\":\"BreadcrumbList\",\"@id\":\"https:\/\/deutschcolor.com\/fr\/product\/sl-03-epoxy\/#breadcrumb\",\"itemListElement\":[{\"@type\":\"ListItem\",\"position\":1,\"name\":\"Home\",\"item\":\"https:\/\/deutschcolor.com\/fr\/\"},{\"@type\":\"ListItem\",\"position\":2,\"name\":\"SHOP\",\"item\":\"https:\/\/deutschcolor.com\/fr\/shop\/\"},{\"@type\":\"ListItem\",\"position\":3,\"name\":\"SL 03 EPOXY\"}]},{\"@type\":\"WebSite\",\"@id\":\"https:\/\/deutschcolor.com\/fr\/#website\",\"url\":\"https:\/\/deutschcolor.com\/fr\/\",\"name\":\"Deutschcolor\",\"description\":\"Deutschcolor Tunisia\",\"publisher\":{\"@id\":\"https:\/\/deutschcolor.com\/fr\/#organization\"},\"potentialAction\":[{\"@type\":\"SearchAction\",\"target\":{\"@type\":\"EntryPoint\",\"urlTemplate\":\"https:\/\/deutschcolor.com\/fr\/?s={search_term_string}\"},\"query-input\":{\"@type\":\"PropertyValueSpecification\",\"valueRequired\":true,\"valueName\":\"search_term_string\"}}],\"inLanguage\":\"en-US\"},{\"@type\":\"Organization\",\"@id\":\"https:\/\/deutschcolor.com\/fr\/#organization\",\"name\":\"Deutschcolor\",\"url\":\"https:\/\/deutschcolor.com\/fr\/\",\"logo\":{\"@type\":\"ImageObject\",\"inLanguage\":\"en-US\",\"@id\":\"https:\/\/deutschcolor.com\/fr\/#\/schema\/logo\/image\/\",\"url\":\"https:\/\/deutschcolor.com\/fr\/wp-content\/uploads\/2025\/08\/4160px-dc.png\",\"contentUrl\":\"https:\/\/deutschcolor.com\/fr\/wp-content\/uploads\/2025\/08\/4160px-dc.png\",\"width\":4160,\"height\":689,\"caption\":\"Deutschcolor\"},\"image\":{\"@id\":\"https:\/\/deutschcolor.com\/fr\/#\/schema\/logo\/image\/\"},\"sameAs\":[\"https:\/\/www.facebook.com\/deltahome.al\"]}]}<\/script>\n<!-- \/ Yoast SEO plugin. -->","yoast_head_json":{"title":"SL 03 EPOXY - Deutschcolor","robots":{"index":"index","follow":"follow","max-snippet":"max-snippet:-1","max-image-preview":"max-image-preview:large","max-video-preview":"max-video-preview:-1"},"canonical":"https:\/\/deutschcolor.com\/fr\/product\/sl-03-epoxy\/","og_locale":"en_US","og_type":"article","og_title":"SL 03 EPOXY - Deutschcolor","og_description":"Autonivelant \u00e0 base d\u2019\u00e9poxy \u00e0 trois composants.","og_url":"https:\/\/deutschcolor.com\/fr\/product\/sl-03-epoxy\/","og_site_name":"Deutschcolor","article_publisher":"https:\/\/www.facebook.com\/deltahome.al","article_modified_time":"2025-05-26T13:40:56+00:00","og_image":[{"width":1000,"height":1000,"url":"https:\/\/deutschcolor.com\/fr\/wp-content\/uploads\/2019\/05\/Thesi-SL-0.3-white-min.png","type":"image\/png"}],"twitter_card":"summary_large_image","twitter_misc":{"Est. reading time":"1 minute"},"schema":{"@context":"https:\/\/schema.org","@graph":[{"@type":"WebPage","@id":"https:\/\/deutschcolor.com\/fr\/product\/sl-03-epoxy\/","url":"https:\/\/deutschcolor.com\/fr\/product\/sl-03-epoxy\/","name":"SL 03 EPOXY - Deutschcolor","isPartOf":{"@id":"https:\/\/deutschcolor.com\/fr\/#website"},"primaryImageOfPage":{"@id":"https:\/\/deutschcolor.com\/fr\/product\/sl-03-epoxy\/#primaryimage"},"image":{"@id":"https:\/\/deutschcolor.com\/fr\/product\/sl-03-epoxy\/#primaryimage"},"thumbnailUrl":"https:\/\/deutschcolor.com\/fr\/wp-content\/uploads\/2019\/05\/Thesi-SL-0.3-white-min.png","datePublished":"2019-05-07T15:34:22+00:00","dateModified":"2025-05-26T13:40:56+00:00","breadcrumb":{"@id":"https:\/\/deutschcolor.com\/fr\/product\/sl-03-epoxy\/#breadcrumb"},"inLanguage":"en-US","potentialAction":[{"@type":"ReadAction","target":["https:\/\/deutschcolor.com\/fr\/product\/sl-03-epoxy\/"]}]},{"@type":"ImageObject","inLanguage":"en-US","@id":"https:\/\/deutschcolor.com\/fr\/product\/sl-03-epoxy\/#primaryimage","url":"https:\/\/deutschcolor.com\/fr\/wp-content\/uploads\/2019\/05\/Thesi-SL-0.3-white-min.png","contentUrl":"https:\/\/deutschcolor.com\/fr\/wp-content\/uploads\/2019\/05\/Thesi-SL-0.3-white-min.png","width":1000,"height":1000},{"@type":"BreadcrumbList","@id":"https:\/\/deutschcolor.com\/fr\/product\/sl-03-epoxy\/#breadcrumb","itemListElement":[{"@type":"ListItem","position":1,"name":"Home","item":"https:\/\/deutschcolor.com\/fr\/"},{"@type":"ListItem","position":2,"name":"SHOP","item":"https:\/\/deutschcolor.com\/fr\/shop\/"},{"@type":"ListItem","position":3,"name":"SL 03 EPOXY"}]},{"@type":"WebSite","@id":"https:\/\/deutschcolor.com\/fr\/#website","url":"https:\/\/deutschcolor.com\/fr\/","name":"Deutschcolor","description":"Deutschcolor Tunisia","publisher":{"@id":"https:\/\/deutschcolor.com\/fr\/#organization"},"potentialAction":[{"@type":"SearchAction","target":{"@type":"EntryPoint","urlTemplate":"https:\/\/deutschcolor.com\/fr\/?s={search_term_string}"},"query-input":{"@type":"PropertyValueSpecification","valueRequired":true,"valueName":"search_term_string"}}],"inLanguage":"en-US"},{"@type":"Organization","@id":"https:\/\/deutschcolor.com\/fr\/#organization","name":"Deutschcolor","url":"https:\/\/deutschcolor.com\/fr\/","logo":{"@type":"ImageObject","inLanguage":"en-US","@id":"https:\/\/deutschcolor.com\/fr\/#\/schema\/logo\/image\/","url":"https:\/\/deutschcolor.com\/fr\/wp-content\/uploads\/2025\/08\/4160px-dc.png","contentUrl":"https:\/\/deutschcolor.com\/fr\/wp-content\/uploads\/2025\/08\/4160px-dc.png","width":4160,"height":689,"caption":"Deutschcolor"},"image":{"@id":"https:\/\/deutschcolor.com\/fr\/#\/schema\/logo\/image\/"},"sameAs":["https:\/\/www.facebook.com\/deltahome.al"]}]}},"_links":{"self":[{"href":"https:\/\/deutschcolor.com\/fr\/wp-json\/wp\/v2\/product\/23845","targetHints":{"allow":["GET"]}}],"collection":[{"href":"https:\/\/deutschcolor.com\/fr\/wp-json\/wp\/v2\/product"}],"about":[{"href":"https:\/\/deutschcolor.com\/fr\/wp-json\/wp\/v2\/types\/product"}],"wp:featuredmedia":[{"embeddable":true,"href":"https:\/\/deutschcolor.com\/fr\/wp-json\/wp\/v2\/media\/24918"}],"wp:attachment":[{"href":"https:\/\/deutschcolor.com\/fr\/wp-json\/wp\/v2\/media?parent=23845"}],"curies":[{"name":"wp","href":"https:\/\/api.w.org\/{rel}","templated":true}]}}