{"id":23848,"date":"2019-05-07T15:39:02","date_gmt":"2019-05-07T15:39:02","guid":{"rendered":"https:\/\/deutschcolor.com\/fr\/?post_type=product&#038;p=23848"},"modified":"2025-05-26T13:41:48","modified_gmt":"2025-05-26T13:41:48","slug":"sl-industrial","status":"publish","type":"product","link":"https:\/\/deutschcolor.com\/fr\/product\/sl-industrial\/","title":{"rendered":"SL INDUSTRIAL"},"content":{"rendered":"<p><strong>Description<\/strong><br \/>\nSL INDUSTRIAL est un produit de nivellement \u00e0 base de r\u00e9sine \u00e9poxy, sans solvant dot\u00e9 des propri\u00e9t\u00e9s suivantes :<br \/>\n&#8211; Haute r\u00e9sistance m\u00e9canique,<br \/>\n&#8211; Tr\u00e8s bonne adh\u00e9rence au support,<br \/>\n&#8211; Haute r\u00e9sistance \u00e0 l\u2019humidit\u00e9,<br \/>\n&#8211; Excellentes qualit\u00e9s de nivellement,<br \/>\n&#8211; Sans effets corrosifs.<br \/>\nIl est de classe SR \u2013 B2 ,0 \u2013 AR0,5 \u2013 AR4 selon la norme EN 13813.<\/p>\n<p><strong>Domaine d\u2019application<\/strong><br \/>\nSL INDUSTRIAL est utilis\u00e9 comme couche de nivellement des sols \u00e0 base de ciment afin de leur donner une r\u00e9sistance m\u00e9canique et chimique \u00e9lev\u00e9e.<br \/>\nIl convient pour les aires industrielles telles que les entrep\u00f4ts, les parkings, supermarch\u00e9s, laboratoires, h\u00f4tels, garages, stations services ainsi que les zones \u00e0 trafic lourd. Il convient \u00e9galement pour les surfaces destin\u00e9es \u00e0 \u00eatre en contact direct avec les produits alimentaires conform\u00e9ment \u00e0 la r\u00e9glementation W-347, ISO 8467.<\/p>\n<p>###<\/p>\n<p><strong>Finition rugueuse<\/strong><br \/>\nEtalez et nivelez le produit comme d\u00e9crit au point (a) puis, sur le rev\u00eatement encore frais, saupoudrez du sable de quartz d\u2019une granulom\u00e9trie au choix de 0-0,4mm ou 0,4-0,8 mm. Apr\u00e8s durcissement \u00e9liminer le sable en exc\u00e8s \u00e0 l\u2019aide d\u2019un aspirateur et appliquez une couche du produit SL INDUSTRIAL au rouleau, la Consommation est de 400-600 gr\/m\u00b2.<br \/>\nLa Consommation de sable de quartz est d\u2019environ 3 Kg\/m\u00b2.<\/p>\n<p><strong>Conditionnnement<\/strong><br \/>\nSL INDUSTRIAL est fourni dans un emballage de 15 Kg et 25 Kg (A+B).<\/p>\n<p><strong>Duree De Vie \u2013 Stockage<\/strong><br \/>\n24 mois dans son emballage d\u2019origine ferm\u00e9, prot\u00e9g\u00e9 de gel et de l\u2019exposition directe au soleil.<\/p>\n","protected":false},"excerpt":{"rendered":"<p>Autonivelant \u00e0 base d\u2019\u00e9poxy bi-composant.<\/p>\n","protected":false},"featured_media":24982,"template":"","meta":[],"class_list":["post-23848","product","type-product","status-publish","has-post-thumbnail","hentry","product_cat-sols-decoratifs-sportifs-et-industriels","product_cat-auto-nivelant-a-base-depoxy"],"yoast_head":"<!-- This site is optimized with the Yoast SEO plugin v25.7 - https:\/\/yoast.com\/wordpress\/plugins\/seo\/ -->\n<title>SL INDUSTRIAL - Deutschcolor<\/title>\n<meta name=\"robots\" content=\"index, follow, max-snippet:-1, max-image-preview:large, max-video-preview:-1\" \/>\n<link rel=\"canonical\" href=\"https:\/\/deutschcolor.com\/fr\/product\/sl-industrial\/\" \/>\n<meta property=\"og:locale\" content=\"en_US\" \/>\n<meta property=\"og:type\" content=\"article\" \/>\n<meta property=\"og:title\" content=\"SL INDUSTRIAL - Deutschcolor\" \/>\n<meta property=\"og:description\" content=\"Autonivelant \u00e0 base d\u2019\u00e9poxy bi-composant.\" \/>\n<meta property=\"og:url\" content=\"https:\/\/deutschcolor.com\/fr\/product\/sl-industrial\/\" \/>\n<meta property=\"og:site_name\" content=\"Deutschcolor\" \/>\n<meta property=\"article:publisher\" content=\"https:\/\/www.facebook.com\/deltahome.al\" \/>\n<meta property=\"article:modified_time\" content=\"2025-05-26T13:41:48+00:00\" \/>\n<meta property=\"og:image\" content=\"https:\/\/deutschcolor.com\/fr\/wp-content\/uploads\/2019\/05\/SL-INDUSTRIAL-min.png\" \/>\n\t<meta property=\"og:image:width\" content=\"1000\" \/>\n\t<meta property=\"og:image:height\" content=\"1000\" \/>\n\t<meta property=\"og:image:type\" content=\"image\/png\" \/>\n<meta name=\"twitter:card\" content=\"summary_large_image\" \/>\n<meta name=\"twitter:label1\" content=\"Est. reading time\" \/>\n\t<meta name=\"twitter:data1\" content=\"1 minute\" \/>\n<script type=\"application\/ld+json\" class=\"yoast-schema-graph\">{\"@context\":\"https:\/\/schema.org\",\"@graph\":[{\"@type\":\"WebPage\",\"@id\":\"https:\/\/deutschcolor.com\/fr\/product\/sl-industrial\/\",\"url\":\"https:\/\/deutschcolor.com\/fr\/product\/sl-industrial\/\",\"name\":\"SL INDUSTRIAL - Deutschcolor\",\"isPartOf\":{\"@id\":\"https:\/\/deutschcolor.com\/fr\/#website\"},\"primaryImageOfPage\":{\"@id\":\"https:\/\/deutschcolor.com\/fr\/product\/sl-industrial\/#primaryimage\"},\"image\":{\"@id\":\"https:\/\/deutschcolor.com\/fr\/product\/sl-industrial\/#primaryimage\"},\"thumbnailUrl\":\"https:\/\/deutschcolor.com\/fr\/wp-content\/uploads\/2019\/05\/SL-INDUSTRIAL-min.png\",\"datePublished\":\"2019-05-07T15:39:02+00:00\",\"dateModified\":\"2025-05-26T13:41:48+00:00\",\"breadcrumb\":{\"@id\":\"https:\/\/deutschcolor.com\/fr\/product\/sl-industrial\/#breadcrumb\"},\"inLanguage\":\"en-US\",\"potentialAction\":[{\"@type\":\"ReadAction\",\"target\":[\"https:\/\/deutschcolor.com\/fr\/product\/sl-industrial\/\"]}]},{\"@type\":\"ImageObject\",\"inLanguage\":\"en-US\",\"@id\":\"https:\/\/deutschcolor.com\/fr\/product\/sl-industrial\/#primaryimage\",\"url\":\"https:\/\/deutschcolor.com\/fr\/wp-content\/uploads\/2019\/05\/SL-INDUSTRIAL-min.png\",\"contentUrl\":\"https:\/\/deutschcolor.com\/fr\/wp-content\/uploads\/2019\/05\/SL-INDUSTRIAL-min.png\",\"width\":1000,\"height\":1000},{\"@type\":\"BreadcrumbList\",\"@id\":\"https:\/\/deutschcolor.com\/fr\/product\/sl-industrial\/#breadcrumb\",\"itemListElement\":[{\"@type\":\"ListItem\",\"position\":1,\"name\":\"Home\",\"item\":\"https:\/\/deutschcolor.com\/fr\/\"},{\"@type\":\"ListItem\",\"position\":2,\"name\":\"SHOP\",\"item\":\"https:\/\/deutschcolor.com\/fr\/shop\/\"},{\"@type\":\"ListItem\",\"position\":3,\"name\":\"SL INDUSTRIAL\"}]},{\"@type\":\"WebSite\",\"@id\":\"https:\/\/deutschcolor.com\/fr\/#website\",\"url\":\"https:\/\/deutschcolor.com\/fr\/\",\"name\":\"Deutschcolor\",\"description\":\"Deutschcolor Tunisia\",\"publisher\":{\"@id\":\"https:\/\/deutschcolor.com\/fr\/#organization\"},\"potentialAction\":[{\"@type\":\"SearchAction\",\"target\":{\"@type\":\"EntryPoint\",\"urlTemplate\":\"https:\/\/deutschcolor.com\/fr\/?s={search_term_string}\"},\"query-input\":{\"@type\":\"PropertyValueSpecification\",\"valueRequired\":true,\"valueName\":\"search_term_string\"}}],\"inLanguage\":\"en-US\"},{\"@type\":\"Organization\",\"@id\":\"https:\/\/deutschcolor.com\/fr\/#organization\",\"name\":\"Deutschcolor\",\"url\":\"https:\/\/deutschcolor.com\/fr\/\",\"logo\":{\"@type\":\"ImageObject\",\"inLanguage\":\"en-US\",\"@id\":\"https:\/\/deutschcolor.com\/fr\/#\/schema\/logo\/image\/\",\"url\":\"https:\/\/deutschcolor.com\/fr\/wp-content\/uploads\/2025\/08\/4160px-dc.png\",\"contentUrl\":\"https:\/\/deutschcolor.com\/fr\/wp-content\/uploads\/2025\/08\/4160px-dc.png\",\"width\":4160,\"height\":689,\"caption\":\"Deutschcolor\"},\"image\":{\"@id\":\"https:\/\/deutschcolor.com\/fr\/#\/schema\/logo\/image\/\"},\"sameAs\":[\"https:\/\/www.facebook.com\/deltahome.al\"]}]}<\/script>\n<!-- \/ Yoast SEO plugin. -->","yoast_head_json":{"title":"SL INDUSTRIAL - Deutschcolor","robots":{"index":"index","follow":"follow","max-snippet":"max-snippet:-1","max-image-preview":"max-image-preview:large","max-video-preview":"max-video-preview:-1"},"canonical":"https:\/\/deutschcolor.com\/fr\/product\/sl-industrial\/","og_locale":"en_US","og_type":"article","og_title":"SL INDUSTRIAL - Deutschcolor","og_description":"Autonivelant \u00e0 base d\u2019\u00e9poxy bi-composant.","og_url":"https:\/\/deutschcolor.com\/fr\/product\/sl-industrial\/","og_site_name":"Deutschcolor","article_publisher":"https:\/\/www.facebook.com\/deltahome.al","article_modified_time":"2025-05-26T13:41:48+00:00","og_image":[{"width":1000,"height":1000,"url":"https:\/\/deutschcolor.com\/fr\/wp-content\/uploads\/2019\/05\/SL-INDUSTRIAL-min.png","type":"image\/png"}],"twitter_card":"summary_large_image","twitter_misc":{"Est. reading time":"1 minute"},"schema":{"@context":"https:\/\/schema.org","@graph":[{"@type":"WebPage","@id":"https:\/\/deutschcolor.com\/fr\/product\/sl-industrial\/","url":"https:\/\/deutschcolor.com\/fr\/product\/sl-industrial\/","name":"SL INDUSTRIAL - Deutschcolor","isPartOf":{"@id":"https:\/\/deutschcolor.com\/fr\/#website"},"primaryImageOfPage":{"@id":"https:\/\/deutschcolor.com\/fr\/product\/sl-industrial\/#primaryimage"},"image":{"@id":"https:\/\/deutschcolor.com\/fr\/product\/sl-industrial\/#primaryimage"},"thumbnailUrl":"https:\/\/deutschcolor.com\/fr\/wp-content\/uploads\/2019\/05\/SL-INDUSTRIAL-min.png","datePublished":"2019-05-07T15:39:02+00:00","dateModified":"2025-05-26T13:41:48+00:00","breadcrumb":{"@id":"https:\/\/deutschcolor.com\/fr\/product\/sl-industrial\/#breadcrumb"},"inLanguage":"en-US","potentialAction":[{"@type":"ReadAction","target":["https:\/\/deutschcolor.com\/fr\/product\/sl-industrial\/"]}]},{"@type":"ImageObject","inLanguage":"en-US","@id":"https:\/\/deutschcolor.com\/fr\/product\/sl-industrial\/#primaryimage","url":"https:\/\/deutschcolor.com\/fr\/wp-content\/uploads\/2019\/05\/SL-INDUSTRIAL-min.png","contentUrl":"https:\/\/deutschcolor.com\/fr\/wp-content\/uploads\/2019\/05\/SL-INDUSTRIAL-min.png","width":1000,"height":1000},{"@type":"BreadcrumbList","@id":"https:\/\/deutschcolor.com\/fr\/product\/sl-industrial\/#breadcrumb","itemListElement":[{"@type":"ListItem","position":1,"name":"Home","item":"https:\/\/deutschcolor.com\/fr\/"},{"@type":"ListItem","position":2,"name":"SHOP","item":"https:\/\/deutschcolor.com\/fr\/shop\/"},{"@type":"ListItem","position":3,"name":"SL INDUSTRIAL"}]},{"@type":"WebSite","@id":"https:\/\/deutschcolor.com\/fr\/#website","url":"https:\/\/deutschcolor.com\/fr\/","name":"Deutschcolor","description":"Deutschcolor Tunisia","publisher":{"@id":"https:\/\/deutschcolor.com\/fr\/#organization"},"potentialAction":[{"@type":"SearchAction","target":{"@type":"EntryPoint","urlTemplate":"https:\/\/deutschcolor.com\/fr\/?s={search_term_string}"},"query-input":{"@type":"PropertyValueSpecification","valueRequired":true,"valueName":"search_term_string"}}],"inLanguage":"en-US"},{"@type":"Organization","@id":"https:\/\/deutschcolor.com\/fr\/#organization","name":"Deutschcolor","url":"https:\/\/deutschcolor.com\/fr\/","logo":{"@type":"ImageObject","inLanguage":"en-US","@id":"https:\/\/deutschcolor.com\/fr\/#\/schema\/logo\/image\/","url":"https:\/\/deutschcolor.com\/fr\/wp-content\/uploads\/2025\/08\/4160px-dc.png","contentUrl":"https:\/\/deutschcolor.com\/fr\/wp-content\/uploads\/2025\/08\/4160px-dc.png","width":4160,"height":689,"caption":"Deutschcolor"},"image":{"@id":"https:\/\/deutschcolor.com\/fr\/#\/schema\/logo\/image\/"},"sameAs":["https:\/\/www.facebook.com\/deltahome.al"]}]}},"_links":{"self":[{"href":"https:\/\/deutschcolor.com\/fr\/wp-json\/wp\/v2\/product\/23848","targetHints":{"allow":["GET"]}}],"collection":[{"href":"https:\/\/deutschcolor.com\/fr\/wp-json\/wp\/v2\/product"}],"about":[{"href":"https:\/\/deutschcolor.com\/fr\/wp-json\/wp\/v2\/types\/product"}],"wp:featuredmedia":[{"embeddable":true,"href":"https:\/\/deutschcolor.com\/fr\/wp-json\/wp\/v2\/media\/24982"}],"wp:attachment":[{"href":"https:\/\/deutschcolor.com\/fr\/wp-json\/wp\/v2\/media?parent=23848"}],"curies":[{"name":"wp","href":"https:\/\/api.w.org\/{rel}","templated":true}]}}