{"id":23871,"date":"2019-05-07T16:23:33","date_gmt":"2019-05-07T16:23:33","guid":{"rendered":"https:\/\/deutschcolor.com\/fr\/?post_type=product&#038;p=23871"},"modified":"2025-05-26T13:07:38","modified_gmt":"2025-05-26T13:07:38","slug":"mortel-m5","status":"publish","type":"product","link":"https:\/\/deutschcolor.com\/fr\/product\/mortel-m5\/","title":{"rendered":"M\u00d6RTEL M5"},"content":{"rendered":"<p><strong>Caract\u00e9ristiques<\/strong><br \/>\nMat\u00e9riau en poudre \u00e0 base de: ciment, chaux, poudre de pierre avec une granulom\u00e9trie s\u00e9lectionn\u00e9e, r\u00e9sines synth\u00e9tiques et additifs sp\u00e9ciaux.<br \/>\n&#8211; Caract\u00e9ris\u00e9 par une excellente maniabilit\u00e9.<br \/>\n&#8211; Haute r\u00e9sistance m\u00e9canique.<br \/>\n&#8211; Sans glissement vertical.<br \/>\n&#8211; Aptitude d\u2019adh\u00e9rence aux murs et aux plafonds.<\/p>\n<p><strong>Domaine d\u2019application<\/strong><br \/>\nM\u00d6RTEL M5 est utilis\u00e9 principalement comme mortier pour l\u2019enduisage de tous types de supports : briques, parpaings, etc. Le produit s\u2019applique manuellement ou \u00e0 la machine. Lors de l\u2019Application, la temp\u00e9rature du support et la temp\u00e9rature ambiante doivent \u00eatre de +5\u00b0C \u00e0 +35\u00b0C.<\/p>\n<p>###<\/p>\n<p><strong>Renforcement au LATEX<\/strong><br \/>\nM\u00d6RTEL M5 peut \u00eatre renforc\u00e9 par l\u2019additif LATEX afin d\u2019am\u00e9liorer ses performances d\u2019adh\u00e9rence, imperm\u00e9abilit\u00e9 \u00e0 l\u2019eau, plasticit\u00e9, flexibilit\u00e9, r\u00e9sistance m\u00e9canique, etc. Le ratio de m\u00e9lange \u00e0 l\u2019eau est de 1:5.<\/p>\n<p><strong>Consommation<\/strong><br \/>\nApproximativement 15 Kg\/m\u00b2 par cm d\u2019\u00e9paisseur.<\/p>\n<p><strong>Conditionnnement<\/strong><br \/>\nM\u00d6RTEL M5 est fourni en sacs de 25 Kg \/ silos<\/p>\n<p><strong>Duree de vie &#8211; stockage<\/strong><br \/>\n12 mois \u00e0 compter de la date de fabrication, si stock\u00e9 dans son emballage<br \/>\nd\u2019origine non ouvert, \u00e0 l\u2019abri de l\u2019humidit\u00e9 et du gel.<\/p>\n","protected":false},"excerpt":{"rendered":"<p>Mat\u00e9riau d\u2019enduisage de murs en briques ou en parpaings, pour usage en int\u00e9rieur et ext\u00e9rieur.<\/p>\n","protected":false},"featured_media":24735,"template":"","meta":[],"class_list":["post-23871","product","type-product","status-publish","has-post-thumbnail","hentry","product_cat-mortiers","product_cat-mortiers-denduisage"],"yoast_head":"<!-- This site is optimized with the Yoast SEO plugin v25.7 - https:\/\/yoast.com\/wordpress\/plugins\/seo\/ -->\n<title>M\u00d6RTEL M5 - Deutschcolor<\/title>\n<meta name=\"robots\" content=\"index, follow, max-snippet:-1, max-image-preview:large, max-video-preview:-1\" \/>\n<link rel=\"canonical\" href=\"https:\/\/deutschcolor.com\/fr\/product\/mortel-m5\/\" \/>\n<meta property=\"og:locale\" content=\"en_US\" \/>\n<meta property=\"og:type\" content=\"article\" \/>\n<meta property=\"og:title\" content=\"M\u00d6RTEL M5 - Deutschcolor\" \/>\n<meta property=\"og:description\" content=\"Mat\u00e9riau d\u2019enduisage de murs en briques ou en parpaings, pour usage en int\u00e9rieur et ext\u00e9rieur.\" \/>\n<meta property=\"og:url\" content=\"https:\/\/deutschcolor.com\/fr\/product\/mortel-m5\/\" \/>\n<meta property=\"og:site_name\" content=\"Deutschcolor\" \/>\n<meta property=\"article:publisher\" content=\"https:\/\/www.facebook.com\/deltahome.al\" \/>\n<meta property=\"article:modified_time\" content=\"2025-05-26T13:07:38+00:00\" \/>\n<meta property=\"og:image\" content=\"https:\/\/deutschcolor.com\/fr\/wp-content\/uploads\/2019\/05\/Mortel-M5-model-2-min.png\" \/>\n\t<meta property=\"og:image:width\" content=\"1000\" \/>\n\t<meta property=\"og:image:height\" content=\"1000\" \/>\n\t<meta property=\"og:image:type\" content=\"image\/png\" \/>\n<meta name=\"twitter:card\" content=\"summary_large_image\" \/>\n<meta name=\"twitter:label1\" content=\"Est. reading time\" \/>\n\t<meta name=\"twitter:data1\" content=\"1 minute\" \/>\n<script type=\"application\/ld+json\" class=\"yoast-schema-graph\">{\"@context\":\"https:\/\/schema.org\",\"@graph\":[{\"@type\":\"WebPage\",\"@id\":\"https:\/\/deutschcolor.com\/fr\/product\/mortel-m5\/\",\"url\":\"https:\/\/deutschcolor.com\/fr\/product\/mortel-m5\/\",\"name\":\"M\u00d6RTEL M5 - Deutschcolor\",\"isPartOf\":{\"@id\":\"https:\/\/deutschcolor.com\/fr\/#website\"},\"primaryImageOfPage\":{\"@id\":\"https:\/\/deutschcolor.com\/fr\/product\/mortel-m5\/#primaryimage\"},\"image\":{\"@id\":\"https:\/\/deutschcolor.com\/fr\/product\/mortel-m5\/#primaryimage\"},\"thumbnailUrl\":\"https:\/\/deutschcolor.com\/fr\/wp-content\/uploads\/2019\/05\/Mortel-M5-model-2-min.png\",\"datePublished\":\"2019-05-07T16:23:33+00:00\",\"dateModified\":\"2025-05-26T13:07:38+00:00\",\"breadcrumb\":{\"@id\":\"https:\/\/deutschcolor.com\/fr\/product\/mortel-m5\/#breadcrumb\"},\"inLanguage\":\"en-US\",\"potentialAction\":[{\"@type\":\"ReadAction\",\"target\":[\"https:\/\/deutschcolor.com\/fr\/product\/mortel-m5\/\"]}]},{\"@type\":\"ImageObject\",\"inLanguage\":\"en-US\",\"@id\":\"https:\/\/deutschcolor.com\/fr\/product\/mortel-m5\/#primaryimage\",\"url\":\"https:\/\/deutschcolor.com\/fr\/wp-content\/uploads\/2019\/05\/Mortel-M5-model-2-min.png\",\"contentUrl\":\"https:\/\/deutschcolor.com\/fr\/wp-content\/uploads\/2019\/05\/Mortel-M5-model-2-min.png\",\"width\":1000,\"height\":1000},{\"@type\":\"BreadcrumbList\",\"@id\":\"https:\/\/deutschcolor.com\/fr\/product\/mortel-m5\/#breadcrumb\",\"itemListElement\":[{\"@type\":\"ListItem\",\"position\":1,\"name\":\"Home\",\"item\":\"https:\/\/deutschcolor.com\/fr\/\"},{\"@type\":\"ListItem\",\"position\":2,\"name\":\"SHOP\",\"item\":\"https:\/\/deutschcolor.com\/fr\/shop\/\"},{\"@type\":\"ListItem\",\"position\":3,\"name\":\"M\u00d6RTEL M5\"}]},{\"@type\":\"WebSite\",\"@id\":\"https:\/\/deutschcolor.com\/fr\/#website\",\"url\":\"https:\/\/deutschcolor.com\/fr\/\",\"name\":\"Deutschcolor\",\"description\":\"Deutschcolor Tunisia\",\"publisher\":{\"@id\":\"https:\/\/deutschcolor.com\/fr\/#organization\"},\"potentialAction\":[{\"@type\":\"SearchAction\",\"target\":{\"@type\":\"EntryPoint\",\"urlTemplate\":\"https:\/\/deutschcolor.com\/fr\/?s={search_term_string}\"},\"query-input\":{\"@type\":\"PropertyValueSpecification\",\"valueRequired\":true,\"valueName\":\"search_term_string\"}}],\"inLanguage\":\"en-US\"},{\"@type\":\"Organization\",\"@id\":\"https:\/\/deutschcolor.com\/fr\/#organization\",\"name\":\"Deutschcolor\",\"url\":\"https:\/\/deutschcolor.com\/fr\/\",\"logo\":{\"@type\":\"ImageObject\",\"inLanguage\":\"en-US\",\"@id\":\"https:\/\/deutschcolor.com\/fr\/#\/schema\/logo\/image\/\",\"url\":\"https:\/\/deutschcolor.com\/fr\/wp-content\/uploads\/2025\/08\/4160px-dc.png\",\"contentUrl\":\"https:\/\/deutschcolor.com\/fr\/wp-content\/uploads\/2025\/08\/4160px-dc.png\",\"width\":4160,\"height\":689,\"caption\":\"Deutschcolor\"},\"image\":{\"@id\":\"https:\/\/deutschcolor.com\/fr\/#\/schema\/logo\/image\/\"},\"sameAs\":[\"https:\/\/www.facebook.com\/deltahome.al\"]}]}<\/script>\n<!-- \/ Yoast SEO plugin. -->","yoast_head_json":{"title":"M\u00d6RTEL M5 - Deutschcolor","robots":{"index":"index","follow":"follow","max-snippet":"max-snippet:-1","max-image-preview":"max-image-preview:large","max-video-preview":"max-video-preview:-1"},"canonical":"https:\/\/deutschcolor.com\/fr\/product\/mortel-m5\/","og_locale":"en_US","og_type":"article","og_title":"M\u00d6RTEL M5 - Deutschcolor","og_description":"Mat\u00e9riau d\u2019enduisage de murs en briques ou en parpaings, pour usage en int\u00e9rieur et ext\u00e9rieur.","og_url":"https:\/\/deutschcolor.com\/fr\/product\/mortel-m5\/","og_site_name":"Deutschcolor","article_publisher":"https:\/\/www.facebook.com\/deltahome.al","article_modified_time":"2025-05-26T13:07:38+00:00","og_image":[{"width":1000,"height":1000,"url":"https:\/\/deutschcolor.com\/fr\/wp-content\/uploads\/2019\/05\/Mortel-M5-model-2-min.png","type":"image\/png"}],"twitter_card":"summary_large_image","twitter_misc":{"Est. reading time":"1 minute"},"schema":{"@context":"https:\/\/schema.org","@graph":[{"@type":"WebPage","@id":"https:\/\/deutschcolor.com\/fr\/product\/mortel-m5\/","url":"https:\/\/deutschcolor.com\/fr\/product\/mortel-m5\/","name":"M\u00d6RTEL M5 - Deutschcolor","isPartOf":{"@id":"https:\/\/deutschcolor.com\/fr\/#website"},"primaryImageOfPage":{"@id":"https:\/\/deutschcolor.com\/fr\/product\/mortel-m5\/#primaryimage"},"image":{"@id":"https:\/\/deutschcolor.com\/fr\/product\/mortel-m5\/#primaryimage"},"thumbnailUrl":"https:\/\/deutschcolor.com\/fr\/wp-content\/uploads\/2019\/05\/Mortel-M5-model-2-min.png","datePublished":"2019-05-07T16:23:33+00:00","dateModified":"2025-05-26T13:07:38+00:00","breadcrumb":{"@id":"https:\/\/deutschcolor.com\/fr\/product\/mortel-m5\/#breadcrumb"},"inLanguage":"en-US","potentialAction":[{"@type":"ReadAction","target":["https:\/\/deutschcolor.com\/fr\/product\/mortel-m5\/"]}]},{"@type":"ImageObject","inLanguage":"en-US","@id":"https:\/\/deutschcolor.com\/fr\/product\/mortel-m5\/#primaryimage","url":"https:\/\/deutschcolor.com\/fr\/wp-content\/uploads\/2019\/05\/Mortel-M5-model-2-min.png","contentUrl":"https:\/\/deutschcolor.com\/fr\/wp-content\/uploads\/2019\/05\/Mortel-M5-model-2-min.png","width":1000,"height":1000},{"@type":"BreadcrumbList","@id":"https:\/\/deutschcolor.com\/fr\/product\/mortel-m5\/#breadcrumb","itemListElement":[{"@type":"ListItem","position":1,"name":"Home","item":"https:\/\/deutschcolor.com\/fr\/"},{"@type":"ListItem","position":2,"name":"SHOP","item":"https:\/\/deutschcolor.com\/fr\/shop\/"},{"@type":"ListItem","position":3,"name":"M\u00d6RTEL M5"}]},{"@type":"WebSite","@id":"https:\/\/deutschcolor.com\/fr\/#website","url":"https:\/\/deutschcolor.com\/fr\/","name":"Deutschcolor","description":"Deutschcolor Tunisia","publisher":{"@id":"https:\/\/deutschcolor.com\/fr\/#organization"},"potentialAction":[{"@type":"SearchAction","target":{"@type":"EntryPoint","urlTemplate":"https:\/\/deutschcolor.com\/fr\/?s={search_term_string}"},"query-input":{"@type":"PropertyValueSpecification","valueRequired":true,"valueName":"search_term_string"}}],"inLanguage":"en-US"},{"@type":"Organization","@id":"https:\/\/deutschcolor.com\/fr\/#organization","name":"Deutschcolor","url":"https:\/\/deutschcolor.com\/fr\/","logo":{"@type":"ImageObject","inLanguage":"en-US","@id":"https:\/\/deutschcolor.com\/fr\/#\/schema\/logo\/image\/","url":"https:\/\/deutschcolor.com\/fr\/wp-content\/uploads\/2025\/08\/4160px-dc.png","contentUrl":"https:\/\/deutschcolor.com\/fr\/wp-content\/uploads\/2025\/08\/4160px-dc.png","width":4160,"height":689,"caption":"Deutschcolor"},"image":{"@id":"https:\/\/deutschcolor.com\/fr\/#\/schema\/logo\/image\/"},"sameAs":["https:\/\/www.facebook.com\/deltahome.al"]}]}},"_links":{"self":[{"href":"https:\/\/deutschcolor.com\/fr\/wp-json\/wp\/v2\/product\/23871","targetHints":{"allow":["GET"]}}],"collection":[{"href":"https:\/\/deutschcolor.com\/fr\/wp-json\/wp\/v2\/product"}],"about":[{"href":"https:\/\/deutschcolor.com\/fr\/wp-json\/wp\/v2\/types\/product"}],"wp:featuredmedia":[{"embeddable":true,"href":"https:\/\/deutschcolor.com\/fr\/wp-json\/wp\/v2\/media\/24735"}],"wp:attachment":[{"href":"https:\/\/deutschcolor.com\/fr\/wp-json\/wp\/v2\/media?parent=23871"}],"curies":[{"name":"wp","href":"https:\/\/api.w.org\/{rel}","templated":true}]}}