{"id":23878,"date":"2019-05-07T16:34:40","date_gmt":"2019-05-07T16:34:40","guid":{"rendered":"https:\/\/deutschcolor.com\/fr\/?post_type=product&#038;p=23878"},"modified":"2025-05-26T12:35:19","modified_gmt":"2025-05-26T12:35:19","slug":"gp-repair-fast","status":"publish","type":"product","link":"https:\/\/deutschcolor.com\/fr\/product\/gp-repair-fast\/","title":{"rendered":"GP REPAIR FAST"},"content":{"rendered":"<p><strong>Caracteristiques<\/strong><br \/>\nCette poudre est sp\u00e9ciale pour les r\u00e9parations \u00e0 base de ciment, elle est caract\u00e9ris\u00e9e par un durcissement rapide et une r\u00e9sistance \u00e9lev\u00e9e. Id\u00e9al pour les projets n\u00e9cessitant une rapidit\u00e9 d\u2019ex\u00e9cution ou d\u2019ach\u00e8vement. Il ne contient ni chlorures ni composants corrosifs.<br \/>\nIl suffit d\u2019ajouter de l\u2019eau pour obtenir une mixture maniable durant 7 minutes et dont la prise commence apr\u00e8s 15 minutes.<br \/>\nLa r\u00e9sistance d\u00e9velopp\u00e9e au bout d\u2019une heure est comparable \u00e0 celle d\u2019un enduit apr\u00e8s 24 heures.<br \/>\nIl est dot\u00e9 d\u2019une r\u00e9sistance \u00e9lev\u00e9e au gel, \u00e0 l\u2019humidit\u00e9 et \u00e0 la corrosion due aux produits chimiques tels que les sels d\u2019azote, le soufre et les chlorures.<br \/>\nIl est caract\u00e9ris\u00e9 par une forte adh\u00e9rence au support, une excellente maniabilit\u00e9 avec un retrait nul et sans cr\u00e9ation de fissures.<\/p>\n<p><strong>Pr\u00e9paration de la surface<\/strong><br \/>\nLe support doit \u00eatre exempt de poussi\u00e8res et de mat\u00e9riaux pourris et doit \u00eatre soigneusement mouill\u00e9 pour avoir une forte adh\u00e9rence.<\/p>\n<p>###<\/p>\n<p><strong>Consommation<\/strong><br \/>\nEnviron 18 Kg\/m\u00b2 par cm d\u2019\u00e9paisseur.<\/p>\n<p><strong>Duree de vie &#8211; stockage<\/strong><br \/>\n24 mois \u00e0 compter de la date de fabrication, si stock\u00e9 en emballage bien ferm\u00e9, dans un endroit sec \u00e0 des temp\u00e9ratures au dessus de +10\u00b0C.<\/p>\n<p><strong>Conditionnnement<\/strong><br \/>\nSacs papier de 25 Kg<\/p>\n","protected":false},"excerpt":{"rendered":"<p>Poudre sp\u00e9cifique aux r\u00e9parations \u00e0 base de ciment, \u00e0 prise rapide avec des r\u00e9sistances \u00e9lev\u00e9es<\/p>\n","protected":false},"featured_media":24738,"template":"","meta":[],"class_list":["post-23878","product","type-product","status-publish","has-post-thumbnail","hentry","product_cat-mortiers","product_cat-mortiers-de-reparation"],"yoast_head":"<!-- This site is optimized with the Yoast SEO plugin v25.7 - https:\/\/yoast.com\/wordpress\/plugins\/seo\/ -->\n<title>GP REPAIR FAST - Deutschcolor<\/title>\n<meta name=\"robots\" content=\"index, follow, max-snippet:-1, max-image-preview:large, max-video-preview:-1\" \/>\n<link rel=\"canonical\" href=\"https:\/\/deutschcolor.com\/fr\/product\/gp-repair-fast\/\" \/>\n<meta property=\"og:locale\" content=\"en_US\" \/>\n<meta property=\"og:type\" content=\"article\" \/>\n<meta property=\"og:title\" content=\"GP REPAIR FAST - Deutschcolor\" \/>\n<meta property=\"og:description\" content=\"Poudre sp\u00e9cifique aux r\u00e9parations \u00e0 base de ciment, \u00e0 prise rapide avec des r\u00e9sistances \u00e9lev\u00e9es\" \/>\n<meta property=\"og:url\" content=\"https:\/\/deutschcolor.com\/fr\/product\/gp-repair-fast\/\" \/>\n<meta property=\"og:site_name\" content=\"Deutschcolor\" \/>\n<meta property=\"article:publisher\" content=\"https:\/\/www.facebook.com\/deltahome.al\" \/>\n<meta property=\"article:modified_time\" content=\"2025-05-26T12:35:19+00:00\" \/>\n<meta property=\"og:image\" content=\"https:\/\/deutschcolor.com\/fr\/wp-content\/uploads\/2019\/05\/GP-Repair-Fast-min-1.png\" \/>\n\t<meta property=\"og:image:width\" content=\"1000\" \/>\n\t<meta property=\"og:image:height\" content=\"1000\" \/>\n\t<meta property=\"og:image:type\" content=\"image\/png\" \/>\n<meta name=\"twitter:card\" content=\"summary_large_image\" \/>\n<meta name=\"twitter:label1\" content=\"Est. reading time\" \/>\n\t<meta name=\"twitter:data1\" content=\"1 minute\" \/>\n<script type=\"application\/ld+json\" class=\"yoast-schema-graph\">{\"@context\":\"https:\/\/schema.org\",\"@graph\":[{\"@type\":\"WebPage\",\"@id\":\"https:\/\/deutschcolor.com\/fr\/product\/gp-repair-fast\/\",\"url\":\"https:\/\/deutschcolor.com\/fr\/product\/gp-repair-fast\/\",\"name\":\"GP REPAIR FAST - Deutschcolor\",\"isPartOf\":{\"@id\":\"https:\/\/deutschcolor.com\/fr\/#website\"},\"primaryImageOfPage\":{\"@id\":\"https:\/\/deutschcolor.com\/fr\/product\/gp-repair-fast\/#primaryimage\"},\"image\":{\"@id\":\"https:\/\/deutschcolor.com\/fr\/product\/gp-repair-fast\/#primaryimage\"},\"thumbnailUrl\":\"https:\/\/deutschcolor.com\/fr\/wp-content\/uploads\/2019\/05\/GP-Repair-Fast-min-1.png\",\"datePublished\":\"2019-05-07T16:34:40+00:00\",\"dateModified\":\"2025-05-26T12:35:19+00:00\",\"breadcrumb\":{\"@id\":\"https:\/\/deutschcolor.com\/fr\/product\/gp-repair-fast\/#breadcrumb\"},\"inLanguage\":\"en-US\",\"potentialAction\":[{\"@type\":\"ReadAction\",\"target\":[\"https:\/\/deutschcolor.com\/fr\/product\/gp-repair-fast\/\"]}]},{\"@type\":\"ImageObject\",\"inLanguage\":\"en-US\",\"@id\":\"https:\/\/deutschcolor.com\/fr\/product\/gp-repair-fast\/#primaryimage\",\"url\":\"https:\/\/deutschcolor.com\/fr\/wp-content\/uploads\/2019\/05\/GP-Repair-Fast-min-1.png\",\"contentUrl\":\"https:\/\/deutschcolor.com\/fr\/wp-content\/uploads\/2019\/05\/GP-Repair-Fast-min-1.png\",\"width\":1000,\"height\":1000},{\"@type\":\"BreadcrumbList\",\"@id\":\"https:\/\/deutschcolor.com\/fr\/product\/gp-repair-fast\/#breadcrumb\",\"itemListElement\":[{\"@type\":\"ListItem\",\"position\":1,\"name\":\"Home\",\"item\":\"https:\/\/deutschcolor.com\/fr\/\"},{\"@type\":\"ListItem\",\"position\":2,\"name\":\"SHOP\",\"item\":\"https:\/\/deutschcolor.com\/fr\/shop\/\"},{\"@type\":\"ListItem\",\"position\":3,\"name\":\"GP REPAIR FAST\"}]},{\"@type\":\"WebSite\",\"@id\":\"https:\/\/deutschcolor.com\/fr\/#website\",\"url\":\"https:\/\/deutschcolor.com\/fr\/\",\"name\":\"Deutschcolor\",\"description\":\"Deutschcolor Tunisia\",\"publisher\":{\"@id\":\"https:\/\/deutschcolor.com\/fr\/#organization\"},\"potentialAction\":[{\"@type\":\"SearchAction\",\"target\":{\"@type\":\"EntryPoint\",\"urlTemplate\":\"https:\/\/deutschcolor.com\/fr\/?s={search_term_string}\"},\"query-input\":{\"@type\":\"PropertyValueSpecification\",\"valueRequired\":true,\"valueName\":\"search_term_string\"}}],\"inLanguage\":\"en-US\"},{\"@type\":\"Organization\",\"@id\":\"https:\/\/deutschcolor.com\/fr\/#organization\",\"name\":\"Deutschcolor\",\"url\":\"https:\/\/deutschcolor.com\/fr\/\",\"logo\":{\"@type\":\"ImageObject\",\"inLanguage\":\"en-US\",\"@id\":\"https:\/\/deutschcolor.com\/fr\/#\/schema\/logo\/image\/\",\"url\":\"https:\/\/deutschcolor.com\/fr\/wp-content\/uploads\/2025\/08\/4160px-dc.png\",\"contentUrl\":\"https:\/\/deutschcolor.com\/fr\/wp-content\/uploads\/2025\/08\/4160px-dc.png\",\"width\":4160,\"height\":689,\"caption\":\"Deutschcolor\"},\"image\":{\"@id\":\"https:\/\/deutschcolor.com\/fr\/#\/schema\/logo\/image\/\"},\"sameAs\":[\"https:\/\/www.facebook.com\/deltahome.al\"]}]}<\/script>\n<!-- \/ Yoast SEO plugin. -->","yoast_head_json":{"title":"GP REPAIR FAST - Deutschcolor","robots":{"index":"index","follow":"follow","max-snippet":"max-snippet:-1","max-image-preview":"max-image-preview:large","max-video-preview":"max-video-preview:-1"},"canonical":"https:\/\/deutschcolor.com\/fr\/product\/gp-repair-fast\/","og_locale":"en_US","og_type":"article","og_title":"GP REPAIR FAST - Deutschcolor","og_description":"Poudre sp\u00e9cifique aux r\u00e9parations \u00e0 base de ciment, \u00e0 prise rapide avec des r\u00e9sistances \u00e9lev\u00e9es","og_url":"https:\/\/deutschcolor.com\/fr\/product\/gp-repair-fast\/","og_site_name":"Deutschcolor","article_publisher":"https:\/\/www.facebook.com\/deltahome.al","article_modified_time":"2025-05-26T12:35:19+00:00","og_image":[{"width":1000,"height":1000,"url":"https:\/\/deutschcolor.com\/fr\/wp-content\/uploads\/2019\/05\/GP-Repair-Fast-min-1.png","type":"image\/png"}],"twitter_card":"summary_large_image","twitter_misc":{"Est. reading time":"1 minute"},"schema":{"@context":"https:\/\/schema.org","@graph":[{"@type":"WebPage","@id":"https:\/\/deutschcolor.com\/fr\/product\/gp-repair-fast\/","url":"https:\/\/deutschcolor.com\/fr\/product\/gp-repair-fast\/","name":"GP REPAIR FAST - Deutschcolor","isPartOf":{"@id":"https:\/\/deutschcolor.com\/fr\/#website"},"primaryImageOfPage":{"@id":"https:\/\/deutschcolor.com\/fr\/product\/gp-repair-fast\/#primaryimage"},"image":{"@id":"https:\/\/deutschcolor.com\/fr\/product\/gp-repair-fast\/#primaryimage"},"thumbnailUrl":"https:\/\/deutschcolor.com\/fr\/wp-content\/uploads\/2019\/05\/GP-Repair-Fast-min-1.png","datePublished":"2019-05-07T16:34:40+00:00","dateModified":"2025-05-26T12:35:19+00:00","breadcrumb":{"@id":"https:\/\/deutschcolor.com\/fr\/product\/gp-repair-fast\/#breadcrumb"},"inLanguage":"en-US","potentialAction":[{"@type":"ReadAction","target":["https:\/\/deutschcolor.com\/fr\/product\/gp-repair-fast\/"]}]},{"@type":"ImageObject","inLanguage":"en-US","@id":"https:\/\/deutschcolor.com\/fr\/product\/gp-repair-fast\/#primaryimage","url":"https:\/\/deutschcolor.com\/fr\/wp-content\/uploads\/2019\/05\/GP-Repair-Fast-min-1.png","contentUrl":"https:\/\/deutschcolor.com\/fr\/wp-content\/uploads\/2019\/05\/GP-Repair-Fast-min-1.png","width":1000,"height":1000},{"@type":"BreadcrumbList","@id":"https:\/\/deutschcolor.com\/fr\/product\/gp-repair-fast\/#breadcrumb","itemListElement":[{"@type":"ListItem","position":1,"name":"Home","item":"https:\/\/deutschcolor.com\/fr\/"},{"@type":"ListItem","position":2,"name":"SHOP","item":"https:\/\/deutschcolor.com\/fr\/shop\/"},{"@type":"ListItem","position":3,"name":"GP REPAIR FAST"}]},{"@type":"WebSite","@id":"https:\/\/deutschcolor.com\/fr\/#website","url":"https:\/\/deutschcolor.com\/fr\/","name":"Deutschcolor","description":"Deutschcolor Tunisia","publisher":{"@id":"https:\/\/deutschcolor.com\/fr\/#organization"},"potentialAction":[{"@type":"SearchAction","target":{"@type":"EntryPoint","urlTemplate":"https:\/\/deutschcolor.com\/fr\/?s={search_term_string}"},"query-input":{"@type":"PropertyValueSpecification","valueRequired":true,"valueName":"search_term_string"}}],"inLanguage":"en-US"},{"@type":"Organization","@id":"https:\/\/deutschcolor.com\/fr\/#organization","name":"Deutschcolor","url":"https:\/\/deutschcolor.com\/fr\/","logo":{"@type":"ImageObject","inLanguage":"en-US","@id":"https:\/\/deutschcolor.com\/fr\/#\/schema\/logo\/image\/","url":"https:\/\/deutschcolor.com\/fr\/wp-content\/uploads\/2025\/08\/4160px-dc.png","contentUrl":"https:\/\/deutschcolor.com\/fr\/wp-content\/uploads\/2025\/08\/4160px-dc.png","width":4160,"height":689,"caption":"Deutschcolor"},"image":{"@id":"https:\/\/deutschcolor.com\/fr\/#\/schema\/logo\/image\/"},"sameAs":["https:\/\/www.facebook.com\/deltahome.al"]}]}},"_links":{"self":[{"href":"https:\/\/deutschcolor.com\/fr\/wp-json\/wp\/v2\/product\/23878","targetHints":{"allow":["GET"]}}],"collection":[{"href":"https:\/\/deutschcolor.com\/fr\/wp-json\/wp\/v2\/product"}],"about":[{"href":"https:\/\/deutschcolor.com\/fr\/wp-json\/wp\/v2\/types\/product"}],"wp:featuredmedia":[{"embeddable":true,"href":"https:\/\/deutschcolor.com\/fr\/wp-json\/wp\/v2\/media\/24738"}],"wp:attachment":[{"href":"https:\/\/deutschcolor.com\/fr\/wp-json\/wp\/v2\/media?parent=23878"}],"curies":[{"name":"wp","href":"https:\/\/api.w.org\/{rel}","templated":true}]}}