{"id":23882,"date":"2019-05-07T16:37:57","date_gmt":"2019-05-07T16:37:57","guid":{"rendered":"https:\/\/deutschcolor.com\/fr\/?post_type=product&#038;p=23882"},"modified":"2025-05-26T10:37:15","modified_gmt":"2025-05-26T10:37:15","slug":"betogrout-b22","status":"publish","type":"product","link":"https:\/\/deutschcolor.com\/fr\/product\/betogrout-b22\/","title":{"rendered":"BETOGROUT B22"},"content":{"rendered":"<p><strong>Caracteristiques<\/strong><br \/>\nPoudre de r\u00e9paration en int\u00e9rieur et ext\u00e9rieur, \u00e0 base de ciment, ayant une r\u00e9sistance m\u00e9canique \u00e9lev\u00e9e. Il est sans retrait, et offre d\u2019excellentes propri\u00e9t\u00e9s de maniabilit\u00e9, d\u2019adh\u00e9rence et de r\u00e9sistance au gel, aux chocs et \u00e0 l\u2019humidit\u00e9. Gr\u00e2ce \u00e0 ses liaisons hydrauliques, aux polym\u00e8res sp\u00e9ciaux,<br \/>\naux charges inertes s\u00e9lectionn\u00e9es et aux fibres synth\u00e9tiques qu\u2019il contient il ne cr\u00e9e pas de fissures.<\/p>\n<p><strong>Champ d\u2019application<\/strong><br \/>\nBETOGROUT B22 convient aux fixations, ancrages des structures m\u00e9talliques, scellement de trous et d\u2019une mani\u00e8re g\u00e9n\u00e9rale il convient \u00e0 toutes les situations o\u00f9 des r\u00e9sistances \u00e9lev\u00e9es et une ex\u00e9cution rapide du travail sont requis.<\/p>\n<p>###<\/p>\n<p><strong>Application<\/strong><br \/>\nVersez BETOGROUT B22 dans de l\u2019eau propre (25 Kg de poudre dans 5,5 L d\u2019eau) et bien m\u00e9langer avec un malaxeur \u00e0 faible vitesse ou dans une b\u00e9tonni\u00e8re jusqu\u2019\u00e0 obtenir une mixture homog\u00e8ne. Le m\u00e9lange reste maniable pendant 10 minutes, et s\u2019applique au moyen d\u2019une truelle pour les r\u00e9parations ou d\u2019une pompe si la surface n\u00e9cessite un rev\u00eatement avec un mat\u00e9riau \u00e0 haute r\u00e9sistance m\u00e9canique.<\/p>\n<p><strong>Conditionnnement<\/strong><br \/>\nSacs papier de 25 Kg<\/p>\n<p><strong>Consommation<\/strong><br \/>\nEnviron 18 Kg\/m\u00b2 par cm d\u2019\u00e9paisseur.<\/p>\n","protected":false},"excerpt":{"rendered":"<p>Mortier \u00e0 base de ciment, \u00e0 prise rapide pour l\u2019ancrage des structures m\u00e9talliques.<\/p>\n","protected":false},"featured_media":24741,"template":"","meta":[],"class_list":["post-23882","product","type-product","status-publish","has-post-thumbnail","hentry","product_cat-mortiers","product_cat-mortiers-de-reparation"],"yoast_head":"<!-- This site is optimized with the Yoast SEO plugin v25.7 - https:\/\/yoast.com\/wordpress\/plugins\/seo\/ -->\n<title>BETOGROUT B22 - Deutschcolor<\/title>\n<meta name=\"robots\" content=\"index, follow, max-snippet:-1, max-image-preview:large, max-video-preview:-1\" \/>\n<link rel=\"canonical\" href=\"https:\/\/deutschcolor.com\/fr\/product\/betogrout-b22\/\" \/>\n<meta property=\"og:locale\" content=\"en_US\" \/>\n<meta property=\"og:type\" content=\"article\" \/>\n<meta property=\"og:title\" content=\"BETOGROUT B22 - Deutschcolor\" \/>\n<meta property=\"og:description\" content=\"Mortier \u00e0 base de ciment, \u00e0 prise rapide pour l\u2019ancrage des structures m\u00e9talliques.\" \/>\n<meta property=\"og:url\" content=\"https:\/\/deutschcolor.com\/fr\/product\/betogrout-b22\/\" \/>\n<meta property=\"og:site_name\" content=\"Deutschcolor\" \/>\n<meta property=\"article:publisher\" content=\"https:\/\/www.facebook.com\/deltahome.al\" \/>\n<meta property=\"article:modified_time\" content=\"2025-05-26T10:37:15+00:00\" \/>\n<meta property=\"og:image\" content=\"https:\/\/deutschcolor.com\/fr\/wp-content\/uploads\/2019\/05\/Betogrout-B22-min.png\" \/>\n\t<meta property=\"og:image:width\" content=\"1000\" \/>\n\t<meta property=\"og:image:height\" content=\"1000\" \/>\n\t<meta property=\"og:image:type\" content=\"image\/png\" \/>\n<meta name=\"twitter:card\" content=\"summary_large_image\" \/>\n<meta name=\"twitter:label1\" content=\"Est. reading time\" \/>\n\t<meta name=\"twitter:data1\" content=\"1 minute\" \/>\n<script type=\"application\/ld+json\" class=\"yoast-schema-graph\">{\"@context\":\"https:\/\/schema.org\",\"@graph\":[{\"@type\":\"WebPage\",\"@id\":\"https:\/\/deutschcolor.com\/fr\/product\/betogrout-b22\/\",\"url\":\"https:\/\/deutschcolor.com\/fr\/product\/betogrout-b22\/\",\"name\":\"BETOGROUT B22 - Deutschcolor\",\"isPartOf\":{\"@id\":\"https:\/\/deutschcolor.com\/fr\/#website\"},\"primaryImageOfPage\":{\"@id\":\"https:\/\/deutschcolor.com\/fr\/product\/betogrout-b22\/#primaryimage\"},\"image\":{\"@id\":\"https:\/\/deutschcolor.com\/fr\/product\/betogrout-b22\/#primaryimage\"},\"thumbnailUrl\":\"https:\/\/deutschcolor.com\/fr\/wp-content\/uploads\/2019\/05\/Betogrout-B22-min.png\",\"datePublished\":\"2019-05-07T16:37:57+00:00\",\"dateModified\":\"2025-05-26T10:37:15+00:00\",\"breadcrumb\":{\"@id\":\"https:\/\/deutschcolor.com\/fr\/product\/betogrout-b22\/#breadcrumb\"},\"inLanguage\":\"en-US\",\"potentialAction\":[{\"@type\":\"ReadAction\",\"target\":[\"https:\/\/deutschcolor.com\/fr\/product\/betogrout-b22\/\"]}]},{\"@type\":\"ImageObject\",\"inLanguage\":\"en-US\",\"@id\":\"https:\/\/deutschcolor.com\/fr\/product\/betogrout-b22\/#primaryimage\",\"url\":\"https:\/\/deutschcolor.com\/fr\/wp-content\/uploads\/2019\/05\/Betogrout-B22-min.png\",\"contentUrl\":\"https:\/\/deutschcolor.com\/fr\/wp-content\/uploads\/2019\/05\/Betogrout-B22-min.png\",\"width\":1000,\"height\":1000},{\"@type\":\"BreadcrumbList\",\"@id\":\"https:\/\/deutschcolor.com\/fr\/product\/betogrout-b22\/#breadcrumb\",\"itemListElement\":[{\"@type\":\"ListItem\",\"position\":1,\"name\":\"Home\",\"item\":\"https:\/\/deutschcolor.com\/fr\/\"},{\"@type\":\"ListItem\",\"position\":2,\"name\":\"SHOP\",\"item\":\"https:\/\/deutschcolor.com\/fr\/shop\/\"},{\"@type\":\"ListItem\",\"position\":3,\"name\":\"BETOGROUT B22\"}]},{\"@type\":\"WebSite\",\"@id\":\"https:\/\/deutschcolor.com\/fr\/#website\",\"url\":\"https:\/\/deutschcolor.com\/fr\/\",\"name\":\"Deutschcolor\",\"description\":\"Deutschcolor Tunisia\",\"publisher\":{\"@id\":\"https:\/\/deutschcolor.com\/fr\/#organization\"},\"potentialAction\":[{\"@type\":\"SearchAction\",\"target\":{\"@type\":\"EntryPoint\",\"urlTemplate\":\"https:\/\/deutschcolor.com\/fr\/?s={search_term_string}\"},\"query-input\":{\"@type\":\"PropertyValueSpecification\",\"valueRequired\":true,\"valueName\":\"search_term_string\"}}],\"inLanguage\":\"en-US\"},{\"@type\":\"Organization\",\"@id\":\"https:\/\/deutschcolor.com\/fr\/#organization\",\"name\":\"Deutschcolor\",\"url\":\"https:\/\/deutschcolor.com\/fr\/\",\"logo\":{\"@type\":\"ImageObject\",\"inLanguage\":\"en-US\",\"@id\":\"https:\/\/deutschcolor.com\/fr\/#\/schema\/logo\/image\/\",\"url\":\"https:\/\/deutschcolor.com\/fr\/wp-content\/uploads\/2025\/08\/4160px-dc.png\",\"contentUrl\":\"https:\/\/deutschcolor.com\/fr\/wp-content\/uploads\/2025\/08\/4160px-dc.png\",\"width\":4160,\"height\":689,\"caption\":\"Deutschcolor\"},\"image\":{\"@id\":\"https:\/\/deutschcolor.com\/fr\/#\/schema\/logo\/image\/\"},\"sameAs\":[\"https:\/\/www.facebook.com\/deltahome.al\"]}]}<\/script>\n<!-- \/ Yoast SEO plugin. -->","yoast_head_json":{"title":"BETOGROUT B22 - Deutschcolor","robots":{"index":"index","follow":"follow","max-snippet":"max-snippet:-1","max-image-preview":"max-image-preview:large","max-video-preview":"max-video-preview:-1"},"canonical":"https:\/\/deutschcolor.com\/fr\/product\/betogrout-b22\/","og_locale":"en_US","og_type":"article","og_title":"BETOGROUT B22 - Deutschcolor","og_description":"Mortier \u00e0 base de ciment, \u00e0 prise rapide pour l\u2019ancrage des structures m\u00e9talliques.","og_url":"https:\/\/deutschcolor.com\/fr\/product\/betogrout-b22\/","og_site_name":"Deutschcolor","article_publisher":"https:\/\/www.facebook.com\/deltahome.al","article_modified_time":"2025-05-26T10:37:15+00:00","og_image":[{"width":1000,"height":1000,"url":"https:\/\/deutschcolor.com\/fr\/wp-content\/uploads\/2019\/05\/Betogrout-B22-min.png","type":"image\/png"}],"twitter_card":"summary_large_image","twitter_misc":{"Est. reading time":"1 minute"},"schema":{"@context":"https:\/\/schema.org","@graph":[{"@type":"WebPage","@id":"https:\/\/deutschcolor.com\/fr\/product\/betogrout-b22\/","url":"https:\/\/deutschcolor.com\/fr\/product\/betogrout-b22\/","name":"BETOGROUT B22 - Deutschcolor","isPartOf":{"@id":"https:\/\/deutschcolor.com\/fr\/#website"},"primaryImageOfPage":{"@id":"https:\/\/deutschcolor.com\/fr\/product\/betogrout-b22\/#primaryimage"},"image":{"@id":"https:\/\/deutschcolor.com\/fr\/product\/betogrout-b22\/#primaryimage"},"thumbnailUrl":"https:\/\/deutschcolor.com\/fr\/wp-content\/uploads\/2019\/05\/Betogrout-B22-min.png","datePublished":"2019-05-07T16:37:57+00:00","dateModified":"2025-05-26T10:37:15+00:00","breadcrumb":{"@id":"https:\/\/deutschcolor.com\/fr\/product\/betogrout-b22\/#breadcrumb"},"inLanguage":"en-US","potentialAction":[{"@type":"ReadAction","target":["https:\/\/deutschcolor.com\/fr\/product\/betogrout-b22\/"]}]},{"@type":"ImageObject","inLanguage":"en-US","@id":"https:\/\/deutschcolor.com\/fr\/product\/betogrout-b22\/#primaryimage","url":"https:\/\/deutschcolor.com\/fr\/wp-content\/uploads\/2019\/05\/Betogrout-B22-min.png","contentUrl":"https:\/\/deutschcolor.com\/fr\/wp-content\/uploads\/2019\/05\/Betogrout-B22-min.png","width":1000,"height":1000},{"@type":"BreadcrumbList","@id":"https:\/\/deutschcolor.com\/fr\/product\/betogrout-b22\/#breadcrumb","itemListElement":[{"@type":"ListItem","position":1,"name":"Home","item":"https:\/\/deutschcolor.com\/fr\/"},{"@type":"ListItem","position":2,"name":"SHOP","item":"https:\/\/deutschcolor.com\/fr\/shop\/"},{"@type":"ListItem","position":3,"name":"BETOGROUT B22"}]},{"@type":"WebSite","@id":"https:\/\/deutschcolor.com\/fr\/#website","url":"https:\/\/deutschcolor.com\/fr\/","name":"Deutschcolor","description":"Deutschcolor Tunisia","publisher":{"@id":"https:\/\/deutschcolor.com\/fr\/#organization"},"potentialAction":[{"@type":"SearchAction","target":{"@type":"EntryPoint","urlTemplate":"https:\/\/deutschcolor.com\/fr\/?s={search_term_string}"},"query-input":{"@type":"PropertyValueSpecification","valueRequired":true,"valueName":"search_term_string"}}],"inLanguage":"en-US"},{"@type":"Organization","@id":"https:\/\/deutschcolor.com\/fr\/#organization","name":"Deutschcolor","url":"https:\/\/deutschcolor.com\/fr\/","logo":{"@type":"ImageObject","inLanguage":"en-US","@id":"https:\/\/deutschcolor.com\/fr\/#\/schema\/logo\/image\/","url":"https:\/\/deutschcolor.com\/fr\/wp-content\/uploads\/2025\/08\/4160px-dc.png","contentUrl":"https:\/\/deutschcolor.com\/fr\/wp-content\/uploads\/2025\/08\/4160px-dc.png","width":4160,"height":689,"caption":"Deutschcolor"},"image":{"@id":"https:\/\/deutschcolor.com\/fr\/#\/schema\/logo\/image\/"},"sameAs":["https:\/\/www.facebook.com\/deltahome.al"]}]}},"_links":{"self":[{"href":"https:\/\/deutschcolor.com\/fr\/wp-json\/wp\/v2\/product\/23882","targetHints":{"allow":["GET"]}}],"collection":[{"href":"https:\/\/deutschcolor.com\/fr\/wp-json\/wp\/v2\/product"}],"about":[{"href":"https:\/\/deutschcolor.com\/fr\/wp-json\/wp\/v2\/types\/product"}],"wp:featuredmedia":[{"embeddable":true,"href":"https:\/\/deutschcolor.com\/fr\/wp-json\/wp\/v2\/media\/24741"}],"wp:attachment":[{"href":"https:\/\/deutschcolor.com\/fr\/wp-json\/wp\/v2\/media?parent=23882"}],"curies":[{"name":"wp","href":"https:\/\/api.w.org\/{rel}","templated":true}]}}