{"id":23889,"date":"2019-05-07T16:45:21","date_gmt":"2019-05-07T16:45:21","guid":{"rendered":"https:\/\/deutschcolor.com\/fr\/?post_type=product&#038;p=23889"},"modified":"2025-05-26T12:21:30","modified_gmt":"2025-05-26T12:21:30","slug":"epodur-m10","status":"publish","type":"product","link":"https:\/\/deutschcolor.com\/fr\/product\/epodur-m10\/","title":{"rendered":"EPODUR M10"},"content":{"rendered":"<p><strong>Caracteristiques<\/strong><br \/>\nLa fluidit\u00e9 de EPODUR M10 permet la r\u00e9paration des petites fissures. Il pr\u00e9sente une forte adh\u00e9rence aux b\u00e9tons arm\u00e9s et aciers. Il est caract\u00e9ris\u00e9 par une r\u00e9sistance \u00e9lev\u00e9e \u00e0 la compression et la flexion et aux acides. Les alcalis, le gel et l\u2019humidit\u00e9 n\u2019ont pas d\u2019effet sur le produit.<\/p>\n<p><strong>Champ d\u2019application<\/strong><br \/>\nEPODUR M3 sert pour la r\u00e9paration par injection des fissures larges de 1 \u00e0 3mm pr\u00e9sentes sur le b\u00e9ton. Il est recommand\u00e9 pour la r\u00e9paration des fissures sur les ponts, tunnels, barrages, colonnes et poutres qui craquent par surcharge ou en raison de tremblements de terre ou autres.<br \/>\nIl garantit une r\u00e9habilitation compl\u00e8te, en rendant sa compacit\u00e9 initiale \u00e0 l\u2019\u00e9l\u00e9ment de construction. Il est ad\u00e9quat pour assurer l\u2019adh\u00e9rence entre le nouveau b\u00e9ton et le b\u00e9ton existant.<br \/>\nIl offre l\u2019unique solution pour l\u2019ancrage ult\u00e9rieur d\u2019armatures m\u00e9talliques dans les surfaces horizontales ou verticales en b\u00e9ton arm\u00e9. Il permet le collage de mat\u00e9riaux similaires ou diff\u00e9rents \u00e0 l\u2019exception du poly\u00e9thyl\u00e8ne et du t\u00e9flon, en offrant une dynamique d\u2019adh\u00e9rence tr\u00e8s puissante.<\/p>\n<p>###<\/p>\n<p><strong>Duree de vie &#8211; stockage<\/strong><br \/>\n24 mois \u00e0 compter de la date de fabrication, si stock\u00e9 en emballage bien ferm\u00e9, dans un endroit sec \u00e0 des temp\u00e9ratures au dessus de +10\u00b0C.<\/p>\n<p><strong>Conditionnnement<\/strong><br \/>\nEPODUR M10 est fourni dans un emballage de 1 Kg et 4 Kg<\/p>\n","protected":false},"excerpt":{"rendered":"<p>R\u00e9sine \u00e9poxy bi-composant sans solvant pour injection. Liquide mince \u00e0 retrait nul.<\/p>\n","protected":false},"featured_media":24749,"template":"","meta":[],"class_list":["post-23889","product","type-product","status-publish","has-post-thumbnail","hentry","product_cat-mortiers","product_cat-produits-pour-injection-et-ancrages"],"yoast_head":"<!-- This site is optimized with the Yoast SEO plugin v25.7 - https:\/\/yoast.com\/wordpress\/plugins\/seo\/ -->\n<title>EPODUR M10 - Deutschcolor<\/title>\n<meta name=\"robots\" content=\"index, follow, max-snippet:-1, max-image-preview:large, max-video-preview:-1\" \/>\n<link rel=\"canonical\" href=\"https:\/\/deutschcolor.com\/fr\/product\/epodur-m10\/\" \/>\n<meta property=\"og:locale\" content=\"en_US\" \/>\n<meta property=\"og:type\" content=\"article\" \/>\n<meta property=\"og:title\" content=\"EPODUR M10 - Deutschcolor\" \/>\n<meta property=\"og:description\" content=\"R\u00e9sine \u00e9poxy bi-composant sans solvant pour injection. Liquide mince \u00e0 retrait nul.\" \/>\n<meta property=\"og:url\" content=\"https:\/\/deutschcolor.com\/fr\/product\/epodur-m10\/\" \/>\n<meta property=\"og:site_name\" content=\"Deutschcolor\" \/>\n<meta property=\"article:publisher\" content=\"https:\/\/www.facebook.com\/deltahome.al\" \/>\n<meta property=\"article:modified_time\" content=\"2025-05-26T12:21:30+00:00\" \/>\n<meta property=\"og:image\" content=\"https:\/\/deutschcolor.com\/fr\/wp-content\/uploads\/2019\/05\/EPODUR-M10-A-min-1.png\" \/>\n\t<meta property=\"og:image:width\" content=\"1000\" \/>\n\t<meta property=\"og:image:height\" content=\"1000\" \/>\n\t<meta property=\"og:image:type\" content=\"image\/png\" \/>\n<meta name=\"twitter:card\" content=\"summary_large_image\" \/>\n<meta name=\"twitter:label1\" content=\"Est. reading time\" \/>\n\t<meta name=\"twitter:data1\" content=\"1 minute\" \/>\n<script type=\"application\/ld+json\" class=\"yoast-schema-graph\">{\"@context\":\"https:\/\/schema.org\",\"@graph\":[{\"@type\":\"WebPage\",\"@id\":\"https:\/\/deutschcolor.com\/fr\/product\/epodur-m10\/\",\"url\":\"https:\/\/deutschcolor.com\/fr\/product\/epodur-m10\/\",\"name\":\"EPODUR M10 - Deutschcolor\",\"isPartOf\":{\"@id\":\"https:\/\/deutschcolor.com\/fr\/#website\"},\"primaryImageOfPage\":{\"@id\":\"https:\/\/deutschcolor.com\/fr\/product\/epodur-m10\/#primaryimage\"},\"image\":{\"@id\":\"https:\/\/deutschcolor.com\/fr\/product\/epodur-m10\/#primaryimage\"},\"thumbnailUrl\":\"https:\/\/deutschcolor.com\/fr\/wp-content\/uploads\/2019\/05\/EPODUR-M10-A-min-1.png\",\"datePublished\":\"2019-05-07T16:45:21+00:00\",\"dateModified\":\"2025-05-26T12:21:30+00:00\",\"breadcrumb\":{\"@id\":\"https:\/\/deutschcolor.com\/fr\/product\/epodur-m10\/#breadcrumb\"},\"inLanguage\":\"en-US\",\"potentialAction\":[{\"@type\":\"ReadAction\",\"target\":[\"https:\/\/deutschcolor.com\/fr\/product\/epodur-m10\/\"]}]},{\"@type\":\"ImageObject\",\"inLanguage\":\"en-US\",\"@id\":\"https:\/\/deutschcolor.com\/fr\/product\/epodur-m10\/#primaryimage\",\"url\":\"https:\/\/deutschcolor.com\/fr\/wp-content\/uploads\/2019\/05\/EPODUR-M10-A-min-1.png\",\"contentUrl\":\"https:\/\/deutschcolor.com\/fr\/wp-content\/uploads\/2019\/05\/EPODUR-M10-A-min-1.png\",\"width\":1000,\"height\":1000},{\"@type\":\"BreadcrumbList\",\"@id\":\"https:\/\/deutschcolor.com\/fr\/product\/epodur-m10\/#breadcrumb\",\"itemListElement\":[{\"@type\":\"ListItem\",\"position\":1,\"name\":\"Home\",\"item\":\"https:\/\/deutschcolor.com\/fr\/\"},{\"@type\":\"ListItem\",\"position\":2,\"name\":\"SHOP\",\"item\":\"https:\/\/deutschcolor.com\/fr\/shop\/\"},{\"@type\":\"ListItem\",\"position\":3,\"name\":\"EPODUR M10\"}]},{\"@type\":\"WebSite\",\"@id\":\"https:\/\/deutschcolor.com\/fr\/#website\",\"url\":\"https:\/\/deutschcolor.com\/fr\/\",\"name\":\"Deutschcolor\",\"description\":\"Deutschcolor Tunisia\",\"publisher\":{\"@id\":\"https:\/\/deutschcolor.com\/fr\/#organization\"},\"potentialAction\":[{\"@type\":\"SearchAction\",\"target\":{\"@type\":\"EntryPoint\",\"urlTemplate\":\"https:\/\/deutschcolor.com\/fr\/?s={search_term_string}\"},\"query-input\":{\"@type\":\"PropertyValueSpecification\",\"valueRequired\":true,\"valueName\":\"search_term_string\"}}],\"inLanguage\":\"en-US\"},{\"@type\":\"Organization\",\"@id\":\"https:\/\/deutschcolor.com\/fr\/#organization\",\"name\":\"Deutschcolor\",\"url\":\"https:\/\/deutschcolor.com\/fr\/\",\"logo\":{\"@type\":\"ImageObject\",\"inLanguage\":\"en-US\",\"@id\":\"https:\/\/deutschcolor.com\/fr\/#\/schema\/logo\/image\/\",\"url\":\"https:\/\/deutschcolor.com\/fr\/wp-content\/uploads\/2025\/08\/4160px-dc.png\",\"contentUrl\":\"https:\/\/deutschcolor.com\/fr\/wp-content\/uploads\/2025\/08\/4160px-dc.png\",\"width\":4160,\"height\":689,\"caption\":\"Deutschcolor\"},\"image\":{\"@id\":\"https:\/\/deutschcolor.com\/fr\/#\/schema\/logo\/image\/\"},\"sameAs\":[\"https:\/\/www.facebook.com\/deltahome.al\"]}]}<\/script>\n<!-- \/ Yoast SEO plugin. -->","yoast_head_json":{"title":"EPODUR M10 - Deutschcolor","robots":{"index":"index","follow":"follow","max-snippet":"max-snippet:-1","max-image-preview":"max-image-preview:large","max-video-preview":"max-video-preview:-1"},"canonical":"https:\/\/deutschcolor.com\/fr\/product\/epodur-m10\/","og_locale":"en_US","og_type":"article","og_title":"EPODUR M10 - Deutschcolor","og_description":"R\u00e9sine \u00e9poxy bi-composant sans solvant pour injection. Liquide mince \u00e0 retrait nul.","og_url":"https:\/\/deutschcolor.com\/fr\/product\/epodur-m10\/","og_site_name":"Deutschcolor","article_publisher":"https:\/\/www.facebook.com\/deltahome.al","article_modified_time":"2025-05-26T12:21:30+00:00","og_image":[{"width":1000,"height":1000,"url":"https:\/\/deutschcolor.com\/fr\/wp-content\/uploads\/2019\/05\/EPODUR-M10-A-min-1.png","type":"image\/png"}],"twitter_card":"summary_large_image","twitter_misc":{"Est. reading time":"1 minute"},"schema":{"@context":"https:\/\/schema.org","@graph":[{"@type":"WebPage","@id":"https:\/\/deutschcolor.com\/fr\/product\/epodur-m10\/","url":"https:\/\/deutschcolor.com\/fr\/product\/epodur-m10\/","name":"EPODUR M10 - Deutschcolor","isPartOf":{"@id":"https:\/\/deutschcolor.com\/fr\/#website"},"primaryImageOfPage":{"@id":"https:\/\/deutschcolor.com\/fr\/product\/epodur-m10\/#primaryimage"},"image":{"@id":"https:\/\/deutschcolor.com\/fr\/product\/epodur-m10\/#primaryimage"},"thumbnailUrl":"https:\/\/deutschcolor.com\/fr\/wp-content\/uploads\/2019\/05\/EPODUR-M10-A-min-1.png","datePublished":"2019-05-07T16:45:21+00:00","dateModified":"2025-05-26T12:21:30+00:00","breadcrumb":{"@id":"https:\/\/deutschcolor.com\/fr\/product\/epodur-m10\/#breadcrumb"},"inLanguage":"en-US","potentialAction":[{"@type":"ReadAction","target":["https:\/\/deutschcolor.com\/fr\/product\/epodur-m10\/"]}]},{"@type":"ImageObject","inLanguage":"en-US","@id":"https:\/\/deutschcolor.com\/fr\/product\/epodur-m10\/#primaryimage","url":"https:\/\/deutschcolor.com\/fr\/wp-content\/uploads\/2019\/05\/EPODUR-M10-A-min-1.png","contentUrl":"https:\/\/deutschcolor.com\/fr\/wp-content\/uploads\/2019\/05\/EPODUR-M10-A-min-1.png","width":1000,"height":1000},{"@type":"BreadcrumbList","@id":"https:\/\/deutschcolor.com\/fr\/product\/epodur-m10\/#breadcrumb","itemListElement":[{"@type":"ListItem","position":1,"name":"Home","item":"https:\/\/deutschcolor.com\/fr\/"},{"@type":"ListItem","position":2,"name":"SHOP","item":"https:\/\/deutschcolor.com\/fr\/shop\/"},{"@type":"ListItem","position":3,"name":"EPODUR M10"}]},{"@type":"WebSite","@id":"https:\/\/deutschcolor.com\/fr\/#website","url":"https:\/\/deutschcolor.com\/fr\/","name":"Deutschcolor","description":"Deutschcolor Tunisia","publisher":{"@id":"https:\/\/deutschcolor.com\/fr\/#organization"},"potentialAction":[{"@type":"SearchAction","target":{"@type":"EntryPoint","urlTemplate":"https:\/\/deutschcolor.com\/fr\/?s={search_term_string}"},"query-input":{"@type":"PropertyValueSpecification","valueRequired":true,"valueName":"search_term_string"}}],"inLanguage":"en-US"},{"@type":"Organization","@id":"https:\/\/deutschcolor.com\/fr\/#organization","name":"Deutschcolor","url":"https:\/\/deutschcolor.com\/fr\/","logo":{"@type":"ImageObject","inLanguage":"en-US","@id":"https:\/\/deutschcolor.com\/fr\/#\/schema\/logo\/image\/","url":"https:\/\/deutschcolor.com\/fr\/wp-content\/uploads\/2025\/08\/4160px-dc.png","contentUrl":"https:\/\/deutschcolor.com\/fr\/wp-content\/uploads\/2025\/08\/4160px-dc.png","width":4160,"height":689,"caption":"Deutschcolor"},"image":{"@id":"https:\/\/deutschcolor.com\/fr\/#\/schema\/logo\/image\/"},"sameAs":["https:\/\/www.facebook.com\/deltahome.al"]}]}},"_links":{"self":[{"href":"https:\/\/deutschcolor.com\/fr\/wp-json\/wp\/v2\/product\/23889","targetHints":{"allow":["GET"]}}],"collection":[{"href":"https:\/\/deutschcolor.com\/fr\/wp-json\/wp\/v2\/product"}],"about":[{"href":"https:\/\/deutschcolor.com\/fr\/wp-json\/wp\/v2\/types\/product"}],"wp:featuredmedia":[{"embeddable":true,"href":"https:\/\/deutschcolor.com\/fr\/wp-json\/wp\/v2\/media\/24749"}],"wp:attachment":[{"href":"https:\/\/deutschcolor.com\/fr\/wp-json\/wp\/v2\/media?parent=23889"}],"curies":[{"name":"wp","href":"https:\/\/api.w.org\/{rel}","templated":true}]}}