{"id":23890,"date":"2019-05-07T16:50:37","date_gmt":"2019-05-07T16:50:37","guid":{"rendered":"https:\/\/deutschcolor.com\/fr\/?post_type=product&#038;p=23890"},"modified":"2025-05-26T12:14:27","modified_gmt":"2025-05-26T12:14:27","slug":"epo-anchor","status":"publish","type":"product","link":"https:\/\/deutschcolor.com\/fr\/product\/epo-anchor\/","title":{"rendered":"EPO ANCHOR"},"content":{"rendered":"<p><strong>Description<\/strong><br \/>\nEPO ANCHOR, colle \u00e0 carrelage bi-composante qui ne contient pas de solvant. Elle se caract\u00e9rise d\u2019une grande r\u00e9sistance \u00e0 la compression, \u00e0 la flexion et la force adh\u00e9sive. EPO ANCHOR est r\u00e9sistant aux plusieurs acides, alcalis, aux agents corrosifs pour le b\u00e9ton, aux agents de nettoyage, l\u2019eau de mer et l\u2019eau sal\u00e9e. Le produit est caract\u00e9ris\u00e9 par une excellente maniabilit\u00e9 et les outils de travail peuvent se nettoyer facilement avec de l\u2019eau avant que le produit soit durci.<\/p>\n<p><strong>Champ d\u2019application<\/strong><br \/>\nEPO ANCHOR s\u2019applique \u00e0 des environnements n\u00e9cessitant une force \u00e9lev\u00e9e aux charges m\u00e9caniques et de r\u00e9sistance aux agents chimiques. Le produit est utilis\u00e9 pour le collage des materiaux de construction en milieux industriels. Le produit s`utilise pour le collage des membranes TPE dans les joints de dilatation en resistant aux pressions n\u00e9gatives et positives.<\/p>\n<p>###<\/p>\n<p><strong>Conditionnnement<\/strong><br \/>\nEPODUR ANCHOR est fourni dans un emballage de 1 Kg (A+B) et 5 Kg (A+B)<\/p>\n<p><strong>Duree de vie &#8211; stockage<\/strong><br \/>\n24 mois en emballage d\u2019origine, non ouvert, dans un environnement normal, prot\u00e9g\u00e9 de l\u2019humidit\u00e9 et de l\u2019exposition directe aux rayons du soleil.<br \/>\nTemp\u00e9rature de stockage recommand\u00e9e entre +5\u00b0C et +35\u00b0C.<\/p>\n","protected":false},"excerpt":{"rendered":"<p>Colle universelle \u00e0 base \u00e9poxyde.<\/p>\n","protected":false},"featured_media":24750,"template":"","meta":[],"class_list":["post-23890","product","type-product","status-publish","has-post-thumbnail","hentry","product_cat-mortiers","product_cat-produits-pour-injection-et-ancrages"],"yoast_head":"<!-- This site is optimized with the Yoast SEO plugin v25.7 - https:\/\/yoast.com\/wordpress\/plugins\/seo\/ -->\n<title>EPO ANCHOR - Deutschcolor<\/title>\n<meta name=\"robots\" content=\"index, follow, max-snippet:-1, max-image-preview:large, max-video-preview:-1\" \/>\n<link rel=\"canonical\" href=\"https:\/\/deutschcolor.com\/fr\/product\/epo-anchor\/\" \/>\n<meta property=\"og:locale\" content=\"en_US\" \/>\n<meta property=\"og:type\" content=\"article\" \/>\n<meta property=\"og:title\" content=\"EPO ANCHOR - Deutschcolor\" \/>\n<meta property=\"og:description\" content=\"Colle universelle \u00e0 base \u00e9poxyde.\" \/>\n<meta property=\"og:url\" content=\"https:\/\/deutschcolor.com\/fr\/product\/epo-anchor\/\" \/>\n<meta property=\"og:site_name\" content=\"Deutschcolor\" \/>\n<meta property=\"article:publisher\" content=\"https:\/\/www.facebook.com\/deltahome.al\" \/>\n<meta property=\"article:modified_time\" content=\"2025-05-26T12:14:27+00:00\" \/>\n<meta property=\"og:image\" content=\"https:\/\/deutschcolor.com\/fr\/wp-content\/uploads\/2019\/05\/Epo-Anchor-min.png\" \/>\n\t<meta property=\"og:image:width\" content=\"1000\" \/>\n\t<meta property=\"og:image:height\" content=\"1000\" \/>\n\t<meta property=\"og:image:type\" content=\"image\/png\" \/>\n<meta name=\"twitter:card\" content=\"summary_large_image\" \/>\n<meta name=\"twitter:label1\" content=\"Est. reading time\" \/>\n\t<meta name=\"twitter:data1\" content=\"1 minute\" \/>\n<script type=\"application\/ld+json\" class=\"yoast-schema-graph\">{\"@context\":\"https:\/\/schema.org\",\"@graph\":[{\"@type\":\"WebPage\",\"@id\":\"https:\/\/deutschcolor.com\/fr\/product\/epo-anchor\/\",\"url\":\"https:\/\/deutschcolor.com\/fr\/product\/epo-anchor\/\",\"name\":\"EPO ANCHOR - Deutschcolor\",\"isPartOf\":{\"@id\":\"https:\/\/deutschcolor.com\/fr\/#website\"},\"primaryImageOfPage\":{\"@id\":\"https:\/\/deutschcolor.com\/fr\/product\/epo-anchor\/#primaryimage\"},\"image\":{\"@id\":\"https:\/\/deutschcolor.com\/fr\/product\/epo-anchor\/#primaryimage\"},\"thumbnailUrl\":\"https:\/\/deutschcolor.com\/fr\/wp-content\/uploads\/2019\/05\/Epo-Anchor-min.png\",\"datePublished\":\"2019-05-07T16:50:37+00:00\",\"dateModified\":\"2025-05-26T12:14:27+00:00\",\"breadcrumb\":{\"@id\":\"https:\/\/deutschcolor.com\/fr\/product\/epo-anchor\/#breadcrumb\"},\"inLanguage\":\"en-US\",\"potentialAction\":[{\"@type\":\"ReadAction\",\"target\":[\"https:\/\/deutschcolor.com\/fr\/product\/epo-anchor\/\"]}]},{\"@type\":\"ImageObject\",\"inLanguage\":\"en-US\",\"@id\":\"https:\/\/deutschcolor.com\/fr\/product\/epo-anchor\/#primaryimage\",\"url\":\"https:\/\/deutschcolor.com\/fr\/wp-content\/uploads\/2019\/05\/Epo-Anchor-min.png\",\"contentUrl\":\"https:\/\/deutschcolor.com\/fr\/wp-content\/uploads\/2019\/05\/Epo-Anchor-min.png\",\"width\":1000,\"height\":1000},{\"@type\":\"BreadcrumbList\",\"@id\":\"https:\/\/deutschcolor.com\/fr\/product\/epo-anchor\/#breadcrumb\",\"itemListElement\":[{\"@type\":\"ListItem\",\"position\":1,\"name\":\"Home\",\"item\":\"https:\/\/deutschcolor.com\/fr\/\"},{\"@type\":\"ListItem\",\"position\":2,\"name\":\"SHOP\",\"item\":\"https:\/\/deutschcolor.com\/fr\/shop\/\"},{\"@type\":\"ListItem\",\"position\":3,\"name\":\"EPO ANCHOR\"}]},{\"@type\":\"WebSite\",\"@id\":\"https:\/\/deutschcolor.com\/fr\/#website\",\"url\":\"https:\/\/deutschcolor.com\/fr\/\",\"name\":\"Deutschcolor\",\"description\":\"Deutschcolor Tunisia\",\"publisher\":{\"@id\":\"https:\/\/deutschcolor.com\/fr\/#organization\"},\"potentialAction\":[{\"@type\":\"SearchAction\",\"target\":{\"@type\":\"EntryPoint\",\"urlTemplate\":\"https:\/\/deutschcolor.com\/fr\/?s={search_term_string}\"},\"query-input\":{\"@type\":\"PropertyValueSpecification\",\"valueRequired\":true,\"valueName\":\"search_term_string\"}}],\"inLanguage\":\"en-US\"},{\"@type\":\"Organization\",\"@id\":\"https:\/\/deutschcolor.com\/fr\/#organization\",\"name\":\"Deutschcolor\",\"url\":\"https:\/\/deutschcolor.com\/fr\/\",\"logo\":{\"@type\":\"ImageObject\",\"inLanguage\":\"en-US\",\"@id\":\"https:\/\/deutschcolor.com\/fr\/#\/schema\/logo\/image\/\",\"url\":\"https:\/\/deutschcolor.com\/fr\/wp-content\/uploads\/2025\/08\/4160px-dc.png\",\"contentUrl\":\"https:\/\/deutschcolor.com\/fr\/wp-content\/uploads\/2025\/08\/4160px-dc.png\",\"width\":4160,\"height\":689,\"caption\":\"Deutschcolor\"},\"image\":{\"@id\":\"https:\/\/deutschcolor.com\/fr\/#\/schema\/logo\/image\/\"},\"sameAs\":[\"https:\/\/www.facebook.com\/deltahome.al\"]}]}<\/script>\n<!-- \/ Yoast SEO plugin. -->","yoast_head_json":{"title":"EPO ANCHOR - Deutschcolor","robots":{"index":"index","follow":"follow","max-snippet":"max-snippet:-1","max-image-preview":"max-image-preview:large","max-video-preview":"max-video-preview:-1"},"canonical":"https:\/\/deutschcolor.com\/fr\/product\/epo-anchor\/","og_locale":"en_US","og_type":"article","og_title":"EPO ANCHOR - Deutschcolor","og_description":"Colle universelle \u00e0 base \u00e9poxyde.","og_url":"https:\/\/deutschcolor.com\/fr\/product\/epo-anchor\/","og_site_name":"Deutschcolor","article_publisher":"https:\/\/www.facebook.com\/deltahome.al","article_modified_time":"2025-05-26T12:14:27+00:00","og_image":[{"width":1000,"height":1000,"url":"https:\/\/deutschcolor.com\/fr\/wp-content\/uploads\/2019\/05\/Epo-Anchor-min.png","type":"image\/png"}],"twitter_card":"summary_large_image","twitter_misc":{"Est. reading time":"1 minute"},"schema":{"@context":"https:\/\/schema.org","@graph":[{"@type":"WebPage","@id":"https:\/\/deutschcolor.com\/fr\/product\/epo-anchor\/","url":"https:\/\/deutschcolor.com\/fr\/product\/epo-anchor\/","name":"EPO ANCHOR - Deutschcolor","isPartOf":{"@id":"https:\/\/deutschcolor.com\/fr\/#website"},"primaryImageOfPage":{"@id":"https:\/\/deutschcolor.com\/fr\/product\/epo-anchor\/#primaryimage"},"image":{"@id":"https:\/\/deutschcolor.com\/fr\/product\/epo-anchor\/#primaryimage"},"thumbnailUrl":"https:\/\/deutschcolor.com\/fr\/wp-content\/uploads\/2019\/05\/Epo-Anchor-min.png","datePublished":"2019-05-07T16:50:37+00:00","dateModified":"2025-05-26T12:14:27+00:00","breadcrumb":{"@id":"https:\/\/deutschcolor.com\/fr\/product\/epo-anchor\/#breadcrumb"},"inLanguage":"en-US","potentialAction":[{"@type":"ReadAction","target":["https:\/\/deutschcolor.com\/fr\/product\/epo-anchor\/"]}]},{"@type":"ImageObject","inLanguage":"en-US","@id":"https:\/\/deutschcolor.com\/fr\/product\/epo-anchor\/#primaryimage","url":"https:\/\/deutschcolor.com\/fr\/wp-content\/uploads\/2019\/05\/Epo-Anchor-min.png","contentUrl":"https:\/\/deutschcolor.com\/fr\/wp-content\/uploads\/2019\/05\/Epo-Anchor-min.png","width":1000,"height":1000},{"@type":"BreadcrumbList","@id":"https:\/\/deutschcolor.com\/fr\/product\/epo-anchor\/#breadcrumb","itemListElement":[{"@type":"ListItem","position":1,"name":"Home","item":"https:\/\/deutschcolor.com\/fr\/"},{"@type":"ListItem","position":2,"name":"SHOP","item":"https:\/\/deutschcolor.com\/fr\/shop\/"},{"@type":"ListItem","position":3,"name":"EPO ANCHOR"}]},{"@type":"WebSite","@id":"https:\/\/deutschcolor.com\/fr\/#website","url":"https:\/\/deutschcolor.com\/fr\/","name":"Deutschcolor","description":"Deutschcolor Tunisia","publisher":{"@id":"https:\/\/deutschcolor.com\/fr\/#organization"},"potentialAction":[{"@type":"SearchAction","target":{"@type":"EntryPoint","urlTemplate":"https:\/\/deutschcolor.com\/fr\/?s={search_term_string}"},"query-input":{"@type":"PropertyValueSpecification","valueRequired":true,"valueName":"search_term_string"}}],"inLanguage":"en-US"},{"@type":"Organization","@id":"https:\/\/deutschcolor.com\/fr\/#organization","name":"Deutschcolor","url":"https:\/\/deutschcolor.com\/fr\/","logo":{"@type":"ImageObject","inLanguage":"en-US","@id":"https:\/\/deutschcolor.com\/fr\/#\/schema\/logo\/image\/","url":"https:\/\/deutschcolor.com\/fr\/wp-content\/uploads\/2025\/08\/4160px-dc.png","contentUrl":"https:\/\/deutschcolor.com\/fr\/wp-content\/uploads\/2025\/08\/4160px-dc.png","width":4160,"height":689,"caption":"Deutschcolor"},"image":{"@id":"https:\/\/deutschcolor.com\/fr\/#\/schema\/logo\/image\/"},"sameAs":["https:\/\/www.facebook.com\/deltahome.al"]}]}},"_links":{"self":[{"href":"https:\/\/deutschcolor.com\/fr\/wp-json\/wp\/v2\/product\/23890","targetHints":{"allow":["GET"]}}],"collection":[{"href":"https:\/\/deutschcolor.com\/fr\/wp-json\/wp\/v2\/product"}],"about":[{"href":"https:\/\/deutschcolor.com\/fr\/wp-json\/wp\/v2\/types\/product"}],"wp:featuredmedia":[{"embeddable":true,"href":"https:\/\/deutschcolor.com\/fr\/wp-json\/wp\/v2\/media\/24750"}],"wp:attachment":[{"href":"https:\/\/deutschcolor.com\/fr\/wp-json\/wp\/v2\/media?parent=23890"}],"curies":[{"name":"wp","href":"https:\/\/api.w.org\/{rel}","templated":true}]}}