{"id":23893,"date":"2019-05-07T17:05:43","date_gmt":"2019-05-07T17:05:43","guid":{"rendered":"https:\/\/deutschcolor.com\/fr\/?post_type=product&#038;p=23893"},"modified":"2025-05-26T12:13:49","modified_gmt":"2025-05-26T12:13:49","slug":"dcw-200","status":"publish","type":"product","link":"https:\/\/deutschcolor.com\/fr\/product\/dcw-200\/","title":{"rendered":"DCW 200"},"content":{"rendered":"<p><strong>Description<\/strong><br \/>\n&#8211; Fibres de carbone unidirectionnelles.<br \/>\n&#8211; En association avec DCW 200 , il forme un mat\u00e9riau composite.<br \/>\n&#8211; Renforcement externe des \u00e9l\u00e9ments tructuraux tout en permettant la perm\u00e9abilit\u00e9 aux vapeurs.<br \/>\n&#8211; Hautes r\u00e9sistances d\u2019\u00e9lasticit\u00e9 et d\u2019isolation.<\/p>\n<p><strong>Champ d\u2019application<\/strong><br \/>\nLe tissu de carbone DCW 200 sert pour le renforcement en ext\u00e9rieur :<br \/>\n&#8211; Collage et adh\u00e9rence en ext\u00e9rieur d\u2019\u00e9l\u00e9ments structuraux en combinaison avec la r\u00e9sine \u00e9poxy DCW 200.<br \/>\n&#8211; Augmentation les r\u00e9sistances m\u00e9caniques des poutres et colonnes en b\u00e9ton.<br \/>\n&#8211; Am\u00e9lioration de la connexion des colonnes en :<br \/>\n&#8211; Renfor\u00e7ant les structures pour les doter d\u2019une r\u00e9sistance \u00e9lev\u00e9e aux mouvements sismiques.<br \/>\n&#8211; Protection et renforcement de la r\u00e9sistance des \u00e9l\u00e9ments en b\u00e9ton contre la corrosion.<br \/>\n&#8211; R\u00e9paration des structures en b\u00e9ton endommag\u00e9es suite \u00e0 des tremblements de terre.<br \/>\n&#8211; Utilisation des mat\u00e9riaux composite pour le renforcement du b\u00e9ton, du bois, de l\u2019acier et des murs de sout\u00e8nement.<\/p>\n<p>###<\/p>\n<p><strong>Conditionnnement<\/strong><br \/>\nDCW 200, tissu de fibres de carbone est disponible en rouleaux de 50 m de longueur et 1m de largeur.<\/p>\n<p><strong>Emballage<\/strong><br \/>\nRouleau de 50 Ml.<\/p>\n","protected":false},"excerpt":{"rendered":"<p>Tissu en fibres de carbone, pour renforcement structurel des b\u00e2timents dans les zones sismiques.<\/p>\n","protected":false},"featured_media":24752,"template":"","meta":[],"class_list":["post-23893","product","type-product","status-publish","has-post-thumbnail","hentry","product_cat-mortiers","product_cat-produits-de-renforcement-structurel-pour-le-beton"],"yoast_head":"<!-- This site is optimized with the Yoast SEO plugin v25.7 - https:\/\/yoast.com\/wordpress\/plugins\/seo\/ -->\n<title>DCW 200 - Deutschcolor<\/title>\n<meta name=\"robots\" content=\"index, follow, max-snippet:-1, max-image-preview:large, max-video-preview:-1\" \/>\n<link rel=\"canonical\" href=\"https:\/\/deutschcolor.com\/fr\/product\/dcw-200\/\" \/>\n<meta property=\"og:locale\" content=\"en_US\" \/>\n<meta property=\"og:type\" content=\"article\" \/>\n<meta property=\"og:title\" content=\"DCW 200 - Deutschcolor\" \/>\n<meta property=\"og:description\" content=\"Tissu en fibres de carbone, pour renforcement structurel des b\u00e2timents dans les zones sismiques.\" \/>\n<meta property=\"og:url\" content=\"https:\/\/deutschcolor.com\/fr\/product\/dcw-200\/\" \/>\n<meta property=\"og:site_name\" content=\"Deutschcolor\" \/>\n<meta property=\"article:publisher\" content=\"https:\/\/www.facebook.com\/deltahome.al\" \/>\n<meta property=\"article:modified_time\" content=\"2025-05-26T12:13:49+00:00\" \/>\n<meta property=\"og:image\" content=\"https:\/\/deutschcolor.com\/fr\/wp-content\/uploads\/2019\/05\/DCW-200-min.png\" \/>\n\t<meta property=\"og:image:width\" content=\"1000\" \/>\n\t<meta property=\"og:image:height\" content=\"1000\" \/>\n\t<meta property=\"og:image:type\" content=\"image\/png\" \/>\n<meta name=\"twitter:card\" content=\"summary_large_image\" \/>\n<meta name=\"twitter:label1\" content=\"Est. reading time\" \/>\n\t<meta name=\"twitter:data1\" content=\"1 minute\" \/>\n<script type=\"application\/ld+json\" class=\"yoast-schema-graph\">{\"@context\":\"https:\/\/schema.org\",\"@graph\":[{\"@type\":\"WebPage\",\"@id\":\"https:\/\/deutschcolor.com\/fr\/product\/dcw-200\/\",\"url\":\"https:\/\/deutschcolor.com\/fr\/product\/dcw-200\/\",\"name\":\"DCW 200 - Deutschcolor\",\"isPartOf\":{\"@id\":\"https:\/\/deutschcolor.com\/fr\/#website\"},\"primaryImageOfPage\":{\"@id\":\"https:\/\/deutschcolor.com\/fr\/product\/dcw-200\/#primaryimage\"},\"image\":{\"@id\":\"https:\/\/deutschcolor.com\/fr\/product\/dcw-200\/#primaryimage\"},\"thumbnailUrl\":\"https:\/\/deutschcolor.com\/fr\/wp-content\/uploads\/2019\/05\/DCW-200-min.png\",\"datePublished\":\"2019-05-07T17:05:43+00:00\",\"dateModified\":\"2025-05-26T12:13:49+00:00\",\"breadcrumb\":{\"@id\":\"https:\/\/deutschcolor.com\/fr\/product\/dcw-200\/#breadcrumb\"},\"inLanguage\":\"en-US\",\"potentialAction\":[{\"@type\":\"ReadAction\",\"target\":[\"https:\/\/deutschcolor.com\/fr\/product\/dcw-200\/\"]}]},{\"@type\":\"ImageObject\",\"inLanguage\":\"en-US\",\"@id\":\"https:\/\/deutschcolor.com\/fr\/product\/dcw-200\/#primaryimage\",\"url\":\"https:\/\/deutschcolor.com\/fr\/wp-content\/uploads\/2019\/05\/DCW-200-min.png\",\"contentUrl\":\"https:\/\/deutschcolor.com\/fr\/wp-content\/uploads\/2019\/05\/DCW-200-min.png\",\"width\":1000,\"height\":1000},{\"@type\":\"BreadcrumbList\",\"@id\":\"https:\/\/deutschcolor.com\/fr\/product\/dcw-200\/#breadcrumb\",\"itemListElement\":[{\"@type\":\"ListItem\",\"position\":1,\"name\":\"Home\",\"item\":\"https:\/\/deutschcolor.com\/fr\/\"},{\"@type\":\"ListItem\",\"position\":2,\"name\":\"SHOP\",\"item\":\"https:\/\/deutschcolor.com\/fr\/shop\/\"},{\"@type\":\"ListItem\",\"position\":3,\"name\":\"DCW 200\"}]},{\"@type\":\"WebSite\",\"@id\":\"https:\/\/deutschcolor.com\/fr\/#website\",\"url\":\"https:\/\/deutschcolor.com\/fr\/\",\"name\":\"Deutschcolor\",\"description\":\"Deutschcolor Tunisia\",\"publisher\":{\"@id\":\"https:\/\/deutschcolor.com\/fr\/#organization\"},\"potentialAction\":[{\"@type\":\"SearchAction\",\"target\":{\"@type\":\"EntryPoint\",\"urlTemplate\":\"https:\/\/deutschcolor.com\/fr\/?s={search_term_string}\"},\"query-input\":{\"@type\":\"PropertyValueSpecification\",\"valueRequired\":true,\"valueName\":\"search_term_string\"}}],\"inLanguage\":\"en-US\"},{\"@type\":\"Organization\",\"@id\":\"https:\/\/deutschcolor.com\/fr\/#organization\",\"name\":\"Deutschcolor\",\"url\":\"https:\/\/deutschcolor.com\/fr\/\",\"logo\":{\"@type\":\"ImageObject\",\"inLanguage\":\"en-US\",\"@id\":\"https:\/\/deutschcolor.com\/fr\/#\/schema\/logo\/image\/\",\"url\":\"https:\/\/deutschcolor.com\/fr\/wp-content\/uploads\/2025\/08\/4160px-dc.png\",\"contentUrl\":\"https:\/\/deutschcolor.com\/fr\/wp-content\/uploads\/2025\/08\/4160px-dc.png\",\"width\":4160,\"height\":689,\"caption\":\"Deutschcolor\"},\"image\":{\"@id\":\"https:\/\/deutschcolor.com\/fr\/#\/schema\/logo\/image\/\"},\"sameAs\":[\"https:\/\/www.facebook.com\/deltahome.al\"]}]}<\/script>\n<!-- \/ Yoast SEO plugin. -->","yoast_head_json":{"title":"DCW 200 - Deutschcolor","robots":{"index":"index","follow":"follow","max-snippet":"max-snippet:-1","max-image-preview":"max-image-preview:large","max-video-preview":"max-video-preview:-1"},"canonical":"https:\/\/deutschcolor.com\/fr\/product\/dcw-200\/","og_locale":"en_US","og_type":"article","og_title":"DCW 200 - Deutschcolor","og_description":"Tissu en fibres de carbone, pour renforcement structurel des b\u00e2timents dans les zones sismiques.","og_url":"https:\/\/deutschcolor.com\/fr\/product\/dcw-200\/","og_site_name":"Deutschcolor","article_publisher":"https:\/\/www.facebook.com\/deltahome.al","article_modified_time":"2025-05-26T12:13:49+00:00","og_image":[{"width":1000,"height":1000,"url":"https:\/\/deutschcolor.com\/fr\/wp-content\/uploads\/2019\/05\/DCW-200-min.png","type":"image\/png"}],"twitter_card":"summary_large_image","twitter_misc":{"Est. reading time":"1 minute"},"schema":{"@context":"https:\/\/schema.org","@graph":[{"@type":"WebPage","@id":"https:\/\/deutschcolor.com\/fr\/product\/dcw-200\/","url":"https:\/\/deutschcolor.com\/fr\/product\/dcw-200\/","name":"DCW 200 - Deutschcolor","isPartOf":{"@id":"https:\/\/deutschcolor.com\/fr\/#website"},"primaryImageOfPage":{"@id":"https:\/\/deutschcolor.com\/fr\/product\/dcw-200\/#primaryimage"},"image":{"@id":"https:\/\/deutschcolor.com\/fr\/product\/dcw-200\/#primaryimage"},"thumbnailUrl":"https:\/\/deutschcolor.com\/fr\/wp-content\/uploads\/2019\/05\/DCW-200-min.png","datePublished":"2019-05-07T17:05:43+00:00","dateModified":"2025-05-26T12:13:49+00:00","breadcrumb":{"@id":"https:\/\/deutschcolor.com\/fr\/product\/dcw-200\/#breadcrumb"},"inLanguage":"en-US","potentialAction":[{"@type":"ReadAction","target":["https:\/\/deutschcolor.com\/fr\/product\/dcw-200\/"]}]},{"@type":"ImageObject","inLanguage":"en-US","@id":"https:\/\/deutschcolor.com\/fr\/product\/dcw-200\/#primaryimage","url":"https:\/\/deutschcolor.com\/fr\/wp-content\/uploads\/2019\/05\/DCW-200-min.png","contentUrl":"https:\/\/deutschcolor.com\/fr\/wp-content\/uploads\/2019\/05\/DCW-200-min.png","width":1000,"height":1000},{"@type":"BreadcrumbList","@id":"https:\/\/deutschcolor.com\/fr\/product\/dcw-200\/#breadcrumb","itemListElement":[{"@type":"ListItem","position":1,"name":"Home","item":"https:\/\/deutschcolor.com\/fr\/"},{"@type":"ListItem","position":2,"name":"SHOP","item":"https:\/\/deutschcolor.com\/fr\/shop\/"},{"@type":"ListItem","position":3,"name":"DCW 200"}]},{"@type":"WebSite","@id":"https:\/\/deutschcolor.com\/fr\/#website","url":"https:\/\/deutschcolor.com\/fr\/","name":"Deutschcolor","description":"Deutschcolor Tunisia","publisher":{"@id":"https:\/\/deutschcolor.com\/fr\/#organization"},"potentialAction":[{"@type":"SearchAction","target":{"@type":"EntryPoint","urlTemplate":"https:\/\/deutschcolor.com\/fr\/?s={search_term_string}"},"query-input":{"@type":"PropertyValueSpecification","valueRequired":true,"valueName":"search_term_string"}}],"inLanguage":"en-US"},{"@type":"Organization","@id":"https:\/\/deutschcolor.com\/fr\/#organization","name":"Deutschcolor","url":"https:\/\/deutschcolor.com\/fr\/","logo":{"@type":"ImageObject","inLanguage":"en-US","@id":"https:\/\/deutschcolor.com\/fr\/#\/schema\/logo\/image\/","url":"https:\/\/deutschcolor.com\/fr\/wp-content\/uploads\/2025\/08\/4160px-dc.png","contentUrl":"https:\/\/deutschcolor.com\/fr\/wp-content\/uploads\/2025\/08\/4160px-dc.png","width":4160,"height":689,"caption":"Deutschcolor"},"image":{"@id":"https:\/\/deutschcolor.com\/fr\/#\/schema\/logo\/image\/"},"sameAs":["https:\/\/www.facebook.com\/deltahome.al"]}]}},"_links":{"self":[{"href":"https:\/\/deutschcolor.com\/fr\/wp-json\/wp\/v2\/product\/23893","targetHints":{"allow":["GET"]}}],"collection":[{"href":"https:\/\/deutschcolor.com\/fr\/wp-json\/wp\/v2\/product"}],"about":[{"href":"https:\/\/deutschcolor.com\/fr\/wp-json\/wp\/v2\/types\/product"}],"wp:featuredmedia":[{"embeddable":true,"href":"https:\/\/deutschcolor.com\/fr\/wp-json\/wp\/v2\/media\/24752"}],"wp:attachment":[{"href":"https:\/\/deutschcolor.com\/fr\/wp-json\/wp\/v2\/media?parent=23893"}],"curies":[{"name":"wp","href":"https:\/\/api.w.org\/{rel}","templated":true}]}}