{"id":23897,"date":"2019-05-07T17:11:27","date_gmt":"2019-05-07T17:11:27","guid":{"rendered":"https:\/\/deutschcolor.com\/fr\/?post_type=product&#038;p=23897"},"modified":"2025-05-26T12:09:04","modified_gmt":"2025-05-26T12:09:04","slug":"dcs-2k-level","status":"publish","type":"product","link":"https:\/\/deutschcolor.com\/fr\/product\/dcs-2k-level\/","title":{"rendered":"DCS 2K LEVEL"},"content":{"rendered":"<p><strong>Description<\/strong><br \/>\nDCS 2K Level est un mastic \u00e9poxydique bi-composant, sans solvant. Il offre des r\u00e9sistances m\u00e9caniques et chimiques \u00e9lev\u00e9es tels que r\u00e9sistance aux acides, bases, d\u00e9tergents, \u00e0 l\u2019eau de mer et aux variations de temp\u00e9ratures. Il est class\u00e9 comme agent de connexion structurel pour b\u00e9tons et mortiers conform\u00e9ment \u00e0 la norme EN 1504-4.<\/p>\n<p><strong>Champ d\u2019application<\/strong><br \/>\nDCS 2K LEVEL est utlis\u00e9 pour la restauration des fissures sur les murs et le b\u00e9ton, pour les op\u00e9rations d\u2019ancrage ainsi que pour la connexion du b\u00e9ton, de l\u2019acier, de la pierre et du bois dans les cas o\u00f9 on a utilis\u00e9 les produits EPODUR pour la fermeture des crevasses.<\/p>\n<p>###<\/p>\n<p><strong>Duree de vie &#8211; stockage<\/strong><br \/>\n12 mois \u00e0 compter de la date de fabrication, si stock\u00e9 dans l\u2019emballage non ouvert d\u2019origine, \u00e0 des temp\u00e9ratures comprises entre +5\u00b0C et +35\u00b0C.<br \/>\nProt\u00e9gez du gel et de l\u2019exposition directe au soleil.<\/p>\n<p><strong>Consommation<\/strong><br \/>\n1,5 Kg\/m\u00b2\/mm<br \/>\nEmballage : Palette de 60 bidons<\/p>\n<p><strong>Conditionnnement<\/strong>:<br \/>\nEmballage en DCS 2K LEVEL est conditionn\u00e9 en bo\u00eetes de 15 Kg pour le composant A et 5 Kg pour le composant B correspondants aux dosages pr\u00e9d\u00e9termin\u00e9s.<\/p>\n","protected":false},"excerpt":{"rendered":"<p>Mastic \u00e0 base \u00e9poxy, bi-composant<\/p>\n","protected":false},"featured_media":24754,"template":"","meta":[],"class_list":["post-23897","product","type-product","status-publish","has-post-thumbnail","hentry","product_cat-mortiers","product_cat-produits-de-renforcement-structurel-pour-le-beton"],"yoast_head":"<!-- This site is optimized with the Yoast SEO plugin v25.7 - https:\/\/yoast.com\/wordpress\/plugins\/seo\/ -->\n<title>DCS 2K LEVEL - Deutschcolor<\/title>\n<meta name=\"robots\" content=\"index, follow, max-snippet:-1, max-image-preview:large, max-video-preview:-1\" \/>\n<link rel=\"canonical\" href=\"https:\/\/deutschcolor.com\/fr\/product\/dcs-2k-level\/\" \/>\n<meta property=\"og:locale\" content=\"en_US\" \/>\n<meta property=\"og:type\" content=\"article\" \/>\n<meta property=\"og:title\" content=\"DCS 2K LEVEL - Deutschcolor\" \/>\n<meta property=\"og:description\" content=\"Mastic \u00e0 base \u00e9poxy, bi-composant\" \/>\n<meta property=\"og:url\" content=\"https:\/\/deutschcolor.com\/fr\/product\/dcs-2k-level\/\" \/>\n<meta property=\"og:site_name\" content=\"Deutschcolor\" \/>\n<meta property=\"article:publisher\" content=\"https:\/\/www.facebook.com\/deltahome.al\" \/>\n<meta property=\"article:modified_time\" content=\"2025-05-26T12:09:04+00:00\" \/>\n<meta property=\"og:image\" content=\"https:\/\/deutschcolor.com\/fr\/wp-content\/uploads\/2019\/05\/DCS-2K-LEVEL-min.png\" \/>\n\t<meta property=\"og:image:width\" content=\"1000\" \/>\n\t<meta property=\"og:image:height\" content=\"1000\" \/>\n\t<meta property=\"og:image:type\" content=\"image\/png\" \/>\n<meta name=\"twitter:card\" content=\"summary_large_image\" \/>\n<meta name=\"twitter:label1\" content=\"Est. reading time\" \/>\n\t<meta name=\"twitter:data1\" content=\"1 minute\" \/>\n<script type=\"application\/ld+json\" class=\"yoast-schema-graph\">{\"@context\":\"https:\/\/schema.org\",\"@graph\":[{\"@type\":\"WebPage\",\"@id\":\"https:\/\/deutschcolor.com\/fr\/product\/dcs-2k-level\/\",\"url\":\"https:\/\/deutschcolor.com\/fr\/product\/dcs-2k-level\/\",\"name\":\"DCS 2K LEVEL - Deutschcolor\",\"isPartOf\":{\"@id\":\"https:\/\/deutschcolor.com\/fr\/#website\"},\"primaryImageOfPage\":{\"@id\":\"https:\/\/deutschcolor.com\/fr\/product\/dcs-2k-level\/#primaryimage\"},\"image\":{\"@id\":\"https:\/\/deutschcolor.com\/fr\/product\/dcs-2k-level\/#primaryimage\"},\"thumbnailUrl\":\"https:\/\/deutschcolor.com\/fr\/wp-content\/uploads\/2019\/05\/DCS-2K-LEVEL-min.png\",\"datePublished\":\"2019-05-07T17:11:27+00:00\",\"dateModified\":\"2025-05-26T12:09:04+00:00\",\"breadcrumb\":{\"@id\":\"https:\/\/deutschcolor.com\/fr\/product\/dcs-2k-level\/#breadcrumb\"},\"inLanguage\":\"en-US\",\"potentialAction\":[{\"@type\":\"ReadAction\",\"target\":[\"https:\/\/deutschcolor.com\/fr\/product\/dcs-2k-level\/\"]}]},{\"@type\":\"ImageObject\",\"inLanguage\":\"en-US\",\"@id\":\"https:\/\/deutschcolor.com\/fr\/product\/dcs-2k-level\/#primaryimage\",\"url\":\"https:\/\/deutschcolor.com\/fr\/wp-content\/uploads\/2019\/05\/DCS-2K-LEVEL-min.png\",\"contentUrl\":\"https:\/\/deutschcolor.com\/fr\/wp-content\/uploads\/2019\/05\/DCS-2K-LEVEL-min.png\",\"width\":1000,\"height\":1000},{\"@type\":\"BreadcrumbList\",\"@id\":\"https:\/\/deutschcolor.com\/fr\/product\/dcs-2k-level\/#breadcrumb\",\"itemListElement\":[{\"@type\":\"ListItem\",\"position\":1,\"name\":\"Home\",\"item\":\"https:\/\/deutschcolor.com\/fr\/\"},{\"@type\":\"ListItem\",\"position\":2,\"name\":\"SHOP\",\"item\":\"https:\/\/deutschcolor.com\/fr\/shop\/\"},{\"@type\":\"ListItem\",\"position\":3,\"name\":\"DCS 2K LEVEL\"}]},{\"@type\":\"WebSite\",\"@id\":\"https:\/\/deutschcolor.com\/fr\/#website\",\"url\":\"https:\/\/deutschcolor.com\/fr\/\",\"name\":\"Deutschcolor\",\"description\":\"Deutschcolor Tunisia\",\"publisher\":{\"@id\":\"https:\/\/deutschcolor.com\/fr\/#organization\"},\"potentialAction\":[{\"@type\":\"SearchAction\",\"target\":{\"@type\":\"EntryPoint\",\"urlTemplate\":\"https:\/\/deutschcolor.com\/fr\/?s={search_term_string}\"},\"query-input\":{\"@type\":\"PropertyValueSpecification\",\"valueRequired\":true,\"valueName\":\"search_term_string\"}}],\"inLanguage\":\"en-US\"},{\"@type\":\"Organization\",\"@id\":\"https:\/\/deutschcolor.com\/fr\/#organization\",\"name\":\"Deutschcolor\",\"url\":\"https:\/\/deutschcolor.com\/fr\/\",\"logo\":{\"@type\":\"ImageObject\",\"inLanguage\":\"en-US\",\"@id\":\"https:\/\/deutschcolor.com\/fr\/#\/schema\/logo\/image\/\",\"url\":\"https:\/\/deutschcolor.com\/fr\/wp-content\/uploads\/2025\/08\/4160px-dc.png\",\"contentUrl\":\"https:\/\/deutschcolor.com\/fr\/wp-content\/uploads\/2025\/08\/4160px-dc.png\",\"width\":4160,\"height\":689,\"caption\":\"Deutschcolor\"},\"image\":{\"@id\":\"https:\/\/deutschcolor.com\/fr\/#\/schema\/logo\/image\/\"},\"sameAs\":[\"https:\/\/www.facebook.com\/deltahome.al\"]}]}<\/script>\n<!-- \/ Yoast SEO plugin. -->","yoast_head_json":{"title":"DCS 2K LEVEL - Deutschcolor","robots":{"index":"index","follow":"follow","max-snippet":"max-snippet:-1","max-image-preview":"max-image-preview:large","max-video-preview":"max-video-preview:-1"},"canonical":"https:\/\/deutschcolor.com\/fr\/product\/dcs-2k-level\/","og_locale":"en_US","og_type":"article","og_title":"DCS 2K LEVEL - Deutschcolor","og_description":"Mastic \u00e0 base \u00e9poxy, bi-composant","og_url":"https:\/\/deutschcolor.com\/fr\/product\/dcs-2k-level\/","og_site_name":"Deutschcolor","article_publisher":"https:\/\/www.facebook.com\/deltahome.al","article_modified_time":"2025-05-26T12:09:04+00:00","og_image":[{"width":1000,"height":1000,"url":"https:\/\/deutschcolor.com\/fr\/wp-content\/uploads\/2019\/05\/DCS-2K-LEVEL-min.png","type":"image\/png"}],"twitter_card":"summary_large_image","twitter_misc":{"Est. reading time":"1 minute"},"schema":{"@context":"https:\/\/schema.org","@graph":[{"@type":"WebPage","@id":"https:\/\/deutschcolor.com\/fr\/product\/dcs-2k-level\/","url":"https:\/\/deutschcolor.com\/fr\/product\/dcs-2k-level\/","name":"DCS 2K LEVEL - Deutschcolor","isPartOf":{"@id":"https:\/\/deutschcolor.com\/fr\/#website"},"primaryImageOfPage":{"@id":"https:\/\/deutschcolor.com\/fr\/product\/dcs-2k-level\/#primaryimage"},"image":{"@id":"https:\/\/deutschcolor.com\/fr\/product\/dcs-2k-level\/#primaryimage"},"thumbnailUrl":"https:\/\/deutschcolor.com\/fr\/wp-content\/uploads\/2019\/05\/DCS-2K-LEVEL-min.png","datePublished":"2019-05-07T17:11:27+00:00","dateModified":"2025-05-26T12:09:04+00:00","breadcrumb":{"@id":"https:\/\/deutschcolor.com\/fr\/product\/dcs-2k-level\/#breadcrumb"},"inLanguage":"en-US","potentialAction":[{"@type":"ReadAction","target":["https:\/\/deutschcolor.com\/fr\/product\/dcs-2k-level\/"]}]},{"@type":"ImageObject","inLanguage":"en-US","@id":"https:\/\/deutschcolor.com\/fr\/product\/dcs-2k-level\/#primaryimage","url":"https:\/\/deutschcolor.com\/fr\/wp-content\/uploads\/2019\/05\/DCS-2K-LEVEL-min.png","contentUrl":"https:\/\/deutschcolor.com\/fr\/wp-content\/uploads\/2019\/05\/DCS-2K-LEVEL-min.png","width":1000,"height":1000},{"@type":"BreadcrumbList","@id":"https:\/\/deutschcolor.com\/fr\/product\/dcs-2k-level\/#breadcrumb","itemListElement":[{"@type":"ListItem","position":1,"name":"Home","item":"https:\/\/deutschcolor.com\/fr\/"},{"@type":"ListItem","position":2,"name":"SHOP","item":"https:\/\/deutschcolor.com\/fr\/shop\/"},{"@type":"ListItem","position":3,"name":"DCS 2K LEVEL"}]},{"@type":"WebSite","@id":"https:\/\/deutschcolor.com\/fr\/#website","url":"https:\/\/deutschcolor.com\/fr\/","name":"Deutschcolor","description":"Deutschcolor Tunisia","publisher":{"@id":"https:\/\/deutschcolor.com\/fr\/#organization"},"potentialAction":[{"@type":"SearchAction","target":{"@type":"EntryPoint","urlTemplate":"https:\/\/deutschcolor.com\/fr\/?s={search_term_string}"},"query-input":{"@type":"PropertyValueSpecification","valueRequired":true,"valueName":"search_term_string"}}],"inLanguage":"en-US"},{"@type":"Organization","@id":"https:\/\/deutschcolor.com\/fr\/#organization","name":"Deutschcolor","url":"https:\/\/deutschcolor.com\/fr\/","logo":{"@type":"ImageObject","inLanguage":"en-US","@id":"https:\/\/deutschcolor.com\/fr\/#\/schema\/logo\/image\/","url":"https:\/\/deutschcolor.com\/fr\/wp-content\/uploads\/2025\/08\/4160px-dc.png","contentUrl":"https:\/\/deutschcolor.com\/fr\/wp-content\/uploads\/2025\/08\/4160px-dc.png","width":4160,"height":689,"caption":"Deutschcolor"},"image":{"@id":"https:\/\/deutschcolor.com\/fr\/#\/schema\/logo\/image\/"},"sameAs":["https:\/\/www.facebook.com\/deltahome.al"]}]}},"_links":{"self":[{"href":"https:\/\/deutschcolor.com\/fr\/wp-json\/wp\/v2\/product\/23897","targetHints":{"allow":["GET"]}}],"collection":[{"href":"https:\/\/deutschcolor.com\/fr\/wp-json\/wp\/v2\/product"}],"about":[{"href":"https:\/\/deutschcolor.com\/fr\/wp-json\/wp\/v2\/types\/product"}],"wp:featuredmedia":[{"embeddable":true,"href":"https:\/\/deutschcolor.com\/fr\/wp-json\/wp\/v2\/media\/24754"}],"wp:attachment":[{"href":"https:\/\/deutschcolor.com\/fr\/wp-json\/wp\/v2\/media?parent=23897"}],"curies":[{"name":"wp","href":"https:\/\/api.w.org\/{rel}","templated":true}]}}