{"id":23909,"date":"2019-05-07T17:21:13","date_gmt":"2019-05-07T17:21:13","guid":{"rendered":"https:\/\/deutschcolor.com\/fr\/?post_type=product&#038;p=23909"},"modified":"2025-05-26T12:08:43","modified_gmt":"2025-05-26T12:08:43","slug":"dcs-2k-400","status":"publish","type":"product","link":"https:\/\/deutschcolor.com\/fr\/product\/dcs-2k-400\/","title":{"rendered":"DCS 2K 400"},"content":{"rendered":"<p><strong>Description<\/strong><br \/>\nDCS 2K 400 est une colle sous forme de p\u00e2te, \u00e0 base \u00e9poxy bi-composant.<br \/>\nApr\u00e8s durcissement il assure une forte adh\u00e9rence au support, une<br \/>\nexc\u00e9llente duret\u00e9 et une augmentation des r\u00e9sistances \u00e0 la compression et<br \/>\n\u00e0 la flexion. Le produit est class\u00e9 comme agent de collage structurel pour<br \/>\nrenforcement du b\u00e9ton en ext\u00e9rieur, selon la norme EN 1504-4.<\/p>\n<p><strong>Champ d\u2019application<\/strong><br \/>\nDCS 2K 400 sert pour la pose de plaques en fibres de carbone utilis\u00e9s<br \/>\npour le renforcement des \u00e9l\u00e9ments de structures dans les b\u00e2timents dans<br \/>\nle cadre des syst\u00e8mes \u00ab polym\u00e8res renforc\u00e9s de fibres \u00bb (FRP).<\/p>\n<p>###<\/p>\n<p><strong>Conditionnnement<\/strong><br \/>\nDCS 2K 400 est conditionn\u00e9 en seaux de 5 Kg et 15 Kg.<\/p>\n<p><strong>Duree de vie &#8211; stockage<\/strong><br \/>\n12 mois \u00e0 compter de la date de fabrication, si stock\u00e9 dans l\u2019emballage non ouvert d\u2019origine, \u00e0 des temp\u00e9ratures comprises entre +5\u00b0C et +35\u00b0C.<br \/>\nProt\u00e9gez du gel et de l\u2019exposition directe au soleil.<\/p>\n<p><strong>Emballage<\/strong>: Bo\u00eete de 12 unit\u00e9s &#8211; Palette de 36 unit\u00e9s<\/p>\n","protected":false},"excerpt":{"rendered":"<p>Colle \u00e9poxydique, bi-composant, pour plaques en fibres de carbone.<\/p>\n","protected":false},"featured_media":24762,"template":"","meta":[],"class_list":["post-23909","product","type-product","status-publish","has-post-thumbnail","hentry","product_cat-mortiers","product_cat-produits-de-renforcement-structurel-pour-le-beton"],"yoast_head":"<!-- This site is optimized with the Yoast SEO plugin v25.7 - https:\/\/yoast.com\/wordpress\/plugins\/seo\/ -->\n<title>DCS 2K 400 - Deutschcolor<\/title>\n<meta name=\"robots\" content=\"index, follow, max-snippet:-1, max-image-preview:large, max-video-preview:-1\" \/>\n<link rel=\"canonical\" href=\"https:\/\/deutschcolor.com\/fr\/product\/dcs-2k-400\/\" \/>\n<meta property=\"og:locale\" content=\"en_US\" \/>\n<meta property=\"og:type\" content=\"article\" \/>\n<meta property=\"og:title\" content=\"DCS 2K 400 - Deutschcolor\" \/>\n<meta property=\"og:description\" content=\"Colle \u00e9poxydique, bi-composant, pour plaques en fibres de carbone.\" \/>\n<meta property=\"og:url\" content=\"https:\/\/deutschcolor.com\/fr\/product\/dcs-2k-400\/\" \/>\n<meta property=\"og:site_name\" content=\"Deutschcolor\" \/>\n<meta property=\"article:publisher\" content=\"https:\/\/www.facebook.com\/deltahome.al\" \/>\n<meta property=\"article:modified_time\" content=\"2025-05-26T12:08:43+00:00\" \/>\n<meta property=\"og:image\" content=\"https:\/\/deutschcolor.com\/fr\/wp-content\/uploads\/2019\/05\/DCS-2K-400-min.png\" \/>\n\t<meta property=\"og:image:width\" content=\"1000\" \/>\n\t<meta property=\"og:image:height\" content=\"1000\" \/>\n\t<meta property=\"og:image:type\" content=\"image\/png\" \/>\n<meta name=\"twitter:card\" content=\"summary_large_image\" \/>\n<meta name=\"twitter:label1\" content=\"Est. reading time\" \/>\n\t<meta name=\"twitter:data1\" content=\"1 minute\" \/>\n<script type=\"application\/ld+json\" class=\"yoast-schema-graph\">{\"@context\":\"https:\/\/schema.org\",\"@graph\":[{\"@type\":\"WebPage\",\"@id\":\"https:\/\/deutschcolor.com\/fr\/product\/dcs-2k-400\/\",\"url\":\"https:\/\/deutschcolor.com\/fr\/product\/dcs-2k-400\/\",\"name\":\"DCS 2K 400 - Deutschcolor\",\"isPartOf\":{\"@id\":\"https:\/\/deutschcolor.com\/fr\/#website\"},\"primaryImageOfPage\":{\"@id\":\"https:\/\/deutschcolor.com\/fr\/product\/dcs-2k-400\/#primaryimage\"},\"image\":{\"@id\":\"https:\/\/deutschcolor.com\/fr\/product\/dcs-2k-400\/#primaryimage\"},\"thumbnailUrl\":\"https:\/\/deutschcolor.com\/fr\/wp-content\/uploads\/2019\/05\/DCS-2K-400-min.png\",\"datePublished\":\"2019-05-07T17:21:13+00:00\",\"dateModified\":\"2025-05-26T12:08:43+00:00\",\"breadcrumb\":{\"@id\":\"https:\/\/deutschcolor.com\/fr\/product\/dcs-2k-400\/#breadcrumb\"},\"inLanguage\":\"en-US\",\"potentialAction\":[{\"@type\":\"ReadAction\",\"target\":[\"https:\/\/deutschcolor.com\/fr\/product\/dcs-2k-400\/\"]}]},{\"@type\":\"ImageObject\",\"inLanguage\":\"en-US\",\"@id\":\"https:\/\/deutschcolor.com\/fr\/product\/dcs-2k-400\/#primaryimage\",\"url\":\"https:\/\/deutschcolor.com\/fr\/wp-content\/uploads\/2019\/05\/DCS-2K-400-min.png\",\"contentUrl\":\"https:\/\/deutschcolor.com\/fr\/wp-content\/uploads\/2019\/05\/DCS-2K-400-min.png\",\"width\":1000,\"height\":1000},{\"@type\":\"BreadcrumbList\",\"@id\":\"https:\/\/deutschcolor.com\/fr\/product\/dcs-2k-400\/#breadcrumb\",\"itemListElement\":[{\"@type\":\"ListItem\",\"position\":1,\"name\":\"Home\",\"item\":\"https:\/\/deutschcolor.com\/fr\/\"},{\"@type\":\"ListItem\",\"position\":2,\"name\":\"SHOP\",\"item\":\"https:\/\/deutschcolor.com\/fr\/shop\/\"},{\"@type\":\"ListItem\",\"position\":3,\"name\":\"DCS 2K 400\"}]},{\"@type\":\"WebSite\",\"@id\":\"https:\/\/deutschcolor.com\/fr\/#website\",\"url\":\"https:\/\/deutschcolor.com\/fr\/\",\"name\":\"Deutschcolor\",\"description\":\"Deutschcolor Tunisia\",\"publisher\":{\"@id\":\"https:\/\/deutschcolor.com\/fr\/#organization\"},\"potentialAction\":[{\"@type\":\"SearchAction\",\"target\":{\"@type\":\"EntryPoint\",\"urlTemplate\":\"https:\/\/deutschcolor.com\/fr\/?s={search_term_string}\"},\"query-input\":{\"@type\":\"PropertyValueSpecification\",\"valueRequired\":true,\"valueName\":\"search_term_string\"}}],\"inLanguage\":\"en-US\"},{\"@type\":\"Organization\",\"@id\":\"https:\/\/deutschcolor.com\/fr\/#organization\",\"name\":\"Deutschcolor\",\"url\":\"https:\/\/deutschcolor.com\/fr\/\",\"logo\":{\"@type\":\"ImageObject\",\"inLanguage\":\"en-US\",\"@id\":\"https:\/\/deutschcolor.com\/fr\/#\/schema\/logo\/image\/\",\"url\":\"https:\/\/deutschcolor.com\/fr\/wp-content\/uploads\/2025\/08\/4160px-dc.png\",\"contentUrl\":\"https:\/\/deutschcolor.com\/fr\/wp-content\/uploads\/2025\/08\/4160px-dc.png\",\"width\":4160,\"height\":689,\"caption\":\"Deutschcolor\"},\"image\":{\"@id\":\"https:\/\/deutschcolor.com\/fr\/#\/schema\/logo\/image\/\"},\"sameAs\":[\"https:\/\/www.facebook.com\/deltahome.al\"]}]}<\/script>\n<!-- \/ Yoast SEO plugin. -->","yoast_head_json":{"title":"DCS 2K 400 - Deutschcolor","robots":{"index":"index","follow":"follow","max-snippet":"max-snippet:-1","max-image-preview":"max-image-preview:large","max-video-preview":"max-video-preview:-1"},"canonical":"https:\/\/deutschcolor.com\/fr\/product\/dcs-2k-400\/","og_locale":"en_US","og_type":"article","og_title":"DCS 2K 400 - Deutschcolor","og_description":"Colle \u00e9poxydique, bi-composant, pour plaques en fibres de carbone.","og_url":"https:\/\/deutschcolor.com\/fr\/product\/dcs-2k-400\/","og_site_name":"Deutschcolor","article_publisher":"https:\/\/www.facebook.com\/deltahome.al","article_modified_time":"2025-05-26T12:08:43+00:00","og_image":[{"width":1000,"height":1000,"url":"https:\/\/deutschcolor.com\/fr\/wp-content\/uploads\/2019\/05\/DCS-2K-400-min.png","type":"image\/png"}],"twitter_card":"summary_large_image","twitter_misc":{"Est. reading time":"1 minute"},"schema":{"@context":"https:\/\/schema.org","@graph":[{"@type":"WebPage","@id":"https:\/\/deutschcolor.com\/fr\/product\/dcs-2k-400\/","url":"https:\/\/deutschcolor.com\/fr\/product\/dcs-2k-400\/","name":"DCS 2K 400 - Deutschcolor","isPartOf":{"@id":"https:\/\/deutschcolor.com\/fr\/#website"},"primaryImageOfPage":{"@id":"https:\/\/deutschcolor.com\/fr\/product\/dcs-2k-400\/#primaryimage"},"image":{"@id":"https:\/\/deutschcolor.com\/fr\/product\/dcs-2k-400\/#primaryimage"},"thumbnailUrl":"https:\/\/deutschcolor.com\/fr\/wp-content\/uploads\/2019\/05\/DCS-2K-400-min.png","datePublished":"2019-05-07T17:21:13+00:00","dateModified":"2025-05-26T12:08:43+00:00","breadcrumb":{"@id":"https:\/\/deutschcolor.com\/fr\/product\/dcs-2k-400\/#breadcrumb"},"inLanguage":"en-US","potentialAction":[{"@type":"ReadAction","target":["https:\/\/deutschcolor.com\/fr\/product\/dcs-2k-400\/"]}]},{"@type":"ImageObject","inLanguage":"en-US","@id":"https:\/\/deutschcolor.com\/fr\/product\/dcs-2k-400\/#primaryimage","url":"https:\/\/deutschcolor.com\/fr\/wp-content\/uploads\/2019\/05\/DCS-2K-400-min.png","contentUrl":"https:\/\/deutschcolor.com\/fr\/wp-content\/uploads\/2019\/05\/DCS-2K-400-min.png","width":1000,"height":1000},{"@type":"BreadcrumbList","@id":"https:\/\/deutschcolor.com\/fr\/product\/dcs-2k-400\/#breadcrumb","itemListElement":[{"@type":"ListItem","position":1,"name":"Home","item":"https:\/\/deutschcolor.com\/fr\/"},{"@type":"ListItem","position":2,"name":"SHOP","item":"https:\/\/deutschcolor.com\/fr\/shop\/"},{"@type":"ListItem","position":3,"name":"DCS 2K 400"}]},{"@type":"WebSite","@id":"https:\/\/deutschcolor.com\/fr\/#website","url":"https:\/\/deutschcolor.com\/fr\/","name":"Deutschcolor","description":"Deutschcolor Tunisia","publisher":{"@id":"https:\/\/deutschcolor.com\/fr\/#organization"},"potentialAction":[{"@type":"SearchAction","target":{"@type":"EntryPoint","urlTemplate":"https:\/\/deutschcolor.com\/fr\/?s={search_term_string}"},"query-input":{"@type":"PropertyValueSpecification","valueRequired":true,"valueName":"search_term_string"}}],"inLanguage":"en-US"},{"@type":"Organization","@id":"https:\/\/deutschcolor.com\/fr\/#organization","name":"Deutschcolor","url":"https:\/\/deutschcolor.com\/fr\/","logo":{"@type":"ImageObject","inLanguage":"en-US","@id":"https:\/\/deutschcolor.com\/fr\/#\/schema\/logo\/image\/","url":"https:\/\/deutschcolor.com\/fr\/wp-content\/uploads\/2025\/08\/4160px-dc.png","contentUrl":"https:\/\/deutschcolor.com\/fr\/wp-content\/uploads\/2025\/08\/4160px-dc.png","width":4160,"height":689,"caption":"Deutschcolor"},"image":{"@id":"https:\/\/deutschcolor.com\/fr\/#\/schema\/logo\/image\/"},"sameAs":["https:\/\/www.facebook.com\/deltahome.al"]}]}},"_links":{"self":[{"href":"https:\/\/deutschcolor.com\/fr\/wp-json\/wp\/v2\/product\/23909","targetHints":{"allow":["GET"]}}],"collection":[{"href":"https:\/\/deutschcolor.com\/fr\/wp-json\/wp\/v2\/product"}],"about":[{"href":"https:\/\/deutschcolor.com\/fr\/wp-json\/wp\/v2\/types\/product"}],"wp:featuredmedia":[{"embeddable":true,"href":"https:\/\/deutschcolor.com\/fr\/wp-json\/wp\/v2\/media\/24762"}],"wp:attachment":[{"href":"https:\/\/deutschcolor.com\/fr\/wp-json\/wp\/v2\/media?parent=23909"}],"curies":[{"name":"wp","href":"https:\/\/api.w.org\/{rel}","templated":true}]}}