{"id":23912,"date":"2019-05-07T17:22:29","date_gmt":"2019-05-07T17:22:29","guid":{"rendered":"https:\/\/deutschcolor.com\/fr\/?post_type=product&#038;p=23912"},"modified":"2025-05-26T10:36:51","modified_gmt":"2025-05-26T10:36:51","slug":"acr-primer","status":"publish","type":"product","link":"https:\/\/deutschcolor.com\/fr\/product\/acr-primer\/","title":{"rendered":"ACR PRIMER"},"content":{"rendered":"<p><strong>Description<\/strong><br \/>\nACR PRIMER est un produit de renforcement et de protection pour les<br \/>\nalliages ferreux et les aciers contre la corrosion et la rouille. Il agit comme<br \/>\nagent de connexion entre l\u2019ancien b\u00e9ton et le b\u00e9ton de r\u00e9paration.<\/p>\n<p><strong>Domaine d\u2019application<\/strong><br \/>\n&#8211; Protection des armatures en acier dans les constructions \u00e0 l\u2019occasion<br \/>\nd\u2019\u00e9ventuelles r\u00e9parations du b\u00e9ton endommag\u00e9 suite aux ph\u00e9nom\u00e8nex de<br \/>\ncarbonatation ou aux tremblements de terre.<br \/>\n&#8211; Protection des armatures en acier dans les constructions losque les<br \/>\ntravaux se d\u00e9roulent dans des conditions d\u2019humidit\u00e9.<\/p>\n<p>###<\/p>\n<p><strong>Avantages<\/strong><br \/>\n&#8211; Efficacit\u00e9 anticorrosion \u00e9lev\u00e9e.<br \/>\n&#8211; Bonnes propri\u00e9t\u00e9s m\u00e9caniques.<br \/>\n&#8211; Mise en oeuvre ais\u00e9e.<br \/>\n&#8211; Permet au b\u00e9ton de respirer naturellement.<br \/>\n&#8211; Ne contient aucune substance volatile.<br \/>\n&#8211; Non inflammable et inoffensif pour l\u2019applicateur et l\u2019environnement.<\/p>\n<p><strong>Conditionnnement<\/strong><br \/>\nACR PRIMER est conditionn\u00e9 en seaux de 3 Kg.<\/p>\n<p><strong>Consommation<\/strong><br \/>\n0,2 \u2013 0,25 Kg\/m\u00b2<\/p>\n<p><strong>Emballage<\/strong><br \/>\nBo\u00eete de 10 unit\u00e9s<\/p>\n","protected":false},"excerpt":{"rendered":"<p>Primaire anticorrosion \u00e0 base de ciment pour la protection des armatures en acier dans les constructions.<\/p>\n","protected":false},"featured_media":24763,"template":"","meta":[],"class_list":["post-23912","product","type-product","status-publish","has-post-thumbnail","hentry","product_cat-mortiers","product_cat-primaire"],"yoast_head":"<!-- This site is optimized with the Yoast SEO plugin v25.7 - https:\/\/yoast.com\/wordpress\/plugins\/seo\/ -->\n<title>ACR PRIMER - Deutschcolor<\/title>\n<meta name=\"robots\" content=\"index, follow, max-snippet:-1, max-image-preview:large, max-video-preview:-1\" \/>\n<link rel=\"canonical\" href=\"https:\/\/deutschcolor.com\/fr\/product\/acr-primer\/\" \/>\n<meta property=\"og:locale\" content=\"en_US\" \/>\n<meta property=\"og:type\" content=\"article\" \/>\n<meta property=\"og:title\" content=\"ACR PRIMER - Deutschcolor\" \/>\n<meta property=\"og:description\" content=\"Primaire anticorrosion \u00e0 base de ciment pour la protection des armatures en acier dans les constructions.\" \/>\n<meta property=\"og:url\" content=\"https:\/\/deutschcolor.com\/fr\/product\/acr-primer\/\" \/>\n<meta property=\"og:site_name\" content=\"Deutschcolor\" \/>\n<meta property=\"article:publisher\" content=\"https:\/\/www.facebook.com\/deltahome.al\" \/>\n<meta property=\"article:modified_time\" content=\"2025-05-26T10:36:51+00:00\" \/>\n<meta property=\"og:image\" content=\"https:\/\/deutschcolor.com\/fr\/wp-content\/uploads\/2019\/05\/ACR-Primer-min.png\" \/>\n\t<meta property=\"og:image:width\" content=\"1000\" \/>\n\t<meta property=\"og:image:height\" content=\"1000\" \/>\n\t<meta property=\"og:image:type\" content=\"image\/png\" \/>\n<meta name=\"twitter:card\" content=\"summary_large_image\" \/>\n<meta name=\"twitter:label1\" content=\"Est. reading time\" \/>\n\t<meta name=\"twitter:data1\" content=\"1 minute\" \/>\n<script type=\"application\/ld+json\" class=\"yoast-schema-graph\">{\"@context\":\"https:\/\/schema.org\",\"@graph\":[{\"@type\":\"WebPage\",\"@id\":\"https:\/\/deutschcolor.com\/fr\/product\/acr-primer\/\",\"url\":\"https:\/\/deutschcolor.com\/fr\/product\/acr-primer\/\",\"name\":\"ACR PRIMER - Deutschcolor\",\"isPartOf\":{\"@id\":\"https:\/\/deutschcolor.com\/fr\/#website\"},\"primaryImageOfPage\":{\"@id\":\"https:\/\/deutschcolor.com\/fr\/product\/acr-primer\/#primaryimage\"},\"image\":{\"@id\":\"https:\/\/deutschcolor.com\/fr\/product\/acr-primer\/#primaryimage\"},\"thumbnailUrl\":\"https:\/\/deutschcolor.com\/fr\/wp-content\/uploads\/2019\/05\/ACR-Primer-min.png\",\"datePublished\":\"2019-05-07T17:22:29+00:00\",\"dateModified\":\"2025-05-26T10:36:51+00:00\",\"breadcrumb\":{\"@id\":\"https:\/\/deutschcolor.com\/fr\/product\/acr-primer\/#breadcrumb\"},\"inLanguage\":\"en-US\",\"potentialAction\":[{\"@type\":\"ReadAction\",\"target\":[\"https:\/\/deutschcolor.com\/fr\/product\/acr-primer\/\"]}]},{\"@type\":\"ImageObject\",\"inLanguage\":\"en-US\",\"@id\":\"https:\/\/deutschcolor.com\/fr\/product\/acr-primer\/#primaryimage\",\"url\":\"https:\/\/deutschcolor.com\/fr\/wp-content\/uploads\/2019\/05\/ACR-Primer-min.png\",\"contentUrl\":\"https:\/\/deutschcolor.com\/fr\/wp-content\/uploads\/2019\/05\/ACR-Primer-min.png\",\"width\":1000,\"height\":1000},{\"@type\":\"BreadcrumbList\",\"@id\":\"https:\/\/deutschcolor.com\/fr\/product\/acr-primer\/#breadcrumb\",\"itemListElement\":[{\"@type\":\"ListItem\",\"position\":1,\"name\":\"Home\",\"item\":\"https:\/\/deutschcolor.com\/fr\/\"},{\"@type\":\"ListItem\",\"position\":2,\"name\":\"SHOP\",\"item\":\"https:\/\/deutschcolor.com\/fr\/shop\/\"},{\"@type\":\"ListItem\",\"position\":3,\"name\":\"ACR PRIMER\"}]},{\"@type\":\"WebSite\",\"@id\":\"https:\/\/deutschcolor.com\/fr\/#website\",\"url\":\"https:\/\/deutschcolor.com\/fr\/\",\"name\":\"Deutschcolor\",\"description\":\"Deutschcolor Tunisia\",\"publisher\":{\"@id\":\"https:\/\/deutschcolor.com\/fr\/#organization\"},\"potentialAction\":[{\"@type\":\"SearchAction\",\"target\":{\"@type\":\"EntryPoint\",\"urlTemplate\":\"https:\/\/deutschcolor.com\/fr\/?s={search_term_string}\"},\"query-input\":{\"@type\":\"PropertyValueSpecification\",\"valueRequired\":true,\"valueName\":\"search_term_string\"}}],\"inLanguage\":\"en-US\"},{\"@type\":\"Organization\",\"@id\":\"https:\/\/deutschcolor.com\/fr\/#organization\",\"name\":\"Deutschcolor\",\"url\":\"https:\/\/deutschcolor.com\/fr\/\",\"logo\":{\"@type\":\"ImageObject\",\"inLanguage\":\"en-US\",\"@id\":\"https:\/\/deutschcolor.com\/fr\/#\/schema\/logo\/image\/\",\"url\":\"https:\/\/deutschcolor.com\/fr\/wp-content\/uploads\/2025\/08\/4160px-dc.png\",\"contentUrl\":\"https:\/\/deutschcolor.com\/fr\/wp-content\/uploads\/2025\/08\/4160px-dc.png\",\"width\":4160,\"height\":689,\"caption\":\"Deutschcolor\"},\"image\":{\"@id\":\"https:\/\/deutschcolor.com\/fr\/#\/schema\/logo\/image\/\"},\"sameAs\":[\"https:\/\/www.facebook.com\/deltahome.al\"]}]}<\/script>\n<!-- \/ Yoast SEO plugin. -->","yoast_head_json":{"title":"ACR PRIMER - Deutschcolor","robots":{"index":"index","follow":"follow","max-snippet":"max-snippet:-1","max-image-preview":"max-image-preview:large","max-video-preview":"max-video-preview:-1"},"canonical":"https:\/\/deutschcolor.com\/fr\/product\/acr-primer\/","og_locale":"en_US","og_type":"article","og_title":"ACR PRIMER - Deutschcolor","og_description":"Primaire anticorrosion \u00e0 base de ciment pour la protection des armatures en acier dans les constructions.","og_url":"https:\/\/deutschcolor.com\/fr\/product\/acr-primer\/","og_site_name":"Deutschcolor","article_publisher":"https:\/\/www.facebook.com\/deltahome.al","article_modified_time":"2025-05-26T10:36:51+00:00","og_image":[{"width":1000,"height":1000,"url":"https:\/\/deutschcolor.com\/fr\/wp-content\/uploads\/2019\/05\/ACR-Primer-min.png","type":"image\/png"}],"twitter_card":"summary_large_image","twitter_misc":{"Est. reading time":"1 minute"},"schema":{"@context":"https:\/\/schema.org","@graph":[{"@type":"WebPage","@id":"https:\/\/deutschcolor.com\/fr\/product\/acr-primer\/","url":"https:\/\/deutschcolor.com\/fr\/product\/acr-primer\/","name":"ACR PRIMER - Deutschcolor","isPartOf":{"@id":"https:\/\/deutschcolor.com\/fr\/#website"},"primaryImageOfPage":{"@id":"https:\/\/deutschcolor.com\/fr\/product\/acr-primer\/#primaryimage"},"image":{"@id":"https:\/\/deutschcolor.com\/fr\/product\/acr-primer\/#primaryimage"},"thumbnailUrl":"https:\/\/deutschcolor.com\/fr\/wp-content\/uploads\/2019\/05\/ACR-Primer-min.png","datePublished":"2019-05-07T17:22:29+00:00","dateModified":"2025-05-26T10:36:51+00:00","breadcrumb":{"@id":"https:\/\/deutschcolor.com\/fr\/product\/acr-primer\/#breadcrumb"},"inLanguage":"en-US","potentialAction":[{"@type":"ReadAction","target":["https:\/\/deutschcolor.com\/fr\/product\/acr-primer\/"]}]},{"@type":"ImageObject","inLanguage":"en-US","@id":"https:\/\/deutschcolor.com\/fr\/product\/acr-primer\/#primaryimage","url":"https:\/\/deutschcolor.com\/fr\/wp-content\/uploads\/2019\/05\/ACR-Primer-min.png","contentUrl":"https:\/\/deutschcolor.com\/fr\/wp-content\/uploads\/2019\/05\/ACR-Primer-min.png","width":1000,"height":1000},{"@type":"BreadcrumbList","@id":"https:\/\/deutschcolor.com\/fr\/product\/acr-primer\/#breadcrumb","itemListElement":[{"@type":"ListItem","position":1,"name":"Home","item":"https:\/\/deutschcolor.com\/fr\/"},{"@type":"ListItem","position":2,"name":"SHOP","item":"https:\/\/deutschcolor.com\/fr\/shop\/"},{"@type":"ListItem","position":3,"name":"ACR PRIMER"}]},{"@type":"WebSite","@id":"https:\/\/deutschcolor.com\/fr\/#website","url":"https:\/\/deutschcolor.com\/fr\/","name":"Deutschcolor","description":"Deutschcolor Tunisia","publisher":{"@id":"https:\/\/deutschcolor.com\/fr\/#organization"},"potentialAction":[{"@type":"SearchAction","target":{"@type":"EntryPoint","urlTemplate":"https:\/\/deutschcolor.com\/fr\/?s={search_term_string}"},"query-input":{"@type":"PropertyValueSpecification","valueRequired":true,"valueName":"search_term_string"}}],"inLanguage":"en-US"},{"@type":"Organization","@id":"https:\/\/deutschcolor.com\/fr\/#organization","name":"Deutschcolor","url":"https:\/\/deutschcolor.com\/fr\/","logo":{"@type":"ImageObject","inLanguage":"en-US","@id":"https:\/\/deutschcolor.com\/fr\/#\/schema\/logo\/image\/","url":"https:\/\/deutschcolor.com\/fr\/wp-content\/uploads\/2025\/08\/4160px-dc.png","contentUrl":"https:\/\/deutschcolor.com\/fr\/wp-content\/uploads\/2025\/08\/4160px-dc.png","width":4160,"height":689,"caption":"Deutschcolor"},"image":{"@id":"https:\/\/deutschcolor.com\/fr\/#\/schema\/logo\/image\/"},"sameAs":["https:\/\/www.facebook.com\/deltahome.al"]}]}},"_links":{"self":[{"href":"https:\/\/deutschcolor.com\/fr\/wp-json\/wp\/v2\/product\/23912","targetHints":{"allow":["GET"]}}],"collection":[{"href":"https:\/\/deutschcolor.com\/fr\/wp-json\/wp\/v2\/product"}],"about":[{"href":"https:\/\/deutschcolor.com\/fr\/wp-json\/wp\/v2\/types\/product"}],"wp:featuredmedia":[{"embeddable":true,"href":"https:\/\/deutschcolor.com\/fr\/wp-json\/wp\/v2\/media\/24763"}],"wp:attachment":[{"href":"https:\/\/deutschcolor.com\/fr\/wp-json\/wp\/v2\/media?parent=23912"}],"curies":[{"name":"wp","href":"https:\/\/api.w.org\/{rel}","templated":true}]}}