{"id":23916,"date":"2019-05-07T19:53:05","date_gmt":"2019-05-07T19:53:05","guid":{"rendered":"https:\/\/deutschcolor.com\/fr\/?post_type=product&#038;p=23916"},"modified":"2025-05-26T10:36:43","modified_gmt":"2025-05-26T10:36:43","slug":"admix-s2","status":"publish","type":"product","link":"https:\/\/deutschcolor.com\/fr\/product\/admix-s2\/","title":{"rendered":"ADMIX S2"},"content":{"rendered":"<p><strong>Description<\/strong><br \/>\nADMIX S2 est une formule \u00e0 base acrylique qui permet d\u2019am\u00e9liorer<br \/>\nsignificativement les propri\u00e9t\u00e9s m\u00e9caniques des ciment colle et des<br \/>\nmortiers de joints. Les param\u00e8tres am\u00e9lior\u00e9s de mani\u00e8re consid\u00e9rable<br \/>\nsont principalment:<br \/>\n&#8211; La force d\u2019adh\u00e9rence.<br \/>\n&#8211; La r\u00e9sistance \u00e0 la flexion et \u00e0 la compression.<br \/>\n&#8211; La flexibilit\u00e9.<br \/>\n&#8211; La r\u00e9sistance \u00e0 l\u2019abrasion et \u00e0 la friction.<br \/>\n&#8211; L\u2019\u00e9tanch\u00e9it\u00e9 \u00e0 l\u2019eau.<br \/>\n&#8211; La r\u00e9sistance aux agents chimiques.<\/p>\n<p><strong>Domaine d\u2019utilisation<\/strong><br \/>\nADMIX S2 est utilis\u00e9 comme additif de renforcement pour les ciments colle<br \/>\net les mortiers de jointoiement dans les cas o\u00f9 une imperm\u00e9abilit\u00e9 \u00e9lev\u00e9e<br \/>\n\u00e0 l\u2019eau et une r\u00e9sistance m\u00e9canique et chimique plus importantes sont<br \/>\nrequises.<br \/>\nIl est recommand\u00e9 d\u2019adjuvanter les mortiers de joints pour les carreaux<br \/>\nINTENSE, PROFESSIONAL W11 et MAXI FUGEN avec ADMIX S2 en cas<br \/>\nd\u2019application sur les sols et les murs expos\u00e9s aux agents atmosph\u00e9riques<br \/>\ncorrosifs \u00e0 savoir l\u2019humidit\u00e9, les temp\u00e9ratures \u00e9lev\u00e9es et les moisissures.<br \/>\nDans de tels cas ADMIX S2 assure au produit une r\u00e9sistance dans le<br \/>\ntemps.<\/p>\n<p>###<\/p>\n<p><strong>Duree de vie &#8211; stockage<\/strong><br \/>\n18 mois \u00e0 compter de la date de fabrication, si stock\u00e9 dans l\u2019emballage<br \/>\nnon ouvert d\u2019origine, \u00e0 des temp\u00e9ratures comprises entre +5\u00b0C et +35\u00b0C.<br \/>\nProt\u00e9gez du gel et de l\u2019exposition directe au soleil.<\/p>\n<p><strong>Conditionnnement<\/strong><br \/>\nADMIX S2 est conditionn\u00e9 en bo\u00eetes de 1 Kg, 5 Kg et 10 Kg.<\/p>\n<p><strong>Consommation<\/strong> : 1 \u2013 3 Kg\/25 Kg de produit<\/p>\n<p><strong>Emballage<\/strong> : Bo\u00eete de 12 unit\u00e9s \u2013 Bo\u00eete de 4 unit\u00e9s &#8211; Palette de 60<br \/>\nbidons<\/p>\n","protected":false},"excerpt":{"rendered":"<p>Additif pour les mortiers colle de la gamme FM et les mortiers de jointoiement INTENSE et MAXI FUGEN<\/p>\n","protected":false},"featured_media":24767,"template":"","meta":[],"class_list":["post-23916","product","type-product","status-publish","has-post-thumbnail","hentry","product_cat-adjuvants","product_cat-adjuvants-pour-mortiers"],"yoast_head":"<!-- This site is optimized with the Yoast SEO plugin v25.7 - https:\/\/yoast.com\/wordpress\/plugins\/seo\/ -->\n<title>ADMIX S2 - Deutschcolor<\/title>\n<meta name=\"robots\" content=\"index, follow, max-snippet:-1, max-image-preview:large, max-video-preview:-1\" \/>\n<link rel=\"canonical\" href=\"https:\/\/deutschcolor.com\/fr\/product\/admix-s2\/\" \/>\n<meta property=\"og:locale\" content=\"en_US\" \/>\n<meta property=\"og:type\" content=\"article\" \/>\n<meta property=\"og:title\" content=\"ADMIX S2 - Deutschcolor\" \/>\n<meta property=\"og:description\" content=\"Additif pour les mortiers colle de la gamme FM et les mortiers de jointoiement INTENSE et MAXI FUGEN\" \/>\n<meta property=\"og:url\" content=\"https:\/\/deutschcolor.com\/fr\/product\/admix-s2\/\" \/>\n<meta property=\"og:site_name\" content=\"Deutschcolor\" \/>\n<meta property=\"article:publisher\" content=\"https:\/\/www.facebook.com\/deltahome.al\" \/>\n<meta property=\"article:modified_time\" content=\"2025-05-26T10:36:43+00:00\" \/>\n<meta property=\"og:image\" content=\"https:\/\/deutschcolor.com\/fr\/wp-content\/uploads\/2019\/05\/admix-S2-min.png\" \/>\n\t<meta property=\"og:image:width\" content=\"1000\" \/>\n\t<meta property=\"og:image:height\" content=\"1000\" \/>\n\t<meta property=\"og:image:type\" content=\"image\/png\" \/>\n<meta name=\"twitter:card\" content=\"summary_large_image\" \/>\n<meta name=\"twitter:label1\" content=\"Est. reading time\" \/>\n\t<meta name=\"twitter:data1\" content=\"1 minute\" \/>\n<script type=\"application\/ld+json\" class=\"yoast-schema-graph\">{\"@context\":\"https:\/\/schema.org\",\"@graph\":[{\"@type\":\"WebPage\",\"@id\":\"https:\/\/deutschcolor.com\/fr\/product\/admix-s2\/\",\"url\":\"https:\/\/deutschcolor.com\/fr\/product\/admix-s2\/\",\"name\":\"ADMIX S2 - Deutschcolor\",\"isPartOf\":{\"@id\":\"https:\/\/deutschcolor.com\/fr\/#website\"},\"primaryImageOfPage\":{\"@id\":\"https:\/\/deutschcolor.com\/fr\/product\/admix-s2\/#primaryimage\"},\"image\":{\"@id\":\"https:\/\/deutschcolor.com\/fr\/product\/admix-s2\/#primaryimage\"},\"thumbnailUrl\":\"https:\/\/deutschcolor.com\/fr\/wp-content\/uploads\/2019\/05\/admix-S2-min.png\",\"datePublished\":\"2019-05-07T19:53:05+00:00\",\"dateModified\":\"2025-05-26T10:36:43+00:00\",\"breadcrumb\":{\"@id\":\"https:\/\/deutschcolor.com\/fr\/product\/admix-s2\/#breadcrumb\"},\"inLanguage\":\"en-US\",\"potentialAction\":[{\"@type\":\"ReadAction\",\"target\":[\"https:\/\/deutschcolor.com\/fr\/product\/admix-s2\/\"]}]},{\"@type\":\"ImageObject\",\"inLanguage\":\"en-US\",\"@id\":\"https:\/\/deutschcolor.com\/fr\/product\/admix-s2\/#primaryimage\",\"url\":\"https:\/\/deutschcolor.com\/fr\/wp-content\/uploads\/2019\/05\/admix-S2-min.png\",\"contentUrl\":\"https:\/\/deutschcolor.com\/fr\/wp-content\/uploads\/2019\/05\/admix-S2-min.png\",\"width\":1000,\"height\":1000},{\"@type\":\"BreadcrumbList\",\"@id\":\"https:\/\/deutschcolor.com\/fr\/product\/admix-s2\/#breadcrumb\",\"itemListElement\":[{\"@type\":\"ListItem\",\"position\":1,\"name\":\"Home\",\"item\":\"https:\/\/deutschcolor.com\/fr\/\"},{\"@type\":\"ListItem\",\"position\":2,\"name\":\"SHOP\",\"item\":\"https:\/\/deutschcolor.com\/fr\/shop\/\"},{\"@type\":\"ListItem\",\"position\":3,\"name\":\"ADMIX S2\"}]},{\"@type\":\"WebSite\",\"@id\":\"https:\/\/deutschcolor.com\/fr\/#website\",\"url\":\"https:\/\/deutschcolor.com\/fr\/\",\"name\":\"Deutschcolor\",\"description\":\"Deutschcolor Tunisia\",\"publisher\":{\"@id\":\"https:\/\/deutschcolor.com\/fr\/#organization\"},\"potentialAction\":[{\"@type\":\"SearchAction\",\"target\":{\"@type\":\"EntryPoint\",\"urlTemplate\":\"https:\/\/deutschcolor.com\/fr\/?s={search_term_string}\"},\"query-input\":{\"@type\":\"PropertyValueSpecification\",\"valueRequired\":true,\"valueName\":\"search_term_string\"}}],\"inLanguage\":\"en-US\"},{\"@type\":\"Organization\",\"@id\":\"https:\/\/deutschcolor.com\/fr\/#organization\",\"name\":\"Deutschcolor\",\"url\":\"https:\/\/deutschcolor.com\/fr\/\",\"logo\":{\"@type\":\"ImageObject\",\"inLanguage\":\"en-US\",\"@id\":\"https:\/\/deutschcolor.com\/fr\/#\/schema\/logo\/image\/\",\"url\":\"https:\/\/deutschcolor.com\/fr\/wp-content\/uploads\/2025\/08\/4160px-dc.png\",\"contentUrl\":\"https:\/\/deutschcolor.com\/fr\/wp-content\/uploads\/2025\/08\/4160px-dc.png\",\"width\":4160,\"height\":689,\"caption\":\"Deutschcolor\"},\"image\":{\"@id\":\"https:\/\/deutschcolor.com\/fr\/#\/schema\/logo\/image\/\"},\"sameAs\":[\"https:\/\/www.facebook.com\/deltahome.al\"]}]}<\/script>\n<!-- \/ Yoast SEO plugin. -->","yoast_head_json":{"title":"ADMIX S2 - Deutschcolor","robots":{"index":"index","follow":"follow","max-snippet":"max-snippet:-1","max-image-preview":"max-image-preview:large","max-video-preview":"max-video-preview:-1"},"canonical":"https:\/\/deutschcolor.com\/fr\/product\/admix-s2\/","og_locale":"en_US","og_type":"article","og_title":"ADMIX S2 - Deutschcolor","og_description":"Additif pour les mortiers colle de la gamme FM et les mortiers de jointoiement INTENSE et MAXI FUGEN","og_url":"https:\/\/deutschcolor.com\/fr\/product\/admix-s2\/","og_site_name":"Deutschcolor","article_publisher":"https:\/\/www.facebook.com\/deltahome.al","article_modified_time":"2025-05-26T10:36:43+00:00","og_image":[{"width":1000,"height":1000,"url":"https:\/\/deutschcolor.com\/fr\/wp-content\/uploads\/2019\/05\/admix-S2-min.png","type":"image\/png"}],"twitter_card":"summary_large_image","twitter_misc":{"Est. reading time":"1 minute"},"schema":{"@context":"https:\/\/schema.org","@graph":[{"@type":"WebPage","@id":"https:\/\/deutschcolor.com\/fr\/product\/admix-s2\/","url":"https:\/\/deutschcolor.com\/fr\/product\/admix-s2\/","name":"ADMIX S2 - Deutschcolor","isPartOf":{"@id":"https:\/\/deutschcolor.com\/fr\/#website"},"primaryImageOfPage":{"@id":"https:\/\/deutschcolor.com\/fr\/product\/admix-s2\/#primaryimage"},"image":{"@id":"https:\/\/deutschcolor.com\/fr\/product\/admix-s2\/#primaryimage"},"thumbnailUrl":"https:\/\/deutschcolor.com\/fr\/wp-content\/uploads\/2019\/05\/admix-S2-min.png","datePublished":"2019-05-07T19:53:05+00:00","dateModified":"2025-05-26T10:36:43+00:00","breadcrumb":{"@id":"https:\/\/deutschcolor.com\/fr\/product\/admix-s2\/#breadcrumb"},"inLanguage":"en-US","potentialAction":[{"@type":"ReadAction","target":["https:\/\/deutschcolor.com\/fr\/product\/admix-s2\/"]}]},{"@type":"ImageObject","inLanguage":"en-US","@id":"https:\/\/deutschcolor.com\/fr\/product\/admix-s2\/#primaryimage","url":"https:\/\/deutschcolor.com\/fr\/wp-content\/uploads\/2019\/05\/admix-S2-min.png","contentUrl":"https:\/\/deutschcolor.com\/fr\/wp-content\/uploads\/2019\/05\/admix-S2-min.png","width":1000,"height":1000},{"@type":"BreadcrumbList","@id":"https:\/\/deutschcolor.com\/fr\/product\/admix-s2\/#breadcrumb","itemListElement":[{"@type":"ListItem","position":1,"name":"Home","item":"https:\/\/deutschcolor.com\/fr\/"},{"@type":"ListItem","position":2,"name":"SHOP","item":"https:\/\/deutschcolor.com\/fr\/shop\/"},{"@type":"ListItem","position":3,"name":"ADMIX S2"}]},{"@type":"WebSite","@id":"https:\/\/deutschcolor.com\/fr\/#website","url":"https:\/\/deutschcolor.com\/fr\/","name":"Deutschcolor","description":"Deutschcolor Tunisia","publisher":{"@id":"https:\/\/deutschcolor.com\/fr\/#organization"},"potentialAction":[{"@type":"SearchAction","target":{"@type":"EntryPoint","urlTemplate":"https:\/\/deutschcolor.com\/fr\/?s={search_term_string}"},"query-input":{"@type":"PropertyValueSpecification","valueRequired":true,"valueName":"search_term_string"}}],"inLanguage":"en-US"},{"@type":"Organization","@id":"https:\/\/deutschcolor.com\/fr\/#organization","name":"Deutschcolor","url":"https:\/\/deutschcolor.com\/fr\/","logo":{"@type":"ImageObject","inLanguage":"en-US","@id":"https:\/\/deutschcolor.com\/fr\/#\/schema\/logo\/image\/","url":"https:\/\/deutschcolor.com\/fr\/wp-content\/uploads\/2025\/08\/4160px-dc.png","contentUrl":"https:\/\/deutschcolor.com\/fr\/wp-content\/uploads\/2025\/08\/4160px-dc.png","width":4160,"height":689,"caption":"Deutschcolor"},"image":{"@id":"https:\/\/deutschcolor.com\/fr\/#\/schema\/logo\/image\/"},"sameAs":["https:\/\/www.facebook.com\/deltahome.al"]}]}},"_links":{"self":[{"href":"https:\/\/deutschcolor.com\/fr\/wp-json\/wp\/v2\/product\/23916","targetHints":{"allow":["GET"]}}],"collection":[{"href":"https:\/\/deutschcolor.com\/fr\/wp-json\/wp\/v2\/product"}],"about":[{"href":"https:\/\/deutschcolor.com\/fr\/wp-json\/wp\/v2\/types\/product"}],"wp:featuredmedia":[{"embeddable":true,"href":"https:\/\/deutschcolor.com\/fr\/wp-json\/wp\/v2\/media\/24767"}],"wp:attachment":[{"href":"https:\/\/deutschcolor.com\/fr\/wp-json\/wp\/v2\/media?parent=23916"}],"curies":[{"name":"wp","href":"https:\/\/api.w.org\/{rel}","templated":true}]}}