{"id":23922,"date":"2019-05-07T20:02:29","date_gmt":"2019-05-07T20:02:29","guid":{"rendered":"https:\/\/deutschcolor.com\/fr\/?post_type=product&#038;p=23922"},"modified":"2025-05-26T10:36:44","modified_gmt":"2025-05-26T10:36:44","slug":"admix-cem","status":"publish","type":"product","link":"https:\/\/deutschcolor.com\/fr\/product\/admix-cem\/","title":{"rendered":"ADMIX CEM"},"content":{"rendered":"<p><strong>Domaine d\u2019application\u00a0<\/strong><br \/>\n&#8211; Imperm\u00e9abilisation de murs et fa\u00e7ades<br \/>\n&#8211; Cuvelage<br \/>\n&#8211; Chapes et formes de pente de protection pour l\u2019\u00e9tanch\u00e9it\u00e9 de toitures et terrasses.<br \/>\n&#8211; Pour les piscines et r\u00e9servoirs, l&#8217;imperm\u00e9abilisation s&#8217;obtient facilement en appliquant en plusieurs couches un enduit de mortier pr\u00e9par\u00e9 avec ADMIX CEM de 2 \u00e0 3 cm d&#8217;\u00e9paisseur sur un b\u00e9ton repiqu\u00e9. Le dosage sera de 1 volume de ciment pour 2 volumes de sable et la couche de finition sera taloch\u00e9e et non liss\u00e9e pour \u00e9viter le fa\u00efen\u00e7age.<br \/>\n&#8211; R\u00e9alisation de chapes imperm\u00e9ables. L&#8217;imperm\u00e9abilisation de la chape sera obtenue par incorporation de ADMIX CEM au mortier pr\u00e9par\u00e9 comme d\u00e9crit pour les piscines et r\u00e9servoirs.<br \/>\n&#8211; R\u00e9alisation de chapes d\u2019arase, de coupures de capillarit\u00e9<\/p>\n<p>###<br \/>\n<strong>Conditionnement<\/strong><br \/>\nADMIX CEM est disponible en sacs plastiques de 2kg et 5kg.<\/p>\n<p><strong>Consommation<\/strong><br \/>\n1 kg de ADMIX CEM pour 1 sac de ciment.<\/p>\n<p><strong>Conservation\u00a0<\/strong><br \/>\n2 ans dans les conditions de stockage normales.<\/p>\n","protected":false},"excerpt":{"rendered":"<p>Additif en poudre pour l\u2019imperm\u00e9abilisation des mortiers de ciment, des mortiers b\u00e2tards et des b\u00e9tons.<\/p>\n","protected":false},"featured_media":25020,"template":"","meta":[],"class_list":["post-23922","product","type-product","status-publish","has-post-thumbnail","hentry","product_cat-adjuvants","product_cat-adjuvants-pour-beton"],"yoast_head":"<!-- This site is optimized with the Yoast SEO plugin v25.7 - https:\/\/yoast.com\/wordpress\/plugins\/seo\/ -->\n<title>ADMIX CEM - Deutschcolor<\/title>\n<meta name=\"robots\" content=\"index, follow, max-snippet:-1, max-image-preview:large, max-video-preview:-1\" \/>\n<link rel=\"canonical\" href=\"https:\/\/deutschcolor.com\/fr\/product\/admix-cem\/\" \/>\n<meta property=\"og:locale\" content=\"en_US\" \/>\n<meta property=\"og:type\" content=\"article\" \/>\n<meta property=\"og:title\" content=\"ADMIX CEM - Deutschcolor\" \/>\n<meta property=\"og:description\" content=\"Additif en poudre pour l\u2019imperm\u00e9abilisation des mortiers de ciment, des mortiers b\u00e2tards et des b\u00e9tons.\" \/>\n<meta property=\"og:url\" content=\"https:\/\/deutschcolor.com\/fr\/product\/admix-cem\/\" \/>\n<meta property=\"og:site_name\" content=\"Deutschcolor\" \/>\n<meta property=\"article:publisher\" content=\"https:\/\/www.facebook.com\/deltahome.al\" \/>\n<meta property=\"article:modified_time\" content=\"2025-05-26T10:36:44+00:00\" \/>\n<meta property=\"og:image\" content=\"https:\/\/deutschcolor.com\/fr\/wp-content\/uploads\/2019\/05\/admix-cem.png\" \/>\n\t<meta property=\"og:image:width\" content=\"1500\" \/>\n\t<meta property=\"og:image:height\" content=\"1500\" \/>\n\t<meta property=\"og:image:type\" content=\"image\/png\" \/>\n<meta name=\"twitter:card\" content=\"summary_large_image\" \/>\n<meta name=\"twitter:label1\" content=\"Est. reading time\" \/>\n\t<meta name=\"twitter:data1\" content=\"1 minute\" \/>\n<script type=\"application\/ld+json\" class=\"yoast-schema-graph\">{\"@context\":\"https:\/\/schema.org\",\"@graph\":[{\"@type\":\"WebPage\",\"@id\":\"https:\/\/deutschcolor.com\/fr\/product\/admix-cem\/\",\"url\":\"https:\/\/deutschcolor.com\/fr\/product\/admix-cem\/\",\"name\":\"ADMIX CEM - Deutschcolor\",\"isPartOf\":{\"@id\":\"https:\/\/deutschcolor.com\/fr\/#website\"},\"primaryImageOfPage\":{\"@id\":\"https:\/\/deutschcolor.com\/fr\/product\/admix-cem\/#primaryimage\"},\"image\":{\"@id\":\"https:\/\/deutschcolor.com\/fr\/product\/admix-cem\/#primaryimage\"},\"thumbnailUrl\":\"https:\/\/deutschcolor.com\/fr\/wp-content\/uploads\/2019\/05\/admix-cem.png\",\"datePublished\":\"2019-05-07T20:02:29+00:00\",\"dateModified\":\"2025-05-26T10:36:44+00:00\",\"breadcrumb\":{\"@id\":\"https:\/\/deutschcolor.com\/fr\/product\/admix-cem\/#breadcrumb\"},\"inLanguage\":\"en-US\",\"potentialAction\":[{\"@type\":\"ReadAction\",\"target\":[\"https:\/\/deutschcolor.com\/fr\/product\/admix-cem\/\"]}]},{\"@type\":\"ImageObject\",\"inLanguage\":\"en-US\",\"@id\":\"https:\/\/deutschcolor.com\/fr\/product\/admix-cem\/#primaryimage\",\"url\":\"https:\/\/deutschcolor.com\/fr\/wp-content\/uploads\/2019\/05\/admix-cem.png\",\"contentUrl\":\"https:\/\/deutschcolor.com\/fr\/wp-content\/uploads\/2019\/05\/admix-cem.png\",\"width\":1500,\"height\":1500},{\"@type\":\"BreadcrumbList\",\"@id\":\"https:\/\/deutschcolor.com\/fr\/product\/admix-cem\/#breadcrumb\",\"itemListElement\":[{\"@type\":\"ListItem\",\"position\":1,\"name\":\"Home\",\"item\":\"https:\/\/deutschcolor.com\/fr\/\"},{\"@type\":\"ListItem\",\"position\":2,\"name\":\"SHOP\",\"item\":\"https:\/\/deutschcolor.com\/fr\/shop\/\"},{\"@type\":\"ListItem\",\"position\":3,\"name\":\"ADMIX CEM\"}]},{\"@type\":\"WebSite\",\"@id\":\"https:\/\/deutschcolor.com\/fr\/#website\",\"url\":\"https:\/\/deutschcolor.com\/fr\/\",\"name\":\"Deutschcolor\",\"description\":\"Deutschcolor Tunisia\",\"publisher\":{\"@id\":\"https:\/\/deutschcolor.com\/fr\/#organization\"},\"potentialAction\":[{\"@type\":\"SearchAction\",\"target\":{\"@type\":\"EntryPoint\",\"urlTemplate\":\"https:\/\/deutschcolor.com\/fr\/?s={search_term_string}\"},\"query-input\":{\"@type\":\"PropertyValueSpecification\",\"valueRequired\":true,\"valueName\":\"search_term_string\"}}],\"inLanguage\":\"en-US\"},{\"@type\":\"Organization\",\"@id\":\"https:\/\/deutschcolor.com\/fr\/#organization\",\"name\":\"Deutschcolor\",\"url\":\"https:\/\/deutschcolor.com\/fr\/\",\"logo\":{\"@type\":\"ImageObject\",\"inLanguage\":\"en-US\",\"@id\":\"https:\/\/deutschcolor.com\/fr\/#\/schema\/logo\/image\/\",\"url\":\"https:\/\/deutschcolor.com\/fr\/wp-content\/uploads\/2025\/08\/4160px-dc.png\",\"contentUrl\":\"https:\/\/deutschcolor.com\/fr\/wp-content\/uploads\/2025\/08\/4160px-dc.png\",\"width\":4160,\"height\":689,\"caption\":\"Deutschcolor\"},\"image\":{\"@id\":\"https:\/\/deutschcolor.com\/fr\/#\/schema\/logo\/image\/\"},\"sameAs\":[\"https:\/\/www.facebook.com\/deltahome.al\"]}]}<\/script>\n<!-- \/ Yoast SEO plugin. -->","yoast_head_json":{"title":"ADMIX CEM - Deutschcolor","robots":{"index":"index","follow":"follow","max-snippet":"max-snippet:-1","max-image-preview":"max-image-preview:large","max-video-preview":"max-video-preview:-1"},"canonical":"https:\/\/deutschcolor.com\/fr\/product\/admix-cem\/","og_locale":"en_US","og_type":"article","og_title":"ADMIX CEM - Deutschcolor","og_description":"Additif en poudre pour l\u2019imperm\u00e9abilisation des mortiers de ciment, des mortiers b\u00e2tards et des b\u00e9tons.","og_url":"https:\/\/deutschcolor.com\/fr\/product\/admix-cem\/","og_site_name":"Deutschcolor","article_publisher":"https:\/\/www.facebook.com\/deltahome.al","article_modified_time":"2025-05-26T10:36:44+00:00","og_image":[{"width":1500,"height":1500,"url":"https:\/\/deutschcolor.com\/fr\/wp-content\/uploads\/2019\/05\/admix-cem.png","type":"image\/png"}],"twitter_card":"summary_large_image","twitter_misc":{"Est. reading time":"1 minute"},"schema":{"@context":"https:\/\/schema.org","@graph":[{"@type":"WebPage","@id":"https:\/\/deutschcolor.com\/fr\/product\/admix-cem\/","url":"https:\/\/deutschcolor.com\/fr\/product\/admix-cem\/","name":"ADMIX CEM - Deutschcolor","isPartOf":{"@id":"https:\/\/deutschcolor.com\/fr\/#website"},"primaryImageOfPage":{"@id":"https:\/\/deutschcolor.com\/fr\/product\/admix-cem\/#primaryimage"},"image":{"@id":"https:\/\/deutschcolor.com\/fr\/product\/admix-cem\/#primaryimage"},"thumbnailUrl":"https:\/\/deutschcolor.com\/fr\/wp-content\/uploads\/2019\/05\/admix-cem.png","datePublished":"2019-05-07T20:02:29+00:00","dateModified":"2025-05-26T10:36:44+00:00","breadcrumb":{"@id":"https:\/\/deutschcolor.com\/fr\/product\/admix-cem\/#breadcrumb"},"inLanguage":"en-US","potentialAction":[{"@type":"ReadAction","target":["https:\/\/deutschcolor.com\/fr\/product\/admix-cem\/"]}]},{"@type":"ImageObject","inLanguage":"en-US","@id":"https:\/\/deutschcolor.com\/fr\/product\/admix-cem\/#primaryimage","url":"https:\/\/deutschcolor.com\/fr\/wp-content\/uploads\/2019\/05\/admix-cem.png","contentUrl":"https:\/\/deutschcolor.com\/fr\/wp-content\/uploads\/2019\/05\/admix-cem.png","width":1500,"height":1500},{"@type":"BreadcrumbList","@id":"https:\/\/deutschcolor.com\/fr\/product\/admix-cem\/#breadcrumb","itemListElement":[{"@type":"ListItem","position":1,"name":"Home","item":"https:\/\/deutschcolor.com\/fr\/"},{"@type":"ListItem","position":2,"name":"SHOP","item":"https:\/\/deutschcolor.com\/fr\/shop\/"},{"@type":"ListItem","position":3,"name":"ADMIX CEM"}]},{"@type":"WebSite","@id":"https:\/\/deutschcolor.com\/fr\/#website","url":"https:\/\/deutschcolor.com\/fr\/","name":"Deutschcolor","description":"Deutschcolor Tunisia","publisher":{"@id":"https:\/\/deutschcolor.com\/fr\/#organization"},"potentialAction":[{"@type":"SearchAction","target":{"@type":"EntryPoint","urlTemplate":"https:\/\/deutschcolor.com\/fr\/?s={search_term_string}"},"query-input":{"@type":"PropertyValueSpecification","valueRequired":true,"valueName":"search_term_string"}}],"inLanguage":"en-US"},{"@type":"Organization","@id":"https:\/\/deutschcolor.com\/fr\/#organization","name":"Deutschcolor","url":"https:\/\/deutschcolor.com\/fr\/","logo":{"@type":"ImageObject","inLanguage":"en-US","@id":"https:\/\/deutschcolor.com\/fr\/#\/schema\/logo\/image\/","url":"https:\/\/deutschcolor.com\/fr\/wp-content\/uploads\/2025\/08\/4160px-dc.png","contentUrl":"https:\/\/deutschcolor.com\/fr\/wp-content\/uploads\/2025\/08\/4160px-dc.png","width":4160,"height":689,"caption":"Deutschcolor"},"image":{"@id":"https:\/\/deutschcolor.com\/fr\/#\/schema\/logo\/image\/"},"sameAs":["https:\/\/www.facebook.com\/deltahome.al"]}]}},"_links":{"self":[{"href":"https:\/\/deutschcolor.com\/fr\/wp-json\/wp\/v2\/product\/23922","targetHints":{"allow":["GET"]}}],"collection":[{"href":"https:\/\/deutschcolor.com\/fr\/wp-json\/wp\/v2\/product"}],"about":[{"href":"https:\/\/deutschcolor.com\/fr\/wp-json\/wp\/v2\/types\/product"}],"wp:featuredmedia":[{"embeddable":true,"href":"https:\/\/deutschcolor.com\/fr\/wp-json\/wp\/v2\/media\/25020"}],"wp:attachment":[{"href":"https:\/\/deutschcolor.com\/fr\/wp-json\/wp\/v2\/media?parent=23922"}],"curies":[{"name":"wp","href":"https:\/\/api.w.org\/{rel}","templated":true}]}}