{"id":23923,"date":"2019-05-07T20:07:29","date_gmt":"2019-05-07T20:07:29","guid":{"rendered":"https:\/\/deutschcolor.com\/fr\/?post_type=product&#038;p=23923"},"modified":"2019-07-09T10:10:18","modified_gmt":"2019-07-09T10:10:18","slug":"fluidcret-05","status":"publish","type":"product","link":"https:\/\/deutschcolor.com\/fr\/product\/fluidcret-05\/","title":{"rendered":"FLUIDCRET 05"},"content":{"rendered":"<p><strong>Description<\/strong><br \/>\nFLUIDCRET 05 est un additif sous forme liquide, qui agit comme agent<br \/>\nplastifiant et imperm\u00e9abilisant dans le b\u00e9ton, offrant les avantages<br \/>\nsuivants :<br \/>\n&#8211; Augmentation notable de l\u2019imperm\u00e9abilit\u00e9 \u00e0 l\u2019eau aussi bien en pr\u00e9sence<br \/>\nde pressions n\u00e9gatives et positives qu\u2019en cas d\u2019absorption capillaire.<br \/>\n&#8211; Am\u00e9lioration de la maniabilit\u00e9 sans besoin d\u2019apport suppl\u00e9mentaire d\u2019eau.<br \/>\n&#8211; Elimination de l\u2019air emprisonn\u00e9 dans le b\u00e9ton.<br \/>\n&#8211; Ne contient ni chlorures ni autres agents irritants.<br \/>\n&#8211; Compatible avec tous les types de ciment Portland.<\/p>\n<p><strong>Domaine d\u2019utilisation<\/strong><br \/>\nFLUIDCRET 05 est un additif indispensable pour la pr\u00e9paration de b\u00e9tons<br \/>\ndot\u00e9s d\u2019une r\u00e9sistance \u00e9lev\u00e9e \u00e0 la compression ou de b\u00e9tons expos\u00e9s aux<br \/>\nagents atmosph\u00e9riques ou destin\u00e9s \u00e0 e^tre immerg\u00e9s dans l\u2019eau.<\/p>\n<p>###<\/p>\n<p><strong>Conditionnnement<\/strong><br \/>\nFLUIDCRET 05 est disponible dans des r\u00e9cipients en plastique de 5 kg,<br \/>\n20 kg et 100 kg.<\/p>\n<p><strong>Duree de vie &#8211; stockage<\/strong><br \/>\n18 mois \u00e0 compter de la date de fabrication, si stock\u00e9 dans l\u2019emballage<br \/>\nnon ouvert d\u2019origine, \u00e0 des temp\u00e9ratures comprises entre +5\u00b0C et +35\u00b0C.<br \/>\nProt\u00e9gez du gel et de l\u2019exposition directe au soleil.<\/p>\n","protected":false},"excerpt":{"rendered":"<p>Plastifiant, type A, Additif d\u2019imperm\u00e9abilisation pour la pr\u00e9paration de b\u00e9tons.<\/p>\n","protected":false},"featured_media":24771,"template":"","meta":[],"class_list":["post-23923","product","type-product","status-publish","has-post-thumbnail","hentry","product_cat-adjuvants","product_cat-adjuvants-pour-beton"],"yoast_head":"<!-- This site is optimized with the Yoast SEO plugin v25.7 - https:\/\/yoast.com\/wordpress\/plugins\/seo\/ -->\n<title>FLUIDCRET 05 - Deutschcolor<\/title>\n<meta name=\"robots\" content=\"index, follow, max-snippet:-1, max-image-preview:large, max-video-preview:-1\" \/>\n<link rel=\"canonical\" href=\"https:\/\/deutschcolor.com\/fr\/product\/fluidcret-05\/\" \/>\n<meta property=\"og:locale\" content=\"en_US\" \/>\n<meta property=\"og:type\" content=\"article\" \/>\n<meta property=\"og:title\" content=\"FLUIDCRET 05 - Deutschcolor\" \/>\n<meta property=\"og:description\" content=\"Plastifiant, type A, Additif d\u2019imperm\u00e9abilisation pour la pr\u00e9paration de b\u00e9tons.\" \/>\n<meta property=\"og:url\" content=\"https:\/\/deutschcolor.com\/fr\/product\/fluidcret-05\/\" \/>\n<meta property=\"og:site_name\" content=\"Deutschcolor\" \/>\n<meta property=\"article:publisher\" content=\"https:\/\/www.facebook.com\/deltahome.al\" \/>\n<meta property=\"article:modified_time\" content=\"2019-07-09T10:10:18+00:00\" \/>\n<meta property=\"og:image\" content=\"https:\/\/deutschcolor.com\/fr\/wp-content\/uploads\/2019\/05\/fluidcret05-min.png\" \/>\n\t<meta property=\"og:image:width\" content=\"1000\" \/>\n\t<meta property=\"og:image:height\" content=\"1000\" \/>\n\t<meta property=\"og:image:type\" content=\"image\/png\" \/>\n<meta name=\"twitter:card\" content=\"summary_large_image\" \/>\n<meta name=\"twitter:label1\" content=\"Est. reading time\" \/>\n\t<meta name=\"twitter:data1\" content=\"1 minute\" \/>\n<script type=\"application\/ld+json\" class=\"yoast-schema-graph\">{\"@context\":\"https:\/\/schema.org\",\"@graph\":[{\"@type\":\"WebPage\",\"@id\":\"https:\/\/deutschcolor.com\/fr\/product\/fluidcret-05\/\",\"url\":\"https:\/\/deutschcolor.com\/fr\/product\/fluidcret-05\/\",\"name\":\"FLUIDCRET 05 - Deutschcolor\",\"isPartOf\":{\"@id\":\"https:\/\/deutschcolor.com\/fr\/#website\"},\"primaryImageOfPage\":{\"@id\":\"https:\/\/deutschcolor.com\/fr\/product\/fluidcret-05\/#primaryimage\"},\"image\":{\"@id\":\"https:\/\/deutschcolor.com\/fr\/product\/fluidcret-05\/#primaryimage\"},\"thumbnailUrl\":\"https:\/\/deutschcolor.com\/fr\/wp-content\/uploads\/2019\/05\/fluidcret05-min.png\",\"datePublished\":\"2019-05-07T20:07:29+00:00\",\"dateModified\":\"2019-07-09T10:10:18+00:00\",\"breadcrumb\":{\"@id\":\"https:\/\/deutschcolor.com\/fr\/product\/fluidcret-05\/#breadcrumb\"},\"inLanguage\":\"en-US\",\"potentialAction\":[{\"@type\":\"ReadAction\",\"target\":[\"https:\/\/deutschcolor.com\/fr\/product\/fluidcret-05\/\"]}]},{\"@type\":\"ImageObject\",\"inLanguage\":\"en-US\",\"@id\":\"https:\/\/deutschcolor.com\/fr\/product\/fluidcret-05\/#primaryimage\",\"url\":\"https:\/\/deutschcolor.com\/fr\/wp-content\/uploads\/2019\/05\/fluidcret05-min.png\",\"contentUrl\":\"https:\/\/deutschcolor.com\/fr\/wp-content\/uploads\/2019\/05\/fluidcret05-min.png\",\"width\":1000,\"height\":1000},{\"@type\":\"BreadcrumbList\",\"@id\":\"https:\/\/deutschcolor.com\/fr\/product\/fluidcret-05\/#breadcrumb\",\"itemListElement\":[{\"@type\":\"ListItem\",\"position\":1,\"name\":\"Home\",\"item\":\"https:\/\/deutschcolor.com\/fr\/\"},{\"@type\":\"ListItem\",\"position\":2,\"name\":\"SHOP\",\"item\":\"https:\/\/deutschcolor.com\/fr\/shop\/\"},{\"@type\":\"ListItem\",\"position\":3,\"name\":\"FLUIDCRET 05\"}]},{\"@type\":\"WebSite\",\"@id\":\"https:\/\/deutschcolor.com\/fr\/#website\",\"url\":\"https:\/\/deutschcolor.com\/fr\/\",\"name\":\"Deutschcolor\",\"description\":\"Deutschcolor Tunisia\",\"publisher\":{\"@id\":\"https:\/\/deutschcolor.com\/fr\/#organization\"},\"potentialAction\":[{\"@type\":\"SearchAction\",\"target\":{\"@type\":\"EntryPoint\",\"urlTemplate\":\"https:\/\/deutschcolor.com\/fr\/?s={search_term_string}\"},\"query-input\":{\"@type\":\"PropertyValueSpecification\",\"valueRequired\":true,\"valueName\":\"search_term_string\"}}],\"inLanguage\":\"en-US\"},{\"@type\":\"Organization\",\"@id\":\"https:\/\/deutschcolor.com\/fr\/#organization\",\"name\":\"Deutschcolor\",\"url\":\"https:\/\/deutschcolor.com\/fr\/\",\"logo\":{\"@type\":\"ImageObject\",\"inLanguage\":\"en-US\",\"@id\":\"https:\/\/deutschcolor.com\/fr\/#\/schema\/logo\/image\/\",\"url\":\"https:\/\/deutschcolor.com\/fr\/wp-content\/uploads\/2025\/08\/4160px-dc.png\",\"contentUrl\":\"https:\/\/deutschcolor.com\/fr\/wp-content\/uploads\/2025\/08\/4160px-dc.png\",\"width\":4160,\"height\":689,\"caption\":\"Deutschcolor\"},\"image\":{\"@id\":\"https:\/\/deutschcolor.com\/fr\/#\/schema\/logo\/image\/\"},\"sameAs\":[\"https:\/\/www.facebook.com\/deltahome.al\"]}]}<\/script>\n<!-- \/ Yoast SEO plugin. -->","yoast_head_json":{"title":"FLUIDCRET 05 - Deutschcolor","robots":{"index":"index","follow":"follow","max-snippet":"max-snippet:-1","max-image-preview":"max-image-preview:large","max-video-preview":"max-video-preview:-1"},"canonical":"https:\/\/deutschcolor.com\/fr\/product\/fluidcret-05\/","og_locale":"en_US","og_type":"article","og_title":"FLUIDCRET 05 - Deutschcolor","og_description":"Plastifiant, type A, Additif d\u2019imperm\u00e9abilisation pour la pr\u00e9paration de b\u00e9tons.","og_url":"https:\/\/deutschcolor.com\/fr\/product\/fluidcret-05\/","og_site_name":"Deutschcolor","article_publisher":"https:\/\/www.facebook.com\/deltahome.al","article_modified_time":"2019-07-09T10:10:18+00:00","og_image":[{"width":1000,"height":1000,"url":"https:\/\/deutschcolor.com\/fr\/wp-content\/uploads\/2019\/05\/fluidcret05-min.png","type":"image\/png"}],"twitter_card":"summary_large_image","twitter_misc":{"Est. reading time":"1 minute"},"schema":{"@context":"https:\/\/schema.org","@graph":[{"@type":"WebPage","@id":"https:\/\/deutschcolor.com\/fr\/product\/fluidcret-05\/","url":"https:\/\/deutschcolor.com\/fr\/product\/fluidcret-05\/","name":"FLUIDCRET 05 - Deutschcolor","isPartOf":{"@id":"https:\/\/deutschcolor.com\/fr\/#website"},"primaryImageOfPage":{"@id":"https:\/\/deutschcolor.com\/fr\/product\/fluidcret-05\/#primaryimage"},"image":{"@id":"https:\/\/deutschcolor.com\/fr\/product\/fluidcret-05\/#primaryimage"},"thumbnailUrl":"https:\/\/deutschcolor.com\/fr\/wp-content\/uploads\/2019\/05\/fluidcret05-min.png","datePublished":"2019-05-07T20:07:29+00:00","dateModified":"2019-07-09T10:10:18+00:00","breadcrumb":{"@id":"https:\/\/deutschcolor.com\/fr\/product\/fluidcret-05\/#breadcrumb"},"inLanguage":"en-US","potentialAction":[{"@type":"ReadAction","target":["https:\/\/deutschcolor.com\/fr\/product\/fluidcret-05\/"]}]},{"@type":"ImageObject","inLanguage":"en-US","@id":"https:\/\/deutschcolor.com\/fr\/product\/fluidcret-05\/#primaryimage","url":"https:\/\/deutschcolor.com\/fr\/wp-content\/uploads\/2019\/05\/fluidcret05-min.png","contentUrl":"https:\/\/deutschcolor.com\/fr\/wp-content\/uploads\/2019\/05\/fluidcret05-min.png","width":1000,"height":1000},{"@type":"BreadcrumbList","@id":"https:\/\/deutschcolor.com\/fr\/product\/fluidcret-05\/#breadcrumb","itemListElement":[{"@type":"ListItem","position":1,"name":"Home","item":"https:\/\/deutschcolor.com\/fr\/"},{"@type":"ListItem","position":2,"name":"SHOP","item":"https:\/\/deutschcolor.com\/fr\/shop\/"},{"@type":"ListItem","position":3,"name":"FLUIDCRET 05"}]},{"@type":"WebSite","@id":"https:\/\/deutschcolor.com\/fr\/#website","url":"https:\/\/deutschcolor.com\/fr\/","name":"Deutschcolor","description":"Deutschcolor Tunisia","publisher":{"@id":"https:\/\/deutschcolor.com\/fr\/#organization"},"potentialAction":[{"@type":"SearchAction","target":{"@type":"EntryPoint","urlTemplate":"https:\/\/deutschcolor.com\/fr\/?s={search_term_string}"},"query-input":{"@type":"PropertyValueSpecification","valueRequired":true,"valueName":"search_term_string"}}],"inLanguage":"en-US"},{"@type":"Organization","@id":"https:\/\/deutschcolor.com\/fr\/#organization","name":"Deutschcolor","url":"https:\/\/deutschcolor.com\/fr\/","logo":{"@type":"ImageObject","inLanguage":"en-US","@id":"https:\/\/deutschcolor.com\/fr\/#\/schema\/logo\/image\/","url":"https:\/\/deutschcolor.com\/fr\/wp-content\/uploads\/2025\/08\/4160px-dc.png","contentUrl":"https:\/\/deutschcolor.com\/fr\/wp-content\/uploads\/2025\/08\/4160px-dc.png","width":4160,"height":689,"caption":"Deutschcolor"},"image":{"@id":"https:\/\/deutschcolor.com\/fr\/#\/schema\/logo\/image\/"},"sameAs":["https:\/\/www.facebook.com\/deltahome.al"]}]}},"_links":{"self":[{"href":"https:\/\/deutschcolor.com\/fr\/wp-json\/wp\/v2\/product\/23923","targetHints":{"allow":["GET"]}}],"collection":[{"href":"https:\/\/deutschcolor.com\/fr\/wp-json\/wp\/v2\/product"}],"about":[{"href":"https:\/\/deutschcolor.com\/fr\/wp-json\/wp\/v2\/types\/product"}],"wp:featuredmedia":[{"embeddable":true,"href":"https:\/\/deutschcolor.com\/fr\/wp-json\/wp\/v2\/media\/24771"}],"wp:attachment":[{"href":"https:\/\/deutschcolor.com\/fr\/wp-json\/wp\/v2\/media?parent=23923"}],"curies":[{"name":"wp","href":"https:\/\/api.w.org\/{rel}","templated":true}]}}