{"id":23929,"date":"2019-05-07T20:14:47","date_gmt":"2019-05-07T20:14:47","guid":{"rendered":"https:\/\/deutschcolor.com\/fr\/?post_type=product&#038;p=23929"},"modified":"2019-07-09T10:11:40","modified_gmt":"2019-07-09T10:11:40","slug":"recret-b","status":"publish","type":"product","link":"https:\/\/deutschcolor.com\/fr\/product\/recret-b\/","title":{"rendered":"RECRET B"},"content":{"rendered":"<p><strong>Caracteristiques<\/strong><br \/>\nRECRET B est un additif sous forme liquide, qui retarde la prise du b\u00e9ton,<br \/>\nce qui prolonge le temps durant lequel il garde sa plasticit\u00e9. FLUIDCRET<br \/>\nG permet en m\u00eame temps de r\u00e9duire la quantit\u00e9 d\u2019eau n\u00e9cessaire au b\u00e9ton<br \/>\npour avoir la maniabilit\u00e9 requise. En maintenant la stabilit\u00e9 de la quantit\u00e9<br \/>\nd\u2019eau de g\u00e2chage il am\u00e9liore la maniabilit\u00e9.<br \/>\nRECRET B G est un adjuvant essentiel pour la pr\u00e9paration de b\u00e9tons de<br \/>\nhaute qualit\u00e9.<br \/>\n&#8211; Au-del\u00e0 de son effet sur le temps de prise, il permet une tr\u00e8s bonne<br \/>\nhydratation du ciment ce qui a pour r\u00e9sultat une augmentation significative<br \/>\ndes r\u00e9sistances initiales et finales du b\u00e9ton.<br \/>\n&#8211; R\u00e9duit le ph\u00e9nom\u00e8ne de floculation du b\u00e9ton et emp\u00eache la s\u00e9gr\u00e9gation<br \/>\ndes aggr\u00e9gats.<br \/>\n&#8211; Emp\u00eache de mani\u00e8re sensible l\u2019apparition de fissures dues au<br \/>\nph\u00e9nom\u00e8ne de retrait.<br \/>\n&#8211; R\u00e9duit l\u2019absorption d\u2019eau du b\u00e9ton en raison de la diminution de sa<br \/>\nporosit\u00e9.<br \/>\n&#8211; Am\u00e9liore la rh\u00e9ologie du b\u00e9ton et ralentit sa prise.<br \/>\n&#8211; Facilite l\u2019acheminement du b\u00e9ton pr\u00eat \u00e0 l\u2019emploi sur de longues distances,<br \/>\net en particulier \u00e0 des temp\u00e9ratures \u00e9lev\u00e9es.<br \/>\n&#8211; Aucun retard dans le d\u00e9montage des coffrages en bois.<br \/>\n&#8211; En conformit\u00e9 avec la norme ELOT EN 934-2: 2001, Table 10.<br \/>\n&#8211; La r\u00e9duction dans la quantit\u00e9 d\u2019eau de g\u00e2chage avec obtention des<br \/>\nCaract\u00e9ristiques requises par l\u2019ajout de RECRET B permet la r\u00e9duction de<br \/>\nla quantit\u00e9 de ciment dans le m\u00eame pourcentage. En maintenant le rapport<br \/>\neau-ciment constant, le b\u00e9ton produit garde la qualit\u00e9 souhait\u00e9e.<\/p>\n<p><strong>DOSAGE<\/strong><br \/>\nLe dosage admissible est de 0,3 \u2013 0,5% du poids du ciment.<\/p>\n<p>###<\/p>\n<p><strong>Duree de vie &#8211; stockage<\/strong><br \/>\n18 mois \u00e0 compter de la date de fabrication, si stock\u00e9 dans l\u2019emballage<br \/>\nnon ouvert d\u2019origine, \u00e0 des temp\u00e9ratures comprises entre +5\u00b0C et +35\u00b0C.<br \/>\nProt\u00e9gez du gel et de l\u2019exposition directe au soleil.<\/p>\n<p><strong>NOTES<\/strong><br \/>\n&#8211; RECRET B est compatible avec tous types de ciment Portland<br \/>\n&#8211; Le surdosage peut causer une acc\u00e9l\u00e9ration de la prise mais n\u2019affecte en<br \/>\nrien la r\u00e9sistance finale du b\u00e9ton.<br \/>\n&#8211; Si le produit g\u00e8le, ramenez le \u00e0 une temp\u00e9rature de +5\u00b0C et m\u00e9langez le<br \/>\njusqu\u2019\u00e0 ce qu\u2019il se redevienne homog\u00e8ne.<\/p>\n<p><strong>Consommation<\/strong> : 300-500 gr\/100 Kg de ciment<\/p>\n<p><strong>Conditionnnement<\/strong>: Emballage en Emballage en bidon de 5 kg, 20 kg et 100 kg.<\/p>\n","protected":false},"excerpt":{"rendered":"<p>Retardateur de prise. Plastifiant et r\u00e9ducteur d\u2019eau pour b\u00e9ton.<\/p>\n","protected":false},"featured_media":24774,"template":"","meta":[],"class_list":["post-23929","product","type-product","status-publish","has-post-thumbnail","hentry","product_cat-adjuvants","product_cat-adjuvants-pour-beton"],"yoast_head":"<!-- This site is optimized with the Yoast SEO plugin v25.7 - https:\/\/yoast.com\/wordpress\/plugins\/seo\/ -->\n<title>RECRET B - Deutschcolor<\/title>\n<meta name=\"robots\" content=\"index, follow, max-snippet:-1, max-image-preview:large, max-video-preview:-1\" \/>\n<link rel=\"canonical\" href=\"https:\/\/deutschcolor.com\/fr\/product\/recret-b\/\" \/>\n<meta property=\"og:locale\" content=\"en_US\" \/>\n<meta property=\"og:type\" content=\"article\" \/>\n<meta property=\"og:title\" content=\"RECRET B - Deutschcolor\" \/>\n<meta property=\"og:description\" content=\"Retardateur de prise. Plastifiant et r\u00e9ducteur d\u2019eau pour b\u00e9ton.\" \/>\n<meta property=\"og:url\" content=\"https:\/\/deutschcolor.com\/fr\/product\/recret-b\/\" \/>\n<meta property=\"og:site_name\" content=\"Deutschcolor\" \/>\n<meta property=\"article:publisher\" content=\"https:\/\/www.facebook.com\/deltahome.al\" \/>\n<meta property=\"article:modified_time\" content=\"2019-07-09T10:11:40+00:00\" \/>\n<meta property=\"og:image\" content=\"https:\/\/deutschcolor.com\/fr\/wp-content\/uploads\/2019\/05\/Recret-B-min.png\" \/>\n\t<meta property=\"og:image:width\" content=\"1000\" \/>\n\t<meta property=\"og:image:height\" content=\"1000\" \/>\n\t<meta property=\"og:image:type\" content=\"image\/png\" \/>\n<meta name=\"twitter:card\" content=\"summary_large_image\" \/>\n<meta name=\"twitter:label1\" content=\"Est. reading time\" \/>\n\t<meta name=\"twitter:data1\" content=\"2 minutes\" \/>\n<script type=\"application\/ld+json\" class=\"yoast-schema-graph\">{\"@context\":\"https:\/\/schema.org\",\"@graph\":[{\"@type\":\"WebPage\",\"@id\":\"https:\/\/deutschcolor.com\/fr\/product\/recret-b\/\",\"url\":\"https:\/\/deutschcolor.com\/fr\/product\/recret-b\/\",\"name\":\"RECRET B - Deutschcolor\",\"isPartOf\":{\"@id\":\"https:\/\/deutschcolor.com\/fr\/#website\"},\"primaryImageOfPage\":{\"@id\":\"https:\/\/deutschcolor.com\/fr\/product\/recret-b\/#primaryimage\"},\"image\":{\"@id\":\"https:\/\/deutschcolor.com\/fr\/product\/recret-b\/#primaryimage\"},\"thumbnailUrl\":\"https:\/\/deutschcolor.com\/fr\/wp-content\/uploads\/2019\/05\/Recret-B-min.png\",\"datePublished\":\"2019-05-07T20:14:47+00:00\",\"dateModified\":\"2019-07-09T10:11:40+00:00\",\"breadcrumb\":{\"@id\":\"https:\/\/deutschcolor.com\/fr\/product\/recret-b\/#breadcrumb\"},\"inLanguage\":\"en-US\",\"potentialAction\":[{\"@type\":\"ReadAction\",\"target\":[\"https:\/\/deutschcolor.com\/fr\/product\/recret-b\/\"]}]},{\"@type\":\"ImageObject\",\"inLanguage\":\"en-US\",\"@id\":\"https:\/\/deutschcolor.com\/fr\/product\/recret-b\/#primaryimage\",\"url\":\"https:\/\/deutschcolor.com\/fr\/wp-content\/uploads\/2019\/05\/Recret-B-min.png\",\"contentUrl\":\"https:\/\/deutschcolor.com\/fr\/wp-content\/uploads\/2019\/05\/Recret-B-min.png\",\"width\":1000,\"height\":1000},{\"@type\":\"BreadcrumbList\",\"@id\":\"https:\/\/deutschcolor.com\/fr\/product\/recret-b\/#breadcrumb\",\"itemListElement\":[{\"@type\":\"ListItem\",\"position\":1,\"name\":\"Home\",\"item\":\"https:\/\/deutschcolor.com\/fr\/\"},{\"@type\":\"ListItem\",\"position\":2,\"name\":\"SHOP\",\"item\":\"https:\/\/deutschcolor.com\/fr\/shop\/\"},{\"@type\":\"ListItem\",\"position\":3,\"name\":\"RECRET B\"}]},{\"@type\":\"WebSite\",\"@id\":\"https:\/\/deutschcolor.com\/fr\/#website\",\"url\":\"https:\/\/deutschcolor.com\/fr\/\",\"name\":\"Deutschcolor\",\"description\":\"Deutschcolor Tunisia\",\"publisher\":{\"@id\":\"https:\/\/deutschcolor.com\/fr\/#organization\"},\"potentialAction\":[{\"@type\":\"SearchAction\",\"target\":{\"@type\":\"EntryPoint\",\"urlTemplate\":\"https:\/\/deutschcolor.com\/fr\/?s={search_term_string}\"},\"query-input\":{\"@type\":\"PropertyValueSpecification\",\"valueRequired\":true,\"valueName\":\"search_term_string\"}}],\"inLanguage\":\"en-US\"},{\"@type\":\"Organization\",\"@id\":\"https:\/\/deutschcolor.com\/fr\/#organization\",\"name\":\"Deutschcolor\",\"url\":\"https:\/\/deutschcolor.com\/fr\/\",\"logo\":{\"@type\":\"ImageObject\",\"inLanguage\":\"en-US\",\"@id\":\"https:\/\/deutschcolor.com\/fr\/#\/schema\/logo\/image\/\",\"url\":\"https:\/\/deutschcolor.com\/fr\/wp-content\/uploads\/2025\/08\/4160px-dc.png\",\"contentUrl\":\"https:\/\/deutschcolor.com\/fr\/wp-content\/uploads\/2025\/08\/4160px-dc.png\",\"width\":4160,\"height\":689,\"caption\":\"Deutschcolor\"},\"image\":{\"@id\":\"https:\/\/deutschcolor.com\/fr\/#\/schema\/logo\/image\/\"},\"sameAs\":[\"https:\/\/www.facebook.com\/deltahome.al\"]}]}<\/script>\n<!-- \/ Yoast SEO plugin. -->","yoast_head_json":{"title":"RECRET B - Deutschcolor","robots":{"index":"index","follow":"follow","max-snippet":"max-snippet:-1","max-image-preview":"max-image-preview:large","max-video-preview":"max-video-preview:-1"},"canonical":"https:\/\/deutschcolor.com\/fr\/product\/recret-b\/","og_locale":"en_US","og_type":"article","og_title":"RECRET B - Deutschcolor","og_description":"Retardateur de prise. Plastifiant et r\u00e9ducteur d\u2019eau pour b\u00e9ton.","og_url":"https:\/\/deutschcolor.com\/fr\/product\/recret-b\/","og_site_name":"Deutschcolor","article_publisher":"https:\/\/www.facebook.com\/deltahome.al","article_modified_time":"2019-07-09T10:11:40+00:00","og_image":[{"width":1000,"height":1000,"url":"https:\/\/deutschcolor.com\/fr\/wp-content\/uploads\/2019\/05\/Recret-B-min.png","type":"image\/png"}],"twitter_card":"summary_large_image","twitter_misc":{"Est. reading time":"2 minutes"},"schema":{"@context":"https:\/\/schema.org","@graph":[{"@type":"WebPage","@id":"https:\/\/deutschcolor.com\/fr\/product\/recret-b\/","url":"https:\/\/deutschcolor.com\/fr\/product\/recret-b\/","name":"RECRET B - Deutschcolor","isPartOf":{"@id":"https:\/\/deutschcolor.com\/fr\/#website"},"primaryImageOfPage":{"@id":"https:\/\/deutschcolor.com\/fr\/product\/recret-b\/#primaryimage"},"image":{"@id":"https:\/\/deutschcolor.com\/fr\/product\/recret-b\/#primaryimage"},"thumbnailUrl":"https:\/\/deutschcolor.com\/fr\/wp-content\/uploads\/2019\/05\/Recret-B-min.png","datePublished":"2019-05-07T20:14:47+00:00","dateModified":"2019-07-09T10:11:40+00:00","breadcrumb":{"@id":"https:\/\/deutschcolor.com\/fr\/product\/recret-b\/#breadcrumb"},"inLanguage":"en-US","potentialAction":[{"@type":"ReadAction","target":["https:\/\/deutschcolor.com\/fr\/product\/recret-b\/"]}]},{"@type":"ImageObject","inLanguage":"en-US","@id":"https:\/\/deutschcolor.com\/fr\/product\/recret-b\/#primaryimage","url":"https:\/\/deutschcolor.com\/fr\/wp-content\/uploads\/2019\/05\/Recret-B-min.png","contentUrl":"https:\/\/deutschcolor.com\/fr\/wp-content\/uploads\/2019\/05\/Recret-B-min.png","width":1000,"height":1000},{"@type":"BreadcrumbList","@id":"https:\/\/deutschcolor.com\/fr\/product\/recret-b\/#breadcrumb","itemListElement":[{"@type":"ListItem","position":1,"name":"Home","item":"https:\/\/deutschcolor.com\/fr\/"},{"@type":"ListItem","position":2,"name":"SHOP","item":"https:\/\/deutschcolor.com\/fr\/shop\/"},{"@type":"ListItem","position":3,"name":"RECRET B"}]},{"@type":"WebSite","@id":"https:\/\/deutschcolor.com\/fr\/#website","url":"https:\/\/deutschcolor.com\/fr\/","name":"Deutschcolor","description":"Deutschcolor Tunisia","publisher":{"@id":"https:\/\/deutschcolor.com\/fr\/#organization"},"potentialAction":[{"@type":"SearchAction","target":{"@type":"EntryPoint","urlTemplate":"https:\/\/deutschcolor.com\/fr\/?s={search_term_string}"},"query-input":{"@type":"PropertyValueSpecification","valueRequired":true,"valueName":"search_term_string"}}],"inLanguage":"en-US"},{"@type":"Organization","@id":"https:\/\/deutschcolor.com\/fr\/#organization","name":"Deutschcolor","url":"https:\/\/deutschcolor.com\/fr\/","logo":{"@type":"ImageObject","inLanguage":"en-US","@id":"https:\/\/deutschcolor.com\/fr\/#\/schema\/logo\/image\/","url":"https:\/\/deutschcolor.com\/fr\/wp-content\/uploads\/2025\/08\/4160px-dc.png","contentUrl":"https:\/\/deutschcolor.com\/fr\/wp-content\/uploads\/2025\/08\/4160px-dc.png","width":4160,"height":689,"caption":"Deutschcolor"},"image":{"@id":"https:\/\/deutschcolor.com\/fr\/#\/schema\/logo\/image\/"},"sameAs":["https:\/\/www.facebook.com\/deltahome.al"]}]}},"_links":{"self":[{"href":"https:\/\/deutschcolor.com\/fr\/wp-json\/wp\/v2\/product\/23929","targetHints":{"allow":["GET"]}}],"collection":[{"href":"https:\/\/deutschcolor.com\/fr\/wp-json\/wp\/v2\/product"}],"about":[{"href":"https:\/\/deutschcolor.com\/fr\/wp-json\/wp\/v2\/types\/product"}],"wp:featuredmedia":[{"embeddable":true,"href":"https:\/\/deutschcolor.com\/fr\/wp-json\/wp\/v2\/media\/24774"}],"wp:attachment":[{"href":"https:\/\/deutschcolor.com\/fr\/wp-json\/wp\/v2\/media?parent=23929"}],"curies":[{"name":"wp","href":"https:\/\/api.w.org\/{rel}","templated":true}]}}