{"id":23931,"date":"2019-05-07T20:16:48","date_gmt":"2019-05-07T20:16:48","guid":{"rendered":"https:\/\/deutschcolor.com\/fr\/?post_type=product&#038;p=23931"},"modified":"2025-05-26T12:44:47","modified_gmt":"2025-05-26T12:44:47","slug":"isocret","status":"publish","type":"product","link":"https:\/\/deutschcolor.com\/fr\/product\/isocret\/","title":{"rendered":"ISOCRET"},"content":{"rendered":"<p><strong>Caracteristiques<\/strong><br \/>\nISOCRET est un additif sous forme liquide, qui additionn\u00e9 au b\u00e9ton lui<br \/>\nconf\u00e8re des propri\u00e9t\u00e9s d\u2019\u00e9tanch\u00e9it\u00e9. Il r\u00e9agit chimiquement avec la chaux<br \/>\nform\u00e9e lors du processus d\u2019hydratation du ciment en cr\u00e9ant des sels qui<br \/>\nd\u2019une part obstruent les pores capillaires et d\u2019autre part procurent des<br \/>\npropri\u00e9t\u00e9s hydrophobes au mat\u00e9riau.<br \/>\nUne caract\u00e9ristique importante de ISOCRET est qu\u2019il n\u2019affecte pas<br \/>\nles r\u00e9sistances finales du b\u00e9ton contrairement \u00e0 d\u2019autres additifs de sa<br \/>\ncat\u00e9gorie. (selon le tableau 9 de la norme ELOT EN 934-2, il est permis<br \/>\nune r\u00e9duction jusqu\u2019\u00e0 15% de la r\u00e9sistance \u00e0 la compression).<\/p>\n<p><strong>Domaine d\u2019utilisation<\/strong><br \/>\nISOCRET est utilis\u00e9 pour l\u2019am\u00e9lioration de la r\u00e9sistance du b\u00e9ton \u00e0<br \/>\nl\u2019absorption et \u00e0 la perm\u00e9abilit\u00e9 \u00e0 l\u2019eau dans le cas des fondations, des<br \/>\nmurs en sous-sols, des piscines et r\u00e9servoirs d\u2019eau, des puits et tunnels,<br \/>\netc. Le produit est ajout\u00e9 soit lors de la pr\u00e9paration du b\u00e9ton soit avant<br \/>\nson coulage.<br \/>\nL\u2019hydroisolation par ISOCRET permet d\u2019\u00e9liminer les risques de d\u00e9t\u00e9rioration<br \/>\ndu b\u00e9ton par le gel et de formation de t\u00e2ches dues aux sels.<br \/>\nISOCRET augmente la r\u00e9sistance du b\u00e9ton aux sels de d\u00e9vergla\u00e7age<br \/>\nutilis\u00e9s sur les ouvrages tels que les voies de circulation, les ponts et les<br \/>\nplateformes hydrauliques,<br \/>\nLes compos\u00e9s chimiques qui bloquent les capillaires, n\u2019emp\u00eachent pas le<br \/>\nb\u00e9ton de respirer.<br \/>\nISOCRET est conforme \u00e0 la norme ELOT EN 934-2, tableau 9.<\/p>\n<p>###<\/p>\n<p><strong>Duree de vie &#8211; stockage<\/strong><br \/>\n18 mois \u00e0 compter de la date de fabrication, si stock\u00e9 dans l\u2019emballage<br \/>\nnon ouvert d\u2019origine, \u00e0 des temp\u00e9ratures comprises entre +5\u00b0C et +35\u00b0C.<br \/>\nProt\u00e9gez du gel et de l\u2019exposition directe au soleil.<\/p>\n<p><strong>IMP\u00c9N\u00c9TRABILIT\u00c9 DU B\u00c9TON<\/strong><br \/>\nLa perm\u00e9abilit\u00e9 \u00e0 l\u2019eau du b\u00e9ton a deux aspects :<br \/>\na) l\u2019absorption capillaire par contact simple \u00e0 l\u2019eau (sans pression).<br \/>\nb) la p\u00e9n\u00e9tration sous pression de l\u2019eau dans le b\u00e9ton. La norme ELOT<br \/>\nEN 934-2: 2001 exige que la r\u00e9duction de l\u2019absorption d\u2019eau au b\u00e9ton en<br \/>\nmasse soit \u2265 40% apr\u00e8s adjonction d\u2019un additif d\u2019\u00e9tanch\u00e9it\u00e9.<\/p>\n<p><strong>Consommation<\/strong> : 300-500 gr\/100 Kg de ciment<br \/>\n<strong>Conditionnnement<\/strong>: Emballage en Emballage en bidon de 5 kg, 20 kg et 100 kg.<\/p>\n","protected":false},"excerpt":{"rendered":"<p>Additif hydroisolant pour b\u00e9ton.<\/p>\n","protected":false},"featured_media":24775,"template":"","meta":[],"class_list":["post-23931","product","type-product","status-publish","has-post-thumbnail","hentry","product_cat-adjuvants","product_cat-adjuvants-pour-beton"],"yoast_head":"<!-- This site is optimized with the Yoast SEO plugin v25.7 - https:\/\/yoast.com\/wordpress\/plugins\/seo\/ -->\n<title>ISOCRET - Deutschcolor<\/title>\n<meta name=\"robots\" content=\"index, follow, max-snippet:-1, max-image-preview:large, max-video-preview:-1\" \/>\n<link rel=\"canonical\" href=\"https:\/\/deutschcolor.com\/fr\/product\/isocret\/\" \/>\n<meta property=\"og:locale\" content=\"en_US\" \/>\n<meta property=\"og:type\" content=\"article\" \/>\n<meta property=\"og:title\" content=\"ISOCRET - Deutschcolor\" \/>\n<meta property=\"og:description\" content=\"Additif hydroisolant pour b\u00e9ton.\" \/>\n<meta property=\"og:url\" content=\"https:\/\/deutschcolor.com\/fr\/product\/isocret\/\" \/>\n<meta property=\"og:site_name\" content=\"Deutschcolor\" \/>\n<meta property=\"article:publisher\" content=\"https:\/\/www.facebook.com\/deltahome.al\" \/>\n<meta property=\"article:modified_time\" content=\"2025-05-26T12:44:47+00:00\" \/>\n<meta property=\"og:image\" content=\"https:\/\/deutschcolor.com\/fr\/wp-content\/uploads\/2019\/05\/Isocret-min.png\" \/>\n\t<meta property=\"og:image:width\" content=\"1000\" \/>\n\t<meta property=\"og:image:height\" content=\"1000\" \/>\n\t<meta property=\"og:image:type\" content=\"image\/png\" \/>\n<meta name=\"twitter:card\" content=\"summary_large_image\" \/>\n<meta name=\"twitter:label1\" content=\"Est. reading time\" \/>\n\t<meta name=\"twitter:data1\" content=\"2 minutes\" \/>\n<script type=\"application\/ld+json\" class=\"yoast-schema-graph\">{\"@context\":\"https:\/\/schema.org\",\"@graph\":[{\"@type\":\"WebPage\",\"@id\":\"https:\/\/deutschcolor.com\/fr\/product\/isocret\/\",\"url\":\"https:\/\/deutschcolor.com\/fr\/product\/isocret\/\",\"name\":\"ISOCRET - Deutschcolor\",\"isPartOf\":{\"@id\":\"https:\/\/deutschcolor.com\/fr\/#website\"},\"primaryImageOfPage\":{\"@id\":\"https:\/\/deutschcolor.com\/fr\/product\/isocret\/#primaryimage\"},\"image\":{\"@id\":\"https:\/\/deutschcolor.com\/fr\/product\/isocret\/#primaryimage\"},\"thumbnailUrl\":\"https:\/\/deutschcolor.com\/fr\/wp-content\/uploads\/2019\/05\/Isocret-min.png\",\"datePublished\":\"2019-05-07T20:16:48+00:00\",\"dateModified\":\"2025-05-26T12:44:47+00:00\",\"breadcrumb\":{\"@id\":\"https:\/\/deutschcolor.com\/fr\/product\/isocret\/#breadcrumb\"},\"inLanguage\":\"en-US\",\"potentialAction\":[{\"@type\":\"ReadAction\",\"target\":[\"https:\/\/deutschcolor.com\/fr\/product\/isocret\/\"]}]},{\"@type\":\"ImageObject\",\"inLanguage\":\"en-US\",\"@id\":\"https:\/\/deutschcolor.com\/fr\/product\/isocret\/#primaryimage\",\"url\":\"https:\/\/deutschcolor.com\/fr\/wp-content\/uploads\/2019\/05\/Isocret-min.png\",\"contentUrl\":\"https:\/\/deutschcolor.com\/fr\/wp-content\/uploads\/2019\/05\/Isocret-min.png\",\"width\":1000,\"height\":1000},{\"@type\":\"BreadcrumbList\",\"@id\":\"https:\/\/deutschcolor.com\/fr\/product\/isocret\/#breadcrumb\",\"itemListElement\":[{\"@type\":\"ListItem\",\"position\":1,\"name\":\"Home\",\"item\":\"https:\/\/deutschcolor.com\/fr\/\"},{\"@type\":\"ListItem\",\"position\":2,\"name\":\"SHOP\",\"item\":\"https:\/\/deutschcolor.com\/fr\/shop\/\"},{\"@type\":\"ListItem\",\"position\":3,\"name\":\"ISOCRET\"}]},{\"@type\":\"WebSite\",\"@id\":\"https:\/\/deutschcolor.com\/fr\/#website\",\"url\":\"https:\/\/deutschcolor.com\/fr\/\",\"name\":\"Deutschcolor\",\"description\":\"Deutschcolor Tunisia\",\"publisher\":{\"@id\":\"https:\/\/deutschcolor.com\/fr\/#organization\"},\"potentialAction\":[{\"@type\":\"SearchAction\",\"target\":{\"@type\":\"EntryPoint\",\"urlTemplate\":\"https:\/\/deutschcolor.com\/fr\/?s={search_term_string}\"},\"query-input\":{\"@type\":\"PropertyValueSpecification\",\"valueRequired\":true,\"valueName\":\"search_term_string\"}}],\"inLanguage\":\"en-US\"},{\"@type\":\"Organization\",\"@id\":\"https:\/\/deutschcolor.com\/fr\/#organization\",\"name\":\"Deutschcolor\",\"url\":\"https:\/\/deutschcolor.com\/fr\/\",\"logo\":{\"@type\":\"ImageObject\",\"inLanguage\":\"en-US\",\"@id\":\"https:\/\/deutschcolor.com\/fr\/#\/schema\/logo\/image\/\",\"url\":\"https:\/\/deutschcolor.com\/fr\/wp-content\/uploads\/2025\/08\/4160px-dc.png\",\"contentUrl\":\"https:\/\/deutschcolor.com\/fr\/wp-content\/uploads\/2025\/08\/4160px-dc.png\",\"width\":4160,\"height\":689,\"caption\":\"Deutschcolor\"},\"image\":{\"@id\":\"https:\/\/deutschcolor.com\/fr\/#\/schema\/logo\/image\/\"},\"sameAs\":[\"https:\/\/www.facebook.com\/deltahome.al\"]}]}<\/script>\n<!-- \/ Yoast SEO plugin. -->","yoast_head_json":{"title":"ISOCRET - Deutschcolor","robots":{"index":"index","follow":"follow","max-snippet":"max-snippet:-1","max-image-preview":"max-image-preview:large","max-video-preview":"max-video-preview:-1"},"canonical":"https:\/\/deutschcolor.com\/fr\/product\/isocret\/","og_locale":"en_US","og_type":"article","og_title":"ISOCRET - Deutschcolor","og_description":"Additif hydroisolant pour b\u00e9ton.","og_url":"https:\/\/deutschcolor.com\/fr\/product\/isocret\/","og_site_name":"Deutschcolor","article_publisher":"https:\/\/www.facebook.com\/deltahome.al","article_modified_time":"2025-05-26T12:44:47+00:00","og_image":[{"width":1000,"height":1000,"url":"https:\/\/deutschcolor.com\/fr\/wp-content\/uploads\/2019\/05\/Isocret-min.png","type":"image\/png"}],"twitter_card":"summary_large_image","twitter_misc":{"Est. reading time":"2 minutes"},"schema":{"@context":"https:\/\/schema.org","@graph":[{"@type":"WebPage","@id":"https:\/\/deutschcolor.com\/fr\/product\/isocret\/","url":"https:\/\/deutschcolor.com\/fr\/product\/isocret\/","name":"ISOCRET - Deutschcolor","isPartOf":{"@id":"https:\/\/deutschcolor.com\/fr\/#website"},"primaryImageOfPage":{"@id":"https:\/\/deutschcolor.com\/fr\/product\/isocret\/#primaryimage"},"image":{"@id":"https:\/\/deutschcolor.com\/fr\/product\/isocret\/#primaryimage"},"thumbnailUrl":"https:\/\/deutschcolor.com\/fr\/wp-content\/uploads\/2019\/05\/Isocret-min.png","datePublished":"2019-05-07T20:16:48+00:00","dateModified":"2025-05-26T12:44:47+00:00","breadcrumb":{"@id":"https:\/\/deutschcolor.com\/fr\/product\/isocret\/#breadcrumb"},"inLanguage":"en-US","potentialAction":[{"@type":"ReadAction","target":["https:\/\/deutschcolor.com\/fr\/product\/isocret\/"]}]},{"@type":"ImageObject","inLanguage":"en-US","@id":"https:\/\/deutschcolor.com\/fr\/product\/isocret\/#primaryimage","url":"https:\/\/deutschcolor.com\/fr\/wp-content\/uploads\/2019\/05\/Isocret-min.png","contentUrl":"https:\/\/deutschcolor.com\/fr\/wp-content\/uploads\/2019\/05\/Isocret-min.png","width":1000,"height":1000},{"@type":"BreadcrumbList","@id":"https:\/\/deutschcolor.com\/fr\/product\/isocret\/#breadcrumb","itemListElement":[{"@type":"ListItem","position":1,"name":"Home","item":"https:\/\/deutschcolor.com\/fr\/"},{"@type":"ListItem","position":2,"name":"SHOP","item":"https:\/\/deutschcolor.com\/fr\/shop\/"},{"@type":"ListItem","position":3,"name":"ISOCRET"}]},{"@type":"WebSite","@id":"https:\/\/deutschcolor.com\/fr\/#website","url":"https:\/\/deutschcolor.com\/fr\/","name":"Deutschcolor","description":"Deutschcolor Tunisia","publisher":{"@id":"https:\/\/deutschcolor.com\/fr\/#organization"},"potentialAction":[{"@type":"SearchAction","target":{"@type":"EntryPoint","urlTemplate":"https:\/\/deutschcolor.com\/fr\/?s={search_term_string}"},"query-input":{"@type":"PropertyValueSpecification","valueRequired":true,"valueName":"search_term_string"}}],"inLanguage":"en-US"},{"@type":"Organization","@id":"https:\/\/deutschcolor.com\/fr\/#organization","name":"Deutschcolor","url":"https:\/\/deutschcolor.com\/fr\/","logo":{"@type":"ImageObject","inLanguage":"en-US","@id":"https:\/\/deutschcolor.com\/fr\/#\/schema\/logo\/image\/","url":"https:\/\/deutschcolor.com\/fr\/wp-content\/uploads\/2025\/08\/4160px-dc.png","contentUrl":"https:\/\/deutschcolor.com\/fr\/wp-content\/uploads\/2025\/08\/4160px-dc.png","width":4160,"height":689,"caption":"Deutschcolor"},"image":{"@id":"https:\/\/deutschcolor.com\/fr\/#\/schema\/logo\/image\/"},"sameAs":["https:\/\/www.facebook.com\/deltahome.al"]}]}},"_links":{"self":[{"href":"https:\/\/deutschcolor.com\/fr\/wp-json\/wp\/v2\/product\/23931","targetHints":{"allow":["GET"]}}],"collection":[{"href":"https:\/\/deutschcolor.com\/fr\/wp-json\/wp\/v2\/product"}],"about":[{"href":"https:\/\/deutschcolor.com\/fr\/wp-json\/wp\/v2\/types\/product"}],"wp:featuredmedia":[{"embeddable":true,"href":"https:\/\/deutschcolor.com\/fr\/wp-json\/wp\/v2\/media\/24775"}],"wp:attachment":[{"href":"https:\/\/deutschcolor.com\/fr\/wp-json\/wp\/v2\/media?parent=23931"}],"curies":[{"name":"wp","href":"https:\/\/api.w.org\/{rel}","templated":true}]}}