{"id":23962,"date":"2019-05-08T05:18:32","date_gmt":"2019-05-08T05:18:32","guid":{"rendered":"https:\/\/deutschcolor.com\/fr\/?post_type=product&#038;p=23962"},"modified":"2025-05-26T13:06:51","modified_gmt":"2025-05-26T13:06:51","slug":"megagrund","status":"publish","type":"product","link":"https:\/\/deutschcolor.com\/fr\/product\/megagrund\/","title":{"rendered":"MEGAGRUND"},"content":{"rendered":"<p><strong>Propri\u00e9t\u00e9s du produit<\/strong><br \/>\n&#8211; Il cr\u00e9e une surface rugueue<br \/>\n&#8211; Bonne adh\u00e9rence au support<br \/>\n&#8211; Favorise le collage avec un enduit d\u00e9coratif<br \/>\n&#8211; Allonge le temps de s\u00e9chage avec un enduit d\u00e9coratif<br \/>\n&#8211; Donne une uniformit\u00e9 de couleur dans l\u2019enduit d\u00e9coratif<br \/>\n&#8211; Diff\u00e9rentes nuances selon le syst\u00e8me de couleurs DCTS<\/p>\n<p><strong>Recommandations d\u2019utiliheureson<\/strong><br \/>\nIl peut \u00eatre utilis\u00e9 sur tous les murs int\u00e9rieurs et ext\u00e9rieurs, nouveaux et<br \/>\nanciens. Il est utilis\u00e9 comme couche de liaison avant l\u2019enduit griff\u00e9, dans<br \/>\nles syst\u00e8mes d\u2019isolation thermique, dans les syst\u00e8mes de murs en pl\u00e2tre,<br \/>\ndans les anciens murs en pl\u00e2tre peints.<\/p>\n<p>###<\/p>\n<p><strong>Application du produit<\/strong><br \/>\nLe produit MEGAGRUND est appliqu\u00e9 au pinceau ou au rouleau. Le cycle<br \/>\ninclut l\u2019Application d\u2019au moins une couche de produit. Le temps de s\u00e9chage<br \/>\nentre une couche d\u2019appr\u00eat et le rev\u00eatement en pl\u00e2tre griff\u00e9 est de 2 \u00e0 4<br \/>\nheures en fonction des conditions m\u00e9t\u00e9oroliques, de la temp\u00e9rature et de<br \/>\nl\u2019humidit\u00e9. Lors de l\u2019Application de l\u2019appr\u00eat, \u00e9vitez de cr\u00e9er un film, qui<br \/>\npourrait poser des probl\u00e8mes d\u2019adh\u00e9rence du pl\u00e2tre griff\u00e9 sur le support.<br \/>\nNettoyer les pinceaux, rouleaux et autres outils de travail \u00e0 l\u2019eau avant que<br \/>\nla peinture ne s\u00e8che<\/p>\n<p><strong>Conditionnnement<\/strong><br \/>\nMEGAGRUND est disponible en seaux de 5 Kg et 20 Kg.<\/p>\n<p><strong>Stockage<\/strong><br \/>\n36 mois si stock\u00e9 dans un endroit sec, loin des sources de chaleur, \u00e0 une<br \/>\ntemp\u00e9rature comprise entre + 5 \u00b0 C et + 30 \u00b0 C. Prot\u00e9ger du gel.<\/p>\n","protected":false},"excerpt":{"rendered":"<p>Appr\u00eat de haute qualit\u00e9 \u00e0 base d\u2019\u00e9mulsion acrylique et d\u2019agr\u00e9gats \u00e0 granulom\u00e9trie s\u00e9lectionn\u00e9e<\/p>\n","protected":false},"featured_media":24801,"template":"","meta":[],"class_list":["post-23962","product","type-product","status-publish","has-post-thumbnail","hentry","product_cat-revetements-decoratifs","product_cat-apprets"],"yoast_head":"<!-- This site is optimized with the Yoast SEO plugin v25.7 - https:\/\/yoast.com\/wordpress\/plugins\/seo\/ -->\n<title>MEGAGRUND - Deutschcolor<\/title>\n<meta name=\"robots\" content=\"index, follow, max-snippet:-1, max-image-preview:large, max-video-preview:-1\" \/>\n<link rel=\"canonical\" href=\"https:\/\/deutschcolor.com\/fr\/product\/megagrund\/\" \/>\n<meta property=\"og:locale\" content=\"en_US\" \/>\n<meta property=\"og:type\" content=\"article\" \/>\n<meta property=\"og:title\" content=\"MEGAGRUND - Deutschcolor\" \/>\n<meta property=\"og:description\" content=\"Appr\u00eat de haute qualit\u00e9 \u00e0 base d\u2019\u00e9mulsion acrylique et d\u2019agr\u00e9gats \u00e0 granulom\u00e9trie s\u00e9lectionn\u00e9e\" \/>\n<meta property=\"og:url\" content=\"https:\/\/deutschcolor.com\/fr\/product\/megagrund\/\" \/>\n<meta property=\"og:site_name\" content=\"Deutschcolor\" \/>\n<meta property=\"article:publisher\" content=\"https:\/\/www.facebook.com\/deltahome.al\" \/>\n<meta property=\"article:modified_time\" content=\"2025-05-26T13:06:51+00:00\" \/>\n<meta property=\"og:image\" content=\"https:\/\/deutschcolor.com\/fr\/wp-content\/uploads\/2019\/05\/MegaGrund-min.png\" \/>\n\t<meta property=\"og:image:width\" content=\"1000\" \/>\n\t<meta property=\"og:image:height\" content=\"1000\" \/>\n\t<meta property=\"og:image:type\" content=\"image\/png\" \/>\n<meta name=\"twitter:card\" content=\"summary_large_image\" \/>\n<meta name=\"twitter:label1\" content=\"Est. reading time\" \/>\n\t<meta name=\"twitter:data1\" content=\"1 minute\" \/>\n<script type=\"application\/ld+json\" class=\"yoast-schema-graph\">{\"@context\":\"https:\/\/schema.org\",\"@graph\":[{\"@type\":\"WebPage\",\"@id\":\"https:\/\/deutschcolor.com\/fr\/product\/megagrund\/\",\"url\":\"https:\/\/deutschcolor.com\/fr\/product\/megagrund\/\",\"name\":\"MEGAGRUND - Deutschcolor\",\"isPartOf\":{\"@id\":\"https:\/\/deutschcolor.com\/fr\/#website\"},\"primaryImageOfPage\":{\"@id\":\"https:\/\/deutschcolor.com\/fr\/product\/megagrund\/#primaryimage\"},\"image\":{\"@id\":\"https:\/\/deutschcolor.com\/fr\/product\/megagrund\/#primaryimage\"},\"thumbnailUrl\":\"https:\/\/deutschcolor.com\/fr\/wp-content\/uploads\/2019\/05\/MegaGrund-min.png\",\"datePublished\":\"2019-05-08T05:18:32+00:00\",\"dateModified\":\"2025-05-26T13:06:51+00:00\",\"breadcrumb\":{\"@id\":\"https:\/\/deutschcolor.com\/fr\/product\/megagrund\/#breadcrumb\"},\"inLanguage\":\"en-US\",\"potentialAction\":[{\"@type\":\"ReadAction\",\"target\":[\"https:\/\/deutschcolor.com\/fr\/product\/megagrund\/\"]}]},{\"@type\":\"ImageObject\",\"inLanguage\":\"en-US\",\"@id\":\"https:\/\/deutschcolor.com\/fr\/product\/megagrund\/#primaryimage\",\"url\":\"https:\/\/deutschcolor.com\/fr\/wp-content\/uploads\/2019\/05\/MegaGrund-min.png\",\"contentUrl\":\"https:\/\/deutschcolor.com\/fr\/wp-content\/uploads\/2019\/05\/MegaGrund-min.png\",\"width\":1000,\"height\":1000},{\"@type\":\"BreadcrumbList\",\"@id\":\"https:\/\/deutschcolor.com\/fr\/product\/megagrund\/#breadcrumb\",\"itemListElement\":[{\"@type\":\"ListItem\",\"position\":1,\"name\":\"Home\",\"item\":\"https:\/\/deutschcolor.com\/fr\/\"},{\"@type\":\"ListItem\",\"position\":2,\"name\":\"SHOP\",\"item\":\"https:\/\/deutschcolor.com\/fr\/shop\/\"},{\"@type\":\"ListItem\",\"position\":3,\"name\":\"MEGAGRUND\"}]},{\"@type\":\"WebSite\",\"@id\":\"https:\/\/deutschcolor.com\/fr\/#website\",\"url\":\"https:\/\/deutschcolor.com\/fr\/\",\"name\":\"Deutschcolor\",\"description\":\"Deutschcolor Tunisia\",\"publisher\":{\"@id\":\"https:\/\/deutschcolor.com\/fr\/#organization\"},\"potentialAction\":[{\"@type\":\"SearchAction\",\"target\":{\"@type\":\"EntryPoint\",\"urlTemplate\":\"https:\/\/deutschcolor.com\/fr\/?s={search_term_string}\"},\"query-input\":{\"@type\":\"PropertyValueSpecification\",\"valueRequired\":true,\"valueName\":\"search_term_string\"}}],\"inLanguage\":\"en-US\"},{\"@type\":\"Organization\",\"@id\":\"https:\/\/deutschcolor.com\/fr\/#organization\",\"name\":\"Deutschcolor\",\"url\":\"https:\/\/deutschcolor.com\/fr\/\",\"logo\":{\"@type\":\"ImageObject\",\"inLanguage\":\"en-US\",\"@id\":\"https:\/\/deutschcolor.com\/fr\/#\/schema\/logo\/image\/\",\"url\":\"https:\/\/deutschcolor.com\/fr\/wp-content\/uploads\/2025\/08\/4160px-dc.png\",\"contentUrl\":\"https:\/\/deutschcolor.com\/fr\/wp-content\/uploads\/2025\/08\/4160px-dc.png\",\"width\":4160,\"height\":689,\"caption\":\"Deutschcolor\"},\"image\":{\"@id\":\"https:\/\/deutschcolor.com\/fr\/#\/schema\/logo\/image\/\"},\"sameAs\":[\"https:\/\/www.facebook.com\/deltahome.al\"]}]}<\/script>\n<!-- \/ Yoast SEO plugin. -->","yoast_head_json":{"title":"MEGAGRUND - Deutschcolor","robots":{"index":"index","follow":"follow","max-snippet":"max-snippet:-1","max-image-preview":"max-image-preview:large","max-video-preview":"max-video-preview:-1"},"canonical":"https:\/\/deutschcolor.com\/fr\/product\/megagrund\/","og_locale":"en_US","og_type":"article","og_title":"MEGAGRUND - Deutschcolor","og_description":"Appr\u00eat de haute qualit\u00e9 \u00e0 base d\u2019\u00e9mulsion acrylique et d\u2019agr\u00e9gats \u00e0 granulom\u00e9trie s\u00e9lectionn\u00e9e","og_url":"https:\/\/deutschcolor.com\/fr\/product\/megagrund\/","og_site_name":"Deutschcolor","article_publisher":"https:\/\/www.facebook.com\/deltahome.al","article_modified_time":"2025-05-26T13:06:51+00:00","og_image":[{"width":1000,"height":1000,"url":"https:\/\/deutschcolor.com\/fr\/wp-content\/uploads\/2019\/05\/MegaGrund-min.png","type":"image\/png"}],"twitter_card":"summary_large_image","twitter_misc":{"Est. reading time":"1 minute"},"schema":{"@context":"https:\/\/schema.org","@graph":[{"@type":"WebPage","@id":"https:\/\/deutschcolor.com\/fr\/product\/megagrund\/","url":"https:\/\/deutschcolor.com\/fr\/product\/megagrund\/","name":"MEGAGRUND - Deutschcolor","isPartOf":{"@id":"https:\/\/deutschcolor.com\/fr\/#website"},"primaryImageOfPage":{"@id":"https:\/\/deutschcolor.com\/fr\/product\/megagrund\/#primaryimage"},"image":{"@id":"https:\/\/deutschcolor.com\/fr\/product\/megagrund\/#primaryimage"},"thumbnailUrl":"https:\/\/deutschcolor.com\/fr\/wp-content\/uploads\/2019\/05\/MegaGrund-min.png","datePublished":"2019-05-08T05:18:32+00:00","dateModified":"2025-05-26T13:06:51+00:00","breadcrumb":{"@id":"https:\/\/deutschcolor.com\/fr\/product\/megagrund\/#breadcrumb"},"inLanguage":"en-US","potentialAction":[{"@type":"ReadAction","target":["https:\/\/deutschcolor.com\/fr\/product\/megagrund\/"]}]},{"@type":"ImageObject","inLanguage":"en-US","@id":"https:\/\/deutschcolor.com\/fr\/product\/megagrund\/#primaryimage","url":"https:\/\/deutschcolor.com\/fr\/wp-content\/uploads\/2019\/05\/MegaGrund-min.png","contentUrl":"https:\/\/deutschcolor.com\/fr\/wp-content\/uploads\/2019\/05\/MegaGrund-min.png","width":1000,"height":1000},{"@type":"BreadcrumbList","@id":"https:\/\/deutschcolor.com\/fr\/product\/megagrund\/#breadcrumb","itemListElement":[{"@type":"ListItem","position":1,"name":"Home","item":"https:\/\/deutschcolor.com\/fr\/"},{"@type":"ListItem","position":2,"name":"SHOP","item":"https:\/\/deutschcolor.com\/fr\/shop\/"},{"@type":"ListItem","position":3,"name":"MEGAGRUND"}]},{"@type":"WebSite","@id":"https:\/\/deutschcolor.com\/fr\/#website","url":"https:\/\/deutschcolor.com\/fr\/","name":"Deutschcolor","description":"Deutschcolor Tunisia","publisher":{"@id":"https:\/\/deutschcolor.com\/fr\/#organization"},"potentialAction":[{"@type":"SearchAction","target":{"@type":"EntryPoint","urlTemplate":"https:\/\/deutschcolor.com\/fr\/?s={search_term_string}"},"query-input":{"@type":"PropertyValueSpecification","valueRequired":true,"valueName":"search_term_string"}}],"inLanguage":"en-US"},{"@type":"Organization","@id":"https:\/\/deutschcolor.com\/fr\/#organization","name":"Deutschcolor","url":"https:\/\/deutschcolor.com\/fr\/","logo":{"@type":"ImageObject","inLanguage":"en-US","@id":"https:\/\/deutschcolor.com\/fr\/#\/schema\/logo\/image\/","url":"https:\/\/deutschcolor.com\/fr\/wp-content\/uploads\/2025\/08\/4160px-dc.png","contentUrl":"https:\/\/deutschcolor.com\/fr\/wp-content\/uploads\/2025\/08\/4160px-dc.png","width":4160,"height":689,"caption":"Deutschcolor"},"image":{"@id":"https:\/\/deutschcolor.com\/fr\/#\/schema\/logo\/image\/"},"sameAs":["https:\/\/www.facebook.com\/deltahome.al"]}]}},"_links":{"self":[{"href":"https:\/\/deutschcolor.com\/fr\/wp-json\/wp\/v2\/product\/23962","targetHints":{"allow":["GET"]}}],"collection":[{"href":"https:\/\/deutschcolor.com\/fr\/wp-json\/wp\/v2\/product"}],"about":[{"href":"https:\/\/deutschcolor.com\/fr\/wp-json\/wp\/v2\/types\/product"}],"wp:featuredmedia":[{"embeddable":true,"href":"https:\/\/deutschcolor.com\/fr\/wp-json\/wp\/v2\/media\/24801"}],"wp:attachment":[{"href":"https:\/\/deutschcolor.com\/fr\/wp-json\/wp\/v2\/media?parent=23962"}],"curies":[{"name":"wp","href":"https:\/\/api.w.org\/{rel}","templated":true}]}}