{"id":23976,"date":"2019-05-08T05:39:01","date_gmt":"2019-05-08T05:39:01","guid":{"rendered":"https:\/\/deutschcolor.com\/fr\/?post_type=product&#038;p=23976"},"modified":"2026-03-17T10:54:36","modified_gmt":"2026-03-17T10:54:36","slug":"picasso-classic-mold-protect","status":"publish","type":"product","link":"https:\/\/deutschcolor.com\/fr\/product\/picasso-classic-mold-protect\/","title":{"rendered":"PICASSO CLASSIC MOLD PROTECT"},"content":{"rendered":"<p><strong>Caracteristiques<\/strong><br \/>\n&#8211; Finition Mate<br \/>\n&#8211; Excellent pouvoir couvrant<br \/>\n&#8211; Disponible en 04 bases W, P, D et TR<br \/>\n&#8211; Certifi\u00e9 antibact\u00e9rien<br \/>\n&#8211; Tr\u00e8s bonne maniabilit\u00e9 et propri\u00e9t\u00e9s nivelantes<br \/>\n&#8211; Tr\u00e8s forte adh\u00e9rence et s\u00e9chage rapide<br \/>\n&#8211; Emp\u00eache la prolif\u00e9ration des champignons et des microorganismes<br \/>\n&#8211; Supporte 3200 cycles de lavage apr\u00e8s 30 jours de l\u2019application<\/p>\n<p><strong>Recommandations d\u2019utilisation<\/strong><br \/>\nPicasso Classic MOLD PROTECT est utilis\u00e9 pour tous types de murs et<br \/>\nplafonds en int\u00e9rieur, neufs ou anciens, pr\u00e9c\u00e9demment peints ou couverts<br \/>\nd\u2019enduits \u00e0 base de ciment, chaux ou gypse ainsi que dans tous types<br \/>\nd\u2019espaces int\u00e9rieurs, chambres, toilettes, salons, bureaux, services, etc.Il<br \/>\nest largement utilis\u00e9 dans les zones ayant des niveaux d\u2019humidit\u00e9 \u00e9lev\u00e9s.<br \/>\nInstructions d\u2019application<\/p>\n<p>###<\/p>\n<p><strong>Duree de vie &#8211; stockage<\/strong><br \/>\n36 mois si stock\u00e9 dans un endroit sec, loin des sources de chaleur, \u00e0 une<br \/>\ntemp\u00e9rature comprise entre +5\u00b0C et +30\u00b0C. Prot\u00e9gez du gel.<\/p>\n<p><strong>Notes<\/strong><br \/>\n&#8211; Il est recommand\u00e9 de ne pas laver les surfaces peintes avant 20 \u00e0 30<br \/>\njours de l\u2019application.<br \/>\n&#8211; Sur les surfaces en b\u00e9ton frais, le produit doit \u00eatre appliqu\u00e9 au moins 30<br \/>\n\u00e0 40 jours plus tard.<\/p>\n<p><strong>Conditionnnement<\/strong><br \/>\nEmballage de 3 Lt, 10 Lt<\/p>\n","protected":false},"excerpt":{"rendered":"<p>Peinture de premi\u00e8re qualit\u00e9, \u00e0 haute r\u00e9sistance<br \/>\naux lavages fr\u00e9quents et aux champignons, \u00e0<br \/>\nbase d\u2019\u00e9mulsion PVA-VEOVA<\/p>\n","protected":false},"featured_media":24810,"template":"","meta":[],"class_list":["post-23976","product","type-product","status-publish","has-post-thumbnail","hentry","product_cat-peintures","product_cat-peintures-dinterieur"],"yoast_head":"<!-- This site is optimized with the Yoast SEO plugin v25.7 - https:\/\/yoast.com\/wordpress\/plugins\/seo\/ -->\n<title>PICASSO CLASSIC MOLD PROTECT - Deutschcolor<\/title>\n<meta name=\"robots\" content=\"index, follow, max-snippet:-1, max-image-preview:large, max-video-preview:-1\" \/>\n<link rel=\"canonical\" href=\"https:\/\/deutschcolor.com\/fr\/product\/picasso-classic-mold-protect\/\" \/>\n<meta property=\"og:locale\" content=\"en_US\" \/>\n<meta property=\"og:type\" content=\"article\" \/>\n<meta property=\"og:title\" content=\"PICASSO CLASSIC MOLD PROTECT - Deutschcolor\" \/>\n<meta property=\"og:description\" content=\"Peinture de premi\u00e8re qualit\u00e9, \u00e0 haute r\u00e9sistance aux lavages fr\u00e9quents et aux champignons, \u00e0 base d\u2019\u00e9mulsion PVA-VEOVA\" \/>\n<meta property=\"og:url\" content=\"https:\/\/deutschcolor.com\/fr\/product\/picasso-classic-mold-protect\/\" \/>\n<meta property=\"og:site_name\" content=\"Deutschcolor\" \/>\n<meta property=\"article:publisher\" content=\"https:\/\/www.facebook.com\/deltahome.al\" \/>\n<meta property=\"article:modified_time\" content=\"2026-03-17T10:54:36+00:00\" \/>\n<meta property=\"og:image\" content=\"https:\/\/deutschcolor.com\/fr\/wp-content\/uploads\/2019\/05\/Picasso-Classic-Mold-Protect-min.png\" \/>\n\t<meta property=\"og:image:width\" content=\"1000\" \/>\n\t<meta property=\"og:image:height\" content=\"1000\" \/>\n\t<meta property=\"og:image:type\" content=\"image\/png\" \/>\n<meta name=\"twitter:card\" content=\"summary_large_image\" \/>\n<meta name=\"twitter:label1\" content=\"Est. reading time\" \/>\n\t<meta name=\"twitter:data1\" content=\"1 minute\" \/>\n<script type=\"application\/ld+json\" class=\"yoast-schema-graph\">{\"@context\":\"https:\/\/schema.org\",\"@graph\":[{\"@type\":\"WebPage\",\"@id\":\"https:\/\/deutschcolor.com\/fr\/product\/picasso-classic-mold-protect\/\",\"url\":\"https:\/\/deutschcolor.com\/fr\/product\/picasso-classic-mold-protect\/\",\"name\":\"PICASSO CLASSIC MOLD PROTECT - Deutschcolor\",\"isPartOf\":{\"@id\":\"https:\/\/deutschcolor.com\/fr\/#website\"},\"primaryImageOfPage\":{\"@id\":\"https:\/\/deutschcolor.com\/fr\/product\/picasso-classic-mold-protect\/#primaryimage\"},\"image\":{\"@id\":\"https:\/\/deutschcolor.com\/fr\/product\/picasso-classic-mold-protect\/#primaryimage\"},\"thumbnailUrl\":\"https:\/\/deutschcolor.com\/fr\/wp-content\/uploads\/2019\/05\/Picasso-Classic-Mold-Protect-min.png\",\"datePublished\":\"2019-05-08T05:39:01+00:00\",\"dateModified\":\"2026-03-17T10:54:36+00:00\",\"breadcrumb\":{\"@id\":\"https:\/\/deutschcolor.com\/fr\/product\/picasso-classic-mold-protect\/#breadcrumb\"},\"inLanguage\":\"en-US\",\"potentialAction\":[{\"@type\":\"ReadAction\",\"target\":[\"https:\/\/deutschcolor.com\/fr\/product\/picasso-classic-mold-protect\/\"]}]},{\"@type\":\"ImageObject\",\"inLanguage\":\"en-US\",\"@id\":\"https:\/\/deutschcolor.com\/fr\/product\/picasso-classic-mold-protect\/#primaryimage\",\"url\":\"https:\/\/deutschcolor.com\/fr\/wp-content\/uploads\/2019\/05\/Picasso-Classic-Mold-Protect-min.png\",\"contentUrl\":\"https:\/\/deutschcolor.com\/fr\/wp-content\/uploads\/2019\/05\/Picasso-Classic-Mold-Protect-min.png\",\"width\":1000,\"height\":1000},{\"@type\":\"BreadcrumbList\",\"@id\":\"https:\/\/deutschcolor.com\/fr\/product\/picasso-classic-mold-protect\/#breadcrumb\",\"itemListElement\":[{\"@type\":\"ListItem\",\"position\":1,\"name\":\"Home\",\"item\":\"https:\/\/deutschcolor.com\/fr\/\"},{\"@type\":\"ListItem\",\"position\":2,\"name\":\"SHOP\",\"item\":\"https:\/\/deutschcolor.com\/fr\/shop\/\"},{\"@type\":\"ListItem\",\"position\":3,\"name\":\"PICASSO CLASSIC MOLD PROTECT\"}]},{\"@type\":\"WebSite\",\"@id\":\"https:\/\/deutschcolor.com\/fr\/#website\",\"url\":\"https:\/\/deutschcolor.com\/fr\/\",\"name\":\"Deutschcolor\",\"description\":\"Deutschcolor Tunisia\",\"publisher\":{\"@id\":\"https:\/\/deutschcolor.com\/fr\/#organization\"},\"potentialAction\":[{\"@type\":\"SearchAction\",\"target\":{\"@type\":\"EntryPoint\",\"urlTemplate\":\"https:\/\/deutschcolor.com\/fr\/?s={search_term_string}\"},\"query-input\":{\"@type\":\"PropertyValueSpecification\",\"valueRequired\":true,\"valueName\":\"search_term_string\"}}],\"inLanguage\":\"en-US\"},{\"@type\":\"Organization\",\"@id\":\"https:\/\/deutschcolor.com\/fr\/#organization\",\"name\":\"Deutschcolor\",\"url\":\"https:\/\/deutschcolor.com\/fr\/\",\"logo\":{\"@type\":\"ImageObject\",\"inLanguage\":\"en-US\",\"@id\":\"https:\/\/deutschcolor.com\/fr\/#\/schema\/logo\/image\/\",\"url\":\"https:\/\/deutschcolor.com\/fr\/wp-content\/uploads\/2025\/08\/4160px-dc.png\",\"contentUrl\":\"https:\/\/deutschcolor.com\/fr\/wp-content\/uploads\/2025\/08\/4160px-dc.png\",\"width\":4160,\"height\":689,\"caption\":\"Deutschcolor\"},\"image\":{\"@id\":\"https:\/\/deutschcolor.com\/fr\/#\/schema\/logo\/image\/\"},\"sameAs\":[\"https:\/\/www.facebook.com\/deltahome.al\"]}]}<\/script>\n<!-- \/ Yoast SEO plugin. -->","yoast_head_json":{"title":"PICASSO CLASSIC MOLD PROTECT - Deutschcolor","robots":{"index":"index","follow":"follow","max-snippet":"max-snippet:-1","max-image-preview":"max-image-preview:large","max-video-preview":"max-video-preview:-1"},"canonical":"https:\/\/deutschcolor.com\/fr\/product\/picasso-classic-mold-protect\/","og_locale":"en_US","og_type":"article","og_title":"PICASSO CLASSIC MOLD PROTECT - Deutschcolor","og_description":"Peinture de premi\u00e8re qualit\u00e9, \u00e0 haute r\u00e9sistance aux lavages fr\u00e9quents et aux champignons, \u00e0 base d\u2019\u00e9mulsion PVA-VEOVA","og_url":"https:\/\/deutschcolor.com\/fr\/product\/picasso-classic-mold-protect\/","og_site_name":"Deutschcolor","article_publisher":"https:\/\/www.facebook.com\/deltahome.al","article_modified_time":"2026-03-17T10:54:36+00:00","og_image":[{"width":1000,"height":1000,"url":"https:\/\/deutschcolor.com\/fr\/wp-content\/uploads\/2019\/05\/Picasso-Classic-Mold-Protect-min.png","type":"image\/png"}],"twitter_card":"summary_large_image","twitter_misc":{"Est. reading time":"1 minute"},"schema":{"@context":"https:\/\/schema.org","@graph":[{"@type":"WebPage","@id":"https:\/\/deutschcolor.com\/fr\/product\/picasso-classic-mold-protect\/","url":"https:\/\/deutschcolor.com\/fr\/product\/picasso-classic-mold-protect\/","name":"PICASSO CLASSIC MOLD PROTECT - Deutschcolor","isPartOf":{"@id":"https:\/\/deutschcolor.com\/fr\/#website"},"primaryImageOfPage":{"@id":"https:\/\/deutschcolor.com\/fr\/product\/picasso-classic-mold-protect\/#primaryimage"},"image":{"@id":"https:\/\/deutschcolor.com\/fr\/product\/picasso-classic-mold-protect\/#primaryimage"},"thumbnailUrl":"https:\/\/deutschcolor.com\/fr\/wp-content\/uploads\/2019\/05\/Picasso-Classic-Mold-Protect-min.png","datePublished":"2019-05-08T05:39:01+00:00","dateModified":"2026-03-17T10:54:36+00:00","breadcrumb":{"@id":"https:\/\/deutschcolor.com\/fr\/product\/picasso-classic-mold-protect\/#breadcrumb"},"inLanguage":"en-US","potentialAction":[{"@type":"ReadAction","target":["https:\/\/deutschcolor.com\/fr\/product\/picasso-classic-mold-protect\/"]}]},{"@type":"ImageObject","inLanguage":"en-US","@id":"https:\/\/deutschcolor.com\/fr\/product\/picasso-classic-mold-protect\/#primaryimage","url":"https:\/\/deutschcolor.com\/fr\/wp-content\/uploads\/2019\/05\/Picasso-Classic-Mold-Protect-min.png","contentUrl":"https:\/\/deutschcolor.com\/fr\/wp-content\/uploads\/2019\/05\/Picasso-Classic-Mold-Protect-min.png","width":1000,"height":1000},{"@type":"BreadcrumbList","@id":"https:\/\/deutschcolor.com\/fr\/product\/picasso-classic-mold-protect\/#breadcrumb","itemListElement":[{"@type":"ListItem","position":1,"name":"Home","item":"https:\/\/deutschcolor.com\/fr\/"},{"@type":"ListItem","position":2,"name":"SHOP","item":"https:\/\/deutschcolor.com\/fr\/shop\/"},{"@type":"ListItem","position":3,"name":"PICASSO CLASSIC MOLD PROTECT"}]},{"@type":"WebSite","@id":"https:\/\/deutschcolor.com\/fr\/#website","url":"https:\/\/deutschcolor.com\/fr\/","name":"Deutschcolor","description":"Deutschcolor Tunisia","publisher":{"@id":"https:\/\/deutschcolor.com\/fr\/#organization"},"potentialAction":[{"@type":"SearchAction","target":{"@type":"EntryPoint","urlTemplate":"https:\/\/deutschcolor.com\/fr\/?s={search_term_string}"},"query-input":{"@type":"PropertyValueSpecification","valueRequired":true,"valueName":"search_term_string"}}],"inLanguage":"en-US"},{"@type":"Organization","@id":"https:\/\/deutschcolor.com\/fr\/#organization","name":"Deutschcolor","url":"https:\/\/deutschcolor.com\/fr\/","logo":{"@type":"ImageObject","inLanguage":"en-US","@id":"https:\/\/deutschcolor.com\/fr\/#\/schema\/logo\/image\/","url":"https:\/\/deutschcolor.com\/fr\/wp-content\/uploads\/2025\/08\/4160px-dc.png","contentUrl":"https:\/\/deutschcolor.com\/fr\/wp-content\/uploads\/2025\/08\/4160px-dc.png","width":4160,"height":689,"caption":"Deutschcolor"},"image":{"@id":"https:\/\/deutschcolor.com\/fr\/#\/schema\/logo\/image\/"},"sameAs":["https:\/\/www.facebook.com\/deltahome.al"]}]}},"_links":{"self":[{"href":"https:\/\/deutschcolor.com\/fr\/wp-json\/wp\/v2\/product\/23976","targetHints":{"allow":["GET"]}}],"collection":[{"href":"https:\/\/deutschcolor.com\/fr\/wp-json\/wp\/v2\/product"}],"about":[{"href":"https:\/\/deutschcolor.com\/fr\/wp-json\/wp\/v2\/types\/product"}],"wp:featuredmedia":[{"embeddable":true,"href":"https:\/\/deutschcolor.com\/fr\/wp-json\/wp\/v2\/media\/24810"}],"wp:attachment":[{"href":"https:\/\/deutschcolor.com\/fr\/wp-json\/wp\/v2\/media?parent=23976"}],"curies":[{"name":"wp","href":"https:\/\/api.w.org\/{rel}","templated":true}]}}