{"id":23984,"date":"2019-05-08T05:50:39","date_gmt":"2019-05-08T05:50:39","guid":{"rendered":"https:\/\/deutschcolor.com\/fr\/?post_type=product&#038;p=23984"},"modified":"2019-07-09T10:36:27","modified_gmt":"2019-07-09T10:36:27","slug":"nikotina-farben","status":"publish","type":"product","link":"https:\/\/deutschcolor.com\/fr\/product\/nikotina-farben\/","title":{"rendered":"NIKOTINA FARBEN"},"content":{"rendered":"<p><strong>Caracteristiques<\/strong><br \/>\n&#8211; Super blancheur<br \/>\n&#8211; Tr\u00e8s bonnes propri\u00e9t\u00e9s couvrantes<br \/>\n&#8211; Disponible en 04 bases W, P, D et TR<br \/>\n&#8211; Haute r\u00e9sistance aux lavages fr\u00e9quents<br \/>\n&#8211; Supporte 3500 cycles de lavage apr\u00e8s 30 jours de l\u2019Application<br \/>\n&#8211; Tr\u00e8s bonne propri\u00e9t\u00e9s de maniabilit\u00e9 et de nivellement<br \/>\n&#8211; Bonnes propri\u00e9t\u00e9s d\u2019adh\u00e9rence et temps de s\u00e9chage court<br \/>\n&#8211; Ne contient pas de substances dangereuses, formaldehydes<br \/>\n&#8211; Excellente teinte, couleur durable longtemps<\/p>\n<p><strong>Domaine d\u2019application<\/strong><br \/>\nNikotina Farben est utilis\u00e9 pour tous types de murs et plafonds en int\u00e9rieur,<br \/>\nneufs ou anciens, pr\u00e9c\u00e9demment peints ou couverts d\u2019enduits \u00e0 base de<br \/>\nciment, chaux ou gypse, en particulier dans les chambres \u00e0 coucher, les<br \/>\nbureaux, les restaurants, les bars, etc. Il est principalement utilis\u00e9 en<br \/>\nint\u00e9rieur l\u00e0 o\u00f9 des chaudi\u00e8res ou des chemin\u00e9es sont utilis\u00e9es, ainsi que<br \/>\ndans des zones r\u00e9serv\u00e9es aux fumeurs.<\/p>\n<p>###<\/p>\n<p><strong>Duree de vie &#8211; stockage<\/strong><br \/>\n36 mois si stock\u00e9 dans un endroit sec, loin des sources de chaleur, \u00e0 une<br \/>\ntemp\u00e9rature comprise entre + 5\u00b0 C et + 30\u00b0 C. Prot\u00e9gez du gel.<\/p>\n<p><strong>Notes<\/strong><br \/>\n&#8211; Il est recommand\u00e9 de ne pas laver les surfaces peintes avant 30 jours<br \/>\nde l\u2019application.<br \/>\n&#8211; Sur les surfaces en b\u00e9ton frais, le produit doit \u00eatre appliqu\u00e9 au moins 30<br \/>\n\u00e0 40 jours plus tard..<br \/>\n&#8211; Il est recommand\u00e9 de ne pas appliquer le produit \u00e0 des temp\u00e9ratures<br \/>\ninf\u00e9rieures \u00e0 5\u00b0C.<\/p>\n<p><strong>Conditionnnement<\/strong><br \/>\nEmballage de 1 Lt, 3 Lt, 10 Lt<\/p>\n","protected":false},"excerpt":{"rendered":"<p>Peinture plastique de haute qualit\u00e9, haute r\u00e9sistance aux lavages fr\u00e9quents et au jaunissement d\u00fb \u00e0 la fum\u00e9e, \u00e0 base d\u2019\u00e9mulsion acrylique<\/p>\n","protected":false},"featured_media":24817,"template":"","meta":[],"class_list":["post-23984","product","type-product","status-publish","has-post-thumbnail","hentry","product_cat-peintures","product_cat-peintures-dinterieur"],"yoast_head":"<!-- This site is optimized with the Yoast SEO plugin v25.7 - https:\/\/yoast.com\/wordpress\/plugins\/seo\/ -->\n<title>NIKOTINA FARBEN - Deutschcolor<\/title>\n<meta name=\"robots\" content=\"index, follow, max-snippet:-1, max-image-preview:large, max-video-preview:-1\" \/>\n<link rel=\"canonical\" href=\"https:\/\/deutschcolor.com\/fr\/product\/nikotina-farben\/\" \/>\n<meta property=\"og:locale\" content=\"en_US\" \/>\n<meta property=\"og:type\" content=\"article\" \/>\n<meta property=\"og:title\" content=\"NIKOTINA FARBEN - Deutschcolor\" \/>\n<meta property=\"og:description\" content=\"Peinture plastique de haute qualit\u00e9, haute r\u00e9sistance aux lavages fr\u00e9quents et au jaunissement d\u00fb \u00e0 la fum\u00e9e, \u00e0 base d\u2019\u00e9mulsion acrylique\" \/>\n<meta property=\"og:url\" content=\"https:\/\/deutschcolor.com\/fr\/product\/nikotina-farben\/\" \/>\n<meta property=\"og:site_name\" content=\"Deutschcolor\" \/>\n<meta property=\"article:publisher\" content=\"https:\/\/www.facebook.com\/deltahome.al\" \/>\n<meta property=\"article:modified_time\" content=\"2019-07-09T10:36:27+00:00\" \/>\n<meta property=\"og:image\" content=\"https:\/\/deutschcolor.com\/fr\/wp-content\/uploads\/2019\/05\/Nikotina-Farben-min.png\" \/>\n\t<meta property=\"og:image:width\" content=\"1000\" \/>\n\t<meta property=\"og:image:height\" content=\"1000\" \/>\n\t<meta property=\"og:image:type\" content=\"image\/png\" \/>\n<meta name=\"twitter:card\" content=\"summary_large_image\" \/>\n<meta name=\"twitter:label1\" content=\"Est. reading time\" \/>\n\t<meta name=\"twitter:data1\" content=\"1 minute\" \/>\n<script type=\"application\/ld+json\" class=\"yoast-schema-graph\">{\"@context\":\"https:\/\/schema.org\",\"@graph\":[{\"@type\":\"WebPage\",\"@id\":\"https:\/\/deutschcolor.com\/fr\/product\/nikotina-farben\/\",\"url\":\"https:\/\/deutschcolor.com\/fr\/product\/nikotina-farben\/\",\"name\":\"NIKOTINA FARBEN - Deutschcolor\",\"isPartOf\":{\"@id\":\"https:\/\/deutschcolor.com\/fr\/#website\"},\"primaryImageOfPage\":{\"@id\":\"https:\/\/deutschcolor.com\/fr\/product\/nikotina-farben\/#primaryimage\"},\"image\":{\"@id\":\"https:\/\/deutschcolor.com\/fr\/product\/nikotina-farben\/#primaryimage\"},\"thumbnailUrl\":\"https:\/\/deutschcolor.com\/fr\/wp-content\/uploads\/2019\/05\/Nikotina-Farben-min.png\",\"datePublished\":\"2019-05-08T05:50:39+00:00\",\"dateModified\":\"2019-07-09T10:36:27+00:00\",\"breadcrumb\":{\"@id\":\"https:\/\/deutschcolor.com\/fr\/product\/nikotina-farben\/#breadcrumb\"},\"inLanguage\":\"en-US\",\"potentialAction\":[{\"@type\":\"ReadAction\",\"target\":[\"https:\/\/deutschcolor.com\/fr\/product\/nikotina-farben\/\"]}]},{\"@type\":\"ImageObject\",\"inLanguage\":\"en-US\",\"@id\":\"https:\/\/deutschcolor.com\/fr\/product\/nikotina-farben\/#primaryimage\",\"url\":\"https:\/\/deutschcolor.com\/fr\/wp-content\/uploads\/2019\/05\/Nikotina-Farben-min.png\",\"contentUrl\":\"https:\/\/deutschcolor.com\/fr\/wp-content\/uploads\/2019\/05\/Nikotina-Farben-min.png\",\"width\":1000,\"height\":1000},{\"@type\":\"BreadcrumbList\",\"@id\":\"https:\/\/deutschcolor.com\/fr\/product\/nikotina-farben\/#breadcrumb\",\"itemListElement\":[{\"@type\":\"ListItem\",\"position\":1,\"name\":\"Home\",\"item\":\"https:\/\/deutschcolor.com\/fr\/\"},{\"@type\":\"ListItem\",\"position\":2,\"name\":\"SHOP\",\"item\":\"https:\/\/deutschcolor.com\/fr\/shop\/\"},{\"@type\":\"ListItem\",\"position\":3,\"name\":\"NIKOTINA FARBEN\"}]},{\"@type\":\"WebSite\",\"@id\":\"https:\/\/deutschcolor.com\/fr\/#website\",\"url\":\"https:\/\/deutschcolor.com\/fr\/\",\"name\":\"Deutschcolor\",\"description\":\"Deutschcolor Tunisia\",\"publisher\":{\"@id\":\"https:\/\/deutschcolor.com\/fr\/#organization\"},\"potentialAction\":[{\"@type\":\"SearchAction\",\"target\":{\"@type\":\"EntryPoint\",\"urlTemplate\":\"https:\/\/deutschcolor.com\/fr\/?s={search_term_string}\"},\"query-input\":{\"@type\":\"PropertyValueSpecification\",\"valueRequired\":true,\"valueName\":\"search_term_string\"}}],\"inLanguage\":\"en-US\"},{\"@type\":\"Organization\",\"@id\":\"https:\/\/deutschcolor.com\/fr\/#organization\",\"name\":\"Deutschcolor\",\"url\":\"https:\/\/deutschcolor.com\/fr\/\",\"logo\":{\"@type\":\"ImageObject\",\"inLanguage\":\"en-US\",\"@id\":\"https:\/\/deutschcolor.com\/fr\/#\/schema\/logo\/image\/\",\"url\":\"https:\/\/deutschcolor.com\/fr\/wp-content\/uploads\/2025\/08\/4160px-dc.png\",\"contentUrl\":\"https:\/\/deutschcolor.com\/fr\/wp-content\/uploads\/2025\/08\/4160px-dc.png\",\"width\":4160,\"height\":689,\"caption\":\"Deutschcolor\"},\"image\":{\"@id\":\"https:\/\/deutschcolor.com\/fr\/#\/schema\/logo\/image\/\"},\"sameAs\":[\"https:\/\/www.facebook.com\/deltahome.al\"]}]}<\/script>\n<!-- \/ Yoast SEO plugin. -->","yoast_head_json":{"title":"NIKOTINA FARBEN - Deutschcolor","robots":{"index":"index","follow":"follow","max-snippet":"max-snippet:-1","max-image-preview":"max-image-preview:large","max-video-preview":"max-video-preview:-1"},"canonical":"https:\/\/deutschcolor.com\/fr\/product\/nikotina-farben\/","og_locale":"en_US","og_type":"article","og_title":"NIKOTINA FARBEN - Deutschcolor","og_description":"Peinture plastique de haute qualit\u00e9, haute r\u00e9sistance aux lavages fr\u00e9quents et au jaunissement d\u00fb \u00e0 la fum\u00e9e, \u00e0 base d\u2019\u00e9mulsion acrylique","og_url":"https:\/\/deutschcolor.com\/fr\/product\/nikotina-farben\/","og_site_name":"Deutschcolor","article_publisher":"https:\/\/www.facebook.com\/deltahome.al","article_modified_time":"2019-07-09T10:36:27+00:00","og_image":[{"width":1000,"height":1000,"url":"https:\/\/deutschcolor.com\/fr\/wp-content\/uploads\/2019\/05\/Nikotina-Farben-min.png","type":"image\/png"}],"twitter_card":"summary_large_image","twitter_misc":{"Est. reading time":"1 minute"},"schema":{"@context":"https:\/\/schema.org","@graph":[{"@type":"WebPage","@id":"https:\/\/deutschcolor.com\/fr\/product\/nikotina-farben\/","url":"https:\/\/deutschcolor.com\/fr\/product\/nikotina-farben\/","name":"NIKOTINA FARBEN - Deutschcolor","isPartOf":{"@id":"https:\/\/deutschcolor.com\/fr\/#website"},"primaryImageOfPage":{"@id":"https:\/\/deutschcolor.com\/fr\/product\/nikotina-farben\/#primaryimage"},"image":{"@id":"https:\/\/deutschcolor.com\/fr\/product\/nikotina-farben\/#primaryimage"},"thumbnailUrl":"https:\/\/deutschcolor.com\/fr\/wp-content\/uploads\/2019\/05\/Nikotina-Farben-min.png","datePublished":"2019-05-08T05:50:39+00:00","dateModified":"2019-07-09T10:36:27+00:00","breadcrumb":{"@id":"https:\/\/deutschcolor.com\/fr\/product\/nikotina-farben\/#breadcrumb"},"inLanguage":"en-US","potentialAction":[{"@type":"ReadAction","target":["https:\/\/deutschcolor.com\/fr\/product\/nikotina-farben\/"]}]},{"@type":"ImageObject","inLanguage":"en-US","@id":"https:\/\/deutschcolor.com\/fr\/product\/nikotina-farben\/#primaryimage","url":"https:\/\/deutschcolor.com\/fr\/wp-content\/uploads\/2019\/05\/Nikotina-Farben-min.png","contentUrl":"https:\/\/deutschcolor.com\/fr\/wp-content\/uploads\/2019\/05\/Nikotina-Farben-min.png","width":1000,"height":1000},{"@type":"BreadcrumbList","@id":"https:\/\/deutschcolor.com\/fr\/product\/nikotina-farben\/#breadcrumb","itemListElement":[{"@type":"ListItem","position":1,"name":"Home","item":"https:\/\/deutschcolor.com\/fr\/"},{"@type":"ListItem","position":2,"name":"SHOP","item":"https:\/\/deutschcolor.com\/fr\/shop\/"},{"@type":"ListItem","position":3,"name":"NIKOTINA FARBEN"}]},{"@type":"WebSite","@id":"https:\/\/deutschcolor.com\/fr\/#website","url":"https:\/\/deutschcolor.com\/fr\/","name":"Deutschcolor","description":"Deutschcolor Tunisia","publisher":{"@id":"https:\/\/deutschcolor.com\/fr\/#organization"},"potentialAction":[{"@type":"SearchAction","target":{"@type":"EntryPoint","urlTemplate":"https:\/\/deutschcolor.com\/fr\/?s={search_term_string}"},"query-input":{"@type":"PropertyValueSpecification","valueRequired":true,"valueName":"search_term_string"}}],"inLanguage":"en-US"},{"@type":"Organization","@id":"https:\/\/deutschcolor.com\/fr\/#organization","name":"Deutschcolor","url":"https:\/\/deutschcolor.com\/fr\/","logo":{"@type":"ImageObject","inLanguage":"en-US","@id":"https:\/\/deutschcolor.com\/fr\/#\/schema\/logo\/image\/","url":"https:\/\/deutschcolor.com\/fr\/wp-content\/uploads\/2025\/08\/4160px-dc.png","contentUrl":"https:\/\/deutschcolor.com\/fr\/wp-content\/uploads\/2025\/08\/4160px-dc.png","width":4160,"height":689,"caption":"Deutschcolor"},"image":{"@id":"https:\/\/deutschcolor.com\/fr\/#\/schema\/logo\/image\/"},"sameAs":["https:\/\/www.facebook.com\/deltahome.al"]}]}},"_links":{"self":[{"href":"https:\/\/deutschcolor.com\/fr\/wp-json\/wp\/v2\/product\/23984","targetHints":{"allow":["GET"]}}],"collection":[{"href":"https:\/\/deutschcolor.com\/fr\/wp-json\/wp\/v2\/product"}],"about":[{"href":"https:\/\/deutschcolor.com\/fr\/wp-json\/wp\/v2\/types\/product"}],"wp:featuredmedia":[{"embeddable":true,"href":"https:\/\/deutschcolor.com\/fr\/wp-json\/wp\/v2\/media\/24817"}],"wp:attachment":[{"href":"https:\/\/deutschcolor.com\/fr\/wp-json\/wp\/v2\/media?parent=23984"}],"curies":[{"name":"wp","href":"https:\/\/api.w.org\/{rel}","templated":true}]}}