{"id":23993,"date":"2019-05-08T06:04:22","date_gmt":"2019-05-08T06:04:22","guid":{"rendered":"https:\/\/deutschcolor.com\/fr\/?post_type=product&#038;p=23993"},"modified":"2019-07-09T10:38:53","modified_gmt":"2019-07-09T10:38:53","slug":"alpen-silicon-s47","status":"publish","type":"product","link":"https:\/\/deutschcolor.com\/fr\/product\/alpen-silicon-s47\/","title":{"rendered":"ALPEN SILICON S47"},"content":{"rendered":"<p><strong>Propri\u00e9t\u00e9s du produit<\/strong><br \/>\n&#8211; Super blancheur<br \/>\n&#8211; Disponible en 3 bases W, P et D<br \/>\n&#8211; R\u00e9sistante aux conditions climatiques<br \/>\n&#8211; Finition Mate et forte adh\u00e9rence<br \/>\n&#8211; Peinture de longue dur\u00e9e<br \/>\n&#8211; Excellentes couverture, maniabilit\u00e9 et nivellement<br \/>\n&#8211; Elle associe l\u2019\u00e9tanch\u00e9it\u00e9 \u00e0 l\u2019eau avec une perm\u00e9abilit\u00e9<br \/>\n\u00e0 la vapeur d\u2019eau<\/p>\n<p><strong>Recommandations d\u2019utiliheureson<\/strong><br \/>\nALPEN SILICON S47 est utilis\u00e9 pour tous types de murs int\u00e9rieurs, neufs<br \/>\nou anciens, pr\u00e9c\u00e9demment peints ou couverts d\u2019enduits \u00e0 base de ciment,<br \/>\nchaux, etc. Produit \u00e9galement utilis\u00e9 dans les zones c\u00f4ti\u00e8res en raison de<br \/>\nsa r\u00e9sistance \u00e9lev\u00e9e \u00e0 l\u2019humidit\u00e9 et au sel marin, ainsi que pour peindre le<br \/>\nb\u00e9ton de rev\u00eatement pr\u00e9alablement trait\u00e9.<\/p>\n<p>###<\/p>\n<p><strong>Stockage<\/strong><br \/>\n36 mois si stock\u00e9 dans un endroit sec, loin des sources de chaleur, \u00e0 une<br \/>\ntemp\u00e9rature comprise entre + 5 \u00b0 C et + 30 \u00b0 C. Prot\u00e9gez du gel.<\/p>\n<p><strong>Notes<\/strong><br \/>\n&#8211; Sur les surfaces en b\u00e9ton neuf, il est recommand\u00e9 d\u2019utiliser le produit<br \/>\napr\u00e8s environ 30 \u00e0 40 jours au moins.<\/p>\n<p><strong>Conditionnnement<\/strong>: Emballage en : Emballage en 3lt\/10lt<\/p>\n","protected":false},"excerpt":{"rendered":"<p>Peinture de haute qualit\u00e9, avec r\u00e9sistance \u00e9lev\u00e9e aux diverses conditions climatiques, \u00e0 base d\u2019\u00e9mulsion acrylique-Silicone.<\/p>\n","protected":false},"featured_media":24825,"template":"","meta":[],"class_list":["post-23993","product","type-product","status-publish","has-post-thumbnail","hentry","product_cat-peintures","product_cat-peintures-dexterieur"],"yoast_head":"<!-- This site is optimized with the Yoast SEO plugin v25.7 - https:\/\/yoast.com\/wordpress\/plugins\/seo\/ -->\n<title>ALPEN SILICON S47 - Deutschcolor<\/title>\n<meta name=\"robots\" content=\"index, follow, max-snippet:-1, max-image-preview:large, max-video-preview:-1\" \/>\n<link rel=\"canonical\" href=\"https:\/\/deutschcolor.com\/fr\/product\/alpen-silicon-s47\/\" \/>\n<meta property=\"og:locale\" content=\"en_US\" \/>\n<meta property=\"og:type\" content=\"article\" \/>\n<meta property=\"og:title\" content=\"ALPEN SILICON S47 - Deutschcolor\" \/>\n<meta property=\"og:description\" content=\"Peinture de haute qualit\u00e9, avec r\u00e9sistance \u00e9lev\u00e9e aux diverses conditions climatiques, \u00e0 base d\u2019\u00e9mulsion acrylique-Silicone.\" \/>\n<meta property=\"og:url\" content=\"https:\/\/deutschcolor.com\/fr\/product\/alpen-silicon-s47\/\" \/>\n<meta property=\"og:site_name\" content=\"Deutschcolor\" \/>\n<meta property=\"article:publisher\" content=\"https:\/\/www.facebook.com\/deltahome.al\" \/>\n<meta property=\"article:modified_time\" content=\"2019-07-09T10:38:53+00:00\" \/>\n<meta property=\"og:image\" content=\"https:\/\/deutschcolor.com\/fr\/wp-content\/uploads\/2019\/05\/Alpen-Silicon-S47-min.png\" \/>\n\t<meta property=\"og:image:width\" content=\"1000\" \/>\n\t<meta property=\"og:image:height\" content=\"1000\" \/>\n\t<meta property=\"og:image:type\" content=\"image\/png\" \/>\n<meta name=\"twitter:card\" content=\"summary_large_image\" \/>\n<meta name=\"twitter:label1\" content=\"Est. reading time\" \/>\n\t<meta name=\"twitter:data1\" content=\"1 minute\" \/>\n<script type=\"application\/ld+json\" class=\"yoast-schema-graph\">{\"@context\":\"https:\/\/schema.org\",\"@graph\":[{\"@type\":\"WebPage\",\"@id\":\"https:\/\/deutschcolor.com\/fr\/product\/alpen-silicon-s47\/\",\"url\":\"https:\/\/deutschcolor.com\/fr\/product\/alpen-silicon-s47\/\",\"name\":\"ALPEN SILICON S47 - Deutschcolor\",\"isPartOf\":{\"@id\":\"https:\/\/deutschcolor.com\/fr\/#website\"},\"primaryImageOfPage\":{\"@id\":\"https:\/\/deutschcolor.com\/fr\/product\/alpen-silicon-s47\/#primaryimage\"},\"image\":{\"@id\":\"https:\/\/deutschcolor.com\/fr\/product\/alpen-silicon-s47\/#primaryimage\"},\"thumbnailUrl\":\"https:\/\/deutschcolor.com\/fr\/wp-content\/uploads\/2019\/05\/Alpen-Silicon-S47-min.png\",\"datePublished\":\"2019-05-08T06:04:22+00:00\",\"dateModified\":\"2019-07-09T10:38:53+00:00\",\"breadcrumb\":{\"@id\":\"https:\/\/deutschcolor.com\/fr\/product\/alpen-silicon-s47\/#breadcrumb\"},\"inLanguage\":\"en-US\",\"potentialAction\":[{\"@type\":\"ReadAction\",\"target\":[\"https:\/\/deutschcolor.com\/fr\/product\/alpen-silicon-s47\/\"]}]},{\"@type\":\"ImageObject\",\"inLanguage\":\"en-US\",\"@id\":\"https:\/\/deutschcolor.com\/fr\/product\/alpen-silicon-s47\/#primaryimage\",\"url\":\"https:\/\/deutschcolor.com\/fr\/wp-content\/uploads\/2019\/05\/Alpen-Silicon-S47-min.png\",\"contentUrl\":\"https:\/\/deutschcolor.com\/fr\/wp-content\/uploads\/2019\/05\/Alpen-Silicon-S47-min.png\",\"width\":1000,\"height\":1000},{\"@type\":\"BreadcrumbList\",\"@id\":\"https:\/\/deutschcolor.com\/fr\/product\/alpen-silicon-s47\/#breadcrumb\",\"itemListElement\":[{\"@type\":\"ListItem\",\"position\":1,\"name\":\"Home\",\"item\":\"https:\/\/deutschcolor.com\/fr\/\"},{\"@type\":\"ListItem\",\"position\":2,\"name\":\"SHOP\",\"item\":\"https:\/\/deutschcolor.com\/fr\/shop\/\"},{\"@type\":\"ListItem\",\"position\":3,\"name\":\"ALPEN SILICON S47\"}]},{\"@type\":\"WebSite\",\"@id\":\"https:\/\/deutschcolor.com\/fr\/#website\",\"url\":\"https:\/\/deutschcolor.com\/fr\/\",\"name\":\"Deutschcolor\",\"description\":\"Deutschcolor Tunisia\",\"publisher\":{\"@id\":\"https:\/\/deutschcolor.com\/fr\/#organization\"},\"potentialAction\":[{\"@type\":\"SearchAction\",\"target\":{\"@type\":\"EntryPoint\",\"urlTemplate\":\"https:\/\/deutschcolor.com\/fr\/?s={search_term_string}\"},\"query-input\":{\"@type\":\"PropertyValueSpecification\",\"valueRequired\":true,\"valueName\":\"search_term_string\"}}],\"inLanguage\":\"en-US\"},{\"@type\":\"Organization\",\"@id\":\"https:\/\/deutschcolor.com\/fr\/#organization\",\"name\":\"Deutschcolor\",\"url\":\"https:\/\/deutschcolor.com\/fr\/\",\"logo\":{\"@type\":\"ImageObject\",\"inLanguage\":\"en-US\",\"@id\":\"https:\/\/deutschcolor.com\/fr\/#\/schema\/logo\/image\/\",\"url\":\"https:\/\/deutschcolor.com\/fr\/wp-content\/uploads\/2025\/08\/4160px-dc.png\",\"contentUrl\":\"https:\/\/deutschcolor.com\/fr\/wp-content\/uploads\/2025\/08\/4160px-dc.png\",\"width\":4160,\"height\":689,\"caption\":\"Deutschcolor\"},\"image\":{\"@id\":\"https:\/\/deutschcolor.com\/fr\/#\/schema\/logo\/image\/\"},\"sameAs\":[\"https:\/\/www.facebook.com\/deltahome.al\"]}]}<\/script>\n<!-- \/ Yoast SEO plugin. -->","yoast_head_json":{"title":"ALPEN SILICON S47 - Deutschcolor","robots":{"index":"index","follow":"follow","max-snippet":"max-snippet:-1","max-image-preview":"max-image-preview:large","max-video-preview":"max-video-preview:-1"},"canonical":"https:\/\/deutschcolor.com\/fr\/product\/alpen-silicon-s47\/","og_locale":"en_US","og_type":"article","og_title":"ALPEN SILICON S47 - Deutschcolor","og_description":"Peinture de haute qualit\u00e9, avec r\u00e9sistance \u00e9lev\u00e9e aux diverses conditions climatiques, \u00e0 base d\u2019\u00e9mulsion acrylique-Silicone.","og_url":"https:\/\/deutschcolor.com\/fr\/product\/alpen-silicon-s47\/","og_site_name":"Deutschcolor","article_publisher":"https:\/\/www.facebook.com\/deltahome.al","article_modified_time":"2019-07-09T10:38:53+00:00","og_image":[{"width":1000,"height":1000,"url":"https:\/\/deutschcolor.com\/fr\/wp-content\/uploads\/2019\/05\/Alpen-Silicon-S47-min.png","type":"image\/png"}],"twitter_card":"summary_large_image","twitter_misc":{"Est. reading time":"1 minute"},"schema":{"@context":"https:\/\/schema.org","@graph":[{"@type":"WebPage","@id":"https:\/\/deutschcolor.com\/fr\/product\/alpen-silicon-s47\/","url":"https:\/\/deutschcolor.com\/fr\/product\/alpen-silicon-s47\/","name":"ALPEN SILICON S47 - Deutschcolor","isPartOf":{"@id":"https:\/\/deutschcolor.com\/fr\/#website"},"primaryImageOfPage":{"@id":"https:\/\/deutschcolor.com\/fr\/product\/alpen-silicon-s47\/#primaryimage"},"image":{"@id":"https:\/\/deutschcolor.com\/fr\/product\/alpen-silicon-s47\/#primaryimage"},"thumbnailUrl":"https:\/\/deutschcolor.com\/fr\/wp-content\/uploads\/2019\/05\/Alpen-Silicon-S47-min.png","datePublished":"2019-05-08T06:04:22+00:00","dateModified":"2019-07-09T10:38:53+00:00","breadcrumb":{"@id":"https:\/\/deutschcolor.com\/fr\/product\/alpen-silicon-s47\/#breadcrumb"},"inLanguage":"en-US","potentialAction":[{"@type":"ReadAction","target":["https:\/\/deutschcolor.com\/fr\/product\/alpen-silicon-s47\/"]}]},{"@type":"ImageObject","inLanguage":"en-US","@id":"https:\/\/deutschcolor.com\/fr\/product\/alpen-silicon-s47\/#primaryimage","url":"https:\/\/deutschcolor.com\/fr\/wp-content\/uploads\/2019\/05\/Alpen-Silicon-S47-min.png","contentUrl":"https:\/\/deutschcolor.com\/fr\/wp-content\/uploads\/2019\/05\/Alpen-Silicon-S47-min.png","width":1000,"height":1000},{"@type":"BreadcrumbList","@id":"https:\/\/deutschcolor.com\/fr\/product\/alpen-silicon-s47\/#breadcrumb","itemListElement":[{"@type":"ListItem","position":1,"name":"Home","item":"https:\/\/deutschcolor.com\/fr\/"},{"@type":"ListItem","position":2,"name":"SHOP","item":"https:\/\/deutschcolor.com\/fr\/shop\/"},{"@type":"ListItem","position":3,"name":"ALPEN SILICON S47"}]},{"@type":"WebSite","@id":"https:\/\/deutschcolor.com\/fr\/#website","url":"https:\/\/deutschcolor.com\/fr\/","name":"Deutschcolor","description":"Deutschcolor Tunisia","publisher":{"@id":"https:\/\/deutschcolor.com\/fr\/#organization"},"potentialAction":[{"@type":"SearchAction","target":{"@type":"EntryPoint","urlTemplate":"https:\/\/deutschcolor.com\/fr\/?s={search_term_string}"},"query-input":{"@type":"PropertyValueSpecification","valueRequired":true,"valueName":"search_term_string"}}],"inLanguage":"en-US"},{"@type":"Organization","@id":"https:\/\/deutschcolor.com\/fr\/#organization","name":"Deutschcolor","url":"https:\/\/deutschcolor.com\/fr\/","logo":{"@type":"ImageObject","inLanguage":"en-US","@id":"https:\/\/deutschcolor.com\/fr\/#\/schema\/logo\/image\/","url":"https:\/\/deutschcolor.com\/fr\/wp-content\/uploads\/2025\/08\/4160px-dc.png","contentUrl":"https:\/\/deutschcolor.com\/fr\/wp-content\/uploads\/2025\/08\/4160px-dc.png","width":4160,"height":689,"caption":"Deutschcolor"},"image":{"@id":"https:\/\/deutschcolor.com\/fr\/#\/schema\/logo\/image\/"},"sameAs":["https:\/\/www.facebook.com\/deltahome.al"]}]}},"_links":{"self":[{"href":"https:\/\/deutschcolor.com\/fr\/wp-json\/wp\/v2\/product\/23993","targetHints":{"allow":["GET"]}}],"collection":[{"href":"https:\/\/deutschcolor.com\/fr\/wp-json\/wp\/v2\/product"}],"about":[{"href":"https:\/\/deutschcolor.com\/fr\/wp-json\/wp\/v2\/types\/product"}],"wp:featuredmedia":[{"embeddable":true,"href":"https:\/\/deutschcolor.com\/fr\/wp-json\/wp\/v2\/media\/24825"}],"wp:attachment":[{"href":"https:\/\/deutschcolor.com\/fr\/wp-json\/wp\/v2\/media?parent=23993"}],"curies":[{"name":"wp","href":"https:\/\/api.w.org\/{rel}","templated":true}]}}