{"id":23994,"date":"2019-05-08T06:06:09","date_gmt":"2019-05-08T06:06:09","guid":{"rendered":"https:\/\/deutschcolor.com\/fr\/?post_type=product&#038;p=23994"},"modified":"2026-03-17T10:55:47","modified_gmt":"2026-03-17T10:55:47","slug":"isofarben-w95","status":"publish","type":"product","link":"https:\/\/deutschcolor.com\/fr\/product\/isofarben-w95\/","title":{"rendered":"ISOFARBEN W95"},"content":{"rendered":"<p><strong>Propri\u00e9t\u00e9s du produit<\/strong><br \/>\n&#8211; Forte adh\u00e9rence<br \/>\n&#8211; Disponible en 4 bases W, P, D et TR<br \/>\n&#8211; Peinture acrylique \u00e0 propri\u00e9t\u00e9s d\u2019isolation thermique<br \/>\n&#8211; Excellente maniabilit\u00e9 et nivellement<br \/>\n&#8211; Peintures de longue dur\u00e9e<br \/>\n&#8211; Elasticit\u00e9 \u00e9lev\u00e9e \u00e0 des temp\u00e9ratures de -20\u00b0 \u00e0 +80\u00b0<\/p>\n<p><strong>Recommandations d\u2019utiliheureson<\/strong><br \/>\nISOFARBEN W95 est utilis\u00e9 pour tous types de murs int\u00e9rieurs, neufs ou<br \/>\nanciens, pr\u00e9c\u00e9demment peints ou couverts d\u2019enduits \u00e0 base de ciment,<br \/>\nchaux, etc, et tous types d\u2019espaces ext\u00e9rieurs, pl\u00e2tre griff\u00e9, finition en<br \/>\npl\u00e2tre, fa\u00e7ade en coulis, etc., ainsi que pour peindre les surfaces en b\u00e9ton<br \/>\ntrait\u00e9es avec un appr\u00eat.<\/p>\n<p>###<\/p>\n<p><strong>Application du produit<\/strong><br \/>\nLe produit ISOFARBEN W95 est appliqu\u00e9 au pinceau ou au rouleau. Le<br \/>\ncycle inclut l\u2019Application d\u2019au moins deux couches de peinture. Le temps<br \/>\nde s\u00e9chage entre les deux couches est de 2 \u00e0 4 heures en fonction des<br \/>\nconditions m\u00e9t\u00e9oroliques, de la temp\u00e9rature et de l\u2019humidit\u00e9. Nettoyer les<br \/>\npinceaux, rouleaux et autres outils de travail \u00e0 l\u2019eau avant que la peinture<br \/>\nne s\u00e8che.<\/p>\n<p><strong>Stockage<\/strong><br \/>\n36 mois si stock\u00e9 dans un endroit sec, loin des sources de chaleur, \u00e0 une<br \/>\ntemp\u00e9rature comprise entre + 5 \u00b0 C et + 30 \u00b0 C. Prot\u00e9gez du gel.<br \/>\n&#8211; Sur les surfaces en b\u00e9ton neuf, il est recommand\u00e9 d\u2019utiliser le produit<br \/>\napr\u00e8s environ 30 \u00e0 40 jours au moins.- Preporu\u010duje se da se izbegne<br \/>\nupotreba proizvoda na temperature ni\u017eoj od 5\u00baC ili neposredno pre ki\u0161e.<\/p>\n<p><strong>Conditionnnement<\/strong>: Emballage en 3lt\/10lt<\/p>\n","protected":false},"excerpt":{"rendered":"<p>Peinture acrylique de haute qualit\u00e9, \u00e0 haute r\u00e9sistance aux diverses conditions climatiques, avec effet d\u2019isolation thermique et \u00e0 base d\u2019\u00e9mulsion acrylique.<\/p>\n","protected":false},"featured_media":24826,"template":"","meta":[],"class_list":["post-23994","product","type-product","status-publish","has-post-thumbnail","hentry","product_cat-peintures","product_cat-peintures-dexterieur"],"yoast_head":"<!-- This site is optimized with the Yoast SEO plugin v25.7 - https:\/\/yoast.com\/wordpress\/plugins\/seo\/ -->\n<title>ISOFARBEN W95 - Deutschcolor<\/title>\n<meta name=\"robots\" content=\"index, follow, max-snippet:-1, max-image-preview:large, max-video-preview:-1\" \/>\n<link rel=\"canonical\" href=\"https:\/\/deutschcolor.com\/fr\/product\/isofarben-w95\/\" \/>\n<meta property=\"og:locale\" content=\"en_US\" \/>\n<meta property=\"og:type\" content=\"article\" \/>\n<meta property=\"og:title\" content=\"ISOFARBEN W95 - Deutschcolor\" \/>\n<meta property=\"og:description\" content=\"Peinture acrylique de haute qualit\u00e9, \u00e0 haute r\u00e9sistance aux diverses conditions climatiques, avec effet d\u2019isolation thermique et \u00e0 base d\u2019\u00e9mulsion acrylique.\" \/>\n<meta property=\"og:url\" content=\"https:\/\/deutschcolor.com\/fr\/product\/isofarben-w95\/\" \/>\n<meta property=\"og:site_name\" content=\"Deutschcolor\" \/>\n<meta property=\"article:publisher\" content=\"https:\/\/www.facebook.com\/deltahome.al\" \/>\n<meta property=\"article:modified_time\" content=\"2026-03-17T10:55:47+00:00\" \/>\n<meta property=\"og:image\" content=\"https:\/\/deutschcolor.com\/fr\/wp-content\/uploads\/2019\/05\/Isofarben-W95-min.png\" \/>\n\t<meta property=\"og:image:width\" content=\"1000\" \/>\n\t<meta property=\"og:image:height\" content=\"1000\" \/>\n\t<meta property=\"og:image:type\" content=\"image\/png\" \/>\n<meta name=\"twitter:card\" content=\"summary_large_image\" \/>\n<meta name=\"twitter:label1\" content=\"Est. reading time\" \/>\n\t<meta name=\"twitter:data1\" content=\"2 minutes\" \/>\n<script type=\"application\/ld+json\" class=\"yoast-schema-graph\">{\"@context\":\"https:\/\/schema.org\",\"@graph\":[{\"@type\":\"WebPage\",\"@id\":\"https:\/\/deutschcolor.com\/fr\/product\/isofarben-w95\/\",\"url\":\"https:\/\/deutschcolor.com\/fr\/product\/isofarben-w95\/\",\"name\":\"ISOFARBEN W95 - Deutschcolor\",\"isPartOf\":{\"@id\":\"https:\/\/deutschcolor.com\/fr\/#website\"},\"primaryImageOfPage\":{\"@id\":\"https:\/\/deutschcolor.com\/fr\/product\/isofarben-w95\/#primaryimage\"},\"image\":{\"@id\":\"https:\/\/deutschcolor.com\/fr\/product\/isofarben-w95\/#primaryimage\"},\"thumbnailUrl\":\"https:\/\/deutschcolor.com\/fr\/wp-content\/uploads\/2019\/05\/Isofarben-W95-min.png\",\"datePublished\":\"2019-05-08T06:06:09+00:00\",\"dateModified\":\"2026-03-17T10:55:47+00:00\",\"breadcrumb\":{\"@id\":\"https:\/\/deutschcolor.com\/fr\/product\/isofarben-w95\/#breadcrumb\"},\"inLanguage\":\"en-US\",\"potentialAction\":[{\"@type\":\"ReadAction\",\"target\":[\"https:\/\/deutschcolor.com\/fr\/product\/isofarben-w95\/\"]}]},{\"@type\":\"ImageObject\",\"inLanguage\":\"en-US\",\"@id\":\"https:\/\/deutschcolor.com\/fr\/product\/isofarben-w95\/#primaryimage\",\"url\":\"https:\/\/deutschcolor.com\/fr\/wp-content\/uploads\/2019\/05\/Isofarben-W95-min.png\",\"contentUrl\":\"https:\/\/deutschcolor.com\/fr\/wp-content\/uploads\/2019\/05\/Isofarben-W95-min.png\",\"width\":1000,\"height\":1000},{\"@type\":\"BreadcrumbList\",\"@id\":\"https:\/\/deutschcolor.com\/fr\/product\/isofarben-w95\/#breadcrumb\",\"itemListElement\":[{\"@type\":\"ListItem\",\"position\":1,\"name\":\"Home\",\"item\":\"https:\/\/deutschcolor.com\/fr\/\"},{\"@type\":\"ListItem\",\"position\":2,\"name\":\"SHOP\",\"item\":\"https:\/\/deutschcolor.com\/fr\/shop\/\"},{\"@type\":\"ListItem\",\"position\":3,\"name\":\"ISOFARBEN W95\"}]},{\"@type\":\"WebSite\",\"@id\":\"https:\/\/deutschcolor.com\/fr\/#website\",\"url\":\"https:\/\/deutschcolor.com\/fr\/\",\"name\":\"Deutschcolor\",\"description\":\"Deutschcolor Tunisia\",\"publisher\":{\"@id\":\"https:\/\/deutschcolor.com\/fr\/#organization\"},\"potentialAction\":[{\"@type\":\"SearchAction\",\"target\":{\"@type\":\"EntryPoint\",\"urlTemplate\":\"https:\/\/deutschcolor.com\/fr\/?s={search_term_string}\"},\"query-input\":{\"@type\":\"PropertyValueSpecification\",\"valueRequired\":true,\"valueName\":\"search_term_string\"}}],\"inLanguage\":\"en-US\"},{\"@type\":\"Organization\",\"@id\":\"https:\/\/deutschcolor.com\/fr\/#organization\",\"name\":\"Deutschcolor\",\"url\":\"https:\/\/deutschcolor.com\/fr\/\",\"logo\":{\"@type\":\"ImageObject\",\"inLanguage\":\"en-US\",\"@id\":\"https:\/\/deutschcolor.com\/fr\/#\/schema\/logo\/image\/\",\"url\":\"https:\/\/deutschcolor.com\/fr\/wp-content\/uploads\/2025\/08\/4160px-dc.png\",\"contentUrl\":\"https:\/\/deutschcolor.com\/fr\/wp-content\/uploads\/2025\/08\/4160px-dc.png\",\"width\":4160,\"height\":689,\"caption\":\"Deutschcolor\"},\"image\":{\"@id\":\"https:\/\/deutschcolor.com\/fr\/#\/schema\/logo\/image\/\"},\"sameAs\":[\"https:\/\/www.facebook.com\/deltahome.al\"]}]}<\/script>\n<!-- \/ Yoast SEO plugin. -->","yoast_head_json":{"title":"ISOFARBEN W95 - Deutschcolor","robots":{"index":"index","follow":"follow","max-snippet":"max-snippet:-1","max-image-preview":"max-image-preview:large","max-video-preview":"max-video-preview:-1"},"canonical":"https:\/\/deutschcolor.com\/fr\/product\/isofarben-w95\/","og_locale":"en_US","og_type":"article","og_title":"ISOFARBEN W95 - Deutschcolor","og_description":"Peinture acrylique de haute qualit\u00e9, \u00e0 haute r\u00e9sistance aux diverses conditions climatiques, avec effet d\u2019isolation thermique et \u00e0 base d\u2019\u00e9mulsion acrylique.","og_url":"https:\/\/deutschcolor.com\/fr\/product\/isofarben-w95\/","og_site_name":"Deutschcolor","article_publisher":"https:\/\/www.facebook.com\/deltahome.al","article_modified_time":"2026-03-17T10:55:47+00:00","og_image":[{"width":1000,"height":1000,"url":"https:\/\/deutschcolor.com\/fr\/wp-content\/uploads\/2019\/05\/Isofarben-W95-min.png","type":"image\/png"}],"twitter_card":"summary_large_image","twitter_misc":{"Est. reading time":"2 minutes"},"schema":{"@context":"https:\/\/schema.org","@graph":[{"@type":"WebPage","@id":"https:\/\/deutschcolor.com\/fr\/product\/isofarben-w95\/","url":"https:\/\/deutschcolor.com\/fr\/product\/isofarben-w95\/","name":"ISOFARBEN W95 - Deutschcolor","isPartOf":{"@id":"https:\/\/deutschcolor.com\/fr\/#website"},"primaryImageOfPage":{"@id":"https:\/\/deutschcolor.com\/fr\/product\/isofarben-w95\/#primaryimage"},"image":{"@id":"https:\/\/deutschcolor.com\/fr\/product\/isofarben-w95\/#primaryimage"},"thumbnailUrl":"https:\/\/deutschcolor.com\/fr\/wp-content\/uploads\/2019\/05\/Isofarben-W95-min.png","datePublished":"2019-05-08T06:06:09+00:00","dateModified":"2026-03-17T10:55:47+00:00","breadcrumb":{"@id":"https:\/\/deutschcolor.com\/fr\/product\/isofarben-w95\/#breadcrumb"},"inLanguage":"en-US","potentialAction":[{"@type":"ReadAction","target":["https:\/\/deutschcolor.com\/fr\/product\/isofarben-w95\/"]}]},{"@type":"ImageObject","inLanguage":"en-US","@id":"https:\/\/deutschcolor.com\/fr\/product\/isofarben-w95\/#primaryimage","url":"https:\/\/deutschcolor.com\/fr\/wp-content\/uploads\/2019\/05\/Isofarben-W95-min.png","contentUrl":"https:\/\/deutschcolor.com\/fr\/wp-content\/uploads\/2019\/05\/Isofarben-W95-min.png","width":1000,"height":1000},{"@type":"BreadcrumbList","@id":"https:\/\/deutschcolor.com\/fr\/product\/isofarben-w95\/#breadcrumb","itemListElement":[{"@type":"ListItem","position":1,"name":"Home","item":"https:\/\/deutschcolor.com\/fr\/"},{"@type":"ListItem","position":2,"name":"SHOP","item":"https:\/\/deutschcolor.com\/fr\/shop\/"},{"@type":"ListItem","position":3,"name":"ISOFARBEN W95"}]},{"@type":"WebSite","@id":"https:\/\/deutschcolor.com\/fr\/#website","url":"https:\/\/deutschcolor.com\/fr\/","name":"Deutschcolor","description":"Deutschcolor Tunisia","publisher":{"@id":"https:\/\/deutschcolor.com\/fr\/#organization"},"potentialAction":[{"@type":"SearchAction","target":{"@type":"EntryPoint","urlTemplate":"https:\/\/deutschcolor.com\/fr\/?s={search_term_string}"},"query-input":{"@type":"PropertyValueSpecification","valueRequired":true,"valueName":"search_term_string"}}],"inLanguage":"en-US"},{"@type":"Organization","@id":"https:\/\/deutschcolor.com\/fr\/#organization","name":"Deutschcolor","url":"https:\/\/deutschcolor.com\/fr\/","logo":{"@type":"ImageObject","inLanguage":"en-US","@id":"https:\/\/deutschcolor.com\/fr\/#\/schema\/logo\/image\/","url":"https:\/\/deutschcolor.com\/fr\/wp-content\/uploads\/2025\/08\/4160px-dc.png","contentUrl":"https:\/\/deutschcolor.com\/fr\/wp-content\/uploads\/2025\/08\/4160px-dc.png","width":4160,"height":689,"caption":"Deutschcolor"},"image":{"@id":"https:\/\/deutschcolor.com\/fr\/#\/schema\/logo\/image\/"},"sameAs":["https:\/\/www.facebook.com\/deltahome.al"]}]}},"_links":{"self":[{"href":"https:\/\/deutschcolor.com\/fr\/wp-json\/wp\/v2\/product\/23994","targetHints":{"allow":["GET"]}}],"collection":[{"href":"https:\/\/deutschcolor.com\/fr\/wp-json\/wp\/v2\/product"}],"about":[{"href":"https:\/\/deutschcolor.com\/fr\/wp-json\/wp\/v2\/types\/product"}],"wp:featuredmedia":[{"embeddable":true,"href":"https:\/\/deutschcolor.com\/fr\/wp-json\/wp\/v2\/media\/24826"}],"wp:attachment":[{"href":"https:\/\/deutschcolor.com\/fr\/wp-json\/wp\/v2\/media?parent=23994"}],"curies":[{"name":"wp","href":"https:\/\/api.w.org\/{rel}","templated":true}]}}