{"id":23997,"date":"2019-05-08T06:08:58","date_gmt":"2019-05-08T06:08:58","guid":{"rendered":"https:\/\/deutschcolor.com\/fr\/?post_type=product&#038;p=23997"},"modified":"2025-05-26T12:52:39","modified_gmt":"2025-05-26T12:52:39","slug":"macht-haftgrund","status":"publish","type":"product","link":"https:\/\/deutschcolor.com\/fr\/product\/macht-haftgrund\/","title":{"rendered":"MACHT HAFTGRUND"},"content":{"rendered":"<p><strong>Propri\u00e9t\u00e9s du produit<\/strong><br \/>\n&#8211; Application facile<br \/>\n&#8211; Rapport de dilution 1:3<br \/>\n&#8211; Tr\u00e8s forte adh\u00e9rence et s\u00e9chage rapide<br \/>\n&#8211; Haute capacit\u00e9 de collage et de durabilit\u00e9<br \/>\n&#8211; Taux de p\u00e9n\u00e9tration et d\u2019\u00e9pandage \u00e9lev\u00e9s<br \/>\n&#8211; Convient pour tous types de peintures \u00e0 base d\u2019eau<\/p>\n<p><strong>Recommandations d\u2019utiliheureson<\/strong><br \/>\nIl est utilis\u00e9 pour tous types de murs et plafonds en int\u00e9rieur, neufs, anciens<br \/>\net et m\u00eame d\u00e9j\u00e0 peints ou enduits avec du ciment, chaux ou gypse, etc.<br \/>\nUtilis\u00e9 avant Application de la peinture dans les chambres, toilettes,<br \/>\nsalons, bureaux, services, etc.<\/p>\n<p>###<\/p>\n<p><strong>Stockage<\/strong><br \/>\n36 mois si stock\u00e9 dans un endroit sec, loin des sources de chaleur, \u00e0 une<br \/>\ntemp\u00e9rature comprise entre + 5 \u00b0 C et + 30 \u00b0 C. Prot\u00e9gez du gel.<\/p>\n<p><strong>Notes<\/strong><br \/>\n&#8211; Sur les surfaces en b\u00e9ton frais, le produit doit \u00eatre<br \/>\nappliqu\u00e9 au moins 30 \u00e0 40 jours plus tard.<br \/>\n&#8211; Il est recommand\u00e9 d\u2019\u00e9viter d\u2019appliquer le<br \/>\nproduit \u00e0 des temp\u00e9ratures inf\u00e9rieures \u00e0 5\u00b0C, ou juste avant qu\u2019il pleuve.<\/p>\n<p><strong>Conditionnnement<\/strong>: Emballage en : Emballage en 3lt\/10lt<\/p>\n","protected":false},"excerpt":{"rendered":"<p>Primaire plastique de haute qualit\u00e9 \u00e0 base d\u2019\u00e9mulsion PVA. Convient pour une utiliheureson int\u00e9rieure et ext\u00e9rieure.<\/p>\n","protected":false},"featured_media":24828,"template":"","meta":[],"class_list":["post-23997","product","type-product","status-publish","has-post-thumbnail","hentry","product_cat-peintures","product_cat-primaires"],"yoast_head":"<!-- This site is optimized with the Yoast SEO plugin v25.7 - https:\/\/yoast.com\/wordpress\/plugins\/seo\/ -->\n<title>MACHT HAFTGRUND - Deutschcolor<\/title>\n<meta name=\"robots\" content=\"index, follow, max-snippet:-1, max-image-preview:large, max-video-preview:-1\" \/>\n<link rel=\"canonical\" href=\"https:\/\/deutschcolor.com\/fr\/product\/macht-haftgrund\/\" \/>\n<meta property=\"og:locale\" content=\"en_US\" \/>\n<meta property=\"og:type\" content=\"article\" \/>\n<meta property=\"og:title\" content=\"MACHT HAFTGRUND - Deutschcolor\" \/>\n<meta property=\"og:description\" content=\"Primaire plastique de haute qualit\u00e9 \u00e0 base d\u2019\u00e9mulsion PVA. Convient pour une utiliheureson int\u00e9rieure et ext\u00e9rieure.\" \/>\n<meta property=\"og:url\" content=\"https:\/\/deutschcolor.com\/fr\/product\/macht-haftgrund\/\" \/>\n<meta property=\"og:site_name\" content=\"Deutschcolor\" \/>\n<meta property=\"article:publisher\" content=\"https:\/\/www.facebook.com\/deltahome.al\" \/>\n<meta property=\"article:modified_time\" content=\"2025-05-26T12:52:39+00:00\" \/>\n<meta property=\"og:image\" content=\"https:\/\/deutschcolor.com\/fr\/wp-content\/uploads\/2019\/05\/Macht-Haftgrund-Primer-min.png\" \/>\n\t<meta property=\"og:image:width\" content=\"1000\" \/>\n\t<meta property=\"og:image:height\" content=\"1000\" \/>\n\t<meta property=\"og:image:type\" content=\"image\/png\" \/>\n<meta name=\"twitter:card\" content=\"summary_large_image\" \/>\n<meta name=\"twitter:label1\" content=\"Est. reading time\" \/>\n\t<meta name=\"twitter:data1\" content=\"1 minute\" \/>\n<script type=\"application\/ld+json\" class=\"yoast-schema-graph\">{\"@context\":\"https:\/\/schema.org\",\"@graph\":[{\"@type\":\"WebPage\",\"@id\":\"https:\/\/deutschcolor.com\/fr\/product\/macht-haftgrund\/\",\"url\":\"https:\/\/deutschcolor.com\/fr\/product\/macht-haftgrund\/\",\"name\":\"MACHT HAFTGRUND - Deutschcolor\",\"isPartOf\":{\"@id\":\"https:\/\/deutschcolor.com\/fr\/#website\"},\"primaryImageOfPage\":{\"@id\":\"https:\/\/deutschcolor.com\/fr\/product\/macht-haftgrund\/#primaryimage\"},\"image\":{\"@id\":\"https:\/\/deutschcolor.com\/fr\/product\/macht-haftgrund\/#primaryimage\"},\"thumbnailUrl\":\"https:\/\/deutschcolor.com\/fr\/wp-content\/uploads\/2019\/05\/Macht-Haftgrund-Primer-min.png\",\"datePublished\":\"2019-05-08T06:08:58+00:00\",\"dateModified\":\"2025-05-26T12:52:39+00:00\",\"breadcrumb\":{\"@id\":\"https:\/\/deutschcolor.com\/fr\/product\/macht-haftgrund\/#breadcrumb\"},\"inLanguage\":\"en-US\",\"potentialAction\":[{\"@type\":\"ReadAction\",\"target\":[\"https:\/\/deutschcolor.com\/fr\/product\/macht-haftgrund\/\"]}]},{\"@type\":\"ImageObject\",\"inLanguage\":\"en-US\",\"@id\":\"https:\/\/deutschcolor.com\/fr\/product\/macht-haftgrund\/#primaryimage\",\"url\":\"https:\/\/deutschcolor.com\/fr\/wp-content\/uploads\/2019\/05\/Macht-Haftgrund-Primer-min.png\",\"contentUrl\":\"https:\/\/deutschcolor.com\/fr\/wp-content\/uploads\/2019\/05\/Macht-Haftgrund-Primer-min.png\",\"width\":1000,\"height\":1000},{\"@type\":\"BreadcrumbList\",\"@id\":\"https:\/\/deutschcolor.com\/fr\/product\/macht-haftgrund\/#breadcrumb\",\"itemListElement\":[{\"@type\":\"ListItem\",\"position\":1,\"name\":\"Home\",\"item\":\"https:\/\/deutschcolor.com\/fr\/\"},{\"@type\":\"ListItem\",\"position\":2,\"name\":\"SHOP\",\"item\":\"https:\/\/deutschcolor.com\/fr\/shop\/\"},{\"@type\":\"ListItem\",\"position\":3,\"name\":\"MACHT HAFTGRUND\"}]},{\"@type\":\"WebSite\",\"@id\":\"https:\/\/deutschcolor.com\/fr\/#website\",\"url\":\"https:\/\/deutschcolor.com\/fr\/\",\"name\":\"Deutschcolor\",\"description\":\"Deutschcolor Tunisia\",\"publisher\":{\"@id\":\"https:\/\/deutschcolor.com\/fr\/#organization\"},\"potentialAction\":[{\"@type\":\"SearchAction\",\"target\":{\"@type\":\"EntryPoint\",\"urlTemplate\":\"https:\/\/deutschcolor.com\/fr\/?s={search_term_string}\"},\"query-input\":{\"@type\":\"PropertyValueSpecification\",\"valueRequired\":true,\"valueName\":\"search_term_string\"}}],\"inLanguage\":\"en-US\"},{\"@type\":\"Organization\",\"@id\":\"https:\/\/deutschcolor.com\/fr\/#organization\",\"name\":\"Deutschcolor\",\"url\":\"https:\/\/deutschcolor.com\/fr\/\",\"logo\":{\"@type\":\"ImageObject\",\"inLanguage\":\"en-US\",\"@id\":\"https:\/\/deutschcolor.com\/fr\/#\/schema\/logo\/image\/\",\"url\":\"https:\/\/deutschcolor.com\/fr\/wp-content\/uploads\/2025\/08\/4160px-dc.png\",\"contentUrl\":\"https:\/\/deutschcolor.com\/fr\/wp-content\/uploads\/2025\/08\/4160px-dc.png\",\"width\":4160,\"height\":689,\"caption\":\"Deutschcolor\"},\"image\":{\"@id\":\"https:\/\/deutschcolor.com\/fr\/#\/schema\/logo\/image\/\"},\"sameAs\":[\"https:\/\/www.facebook.com\/deltahome.al\"]}]}<\/script>\n<!-- \/ Yoast SEO plugin. -->","yoast_head_json":{"title":"MACHT HAFTGRUND - Deutschcolor","robots":{"index":"index","follow":"follow","max-snippet":"max-snippet:-1","max-image-preview":"max-image-preview:large","max-video-preview":"max-video-preview:-1"},"canonical":"https:\/\/deutschcolor.com\/fr\/product\/macht-haftgrund\/","og_locale":"en_US","og_type":"article","og_title":"MACHT HAFTGRUND - Deutschcolor","og_description":"Primaire plastique de haute qualit\u00e9 \u00e0 base d\u2019\u00e9mulsion PVA. Convient pour une utiliheureson int\u00e9rieure et ext\u00e9rieure.","og_url":"https:\/\/deutschcolor.com\/fr\/product\/macht-haftgrund\/","og_site_name":"Deutschcolor","article_publisher":"https:\/\/www.facebook.com\/deltahome.al","article_modified_time":"2025-05-26T12:52:39+00:00","og_image":[{"width":1000,"height":1000,"url":"https:\/\/deutschcolor.com\/fr\/wp-content\/uploads\/2019\/05\/Macht-Haftgrund-Primer-min.png","type":"image\/png"}],"twitter_card":"summary_large_image","twitter_misc":{"Est. reading time":"1 minute"},"schema":{"@context":"https:\/\/schema.org","@graph":[{"@type":"WebPage","@id":"https:\/\/deutschcolor.com\/fr\/product\/macht-haftgrund\/","url":"https:\/\/deutschcolor.com\/fr\/product\/macht-haftgrund\/","name":"MACHT HAFTGRUND - Deutschcolor","isPartOf":{"@id":"https:\/\/deutschcolor.com\/fr\/#website"},"primaryImageOfPage":{"@id":"https:\/\/deutschcolor.com\/fr\/product\/macht-haftgrund\/#primaryimage"},"image":{"@id":"https:\/\/deutschcolor.com\/fr\/product\/macht-haftgrund\/#primaryimage"},"thumbnailUrl":"https:\/\/deutschcolor.com\/fr\/wp-content\/uploads\/2019\/05\/Macht-Haftgrund-Primer-min.png","datePublished":"2019-05-08T06:08:58+00:00","dateModified":"2025-05-26T12:52:39+00:00","breadcrumb":{"@id":"https:\/\/deutschcolor.com\/fr\/product\/macht-haftgrund\/#breadcrumb"},"inLanguage":"en-US","potentialAction":[{"@type":"ReadAction","target":["https:\/\/deutschcolor.com\/fr\/product\/macht-haftgrund\/"]}]},{"@type":"ImageObject","inLanguage":"en-US","@id":"https:\/\/deutschcolor.com\/fr\/product\/macht-haftgrund\/#primaryimage","url":"https:\/\/deutschcolor.com\/fr\/wp-content\/uploads\/2019\/05\/Macht-Haftgrund-Primer-min.png","contentUrl":"https:\/\/deutschcolor.com\/fr\/wp-content\/uploads\/2019\/05\/Macht-Haftgrund-Primer-min.png","width":1000,"height":1000},{"@type":"BreadcrumbList","@id":"https:\/\/deutschcolor.com\/fr\/product\/macht-haftgrund\/#breadcrumb","itemListElement":[{"@type":"ListItem","position":1,"name":"Home","item":"https:\/\/deutschcolor.com\/fr\/"},{"@type":"ListItem","position":2,"name":"SHOP","item":"https:\/\/deutschcolor.com\/fr\/shop\/"},{"@type":"ListItem","position":3,"name":"MACHT HAFTGRUND"}]},{"@type":"WebSite","@id":"https:\/\/deutschcolor.com\/fr\/#website","url":"https:\/\/deutschcolor.com\/fr\/","name":"Deutschcolor","description":"Deutschcolor Tunisia","publisher":{"@id":"https:\/\/deutschcolor.com\/fr\/#organization"},"potentialAction":[{"@type":"SearchAction","target":{"@type":"EntryPoint","urlTemplate":"https:\/\/deutschcolor.com\/fr\/?s={search_term_string}"},"query-input":{"@type":"PropertyValueSpecification","valueRequired":true,"valueName":"search_term_string"}}],"inLanguage":"en-US"},{"@type":"Organization","@id":"https:\/\/deutschcolor.com\/fr\/#organization","name":"Deutschcolor","url":"https:\/\/deutschcolor.com\/fr\/","logo":{"@type":"ImageObject","inLanguage":"en-US","@id":"https:\/\/deutschcolor.com\/fr\/#\/schema\/logo\/image\/","url":"https:\/\/deutschcolor.com\/fr\/wp-content\/uploads\/2025\/08\/4160px-dc.png","contentUrl":"https:\/\/deutschcolor.com\/fr\/wp-content\/uploads\/2025\/08\/4160px-dc.png","width":4160,"height":689,"caption":"Deutschcolor"},"image":{"@id":"https:\/\/deutschcolor.com\/fr\/#\/schema\/logo\/image\/"},"sameAs":["https:\/\/www.facebook.com\/deltahome.al"]}]}},"_links":{"self":[{"href":"https:\/\/deutschcolor.com\/fr\/wp-json\/wp\/v2\/product\/23997","targetHints":{"allow":["GET"]}}],"collection":[{"href":"https:\/\/deutschcolor.com\/fr\/wp-json\/wp\/v2\/product"}],"about":[{"href":"https:\/\/deutschcolor.com\/fr\/wp-json\/wp\/v2\/types\/product"}],"wp:featuredmedia":[{"embeddable":true,"href":"https:\/\/deutschcolor.com\/fr\/wp-json\/wp\/v2\/media\/24828"}],"wp:attachment":[{"href":"https:\/\/deutschcolor.com\/fr\/wp-json\/wp\/v2\/media?parent=23997"}],"curies":[{"name":"wp","href":"https:\/\/api.w.org\/{rel}","templated":true}]}}