{"id":23998,"date":"2019-05-08T06:10:12","date_gmt":"2019-05-08T06:10:12","guid":{"rendered":"https:\/\/deutschcolor.com\/fr\/?post_type=product&#038;p=23998"},"modified":"2025-05-26T12:53:06","modified_gmt":"2025-05-26T12:53:06","slug":"macht-tiefgrund-wasser","status":"publish","type":"product","link":"https:\/\/deutschcolor.com\/fr\/product\/macht-tiefgrund-wasser\/","title":{"rendered":"MACHT TIEFGRUND WASSER"},"content":{"rendered":"<p><strong>Propri\u00e9t\u00e9s du produit<\/strong><br \/>\n&#8211; Dilution 1:1<br \/>\n&#8211; Couleur bleue<br \/>\n&#8211; Taux d\u2019\u00e9pandage 250 m\u00b2<br \/>\n&#8211; Tr\u00e8s forte adh\u00e9rence et s\u00e9chage rapide<br \/>\n&#8211; Surface brillante pour toutes sortes de peintures \u00e0 base d\u2019eau et surface<br \/>\nuniforme au rev\u00eatement final<br \/>\n&#8211; Application facile, pouvoirs de p\u00e9n\u00e9tration et d\u2019\u00e9pandage \u00e9lev\u00e9s<\/p>\n<p><strong>Recommandations d\u2019utiliheureson<\/strong><br \/>\nIl est utilis\u00e9 pour tous types de murs int\u00e9rieurs, neufs, anciens m\u00eame<br \/>\nd\u00e9j\u00e0 peints ou avec enduits \u00e0 base de ciment, chaux, etc., pour peindre<br \/>\ntous types d\u2019espaces int\u00e9rieurs, chambres, toilettes, salons, bureaux,<br \/>\nservices .etc Il est en plus recommand\u00e9 pour \u00eatre appliqu\u00e9 sur les fa\u00e7ades<br \/>\next\u00e9rieures.<\/p>\n<p><strong>Conditionnnement<\/strong>: Emballage en : Emballage en 1lt\/5lt\/10lt<\/p>\n<p>###<\/p>\n<p><strong>Application du produit<\/strong><br \/>\nLe produit Macht Tiefgrund Wasser est appliqu\u00e9 au pinceau ou au<br \/>\nrouleau. Le cycle inclut l\u2019Application d\u2019au moins une couche de primaire.<br \/>\nLe temps n\u00e9cessaire entre l\u2019Application du primaire et la premi\u00e8re<br \/>\ncouche de rev\u00eatement est de 2 \u00e0 4 heures en fonction des conditions<br \/>\nm\u00e9t\u00e9orologiques, de la temp\u00e9rature et de l\u2019humidit\u00e9. Lors de l\u2019Application<br \/>\ndu primaire, \u00e9vitez de cr\u00e9er un film, ce qui cr\u00e9erait des probl\u00e8mes lors du<br \/>\ncollage de la peinture sur le support. Nettoyer les pinceaux, rouleaux et<br \/>\nautres outils de travail avec de l\u2019eau avant que la peinture ne s\u00e8che.<\/p>\n<p><strong>Stockage<\/strong><br \/>\n36 mois si stock\u00e9 dans un endroit sec, loin des sources de chaleur, \u00e0 une<br \/>\ntemp\u00e9rature comprise entre + 5 \u00b0 C et + 30 \u00b0 C. Prot\u00e9gez du gel.<br \/>\n&#8211; Sur les surfaces en b\u00e9ton neuf, il est recommand\u00e9 d\u2019utiliser le produit<br \/>\napr\u00e8s environ 30 \u00e0 40 jours au moins.- Preporu\u010duje se da izbegnete &#8211;<br \/>\nApplication du produit pri temperature ni\u017eoj od 5\u00baC ili neposredno pre ki\u0161e.<\/p>\n","protected":false},"excerpt":{"rendered":"<p>Primaire acrylique universel \u00e0 base d\u2019eau, avec d\u2019excellentes propri\u00e9t\u00e9s de p\u00e9n\u00e9tration, offrant une adh\u00e9rence et une isolation parfaites<\/p>\n","protected":false},"featured_media":24829,"template":"","meta":[],"class_list":["post-23998","product","type-product","status-publish","has-post-thumbnail","hentry","product_cat-peintures","product_cat-primaires"],"yoast_head":"<!-- This site is optimized with the Yoast SEO plugin v25.7 - https:\/\/yoast.com\/wordpress\/plugins\/seo\/ -->\n<title>MACHT TIEFGRUND WASSER - Deutschcolor<\/title>\n<meta name=\"robots\" content=\"index, follow, max-snippet:-1, max-image-preview:large, max-video-preview:-1\" \/>\n<link rel=\"canonical\" href=\"https:\/\/deutschcolor.com\/fr\/product\/macht-tiefgrund-wasser\/\" \/>\n<meta property=\"og:locale\" content=\"en_US\" \/>\n<meta property=\"og:type\" content=\"article\" \/>\n<meta property=\"og:title\" content=\"MACHT TIEFGRUND WASSER - Deutschcolor\" \/>\n<meta property=\"og:description\" content=\"Primaire acrylique universel \u00e0 base d\u2019eau, avec d\u2019excellentes propri\u00e9t\u00e9s de p\u00e9n\u00e9tration, offrant une adh\u00e9rence et une isolation parfaites\" \/>\n<meta property=\"og:url\" content=\"https:\/\/deutschcolor.com\/fr\/product\/macht-tiefgrund-wasser\/\" \/>\n<meta property=\"og:site_name\" content=\"Deutschcolor\" \/>\n<meta property=\"article:publisher\" content=\"https:\/\/www.facebook.com\/deltahome.al\" \/>\n<meta property=\"article:modified_time\" content=\"2025-05-26T12:53:06+00:00\" \/>\n<meta property=\"og:image\" content=\"https:\/\/deutschcolor.com\/fr\/wp-content\/uploads\/2019\/05\/MACHT-TIEFGRUND-WASSER-min.png\" \/>\n\t<meta property=\"og:image:width\" content=\"1000\" \/>\n\t<meta property=\"og:image:height\" content=\"1000\" \/>\n\t<meta property=\"og:image:type\" content=\"image\/png\" \/>\n<meta name=\"twitter:card\" content=\"summary_large_image\" \/>\n<meta name=\"twitter:label1\" content=\"Est. reading time\" \/>\n\t<meta name=\"twitter:data1\" content=\"1 minute\" \/>\n<script type=\"application\/ld+json\" class=\"yoast-schema-graph\">{\"@context\":\"https:\/\/schema.org\",\"@graph\":[{\"@type\":\"WebPage\",\"@id\":\"https:\/\/deutschcolor.com\/fr\/product\/macht-tiefgrund-wasser\/\",\"url\":\"https:\/\/deutschcolor.com\/fr\/product\/macht-tiefgrund-wasser\/\",\"name\":\"MACHT TIEFGRUND WASSER - Deutschcolor\",\"isPartOf\":{\"@id\":\"https:\/\/deutschcolor.com\/fr\/#website\"},\"primaryImageOfPage\":{\"@id\":\"https:\/\/deutschcolor.com\/fr\/product\/macht-tiefgrund-wasser\/#primaryimage\"},\"image\":{\"@id\":\"https:\/\/deutschcolor.com\/fr\/product\/macht-tiefgrund-wasser\/#primaryimage\"},\"thumbnailUrl\":\"https:\/\/deutschcolor.com\/fr\/wp-content\/uploads\/2019\/05\/MACHT-TIEFGRUND-WASSER-min.png\",\"datePublished\":\"2019-05-08T06:10:12+00:00\",\"dateModified\":\"2025-05-26T12:53:06+00:00\",\"breadcrumb\":{\"@id\":\"https:\/\/deutschcolor.com\/fr\/product\/macht-tiefgrund-wasser\/#breadcrumb\"},\"inLanguage\":\"en-US\",\"potentialAction\":[{\"@type\":\"ReadAction\",\"target\":[\"https:\/\/deutschcolor.com\/fr\/product\/macht-tiefgrund-wasser\/\"]}]},{\"@type\":\"ImageObject\",\"inLanguage\":\"en-US\",\"@id\":\"https:\/\/deutschcolor.com\/fr\/product\/macht-tiefgrund-wasser\/#primaryimage\",\"url\":\"https:\/\/deutschcolor.com\/fr\/wp-content\/uploads\/2019\/05\/MACHT-TIEFGRUND-WASSER-min.png\",\"contentUrl\":\"https:\/\/deutschcolor.com\/fr\/wp-content\/uploads\/2019\/05\/MACHT-TIEFGRUND-WASSER-min.png\",\"width\":1000,\"height\":1000},{\"@type\":\"BreadcrumbList\",\"@id\":\"https:\/\/deutschcolor.com\/fr\/product\/macht-tiefgrund-wasser\/#breadcrumb\",\"itemListElement\":[{\"@type\":\"ListItem\",\"position\":1,\"name\":\"Home\",\"item\":\"https:\/\/deutschcolor.com\/fr\/\"},{\"@type\":\"ListItem\",\"position\":2,\"name\":\"SHOP\",\"item\":\"https:\/\/deutschcolor.com\/fr\/shop\/\"},{\"@type\":\"ListItem\",\"position\":3,\"name\":\"MACHT TIEFGRUND WASSER\"}]},{\"@type\":\"WebSite\",\"@id\":\"https:\/\/deutschcolor.com\/fr\/#website\",\"url\":\"https:\/\/deutschcolor.com\/fr\/\",\"name\":\"Deutschcolor\",\"description\":\"Deutschcolor Tunisia\",\"publisher\":{\"@id\":\"https:\/\/deutschcolor.com\/fr\/#organization\"},\"potentialAction\":[{\"@type\":\"SearchAction\",\"target\":{\"@type\":\"EntryPoint\",\"urlTemplate\":\"https:\/\/deutschcolor.com\/fr\/?s={search_term_string}\"},\"query-input\":{\"@type\":\"PropertyValueSpecification\",\"valueRequired\":true,\"valueName\":\"search_term_string\"}}],\"inLanguage\":\"en-US\"},{\"@type\":\"Organization\",\"@id\":\"https:\/\/deutschcolor.com\/fr\/#organization\",\"name\":\"Deutschcolor\",\"url\":\"https:\/\/deutschcolor.com\/fr\/\",\"logo\":{\"@type\":\"ImageObject\",\"inLanguage\":\"en-US\",\"@id\":\"https:\/\/deutschcolor.com\/fr\/#\/schema\/logo\/image\/\",\"url\":\"https:\/\/deutschcolor.com\/fr\/wp-content\/uploads\/2025\/08\/4160px-dc.png\",\"contentUrl\":\"https:\/\/deutschcolor.com\/fr\/wp-content\/uploads\/2025\/08\/4160px-dc.png\",\"width\":4160,\"height\":689,\"caption\":\"Deutschcolor\"},\"image\":{\"@id\":\"https:\/\/deutschcolor.com\/fr\/#\/schema\/logo\/image\/\"},\"sameAs\":[\"https:\/\/www.facebook.com\/deltahome.al\"]}]}<\/script>\n<!-- \/ Yoast SEO plugin. -->","yoast_head_json":{"title":"MACHT TIEFGRUND WASSER - Deutschcolor","robots":{"index":"index","follow":"follow","max-snippet":"max-snippet:-1","max-image-preview":"max-image-preview:large","max-video-preview":"max-video-preview:-1"},"canonical":"https:\/\/deutschcolor.com\/fr\/product\/macht-tiefgrund-wasser\/","og_locale":"en_US","og_type":"article","og_title":"MACHT TIEFGRUND WASSER - Deutschcolor","og_description":"Primaire acrylique universel \u00e0 base d\u2019eau, avec d\u2019excellentes propri\u00e9t\u00e9s de p\u00e9n\u00e9tration, offrant une adh\u00e9rence et une isolation parfaites","og_url":"https:\/\/deutschcolor.com\/fr\/product\/macht-tiefgrund-wasser\/","og_site_name":"Deutschcolor","article_publisher":"https:\/\/www.facebook.com\/deltahome.al","article_modified_time":"2025-05-26T12:53:06+00:00","og_image":[{"width":1000,"height":1000,"url":"https:\/\/deutschcolor.com\/fr\/wp-content\/uploads\/2019\/05\/MACHT-TIEFGRUND-WASSER-min.png","type":"image\/png"}],"twitter_card":"summary_large_image","twitter_misc":{"Est. reading time":"1 minute"},"schema":{"@context":"https:\/\/schema.org","@graph":[{"@type":"WebPage","@id":"https:\/\/deutschcolor.com\/fr\/product\/macht-tiefgrund-wasser\/","url":"https:\/\/deutschcolor.com\/fr\/product\/macht-tiefgrund-wasser\/","name":"MACHT TIEFGRUND WASSER - Deutschcolor","isPartOf":{"@id":"https:\/\/deutschcolor.com\/fr\/#website"},"primaryImageOfPage":{"@id":"https:\/\/deutschcolor.com\/fr\/product\/macht-tiefgrund-wasser\/#primaryimage"},"image":{"@id":"https:\/\/deutschcolor.com\/fr\/product\/macht-tiefgrund-wasser\/#primaryimage"},"thumbnailUrl":"https:\/\/deutschcolor.com\/fr\/wp-content\/uploads\/2019\/05\/MACHT-TIEFGRUND-WASSER-min.png","datePublished":"2019-05-08T06:10:12+00:00","dateModified":"2025-05-26T12:53:06+00:00","breadcrumb":{"@id":"https:\/\/deutschcolor.com\/fr\/product\/macht-tiefgrund-wasser\/#breadcrumb"},"inLanguage":"en-US","potentialAction":[{"@type":"ReadAction","target":["https:\/\/deutschcolor.com\/fr\/product\/macht-tiefgrund-wasser\/"]}]},{"@type":"ImageObject","inLanguage":"en-US","@id":"https:\/\/deutschcolor.com\/fr\/product\/macht-tiefgrund-wasser\/#primaryimage","url":"https:\/\/deutschcolor.com\/fr\/wp-content\/uploads\/2019\/05\/MACHT-TIEFGRUND-WASSER-min.png","contentUrl":"https:\/\/deutschcolor.com\/fr\/wp-content\/uploads\/2019\/05\/MACHT-TIEFGRUND-WASSER-min.png","width":1000,"height":1000},{"@type":"BreadcrumbList","@id":"https:\/\/deutschcolor.com\/fr\/product\/macht-tiefgrund-wasser\/#breadcrumb","itemListElement":[{"@type":"ListItem","position":1,"name":"Home","item":"https:\/\/deutschcolor.com\/fr\/"},{"@type":"ListItem","position":2,"name":"SHOP","item":"https:\/\/deutschcolor.com\/fr\/shop\/"},{"@type":"ListItem","position":3,"name":"MACHT TIEFGRUND WASSER"}]},{"@type":"WebSite","@id":"https:\/\/deutschcolor.com\/fr\/#website","url":"https:\/\/deutschcolor.com\/fr\/","name":"Deutschcolor","description":"Deutschcolor Tunisia","publisher":{"@id":"https:\/\/deutschcolor.com\/fr\/#organization"},"potentialAction":[{"@type":"SearchAction","target":{"@type":"EntryPoint","urlTemplate":"https:\/\/deutschcolor.com\/fr\/?s={search_term_string}"},"query-input":{"@type":"PropertyValueSpecification","valueRequired":true,"valueName":"search_term_string"}}],"inLanguage":"en-US"},{"@type":"Organization","@id":"https:\/\/deutschcolor.com\/fr\/#organization","name":"Deutschcolor","url":"https:\/\/deutschcolor.com\/fr\/","logo":{"@type":"ImageObject","inLanguage":"en-US","@id":"https:\/\/deutschcolor.com\/fr\/#\/schema\/logo\/image\/","url":"https:\/\/deutschcolor.com\/fr\/wp-content\/uploads\/2025\/08\/4160px-dc.png","contentUrl":"https:\/\/deutschcolor.com\/fr\/wp-content\/uploads\/2025\/08\/4160px-dc.png","width":4160,"height":689,"caption":"Deutschcolor"},"image":{"@id":"https:\/\/deutschcolor.com\/fr\/#\/schema\/logo\/image\/"},"sameAs":["https:\/\/www.facebook.com\/deltahome.al"]}]}},"_links":{"self":[{"href":"https:\/\/deutschcolor.com\/fr\/wp-json\/wp\/v2\/product\/23998","targetHints":{"allow":["GET"]}}],"collection":[{"href":"https:\/\/deutschcolor.com\/fr\/wp-json\/wp\/v2\/product"}],"about":[{"href":"https:\/\/deutschcolor.com\/fr\/wp-json\/wp\/v2\/types\/product"}],"wp:featuredmedia":[{"embeddable":true,"href":"https:\/\/deutschcolor.com\/fr\/wp-json\/wp\/v2\/media\/24829"}],"wp:attachment":[{"href":"https:\/\/deutschcolor.com\/fr\/wp-json\/wp\/v2\/media?parent=23998"}],"curies":[{"name":"wp","href":"https:\/\/api.w.org\/{rel}","templated":true}]}}