{"id":24002,"date":"2019-05-08T06:16:13","date_gmt":"2019-05-08T06:16:13","guid":{"rendered":"https:\/\/deutschcolor.com\/fr\/?post_type=product&#038;p=24002"},"modified":"2019-07-09T10:42:35","modified_gmt":"2019-07-09T10:42:35","slug":"venice","status":"publish","type":"product","link":"https:\/\/deutschcolor.com\/fr\/product\/venice\/","title":{"rendered":"VENICE"},"content":{"rendered":"<p><strong>Propri\u00e9t\u00e9s du produit<\/strong><br \/>\n&#8211; Forte adh\u00e9rence<br \/>\n&#8211; Application ais\u00e9e<br \/>\n&#8211; Avec effet brillant<br \/>\n&#8211; Finition Lisse<\/p>\n<p><strong>Recommandations d\u2019utiliheureson<\/strong><br \/>\nVENICE peut \u00eatre appliqu\u00e9 dans les espaces int\u00e9rieurs nouveaux et<br \/>\nenduits \u00e0 base de ciment, sur les surfaces en b\u00e9ton, les surfaces en gypse<br \/>\net les plaques de gypse, ainsi que sur les supports secs \u00e0 base organique<br \/>\nou min\u00e9rale.<\/p>\n<p><strong>Conditionnnement<\/strong>: Emballage en : Emballage en 1lt\/3lt<\/p>\n<p>###<\/p>\n<p><strong>Application du produit<\/strong><br \/>\nAppliquez VENICE \u00e0 l\u2019aide d\u2019une spatule m\u00e9tallique pour remplir et niveler<br \/>\nle support. Le produit est appliqu\u00e9 en 3 couches, 2 couches pour ajuster et<br \/>\nniveler le support et 1 couche finale pour cr\u00e9er l\u2019effet d\u00e9coratif et la finition<br \/>\nde la surface. Avant d\u2019appliquer la derni\u00e8re couche, il est recommand\u00e9 de<br \/>\nponcer la surface afin d\u2019\u00e9liminer tous les d\u00e9fauts d\u2019application. Ensuite,<br \/>\nappliquez le troisi\u00e8me rev\u00eatement pour cr\u00e9er l\u2019effet de finition. Apr\u00e8s<br \/>\nl\u2019Application de la derni\u00e8re couche, laissez le produit s\u00e9cher pendant env.<br \/>\n5-10 minutes et ensuite finir la surface avec un creux m\u00e9tallique crant\u00e9<br \/>\nen le d\u00e9pla\u00e7ant dans une seule direction. Lorsque le niveau de finition<br \/>\na besoin d\u2019\u00eatre am\u00e9lior\u00e9, poncer la surface finale avec un papier abrasif<br \/>\ntr\u00e8s fin, M-1500 ou M-2000. Nettoyer les outils avec de l\u2019eau avant que la<br \/>\npeinture ne s\u00e8che.<\/p>\n<p><strong>Stockage<\/strong><br \/>\n36 mois si stock\u00e9 dans un endroit sec, loin des sources de chaleur, \u00e0 une<br \/>\ntemp\u00e9rature comprise entre + 5 \u00b0 C et + 30 \u00b0 C. Prot\u00e9gez du gel.<br \/>\n&#8211; La Consommation de peinture d\u00e9pend beaucoup de la rugosit\u00e9 de<br \/>\nla surface \u00e0 peindre. En fonction de l\u2019Application et de la surface, la<br \/>\nConsommation varie de 1 \u00e0 1,5 kg \/ m2.<\/p>\n","protected":false},"excerpt":{"rendered":"<p>Enduit d\u00e9coratif \u00e0 usage cr\u00e9atif en int\u00e9rieur, finition lisse<\/p>\n","protected":false},"featured_media":24832,"template":"","meta":[],"class_list":["post-24002","product","type-product","status-publish","has-post-thumbnail","hentry","product_cat-peintures","product_cat-peintures-decoratives"],"yoast_head":"<!-- This site is optimized with the Yoast SEO plugin v25.7 - https:\/\/yoast.com\/wordpress\/plugins\/seo\/ -->\n<title>VENICE - Deutschcolor<\/title>\n<meta name=\"robots\" content=\"index, follow, max-snippet:-1, max-image-preview:large, max-video-preview:-1\" \/>\n<link rel=\"canonical\" href=\"https:\/\/deutschcolor.com\/fr\/product\/venice\/\" \/>\n<meta property=\"og:locale\" content=\"en_US\" \/>\n<meta property=\"og:type\" content=\"article\" \/>\n<meta property=\"og:title\" content=\"VENICE - Deutschcolor\" \/>\n<meta property=\"og:description\" content=\"Enduit d\u00e9coratif \u00e0 usage cr\u00e9atif en int\u00e9rieur, finition lisse\" \/>\n<meta property=\"og:url\" content=\"https:\/\/deutschcolor.com\/fr\/product\/venice\/\" \/>\n<meta property=\"og:site_name\" content=\"Deutschcolor\" \/>\n<meta property=\"article:publisher\" content=\"https:\/\/www.facebook.com\/deltahome.al\" \/>\n<meta property=\"article:modified_time\" content=\"2019-07-09T10:42:35+00:00\" \/>\n<meta property=\"og:image\" content=\"https:\/\/deutschcolor.com\/fr\/wp-content\/uploads\/2019\/05\/VENICE-min.png\" \/>\n\t<meta property=\"og:image:width\" content=\"1000\" \/>\n\t<meta property=\"og:image:height\" content=\"1000\" \/>\n\t<meta property=\"og:image:type\" content=\"image\/png\" \/>\n<meta name=\"twitter:card\" content=\"summary_large_image\" \/>\n<meta name=\"twitter:label1\" content=\"Est. reading time\" \/>\n\t<meta name=\"twitter:data1\" content=\"1 minute\" \/>\n<script type=\"application\/ld+json\" class=\"yoast-schema-graph\">{\"@context\":\"https:\/\/schema.org\",\"@graph\":[{\"@type\":\"WebPage\",\"@id\":\"https:\/\/deutschcolor.com\/fr\/product\/venice\/\",\"url\":\"https:\/\/deutschcolor.com\/fr\/product\/venice\/\",\"name\":\"VENICE - Deutschcolor\",\"isPartOf\":{\"@id\":\"https:\/\/deutschcolor.com\/fr\/#website\"},\"primaryImageOfPage\":{\"@id\":\"https:\/\/deutschcolor.com\/fr\/product\/venice\/#primaryimage\"},\"image\":{\"@id\":\"https:\/\/deutschcolor.com\/fr\/product\/venice\/#primaryimage\"},\"thumbnailUrl\":\"https:\/\/deutschcolor.com\/fr\/wp-content\/uploads\/2019\/05\/VENICE-min.png\",\"datePublished\":\"2019-05-08T06:16:13+00:00\",\"dateModified\":\"2019-07-09T10:42:35+00:00\",\"breadcrumb\":{\"@id\":\"https:\/\/deutschcolor.com\/fr\/product\/venice\/#breadcrumb\"},\"inLanguage\":\"en-US\",\"potentialAction\":[{\"@type\":\"ReadAction\",\"target\":[\"https:\/\/deutschcolor.com\/fr\/product\/venice\/\"]}]},{\"@type\":\"ImageObject\",\"inLanguage\":\"en-US\",\"@id\":\"https:\/\/deutschcolor.com\/fr\/product\/venice\/#primaryimage\",\"url\":\"https:\/\/deutschcolor.com\/fr\/wp-content\/uploads\/2019\/05\/VENICE-min.png\",\"contentUrl\":\"https:\/\/deutschcolor.com\/fr\/wp-content\/uploads\/2019\/05\/VENICE-min.png\",\"width\":1000,\"height\":1000},{\"@type\":\"BreadcrumbList\",\"@id\":\"https:\/\/deutschcolor.com\/fr\/product\/venice\/#breadcrumb\",\"itemListElement\":[{\"@type\":\"ListItem\",\"position\":1,\"name\":\"Home\",\"item\":\"https:\/\/deutschcolor.com\/fr\/\"},{\"@type\":\"ListItem\",\"position\":2,\"name\":\"SHOP\",\"item\":\"https:\/\/deutschcolor.com\/fr\/shop\/\"},{\"@type\":\"ListItem\",\"position\":3,\"name\":\"VENICE\"}]},{\"@type\":\"WebSite\",\"@id\":\"https:\/\/deutschcolor.com\/fr\/#website\",\"url\":\"https:\/\/deutschcolor.com\/fr\/\",\"name\":\"Deutschcolor\",\"description\":\"Deutschcolor Tunisia\",\"publisher\":{\"@id\":\"https:\/\/deutschcolor.com\/fr\/#organization\"},\"potentialAction\":[{\"@type\":\"SearchAction\",\"target\":{\"@type\":\"EntryPoint\",\"urlTemplate\":\"https:\/\/deutschcolor.com\/fr\/?s={search_term_string}\"},\"query-input\":{\"@type\":\"PropertyValueSpecification\",\"valueRequired\":true,\"valueName\":\"search_term_string\"}}],\"inLanguage\":\"en-US\"},{\"@type\":\"Organization\",\"@id\":\"https:\/\/deutschcolor.com\/fr\/#organization\",\"name\":\"Deutschcolor\",\"url\":\"https:\/\/deutschcolor.com\/fr\/\",\"logo\":{\"@type\":\"ImageObject\",\"inLanguage\":\"en-US\",\"@id\":\"https:\/\/deutschcolor.com\/fr\/#\/schema\/logo\/image\/\",\"url\":\"https:\/\/deutschcolor.com\/fr\/wp-content\/uploads\/2025\/08\/4160px-dc.png\",\"contentUrl\":\"https:\/\/deutschcolor.com\/fr\/wp-content\/uploads\/2025\/08\/4160px-dc.png\",\"width\":4160,\"height\":689,\"caption\":\"Deutschcolor\"},\"image\":{\"@id\":\"https:\/\/deutschcolor.com\/fr\/#\/schema\/logo\/image\/\"},\"sameAs\":[\"https:\/\/www.facebook.com\/deltahome.al\"]}]}<\/script>\n<!-- \/ Yoast SEO plugin. -->","yoast_head_json":{"title":"VENICE - Deutschcolor","robots":{"index":"index","follow":"follow","max-snippet":"max-snippet:-1","max-image-preview":"max-image-preview:large","max-video-preview":"max-video-preview:-1"},"canonical":"https:\/\/deutschcolor.com\/fr\/product\/venice\/","og_locale":"en_US","og_type":"article","og_title":"VENICE - Deutschcolor","og_description":"Enduit d\u00e9coratif \u00e0 usage cr\u00e9atif en int\u00e9rieur, finition lisse","og_url":"https:\/\/deutschcolor.com\/fr\/product\/venice\/","og_site_name":"Deutschcolor","article_publisher":"https:\/\/www.facebook.com\/deltahome.al","article_modified_time":"2019-07-09T10:42:35+00:00","og_image":[{"width":1000,"height":1000,"url":"https:\/\/deutschcolor.com\/fr\/wp-content\/uploads\/2019\/05\/VENICE-min.png","type":"image\/png"}],"twitter_card":"summary_large_image","twitter_misc":{"Est. reading time":"1 minute"},"schema":{"@context":"https:\/\/schema.org","@graph":[{"@type":"WebPage","@id":"https:\/\/deutschcolor.com\/fr\/product\/venice\/","url":"https:\/\/deutschcolor.com\/fr\/product\/venice\/","name":"VENICE - Deutschcolor","isPartOf":{"@id":"https:\/\/deutschcolor.com\/fr\/#website"},"primaryImageOfPage":{"@id":"https:\/\/deutschcolor.com\/fr\/product\/venice\/#primaryimage"},"image":{"@id":"https:\/\/deutschcolor.com\/fr\/product\/venice\/#primaryimage"},"thumbnailUrl":"https:\/\/deutschcolor.com\/fr\/wp-content\/uploads\/2019\/05\/VENICE-min.png","datePublished":"2019-05-08T06:16:13+00:00","dateModified":"2019-07-09T10:42:35+00:00","breadcrumb":{"@id":"https:\/\/deutschcolor.com\/fr\/product\/venice\/#breadcrumb"},"inLanguage":"en-US","potentialAction":[{"@type":"ReadAction","target":["https:\/\/deutschcolor.com\/fr\/product\/venice\/"]}]},{"@type":"ImageObject","inLanguage":"en-US","@id":"https:\/\/deutschcolor.com\/fr\/product\/venice\/#primaryimage","url":"https:\/\/deutschcolor.com\/fr\/wp-content\/uploads\/2019\/05\/VENICE-min.png","contentUrl":"https:\/\/deutschcolor.com\/fr\/wp-content\/uploads\/2019\/05\/VENICE-min.png","width":1000,"height":1000},{"@type":"BreadcrumbList","@id":"https:\/\/deutschcolor.com\/fr\/product\/venice\/#breadcrumb","itemListElement":[{"@type":"ListItem","position":1,"name":"Home","item":"https:\/\/deutschcolor.com\/fr\/"},{"@type":"ListItem","position":2,"name":"SHOP","item":"https:\/\/deutschcolor.com\/fr\/shop\/"},{"@type":"ListItem","position":3,"name":"VENICE"}]},{"@type":"WebSite","@id":"https:\/\/deutschcolor.com\/fr\/#website","url":"https:\/\/deutschcolor.com\/fr\/","name":"Deutschcolor","description":"Deutschcolor Tunisia","publisher":{"@id":"https:\/\/deutschcolor.com\/fr\/#organization"},"potentialAction":[{"@type":"SearchAction","target":{"@type":"EntryPoint","urlTemplate":"https:\/\/deutschcolor.com\/fr\/?s={search_term_string}"},"query-input":{"@type":"PropertyValueSpecification","valueRequired":true,"valueName":"search_term_string"}}],"inLanguage":"en-US"},{"@type":"Organization","@id":"https:\/\/deutschcolor.com\/fr\/#organization","name":"Deutschcolor","url":"https:\/\/deutschcolor.com\/fr\/","logo":{"@type":"ImageObject","inLanguage":"en-US","@id":"https:\/\/deutschcolor.com\/fr\/#\/schema\/logo\/image\/","url":"https:\/\/deutschcolor.com\/fr\/wp-content\/uploads\/2025\/08\/4160px-dc.png","contentUrl":"https:\/\/deutschcolor.com\/fr\/wp-content\/uploads\/2025\/08\/4160px-dc.png","width":4160,"height":689,"caption":"Deutschcolor"},"image":{"@id":"https:\/\/deutschcolor.com\/fr\/#\/schema\/logo\/image\/"},"sameAs":["https:\/\/www.facebook.com\/deltahome.al"]}]}},"_links":{"self":[{"href":"https:\/\/deutschcolor.com\/fr\/wp-json\/wp\/v2\/product\/24002","targetHints":{"allow":["GET"]}}],"collection":[{"href":"https:\/\/deutschcolor.com\/fr\/wp-json\/wp\/v2\/product"}],"about":[{"href":"https:\/\/deutschcolor.com\/fr\/wp-json\/wp\/v2\/types\/product"}],"wp:featuredmedia":[{"embeddable":true,"href":"https:\/\/deutschcolor.com\/fr\/wp-json\/wp\/v2\/media\/24832"}],"wp:attachment":[{"href":"https:\/\/deutschcolor.com\/fr\/wp-json\/wp\/v2\/media?parent=24002"}],"curies":[{"name":"wp","href":"https:\/\/api.w.org\/{rel}","templated":true}]}}