{"id":24009,"date":"2019-05-08T06:22:37","date_gmt":"2019-05-08T06:22:37","guid":{"rendered":"https:\/\/deutschcolor.com\/fr\/?post_type=product&#038;p=24009"},"modified":"2019-07-09T10:44:30","modified_gmt":"2019-07-09T10:44:30","slug":"reiniger-42","status":"publish","type":"product","link":"https:\/\/deutschcolor.com\/fr\/product\/reiniger-42\/","title":{"rendered":"REINIGER 42"},"content":{"rendered":"<p><strong>Propri\u00e9t\u00e9s du produit<\/strong><br \/>\n&#8211; Pr\u00eat \u00e0 l\u2019emploi<br \/>\n&#8211; Haute p\u00e9n\u00e9tration dans le support<br \/>\n&#8211; Agent de nettoyage et de d\u00e9sinfection contre les moisissures et les<br \/>\nbact\u00e9ries.<\/p>\n<p><strong>Recommandations d\u2019utiliheureson<\/strong><br \/>\nReiniger 42 est utilis\u00e9 sur tous les espaces ou surfaces pr\u00e9sentant des<br \/>\nmoisissures, tels que les noeuds des joints de carreaux, principalement<br \/>\ndans les toilettes, les balcons, les cuisines et sur les surfaces en silicone,<br \/>\ntelles que les \u00e9viers, les receveurs de douche, etc., ainsi que pour<br \/>\nl\u2019\u00e9limination de la moisissure due \u00e0 l\u2019humidit\u00e9 sur les surfaces peintes tels<br \/>\nque murs et plafonds.<\/p>\n<p>###<\/p>\n<p><strong>Application du produit<\/strong><br \/>\nPulv\u00e9riser le produit directement sur les zones pr\u00e9sentant des moisissures.<br \/>\nUne fois la surface pulv\u00e9ris\u00e9e avec le produit, laissez agir le produit<br \/>\npendant env. 15-20 minutes. Pass\u00e9 ce d\u00e9lai, nettoyez la surface avec un<br \/>\nchiffon sec pour \u00e9liminer les moisissures. Enfin, nettoyez les \u00e9ponges,<br \/>\nchiffons en microfibres et autres outils de travail \u00e0 l\u2019eau courante.<\/p>\n<p><strong>Stockage<\/strong><br \/>\n36 mois si stock\u00e9 dans un endroit sec, loin des<br \/>\nsources de chaleur, \u00e0 une temp\u00e9rature comprise<br \/>\nentre + 5 \u00b0 C et + 30 \u00b0 C. Prot\u00e9gez du gel.<\/p>\n<p><strong>Conditionnnement<\/strong>: Emballage en : Emballage en 0.5lt\/1lt<\/p>\n","protected":false},"excerpt":{"rendered":"<p>Solution aqueuse pour \u00e9liminer les moisissures, les Champignons, les algues et leurs taches li\u00e9es aux zones tr\u00e8s humides<\/p>\n","protected":false},"featured_media":24838,"template":"","meta":[],"class_list":["post-24009","product","type-product","status-publish","has-post-thumbnail","hentry","product_cat-peintures","product_cat-produits-associes-peintures"],"yoast_head":"<!-- This site is optimized with the Yoast SEO plugin v25.7 - https:\/\/yoast.com\/wordpress\/plugins\/seo\/ -->\n<title>REINIGER 42 - Deutschcolor<\/title>\n<meta name=\"robots\" content=\"index, follow, max-snippet:-1, max-image-preview:large, max-video-preview:-1\" \/>\n<link rel=\"canonical\" href=\"https:\/\/deutschcolor.com\/fr\/product\/reiniger-42\/\" \/>\n<meta property=\"og:locale\" content=\"en_US\" \/>\n<meta property=\"og:type\" content=\"article\" \/>\n<meta property=\"og:title\" content=\"REINIGER 42 - Deutschcolor\" \/>\n<meta property=\"og:description\" content=\"Solution aqueuse pour \u00e9liminer les moisissures, les Champignons, les algues et leurs taches li\u00e9es aux zones tr\u00e8s humides\" \/>\n<meta property=\"og:url\" content=\"https:\/\/deutschcolor.com\/fr\/product\/reiniger-42\/\" \/>\n<meta property=\"og:site_name\" content=\"Deutschcolor\" \/>\n<meta property=\"article:publisher\" content=\"https:\/\/www.facebook.com\/deltahome.al\" \/>\n<meta property=\"article:modified_time\" content=\"2019-07-09T10:44:30+00:00\" \/>\n<meta property=\"og:image\" content=\"https:\/\/deutschcolor.com\/fr\/wp-content\/uploads\/2019\/05\/Reiniger-42-min.png\" \/>\n\t<meta property=\"og:image:width\" content=\"1000\" \/>\n\t<meta property=\"og:image:height\" content=\"1000\" \/>\n\t<meta property=\"og:image:type\" content=\"image\/png\" \/>\n<meta name=\"twitter:card\" content=\"summary_large_image\" \/>\n<meta name=\"twitter:label1\" content=\"Est. reading time\" \/>\n\t<meta name=\"twitter:data1\" content=\"1 minute\" \/>\n<script type=\"application\/ld+json\" class=\"yoast-schema-graph\">{\"@context\":\"https:\/\/schema.org\",\"@graph\":[{\"@type\":\"WebPage\",\"@id\":\"https:\/\/deutschcolor.com\/fr\/product\/reiniger-42\/\",\"url\":\"https:\/\/deutschcolor.com\/fr\/product\/reiniger-42\/\",\"name\":\"REINIGER 42 - Deutschcolor\",\"isPartOf\":{\"@id\":\"https:\/\/deutschcolor.com\/fr\/#website\"},\"primaryImageOfPage\":{\"@id\":\"https:\/\/deutschcolor.com\/fr\/product\/reiniger-42\/#primaryimage\"},\"image\":{\"@id\":\"https:\/\/deutschcolor.com\/fr\/product\/reiniger-42\/#primaryimage\"},\"thumbnailUrl\":\"https:\/\/deutschcolor.com\/fr\/wp-content\/uploads\/2019\/05\/Reiniger-42-min.png\",\"datePublished\":\"2019-05-08T06:22:37+00:00\",\"dateModified\":\"2019-07-09T10:44:30+00:00\",\"breadcrumb\":{\"@id\":\"https:\/\/deutschcolor.com\/fr\/product\/reiniger-42\/#breadcrumb\"},\"inLanguage\":\"en-US\",\"potentialAction\":[{\"@type\":\"ReadAction\",\"target\":[\"https:\/\/deutschcolor.com\/fr\/product\/reiniger-42\/\"]}]},{\"@type\":\"ImageObject\",\"inLanguage\":\"en-US\",\"@id\":\"https:\/\/deutschcolor.com\/fr\/product\/reiniger-42\/#primaryimage\",\"url\":\"https:\/\/deutschcolor.com\/fr\/wp-content\/uploads\/2019\/05\/Reiniger-42-min.png\",\"contentUrl\":\"https:\/\/deutschcolor.com\/fr\/wp-content\/uploads\/2019\/05\/Reiniger-42-min.png\",\"width\":1000,\"height\":1000},{\"@type\":\"BreadcrumbList\",\"@id\":\"https:\/\/deutschcolor.com\/fr\/product\/reiniger-42\/#breadcrumb\",\"itemListElement\":[{\"@type\":\"ListItem\",\"position\":1,\"name\":\"Home\",\"item\":\"https:\/\/deutschcolor.com\/fr\/\"},{\"@type\":\"ListItem\",\"position\":2,\"name\":\"SHOP\",\"item\":\"https:\/\/deutschcolor.com\/fr\/shop\/\"},{\"@type\":\"ListItem\",\"position\":3,\"name\":\"REINIGER 42\"}]},{\"@type\":\"WebSite\",\"@id\":\"https:\/\/deutschcolor.com\/fr\/#website\",\"url\":\"https:\/\/deutschcolor.com\/fr\/\",\"name\":\"Deutschcolor\",\"description\":\"Deutschcolor Tunisia\",\"publisher\":{\"@id\":\"https:\/\/deutschcolor.com\/fr\/#organization\"},\"potentialAction\":[{\"@type\":\"SearchAction\",\"target\":{\"@type\":\"EntryPoint\",\"urlTemplate\":\"https:\/\/deutschcolor.com\/fr\/?s={search_term_string}\"},\"query-input\":{\"@type\":\"PropertyValueSpecification\",\"valueRequired\":true,\"valueName\":\"search_term_string\"}}],\"inLanguage\":\"en-US\"},{\"@type\":\"Organization\",\"@id\":\"https:\/\/deutschcolor.com\/fr\/#organization\",\"name\":\"Deutschcolor\",\"url\":\"https:\/\/deutschcolor.com\/fr\/\",\"logo\":{\"@type\":\"ImageObject\",\"inLanguage\":\"en-US\",\"@id\":\"https:\/\/deutschcolor.com\/fr\/#\/schema\/logo\/image\/\",\"url\":\"https:\/\/deutschcolor.com\/fr\/wp-content\/uploads\/2025\/08\/4160px-dc.png\",\"contentUrl\":\"https:\/\/deutschcolor.com\/fr\/wp-content\/uploads\/2025\/08\/4160px-dc.png\",\"width\":4160,\"height\":689,\"caption\":\"Deutschcolor\"},\"image\":{\"@id\":\"https:\/\/deutschcolor.com\/fr\/#\/schema\/logo\/image\/\"},\"sameAs\":[\"https:\/\/www.facebook.com\/deltahome.al\"]}]}<\/script>\n<!-- \/ Yoast SEO plugin. -->","yoast_head_json":{"title":"REINIGER 42 - Deutschcolor","robots":{"index":"index","follow":"follow","max-snippet":"max-snippet:-1","max-image-preview":"max-image-preview:large","max-video-preview":"max-video-preview:-1"},"canonical":"https:\/\/deutschcolor.com\/fr\/product\/reiniger-42\/","og_locale":"en_US","og_type":"article","og_title":"REINIGER 42 - Deutschcolor","og_description":"Solution aqueuse pour \u00e9liminer les moisissures, les Champignons, les algues et leurs taches li\u00e9es aux zones tr\u00e8s humides","og_url":"https:\/\/deutschcolor.com\/fr\/product\/reiniger-42\/","og_site_name":"Deutschcolor","article_publisher":"https:\/\/www.facebook.com\/deltahome.al","article_modified_time":"2019-07-09T10:44:30+00:00","og_image":[{"width":1000,"height":1000,"url":"https:\/\/deutschcolor.com\/fr\/wp-content\/uploads\/2019\/05\/Reiniger-42-min.png","type":"image\/png"}],"twitter_card":"summary_large_image","twitter_misc":{"Est. reading time":"1 minute"},"schema":{"@context":"https:\/\/schema.org","@graph":[{"@type":"WebPage","@id":"https:\/\/deutschcolor.com\/fr\/product\/reiniger-42\/","url":"https:\/\/deutschcolor.com\/fr\/product\/reiniger-42\/","name":"REINIGER 42 - Deutschcolor","isPartOf":{"@id":"https:\/\/deutschcolor.com\/fr\/#website"},"primaryImageOfPage":{"@id":"https:\/\/deutschcolor.com\/fr\/product\/reiniger-42\/#primaryimage"},"image":{"@id":"https:\/\/deutschcolor.com\/fr\/product\/reiniger-42\/#primaryimage"},"thumbnailUrl":"https:\/\/deutschcolor.com\/fr\/wp-content\/uploads\/2019\/05\/Reiniger-42-min.png","datePublished":"2019-05-08T06:22:37+00:00","dateModified":"2019-07-09T10:44:30+00:00","breadcrumb":{"@id":"https:\/\/deutschcolor.com\/fr\/product\/reiniger-42\/#breadcrumb"},"inLanguage":"en-US","potentialAction":[{"@type":"ReadAction","target":["https:\/\/deutschcolor.com\/fr\/product\/reiniger-42\/"]}]},{"@type":"ImageObject","inLanguage":"en-US","@id":"https:\/\/deutschcolor.com\/fr\/product\/reiniger-42\/#primaryimage","url":"https:\/\/deutschcolor.com\/fr\/wp-content\/uploads\/2019\/05\/Reiniger-42-min.png","contentUrl":"https:\/\/deutschcolor.com\/fr\/wp-content\/uploads\/2019\/05\/Reiniger-42-min.png","width":1000,"height":1000},{"@type":"BreadcrumbList","@id":"https:\/\/deutschcolor.com\/fr\/product\/reiniger-42\/#breadcrumb","itemListElement":[{"@type":"ListItem","position":1,"name":"Home","item":"https:\/\/deutschcolor.com\/fr\/"},{"@type":"ListItem","position":2,"name":"SHOP","item":"https:\/\/deutschcolor.com\/fr\/shop\/"},{"@type":"ListItem","position":3,"name":"REINIGER 42"}]},{"@type":"WebSite","@id":"https:\/\/deutschcolor.com\/fr\/#website","url":"https:\/\/deutschcolor.com\/fr\/","name":"Deutschcolor","description":"Deutschcolor Tunisia","publisher":{"@id":"https:\/\/deutschcolor.com\/fr\/#organization"},"potentialAction":[{"@type":"SearchAction","target":{"@type":"EntryPoint","urlTemplate":"https:\/\/deutschcolor.com\/fr\/?s={search_term_string}"},"query-input":{"@type":"PropertyValueSpecification","valueRequired":true,"valueName":"search_term_string"}}],"inLanguage":"en-US"},{"@type":"Organization","@id":"https:\/\/deutschcolor.com\/fr\/#organization","name":"Deutschcolor","url":"https:\/\/deutschcolor.com\/fr\/","logo":{"@type":"ImageObject","inLanguage":"en-US","@id":"https:\/\/deutschcolor.com\/fr\/#\/schema\/logo\/image\/","url":"https:\/\/deutschcolor.com\/fr\/wp-content\/uploads\/2025\/08\/4160px-dc.png","contentUrl":"https:\/\/deutschcolor.com\/fr\/wp-content\/uploads\/2025\/08\/4160px-dc.png","width":4160,"height":689,"caption":"Deutschcolor"},"image":{"@id":"https:\/\/deutschcolor.com\/fr\/#\/schema\/logo\/image\/"},"sameAs":["https:\/\/www.facebook.com\/deltahome.al"]}]}},"_links":{"self":[{"href":"https:\/\/deutschcolor.com\/fr\/wp-json\/wp\/v2\/product\/24009","targetHints":{"allow":["GET"]}}],"collection":[{"href":"https:\/\/deutschcolor.com\/fr\/wp-json\/wp\/v2\/product"}],"about":[{"href":"https:\/\/deutschcolor.com\/fr\/wp-json\/wp\/v2\/types\/product"}],"wp:featuredmedia":[{"embeddable":true,"href":"https:\/\/deutschcolor.com\/fr\/wp-json\/wp\/v2\/media\/24838"}],"wp:attachment":[{"href":"https:\/\/deutschcolor.com\/fr\/wp-json\/wp\/v2\/media?parent=24009"}],"curies":[{"name":"wp","href":"https:\/\/api.w.org\/{rel}","templated":true}]}}