{"id":24014,"date":"2019-05-08T06:28:39","date_gmt":"2019-05-08T06:28:39","guid":{"rendered":"https:\/\/deutschcolor.com\/fr\/?post_type=product&#038;p=24014"},"modified":"2019-07-09T10:45:46","modified_gmt":"2019-07-09T10:45:46","slug":"epo-grund-s","status":"publish","type":"product","link":"https:\/\/deutschcolor.com\/fr\/product\/epo-grund-s\/","title":{"rendered":"EPO GRUND S"},"content":{"rendered":"<p><strong>Propri\u00e9t\u00e9s du produit<\/strong><br \/>\n&#8211; S\u00e9chage rapide<br \/>\n&#8211; Adh\u00e8re \u00e0 la peinture alkyde<br \/>\n&#8211; Protection anti-corrosion<br \/>\n&#8211; Excellente adh\u00e9rence sur les surfaces m\u00e9talliques<br \/>\n&#8211; R\u00e9sistance \u00e9lev\u00e9e aux produits chimiques et \u00e0 la corrosion (usure)<br \/>\n&#8211; Collage parfait et p\u00e9n\u00e9tration \u00e9lev\u00e9e sur les surfaces rouill\u00e9es<\/p>\n<p><strong>Recommandations d\u2019utiliheureson<\/strong><br \/>\nIl est recommand\u00e9 de l\u2019utiliser comme primaire sur toutes les surfaces<br \/>\nm\u00e9talliques \u00e0 l\u2019int\u00e9rieur et \u00e0 l\u2019ext\u00e9rieur. En particulier, Il est utilis\u00e9 dans<br \/>\nles cas o\u00f9 une r\u00e9sistance \u00e9lev\u00e9e \u00e0 la rouille est requise et lorsque les<br \/>\nsurfaces m\u00e9talliques sont expos\u00e9es \u00e0 des agents corrosifs. Il est utilis\u00e9<br \/>\npour peindre des constructions m\u00e9talliques destin\u00e9es \u00e0 \u00eatre utilis\u00e9es<br \/>\ndans des environnements industriels, tels que les ateliers, les ponts, les<br \/>\nescaliers, les r\u00e9servoirs en m\u00e9tal, les machines, etc.<\/p>\n<p>###<\/p>\n<p><strong>Stockage<\/strong><br \/>\n36 mois, \u00e0 condition que les bo\u00eetes soient ferm\u00e9es et stock\u00e9es dans des<br \/>\nconditions normales.<\/p>\n<p><strong>Notes<\/strong><br \/>\n&#8211; Il est recommand\u00e9 d\u2019\u00e9viter l\u2019Application du produit \u00e0 des temp\u00e9ratures<br \/>\ninf\u00e9rieures \u00e0 5\u00baC.<\/p>\n","protected":false},"excerpt":{"rendered":"<p>R\u00e9sine \u00e9poxy \u00e0 deux composants renforc\u00e9e au polyamide contenant du phosphate de zinc avec d\u2019excellentes propri\u00e9t\u00e9s anti-corrosion<\/p>\n","protected":false},"featured_media":24842,"template":"","meta":[],"class_list":["post-24014","product","type-product","status-publish","has-post-thumbnail","hentry","product_cat-peintures-pour-metaux","product_cat-primaires-peintures-pour-metaux"],"yoast_head":"<!-- This site is optimized with the Yoast SEO plugin v25.7 - https:\/\/yoast.com\/wordpress\/plugins\/seo\/ -->\n<title>EPO GRUND S - Deutschcolor<\/title>\n<meta name=\"robots\" content=\"index, follow, max-snippet:-1, max-image-preview:large, max-video-preview:-1\" \/>\n<link rel=\"canonical\" href=\"https:\/\/deutschcolor.com\/fr\/product\/epo-grund-s\/\" \/>\n<meta property=\"og:locale\" content=\"en_US\" \/>\n<meta property=\"og:type\" content=\"article\" \/>\n<meta property=\"og:title\" content=\"EPO GRUND S - Deutschcolor\" \/>\n<meta property=\"og:description\" content=\"R\u00e9sine \u00e9poxy \u00e0 deux composants renforc\u00e9e au polyamide contenant du phosphate de zinc avec d\u2019excellentes propri\u00e9t\u00e9s anti-corrosion\" \/>\n<meta property=\"og:url\" content=\"https:\/\/deutschcolor.com\/fr\/product\/epo-grund-s\/\" \/>\n<meta property=\"og:site_name\" content=\"Deutschcolor\" \/>\n<meta property=\"article:publisher\" content=\"https:\/\/www.facebook.com\/deltahome.al\" \/>\n<meta property=\"article:modified_time\" content=\"2019-07-09T10:45:46+00:00\" \/>\n<meta property=\"og:image\" content=\"https:\/\/deutschcolor.com\/fr\/wp-content\/uploads\/2019\/05\/Epo-Grund-S-min.png\" \/>\n\t<meta property=\"og:image:width\" content=\"1000\" \/>\n\t<meta property=\"og:image:height\" content=\"1000\" \/>\n\t<meta property=\"og:image:type\" content=\"image\/png\" \/>\n<meta name=\"twitter:card\" content=\"summary_large_image\" \/>\n<meta name=\"twitter:label1\" content=\"Est. reading time\" \/>\n\t<meta name=\"twitter:data1\" content=\"1 minute\" \/>\n<script type=\"application\/ld+json\" class=\"yoast-schema-graph\">{\"@context\":\"https:\/\/schema.org\",\"@graph\":[{\"@type\":\"WebPage\",\"@id\":\"https:\/\/deutschcolor.com\/fr\/product\/epo-grund-s\/\",\"url\":\"https:\/\/deutschcolor.com\/fr\/product\/epo-grund-s\/\",\"name\":\"EPO GRUND S - Deutschcolor\",\"isPartOf\":{\"@id\":\"https:\/\/deutschcolor.com\/fr\/#website\"},\"primaryImageOfPage\":{\"@id\":\"https:\/\/deutschcolor.com\/fr\/product\/epo-grund-s\/#primaryimage\"},\"image\":{\"@id\":\"https:\/\/deutschcolor.com\/fr\/product\/epo-grund-s\/#primaryimage\"},\"thumbnailUrl\":\"https:\/\/deutschcolor.com\/fr\/wp-content\/uploads\/2019\/05\/Epo-Grund-S-min.png\",\"datePublished\":\"2019-05-08T06:28:39+00:00\",\"dateModified\":\"2019-07-09T10:45:46+00:00\",\"breadcrumb\":{\"@id\":\"https:\/\/deutschcolor.com\/fr\/product\/epo-grund-s\/#breadcrumb\"},\"inLanguage\":\"en-US\",\"potentialAction\":[{\"@type\":\"ReadAction\",\"target\":[\"https:\/\/deutschcolor.com\/fr\/product\/epo-grund-s\/\"]}]},{\"@type\":\"ImageObject\",\"inLanguage\":\"en-US\",\"@id\":\"https:\/\/deutschcolor.com\/fr\/product\/epo-grund-s\/#primaryimage\",\"url\":\"https:\/\/deutschcolor.com\/fr\/wp-content\/uploads\/2019\/05\/Epo-Grund-S-min.png\",\"contentUrl\":\"https:\/\/deutschcolor.com\/fr\/wp-content\/uploads\/2019\/05\/Epo-Grund-S-min.png\",\"width\":1000,\"height\":1000},{\"@type\":\"BreadcrumbList\",\"@id\":\"https:\/\/deutschcolor.com\/fr\/product\/epo-grund-s\/#breadcrumb\",\"itemListElement\":[{\"@type\":\"ListItem\",\"position\":1,\"name\":\"Home\",\"item\":\"https:\/\/deutschcolor.com\/fr\/\"},{\"@type\":\"ListItem\",\"position\":2,\"name\":\"SHOP\",\"item\":\"https:\/\/deutschcolor.com\/fr\/shop\/\"},{\"@type\":\"ListItem\",\"position\":3,\"name\":\"EPO GRUND S\"}]},{\"@type\":\"WebSite\",\"@id\":\"https:\/\/deutschcolor.com\/fr\/#website\",\"url\":\"https:\/\/deutschcolor.com\/fr\/\",\"name\":\"Deutschcolor\",\"description\":\"Deutschcolor Tunisia\",\"publisher\":{\"@id\":\"https:\/\/deutschcolor.com\/fr\/#organization\"},\"potentialAction\":[{\"@type\":\"SearchAction\",\"target\":{\"@type\":\"EntryPoint\",\"urlTemplate\":\"https:\/\/deutschcolor.com\/fr\/?s={search_term_string}\"},\"query-input\":{\"@type\":\"PropertyValueSpecification\",\"valueRequired\":true,\"valueName\":\"search_term_string\"}}],\"inLanguage\":\"en-US\"},{\"@type\":\"Organization\",\"@id\":\"https:\/\/deutschcolor.com\/fr\/#organization\",\"name\":\"Deutschcolor\",\"url\":\"https:\/\/deutschcolor.com\/fr\/\",\"logo\":{\"@type\":\"ImageObject\",\"inLanguage\":\"en-US\",\"@id\":\"https:\/\/deutschcolor.com\/fr\/#\/schema\/logo\/image\/\",\"url\":\"https:\/\/deutschcolor.com\/fr\/wp-content\/uploads\/2025\/08\/4160px-dc.png\",\"contentUrl\":\"https:\/\/deutschcolor.com\/fr\/wp-content\/uploads\/2025\/08\/4160px-dc.png\",\"width\":4160,\"height\":689,\"caption\":\"Deutschcolor\"},\"image\":{\"@id\":\"https:\/\/deutschcolor.com\/fr\/#\/schema\/logo\/image\/\"},\"sameAs\":[\"https:\/\/www.facebook.com\/deltahome.al\"]}]}<\/script>\n<!-- \/ Yoast SEO plugin. -->","yoast_head_json":{"title":"EPO GRUND S - Deutschcolor","robots":{"index":"index","follow":"follow","max-snippet":"max-snippet:-1","max-image-preview":"max-image-preview:large","max-video-preview":"max-video-preview:-1"},"canonical":"https:\/\/deutschcolor.com\/fr\/product\/epo-grund-s\/","og_locale":"en_US","og_type":"article","og_title":"EPO GRUND S - Deutschcolor","og_description":"R\u00e9sine \u00e9poxy \u00e0 deux composants renforc\u00e9e au polyamide contenant du phosphate de zinc avec d\u2019excellentes propri\u00e9t\u00e9s anti-corrosion","og_url":"https:\/\/deutschcolor.com\/fr\/product\/epo-grund-s\/","og_site_name":"Deutschcolor","article_publisher":"https:\/\/www.facebook.com\/deltahome.al","article_modified_time":"2019-07-09T10:45:46+00:00","og_image":[{"width":1000,"height":1000,"url":"https:\/\/deutschcolor.com\/fr\/wp-content\/uploads\/2019\/05\/Epo-Grund-S-min.png","type":"image\/png"}],"twitter_card":"summary_large_image","twitter_misc":{"Est. reading time":"1 minute"},"schema":{"@context":"https:\/\/schema.org","@graph":[{"@type":"WebPage","@id":"https:\/\/deutschcolor.com\/fr\/product\/epo-grund-s\/","url":"https:\/\/deutschcolor.com\/fr\/product\/epo-grund-s\/","name":"EPO GRUND S - Deutschcolor","isPartOf":{"@id":"https:\/\/deutschcolor.com\/fr\/#website"},"primaryImageOfPage":{"@id":"https:\/\/deutschcolor.com\/fr\/product\/epo-grund-s\/#primaryimage"},"image":{"@id":"https:\/\/deutschcolor.com\/fr\/product\/epo-grund-s\/#primaryimage"},"thumbnailUrl":"https:\/\/deutschcolor.com\/fr\/wp-content\/uploads\/2019\/05\/Epo-Grund-S-min.png","datePublished":"2019-05-08T06:28:39+00:00","dateModified":"2019-07-09T10:45:46+00:00","breadcrumb":{"@id":"https:\/\/deutschcolor.com\/fr\/product\/epo-grund-s\/#breadcrumb"},"inLanguage":"en-US","potentialAction":[{"@type":"ReadAction","target":["https:\/\/deutschcolor.com\/fr\/product\/epo-grund-s\/"]}]},{"@type":"ImageObject","inLanguage":"en-US","@id":"https:\/\/deutschcolor.com\/fr\/product\/epo-grund-s\/#primaryimage","url":"https:\/\/deutschcolor.com\/fr\/wp-content\/uploads\/2019\/05\/Epo-Grund-S-min.png","contentUrl":"https:\/\/deutschcolor.com\/fr\/wp-content\/uploads\/2019\/05\/Epo-Grund-S-min.png","width":1000,"height":1000},{"@type":"BreadcrumbList","@id":"https:\/\/deutschcolor.com\/fr\/product\/epo-grund-s\/#breadcrumb","itemListElement":[{"@type":"ListItem","position":1,"name":"Home","item":"https:\/\/deutschcolor.com\/fr\/"},{"@type":"ListItem","position":2,"name":"SHOP","item":"https:\/\/deutschcolor.com\/fr\/shop\/"},{"@type":"ListItem","position":3,"name":"EPO GRUND S"}]},{"@type":"WebSite","@id":"https:\/\/deutschcolor.com\/fr\/#website","url":"https:\/\/deutschcolor.com\/fr\/","name":"Deutschcolor","description":"Deutschcolor Tunisia","publisher":{"@id":"https:\/\/deutschcolor.com\/fr\/#organization"},"potentialAction":[{"@type":"SearchAction","target":{"@type":"EntryPoint","urlTemplate":"https:\/\/deutschcolor.com\/fr\/?s={search_term_string}"},"query-input":{"@type":"PropertyValueSpecification","valueRequired":true,"valueName":"search_term_string"}}],"inLanguage":"en-US"},{"@type":"Organization","@id":"https:\/\/deutschcolor.com\/fr\/#organization","name":"Deutschcolor","url":"https:\/\/deutschcolor.com\/fr\/","logo":{"@type":"ImageObject","inLanguage":"en-US","@id":"https:\/\/deutschcolor.com\/fr\/#\/schema\/logo\/image\/","url":"https:\/\/deutschcolor.com\/fr\/wp-content\/uploads\/2025\/08\/4160px-dc.png","contentUrl":"https:\/\/deutschcolor.com\/fr\/wp-content\/uploads\/2025\/08\/4160px-dc.png","width":4160,"height":689,"caption":"Deutschcolor"},"image":{"@id":"https:\/\/deutschcolor.com\/fr\/#\/schema\/logo\/image\/"},"sameAs":["https:\/\/www.facebook.com\/deltahome.al"]}]}},"_links":{"self":[{"href":"https:\/\/deutschcolor.com\/fr\/wp-json\/wp\/v2\/product\/24014","targetHints":{"allow":["GET"]}}],"collection":[{"href":"https:\/\/deutschcolor.com\/fr\/wp-json\/wp\/v2\/product"}],"about":[{"href":"https:\/\/deutschcolor.com\/fr\/wp-json\/wp\/v2\/types\/product"}],"wp:featuredmedia":[{"embeddable":true,"href":"https:\/\/deutschcolor.com\/fr\/wp-json\/wp\/v2\/media\/24842"}],"wp:attachment":[{"href":"https:\/\/deutschcolor.com\/fr\/wp-json\/wp\/v2\/media?parent=24014"}],"curies":[{"name":"wp","href":"https:\/\/api.w.org\/{rel}","templated":true}]}}