{"id":24023,"date":"2019-05-08T06:45:41","date_gmt":"2019-05-08T06:45:41","guid":{"rendered":"https:\/\/deutschcolor.com\/fr\/?post_type=product&#038;p=24023"},"modified":"2025-08-18T06:58:33","modified_gmt":"2025-08-18T06:58:33","slug":"waagen-10-h","status":"publish","type":"product","link":"https:\/\/deutschcolor.com\/fr\/product\/waagen-10-h\/","title":{"rendered":"WAAGEN 10- H"},"content":{"rendered":"<p><strong><a href=\"https:\/\/deutschcolor.com\/fr\/product-category\/peintures-pour-metaux\/\" target=\"_blank\" rel=\"noopener\">Peinture M\u00e9tallique<\/a> \u00e0 Effet D\u00e9coratif<\/strong><\/p>\n<p><strong>Propri\u00e9t\u00e9s du produit <\/strong><\/p>\n<p>1 Sans plomb et sans chrome<br \/>\n2 <a href=\"https:\/\/deutschcolor.com\/fr\/colors\/\" target=\"_blank\" rel=\"noopener\">Disponible en 12 couleurs<\/a><br \/>\n3 Protection anti-corrosion totale<br \/>\n4 Excellentes propri\u00e9t\u00e9s de maniabilit\u00e9<br \/>\n5 Forte adh\u00e9rence et s\u00e9chage rapide<br \/>\n6 Haute r\u00e9sistance \u00e0 la corrosion<\/p>\n<p><strong>Recommandations d\u2019utiliheureson<\/strong><br \/>\n<a href=\"https:\/\/deutschcolor.com\/fr\/shop\/\" target=\"_blank\" rel=\"noopener\">Peinture recommand\u00e9<\/a> de l\u2019utiliser comme peinture pour toutes surfaces<br \/>\nm\u00e9talliques destin\u00e9es \u00e0 \u00eatre utilis\u00e9es en int\u00e9rieur et en ext\u00e9rieur o\u00f9 un<br \/>\neffet d\u00e9coratif est recherch\u00e9.<\/p>\n<p>###<\/p>\n<p><strong>Stockage <a href=\"https:\/\/deutschcolor.com\/fr\/product-category\/peintures-pour-metaux\/\" target=\"_blank\" rel=\"noopener\">Peinture M\u00e9tallique<\/a><\/strong><br \/>\n36 mois, \u00e0 condition que les bo\u00eetes soient ferm\u00e9es et stock\u00e9es dans des<br \/>\nconditions normales.<\/p>\n<p><strong>Notes<\/strong><br \/>\n&#8211; Il est recommand\u00e9 d\u2019\u00e9viter l\u2019Application du produit \u00e0 des temp\u00e9ratures<br \/>\ninf\u00e9rieures \u00e0 5\u00baC.<\/p>\n<p><strong>Conditionnnement<\/strong>: Emballage en : Emballage en Metalni kontejner 0.75lt\/3lt<\/p>\n<p>&nbsp;<\/p>\n","protected":false},"excerpt":{"rendered":"<p>Peinture m\u00e9tallique \u00e0 effet d\u00e9coratif, offrant une excellente r\u00e9sistance et un brillant \u00e9lev\u00e9<\/p>\n","protected":false},"featured_media":24974,"template":"","meta":[],"class_list":["post-24023","product","type-product","status-publish","has-post-thumbnail","hentry","product_cat-peintures-pour-metaux","product_cat-peintures-peintures-pour-metaux"],"yoast_head":"<!-- This site is optimized with the Yoast SEO plugin v25.7 - https:\/\/yoast.com\/wordpress\/plugins\/seo\/ -->\n<title>WAAGEN 10- H - Deutsch Color - Peinture M\u00e9tallique \u00e0 Effet D\u00e9coratif<\/title>\n<meta name=\"description\" content=\"Peinture M\u00e9tallique \u00e0 Effet D\u00e9coratif. Peinture recommand\u00e9e pour surfaces m\u00e9talliques int\u00e9rieures et ext\u00e9rieures avec effet d\u00e9coratif.\" \/>\n<meta name=\"robots\" content=\"index, follow, max-snippet:-1, max-image-preview:large, max-video-preview:-1\" \/>\n<link rel=\"canonical\" href=\"https:\/\/deutschcolor.com\/fr\/product\/waagen-10-h\/\" \/>\n<meta property=\"og:locale\" content=\"en_US\" \/>\n<meta property=\"og:type\" content=\"article\" \/>\n<meta property=\"og:title\" content=\"WAAGEN 10- H - Deutsch Color - Peinture M\u00e9tallique \u00e0 Effet D\u00e9coratif\" \/>\n<meta property=\"og:description\" content=\"Peinture M\u00e9tallique \u00e0 Effet D\u00e9coratif. Peinture recommand\u00e9e pour surfaces m\u00e9talliques int\u00e9rieures et ext\u00e9rieures avec effet d\u00e9coratif.\" \/>\n<meta property=\"og:url\" content=\"https:\/\/deutschcolor.com\/fr\/product\/waagen-10-h\/\" \/>\n<meta property=\"og:site_name\" content=\"Deutschcolor\" \/>\n<meta property=\"article:publisher\" content=\"https:\/\/www.facebook.com\/deltahome.al\" \/>\n<meta property=\"article:modified_time\" content=\"2025-08-18T06:58:33+00:00\" \/>\n<meta property=\"og:image\" content=\"https:\/\/deutschcolor.com\/fr\/wp-content\/uploads\/2019\/05\/waagen-10-H-min.png\" \/>\n\t<meta property=\"og:image:width\" content=\"1000\" \/>\n\t<meta property=\"og:image:height\" content=\"1000\" \/>\n\t<meta property=\"og:image:type\" content=\"image\/png\" \/>\n<meta name=\"twitter:card\" content=\"summary_large_image\" \/>\n<meta name=\"twitter:label1\" content=\"Est. reading time\" \/>\n\t<meta name=\"twitter:data1\" content=\"1 minute\" \/>\n<script type=\"application\/ld+json\" class=\"yoast-schema-graph\">{\"@context\":\"https:\/\/schema.org\",\"@graph\":[{\"@type\":\"WebPage\",\"@id\":\"https:\/\/deutschcolor.com\/fr\/product\/waagen-10-h\/\",\"url\":\"https:\/\/deutschcolor.com\/fr\/product\/waagen-10-h\/\",\"name\":\"WAAGEN 10- H - Deutsch Color - Peinture M\u00e9tallique \u00e0 Effet D\u00e9coratif\",\"isPartOf\":{\"@id\":\"https:\/\/deutschcolor.com\/fr\/#website\"},\"primaryImageOfPage\":{\"@id\":\"https:\/\/deutschcolor.com\/fr\/product\/waagen-10-h\/#primaryimage\"},\"image\":{\"@id\":\"https:\/\/deutschcolor.com\/fr\/product\/waagen-10-h\/#primaryimage\"},\"thumbnailUrl\":\"https:\/\/deutschcolor.com\/fr\/wp-content\/uploads\/2019\/05\/waagen-10-H-min.png\",\"datePublished\":\"2019-05-08T06:45:41+00:00\",\"dateModified\":\"2025-08-18T06:58:33+00:00\",\"description\":\"Peinture M\u00e9tallique \u00e0 Effet D\u00e9coratif. Peinture recommand\u00e9e pour surfaces m\u00e9talliques int\u00e9rieures et ext\u00e9rieures avec effet d\u00e9coratif.\",\"breadcrumb\":{\"@id\":\"https:\/\/deutschcolor.com\/fr\/product\/waagen-10-h\/#breadcrumb\"},\"inLanguage\":\"en-US\",\"potentialAction\":[{\"@type\":\"ReadAction\",\"target\":[\"https:\/\/deutschcolor.com\/fr\/product\/waagen-10-h\/\"]}]},{\"@type\":\"ImageObject\",\"inLanguage\":\"en-US\",\"@id\":\"https:\/\/deutschcolor.com\/fr\/product\/waagen-10-h\/#primaryimage\",\"url\":\"https:\/\/deutschcolor.com\/fr\/wp-content\/uploads\/2019\/05\/waagen-10-H-min.png\",\"contentUrl\":\"https:\/\/deutschcolor.com\/fr\/wp-content\/uploads\/2019\/05\/waagen-10-H-min.png\",\"width\":1000,\"height\":1000,\"caption\":\"Peinture m\u00e9tallique \u00e0 effet d\u00e9coratif, offrant une excellente r\u00e9sistance et un brillant \u00e9lev\u00e9\"},{\"@type\":\"BreadcrumbList\",\"@id\":\"https:\/\/deutschcolor.com\/fr\/product\/waagen-10-h\/#breadcrumb\",\"itemListElement\":[{\"@type\":\"ListItem\",\"position\":1,\"name\":\"Home\",\"item\":\"https:\/\/deutschcolor.com\/fr\/\"},{\"@type\":\"ListItem\",\"position\":2,\"name\":\"SHOP\",\"item\":\"https:\/\/deutschcolor.com\/fr\/shop\/\"},{\"@type\":\"ListItem\",\"position\":3,\"name\":\"WAAGEN 10- H\"}]},{\"@type\":\"WebSite\",\"@id\":\"https:\/\/deutschcolor.com\/fr\/#website\",\"url\":\"https:\/\/deutschcolor.com\/fr\/\",\"name\":\"Deutschcolor\",\"description\":\"Deutschcolor Tunisia\",\"publisher\":{\"@id\":\"https:\/\/deutschcolor.com\/fr\/#organization\"},\"potentialAction\":[{\"@type\":\"SearchAction\",\"target\":{\"@type\":\"EntryPoint\",\"urlTemplate\":\"https:\/\/deutschcolor.com\/fr\/?s={search_term_string}\"},\"query-input\":{\"@type\":\"PropertyValueSpecification\",\"valueRequired\":true,\"valueName\":\"search_term_string\"}}],\"inLanguage\":\"en-US\"},{\"@type\":\"Organization\",\"@id\":\"https:\/\/deutschcolor.com\/fr\/#organization\",\"name\":\"Deutschcolor\",\"url\":\"https:\/\/deutschcolor.com\/fr\/\",\"logo\":{\"@type\":\"ImageObject\",\"inLanguage\":\"en-US\",\"@id\":\"https:\/\/deutschcolor.com\/fr\/#\/schema\/logo\/image\/\",\"url\":\"https:\/\/deutschcolor.com\/fr\/wp-content\/uploads\/2025\/08\/4160px-dc.png\",\"contentUrl\":\"https:\/\/deutschcolor.com\/fr\/wp-content\/uploads\/2025\/08\/4160px-dc.png\",\"width\":4160,\"height\":689,\"caption\":\"Deutschcolor\"},\"image\":{\"@id\":\"https:\/\/deutschcolor.com\/fr\/#\/schema\/logo\/image\/\"},\"sameAs\":[\"https:\/\/www.facebook.com\/deltahome.al\"]}]}<\/script>\n<!-- \/ Yoast SEO plugin. -->","yoast_head_json":{"title":"WAAGEN 10- H - Deutsch Color - Peinture M\u00e9tallique \u00e0 Effet D\u00e9coratif","description":"Peinture M\u00e9tallique \u00e0 Effet D\u00e9coratif. Peinture recommand\u00e9e pour surfaces m\u00e9talliques int\u00e9rieures et ext\u00e9rieures avec effet d\u00e9coratif.","robots":{"index":"index","follow":"follow","max-snippet":"max-snippet:-1","max-image-preview":"max-image-preview:large","max-video-preview":"max-video-preview:-1"},"canonical":"https:\/\/deutschcolor.com\/fr\/product\/waagen-10-h\/","og_locale":"en_US","og_type":"article","og_title":"WAAGEN 10- H - Deutsch Color - Peinture M\u00e9tallique \u00e0 Effet D\u00e9coratif","og_description":"Peinture M\u00e9tallique \u00e0 Effet D\u00e9coratif. Peinture recommand\u00e9e pour surfaces m\u00e9talliques int\u00e9rieures et ext\u00e9rieures avec effet d\u00e9coratif.","og_url":"https:\/\/deutschcolor.com\/fr\/product\/waagen-10-h\/","og_site_name":"Deutschcolor","article_publisher":"https:\/\/www.facebook.com\/deltahome.al","article_modified_time":"2025-08-18T06:58:33+00:00","og_image":[{"width":1000,"height":1000,"url":"https:\/\/deutschcolor.com\/fr\/wp-content\/uploads\/2019\/05\/waagen-10-H-min.png","type":"image\/png"}],"twitter_card":"summary_large_image","twitter_misc":{"Est. reading time":"1 minute"},"schema":{"@context":"https:\/\/schema.org","@graph":[{"@type":"WebPage","@id":"https:\/\/deutschcolor.com\/fr\/product\/waagen-10-h\/","url":"https:\/\/deutschcolor.com\/fr\/product\/waagen-10-h\/","name":"WAAGEN 10- H - Deutsch Color - Peinture M\u00e9tallique \u00e0 Effet D\u00e9coratif","isPartOf":{"@id":"https:\/\/deutschcolor.com\/fr\/#website"},"primaryImageOfPage":{"@id":"https:\/\/deutschcolor.com\/fr\/product\/waagen-10-h\/#primaryimage"},"image":{"@id":"https:\/\/deutschcolor.com\/fr\/product\/waagen-10-h\/#primaryimage"},"thumbnailUrl":"https:\/\/deutschcolor.com\/fr\/wp-content\/uploads\/2019\/05\/waagen-10-H-min.png","datePublished":"2019-05-08T06:45:41+00:00","dateModified":"2025-08-18T06:58:33+00:00","description":"Peinture M\u00e9tallique \u00e0 Effet D\u00e9coratif. Peinture recommand\u00e9e pour surfaces m\u00e9talliques int\u00e9rieures et ext\u00e9rieures avec effet d\u00e9coratif.","breadcrumb":{"@id":"https:\/\/deutschcolor.com\/fr\/product\/waagen-10-h\/#breadcrumb"},"inLanguage":"en-US","potentialAction":[{"@type":"ReadAction","target":["https:\/\/deutschcolor.com\/fr\/product\/waagen-10-h\/"]}]},{"@type":"ImageObject","inLanguage":"en-US","@id":"https:\/\/deutschcolor.com\/fr\/product\/waagen-10-h\/#primaryimage","url":"https:\/\/deutschcolor.com\/fr\/wp-content\/uploads\/2019\/05\/waagen-10-H-min.png","contentUrl":"https:\/\/deutschcolor.com\/fr\/wp-content\/uploads\/2019\/05\/waagen-10-H-min.png","width":1000,"height":1000,"caption":"Peinture m\u00e9tallique \u00e0 effet d\u00e9coratif, offrant une excellente r\u00e9sistance et un brillant \u00e9lev\u00e9"},{"@type":"BreadcrumbList","@id":"https:\/\/deutschcolor.com\/fr\/product\/waagen-10-h\/#breadcrumb","itemListElement":[{"@type":"ListItem","position":1,"name":"Home","item":"https:\/\/deutschcolor.com\/fr\/"},{"@type":"ListItem","position":2,"name":"SHOP","item":"https:\/\/deutschcolor.com\/fr\/shop\/"},{"@type":"ListItem","position":3,"name":"WAAGEN 10- H"}]},{"@type":"WebSite","@id":"https:\/\/deutschcolor.com\/fr\/#website","url":"https:\/\/deutschcolor.com\/fr\/","name":"Deutschcolor","description":"Deutschcolor Tunisia","publisher":{"@id":"https:\/\/deutschcolor.com\/fr\/#organization"},"potentialAction":[{"@type":"SearchAction","target":{"@type":"EntryPoint","urlTemplate":"https:\/\/deutschcolor.com\/fr\/?s={search_term_string}"},"query-input":{"@type":"PropertyValueSpecification","valueRequired":true,"valueName":"search_term_string"}}],"inLanguage":"en-US"},{"@type":"Organization","@id":"https:\/\/deutschcolor.com\/fr\/#organization","name":"Deutschcolor","url":"https:\/\/deutschcolor.com\/fr\/","logo":{"@type":"ImageObject","inLanguage":"en-US","@id":"https:\/\/deutschcolor.com\/fr\/#\/schema\/logo\/image\/","url":"https:\/\/deutschcolor.com\/fr\/wp-content\/uploads\/2025\/08\/4160px-dc.png","contentUrl":"https:\/\/deutschcolor.com\/fr\/wp-content\/uploads\/2025\/08\/4160px-dc.png","width":4160,"height":689,"caption":"Deutschcolor"},"image":{"@id":"https:\/\/deutschcolor.com\/fr\/#\/schema\/logo\/image\/"},"sameAs":["https:\/\/www.facebook.com\/deltahome.al"]}]}},"_links":{"self":[{"href":"https:\/\/deutschcolor.com\/fr\/wp-json\/wp\/v2\/product\/24023","targetHints":{"allow":["GET"]}}],"collection":[{"href":"https:\/\/deutschcolor.com\/fr\/wp-json\/wp\/v2\/product"}],"about":[{"href":"https:\/\/deutschcolor.com\/fr\/wp-json\/wp\/v2\/types\/product"}],"wp:featuredmedia":[{"embeddable":true,"href":"https:\/\/deutschcolor.com\/fr\/wp-json\/wp\/v2\/media\/24974"}],"wp:attachment":[{"href":"https:\/\/deutschcolor.com\/fr\/wp-json\/wp\/v2\/media?parent=24023"}],"curies":[{"name":"wp","href":"https:\/\/api.w.org\/{rel}","templated":true}]}}