{"id":24075,"date":"2019-05-08T08:20:44","date_gmt":"2019-05-08T08:20:44","guid":{"rendered":"https:\/\/deutschcolor.com\/fr\/?post_type=product&#038;p=24075"},"modified":"2019-08-28T14:42:28","modified_gmt":"2019-08-28T14:42:28","slug":"h1145-slow","status":"publish","type":"product","link":"https:\/\/deutschcolor.com\/fr\/product\/h1145-slow\/","title":{"rendered":"H1145 SLOW"},"content":{"rendered":"<p><strong>Propri\u00e9t\u00e9s du produit<\/strong><br \/>\n&#8211; L\u00e9g\u00e8re odeur<br \/>\n&#8211; Conserve l\u2019\u00e9lasticit\u00e9<br \/>\n&#8211; Temps de s\u00e9chage retard\u00e9<br \/>\n&#8211; N\u2019affecte pas la nettet\u00e9 des couleurs<br \/>\n&#8211; Am\u00e9liore les propri\u00e9t\u00e9s de pon\u00e7age perties<\/p>\n<p><strong>Recommandations d\u2019utiliheureson<\/strong><br \/>\nIl est recommand\u00e9 de l\u2019utiliser comme catalyseur pour les syst\u00e8mes de<br \/>\nrev\u00eatement \u00e0 base de polyur\u00e9thane tels que Graf 100, Graf 150, Graf 200<br \/>\net Graf 250, lorsqu\u2019un retard dans le temps de s\u00e9chage est n\u00e9cessaire.<br \/>\nIl est recommand\u00e9 de l\u2019utiliser comme catalyseur pour les syst\u00e8mes de<br \/>\npeinture \u00e0 base de polyur\u00e9thane Bruck 410, Bruck 430, Bruck 445, Bruck<br \/>\n460, Bruck 510, Bruck 535 et Bruck 560. Il est recommand\u00e9 de l\u2019utiliser<br \/>\ndans les cas o\u00f9 la surface peinte ne sera pas expos\u00e9e aux effets du<br \/>\nrayonnement UV du soleil.<\/p>\n<p>###<br \/>\n<strong>Stockage<\/strong><br \/>\n24 mois, \u00e0 condition que les bo\u00eetes soient ferm\u00e9es et stock\u00e9es dans des<br \/>\nconditions normales. Il est strictement interdit d\u2019exposer le produit au soleil<br \/>\net \u00e0 l\u2019humidit\u00e9.<\/p>\n<p><strong>Notes<\/strong><br \/>\n&#8211; Preporu\u010duje se da se izbegne nano\u0161enje na temperaturama ni\u017eim od 5\u00baC<br \/>\ni vi\u0161im od 30\u00baC<\/p>\n<p><strong>Conditionnnement<\/strong>: Emballage en : Emballage en 2lt\/10lt<\/p>\n","protected":false},"excerpt":{"rendered":"<p>Catalyseur universel transparent de haute qualit\u00e9 \u00e0 s\u00e9chage lent pour tout produit polyur\u00e9thane<\/p>\n","protected":false},"featured_media":24970,"template":"","meta":[],"class_list":["post-24075","product","type-product","status-publish","has-post-thumbnail","hentry","product_cat-produits-a-base-de-polyurethane","product_cat-catalyseurs"],"yoast_head":"<!-- This site is optimized with the Yoast SEO plugin v25.7 - https:\/\/yoast.com\/wordpress\/plugins\/seo\/ -->\n<title>H1145 SLOW - Deutschcolor<\/title>\n<meta name=\"robots\" content=\"index, follow, max-snippet:-1, max-image-preview:large, max-video-preview:-1\" \/>\n<link rel=\"canonical\" href=\"https:\/\/deutschcolor.com\/fr\/product\/h1145-slow\/\" \/>\n<meta property=\"og:locale\" content=\"en_US\" \/>\n<meta property=\"og:type\" content=\"article\" \/>\n<meta property=\"og:title\" content=\"H1145 SLOW - Deutschcolor\" \/>\n<meta property=\"og:description\" content=\"Catalyseur universel transparent de haute qualit\u00e9 \u00e0 s\u00e9chage lent pour tout produit polyur\u00e9thane\" \/>\n<meta property=\"og:url\" content=\"https:\/\/deutschcolor.com\/fr\/product\/h1145-slow\/\" \/>\n<meta property=\"og:site_name\" content=\"Deutschcolor\" \/>\n<meta property=\"article:publisher\" content=\"https:\/\/www.facebook.com\/deltahome.al\" \/>\n<meta property=\"article:modified_time\" content=\"2019-08-28T14:42:28+00:00\" \/>\n<meta property=\"og:image\" content=\"https:\/\/deutschcolor.com\/fr\/wp-content\/uploads\/2019\/05\/H1145-Slow-min.png\" \/>\n\t<meta property=\"og:image:width\" content=\"1000\" \/>\n\t<meta property=\"og:image:height\" content=\"1000\" \/>\n\t<meta property=\"og:image:type\" content=\"image\/png\" \/>\n<meta name=\"twitter:card\" content=\"summary_large_image\" \/>\n<meta name=\"twitter:label1\" content=\"Est. reading time\" \/>\n\t<meta name=\"twitter:data1\" content=\"1 minute\" \/>\n<script type=\"application\/ld+json\" class=\"yoast-schema-graph\">{\"@context\":\"https:\/\/schema.org\",\"@graph\":[{\"@type\":\"WebPage\",\"@id\":\"https:\/\/deutschcolor.com\/fr\/product\/h1145-slow\/\",\"url\":\"https:\/\/deutschcolor.com\/fr\/product\/h1145-slow\/\",\"name\":\"H1145 SLOW - Deutschcolor\",\"isPartOf\":{\"@id\":\"https:\/\/deutschcolor.com\/fr\/#website\"},\"primaryImageOfPage\":{\"@id\":\"https:\/\/deutschcolor.com\/fr\/product\/h1145-slow\/#primaryimage\"},\"image\":{\"@id\":\"https:\/\/deutschcolor.com\/fr\/product\/h1145-slow\/#primaryimage\"},\"thumbnailUrl\":\"https:\/\/deutschcolor.com\/fr\/wp-content\/uploads\/2019\/05\/H1145-Slow-min.png\",\"datePublished\":\"2019-05-08T08:20:44+00:00\",\"dateModified\":\"2019-08-28T14:42:28+00:00\",\"breadcrumb\":{\"@id\":\"https:\/\/deutschcolor.com\/fr\/product\/h1145-slow\/#breadcrumb\"},\"inLanguage\":\"en-US\",\"potentialAction\":[{\"@type\":\"ReadAction\",\"target\":[\"https:\/\/deutschcolor.com\/fr\/product\/h1145-slow\/\"]}]},{\"@type\":\"ImageObject\",\"inLanguage\":\"en-US\",\"@id\":\"https:\/\/deutschcolor.com\/fr\/product\/h1145-slow\/#primaryimage\",\"url\":\"https:\/\/deutschcolor.com\/fr\/wp-content\/uploads\/2019\/05\/H1145-Slow-min.png\",\"contentUrl\":\"https:\/\/deutschcolor.com\/fr\/wp-content\/uploads\/2019\/05\/H1145-Slow-min.png\",\"width\":1000,\"height\":1000},{\"@type\":\"BreadcrumbList\",\"@id\":\"https:\/\/deutschcolor.com\/fr\/product\/h1145-slow\/#breadcrumb\",\"itemListElement\":[{\"@type\":\"ListItem\",\"position\":1,\"name\":\"Home\",\"item\":\"https:\/\/deutschcolor.com\/fr\/\"},{\"@type\":\"ListItem\",\"position\":2,\"name\":\"SHOP\",\"item\":\"https:\/\/deutschcolor.com\/fr\/shop\/\"},{\"@type\":\"ListItem\",\"position\":3,\"name\":\"H1145 SLOW\"}]},{\"@type\":\"WebSite\",\"@id\":\"https:\/\/deutschcolor.com\/fr\/#website\",\"url\":\"https:\/\/deutschcolor.com\/fr\/\",\"name\":\"Deutschcolor\",\"description\":\"Deutschcolor Tunisia\",\"publisher\":{\"@id\":\"https:\/\/deutschcolor.com\/fr\/#organization\"},\"potentialAction\":[{\"@type\":\"SearchAction\",\"target\":{\"@type\":\"EntryPoint\",\"urlTemplate\":\"https:\/\/deutschcolor.com\/fr\/?s={search_term_string}\"},\"query-input\":{\"@type\":\"PropertyValueSpecification\",\"valueRequired\":true,\"valueName\":\"search_term_string\"}}],\"inLanguage\":\"en-US\"},{\"@type\":\"Organization\",\"@id\":\"https:\/\/deutschcolor.com\/fr\/#organization\",\"name\":\"Deutschcolor\",\"url\":\"https:\/\/deutschcolor.com\/fr\/\",\"logo\":{\"@type\":\"ImageObject\",\"inLanguage\":\"en-US\",\"@id\":\"https:\/\/deutschcolor.com\/fr\/#\/schema\/logo\/image\/\",\"url\":\"https:\/\/deutschcolor.com\/fr\/wp-content\/uploads\/2025\/08\/4160px-dc.png\",\"contentUrl\":\"https:\/\/deutschcolor.com\/fr\/wp-content\/uploads\/2025\/08\/4160px-dc.png\",\"width\":4160,\"height\":689,\"caption\":\"Deutschcolor\"},\"image\":{\"@id\":\"https:\/\/deutschcolor.com\/fr\/#\/schema\/logo\/image\/\"},\"sameAs\":[\"https:\/\/www.facebook.com\/deltahome.al\"]}]}<\/script>\n<!-- \/ Yoast SEO plugin. -->","yoast_head_json":{"title":"H1145 SLOW - Deutschcolor","robots":{"index":"index","follow":"follow","max-snippet":"max-snippet:-1","max-image-preview":"max-image-preview:large","max-video-preview":"max-video-preview:-1"},"canonical":"https:\/\/deutschcolor.com\/fr\/product\/h1145-slow\/","og_locale":"en_US","og_type":"article","og_title":"H1145 SLOW - Deutschcolor","og_description":"Catalyseur universel transparent de haute qualit\u00e9 \u00e0 s\u00e9chage lent pour tout produit polyur\u00e9thane","og_url":"https:\/\/deutschcolor.com\/fr\/product\/h1145-slow\/","og_site_name":"Deutschcolor","article_publisher":"https:\/\/www.facebook.com\/deltahome.al","article_modified_time":"2019-08-28T14:42:28+00:00","og_image":[{"width":1000,"height":1000,"url":"https:\/\/deutschcolor.com\/fr\/wp-content\/uploads\/2019\/05\/H1145-Slow-min.png","type":"image\/png"}],"twitter_card":"summary_large_image","twitter_misc":{"Est. reading time":"1 minute"},"schema":{"@context":"https:\/\/schema.org","@graph":[{"@type":"WebPage","@id":"https:\/\/deutschcolor.com\/fr\/product\/h1145-slow\/","url":"https:\/\/deutschcolor.com\/fr\/product\/h1145-slow\/","name":"H1145 SLOW - Deutschcolor","isPartOf":{"@id":"https:\/\/deutschcolor.com\/fr\/#website"},"primaryImageOfPage":{"@id":"https:\/\/deutschcolor.com\/fr\/product\/h1145-slow\/#primaryimage"},"image":{"@id":"https:\/\/deutschcolor.com\/fr\/product\/h1145-slow\/#primaryimage"},"thumbnailUrl":"https:\/\/deutschcolor.com\/fr\/wp-content\/uploads\/2019\/05\/H1145-Slow-min.png","datePublished":"2019-05-08T08:20:44+00:00","dateModified":"2019-08-28T14:42:28+00:00","breadcrumb":{"@id":"https:\/\/deutschcolor.com\/fr\/product\/h1145-slow\/#breadcrumb"},"inLanguage":"en-US","potentialAction":[{"@type":"ReadAction","target":["https:\/\/deutschcolor.com\/fr\/product\/h1145-slow\/"]}]},{"@type":"ImageObject","inLanguage":"en-US","@id":"https:\/\/deutschcolor.com\/fr\/product\/h1145-slow\/#primaryimage","url":"https:\/\/deutschcolor.com\/fr\/wp-content\/uploads\/2019\/05\/H1145-Slow-min.png","contentUrl":"https:\/\/deutschcolor.com\/fr\/wp-content\/uploads\/2019\/05\/H1145-Slow-min.png","width":1000,"height":1000},{"@type":"BreadcrumbList","@id":"https:\/\/deutschcolor.com\/fr\/product\/h1145-slow\/#breadcrumb","itemListElement":[{"@type":"ListItem","position":1,"name":"Home","item":"https:\/\/deutschcolor.com\/fr\/"},{"@type":"ListItem","position":2,"name":"SHOP","item":"https:\/\/deutschcolor.com\/fr\/shop\/"},{"@type":"ListItem","position":3,"name":"H1145 SLOW"}]},{"@type":"WebSite","@id":"https:\/\/deutschcolor.com\/fr\/#website","url":"https:\/\/deutschcolor.com\/fr\/","name":"Deutschcolor","description":"Deutschcolor Tunisia","publisher":{"@id":"https:\/\/deutschcolor.com\/fr\/#organization"},"potentialAction":[{"@type":"SearchAction","target":{"@type":"EntryPoint","urlTemplate":"https:\/\/deutschcolor.com\/fr\/?s={search_term_string}"},"query-input":{"@type":"PropertyValueSpecification","valueRequired":true,"valueName":"search_term_string"}}],"inLanguage":"en-US"},{"@type":"Organization","@id":"https:\/\/deutschcolor.com\/fr\/#organization","name":"Deutschcolor","url":"https:\/\/deutschcolor.com\/fr\/","logo":{"@type":"ImageObject","inLanguage":"en-US","@id":"https:\/\/deutschcolor.com\/fr\/#\/schema\/logo\/image\/","url":"https:\/\/deutschcolor.com\/fr\/wp-content\/uploads\/2025\/08\/4160px-dc.png","contentUrl":"https:\/\/deutschcolor.com\/fr\/wp-content\/uploads\/2025\/08\/4160px-dc.png","width":4160,"height":689,"caption":"Deutschcolor"},"image":{"@id":"https:\/\/deutschcolor.com\/fr\/#\/schema\/logo\/image\/"},"sameAs":["https:\/\/www.facebook.com\/deltahome.al"]}]}},"_links":{"self":[{"href":"https:\/\/deutschcolor.com\/fr\/wp-json\/wp\/v2\/product\/24075","targetHints":{"allow":["GET"]}}],"collection":[{"href":"https:\/\/deutschcolor.com\/fr\/wp-json\/wp\/v2\/product"}],"about":[{"href":"https:\/\/deutschcolor.com\/fr\/wp-json\/wp\/v2\/types\/product"}],"wp:featuredmedia":[{"embeddable":true,"href":"https:\/\/deutschcolor.com\/fr\/wp-json\/wp\/v2\/media\/24970"}],"wp:attachment":[{"href":"https:\/\/deutschcolor.com\/fr\/wp-json\/wp\/v2\/media?parent=24075"}],"curies":[{"name":"wp","href":"https:\/\/api.w.org\/{rel}","templated":true}]}}