{"id":23482,"date":"2019-04-02T17:10:10","date_gmt":"2019-04-02T17:10:10","guid":{"rendered":"https:\/\/deutschcolor.com\/it\/?page_id=23482"},"modified":"2025-06-05T08:30:09","modified_gmt":"2025-06-05T08:30:09","slug":"about-us","status":"publish","type":"page","link":"https:\/\/deutschcolor.com\/it\/about-us\/","title":{"rendered":"RIGUARDO A NOI"},"content":{"rendered":"<section class=\"l-section wpb_row height_large color_primary with_img parallax_ver with_overlay\"><div class=\"l-section-img\" style=\"background-image: url(https:\/\/deutschcolor.com\/it\/wp-content\/uploads\/2019\/04\/deutsch-color_fabrika.jpg);\" data-img-width=\"1675\" data-img-height=\"649\"><\/div><div class=\"l-section-overlay\" style=\"background-color: rgba(0,0,0,0.5)\"><\/div><div class=\"l-section-h i-cf\"><div class=\"g-cols vc_row type_default valign_middle\"><div class=\"vc_col-sm-12 wpb_column vc_column_container\"><div class=\"vc_column-inner\"><div class=\"wpb_wrapper\"><h1 class=\"w-page-title align_center\" itemprop=\"headline\" style=\"font-family:&#039;Roboto&#039;, sans-serif;font-size:3rem;line-height:1.1;\">RIGUARDO A NOI<\/h1><ol class=\"g-breadcrumbs separator_icon align_center\" style=\"font-size:0.9rem;\" itemscope itemtype=\"http:\/\/schema.org\/BreadcrumbList\"><li class=\"g-breadcrumbs-item\" itemprop=\"itemListElement\" itemscope itemtype=\"http:\/\/schema.org\/ListItem\"><a itemprop=\"item\" href=\"https:\/\/deutschcolor.com\/it\/\"><span itemprop=\"name\">Home<\/span><\/a><meta itemprop=\"position\" content=\"1\"\/><\/li><li class=\"g-breadcrumbs-separator\"><i class=\"material-icons\">chevron_right<\/i><\/li><li class=\"g-breadcrumbs-item\">Pages<\/li><\/ol><\/div><\/div><\/div><\/div><\/div><\/section><section class=\"l-section wpb_row height_large\" id=\"services\"><div class=\"l-section-h i-cf\"><div class=\"g-cols vc_row type_default valign_top\"><div class=\"vc_col-sm-1 wpb_column vc_column_container\"><div class=\"vc_column-inner\"><div class=\"wpb_wrapper\"><\/div><\/div><\/div><div class=\"vc_col-sm-10 wpb_column vc_column_container\"><div class=\"vc_column-inner\"><div class=\"wpb_wrapper\">\r\n\t<div class=\"wpb_text_column \">\r\n\t\t<div class=\"wpb_wrapper\">\r\n\t\t\t<h3><strong>Descrizione della societ\u00e0<\/strong><\/h3>\n<p>L&#8217; azienda <a href=\"https:\/\/deutschcolor.com\/en\/\">DEUTSCHCOLOR<\/a>, dopo una partnership con <a href=\"https:\/\/dcinvestment.al\/\">DC Investment<\/a> ha portato in Albania uno degli investimenti pi\u00f9 grandi nel campo delle vernici e dei materiali edili nell&#8217; <a href=\"https:\/\/en.wikipedia.org\/wiki\/Southeast_Europe\">Europa del sud-est<\/a>. <a href=\"https:\/\/maps.app.goo.gl\/ZQLKp7STGH7gipHKA\">Questa fabbrica ecologica<\/a>, adempie qualsiasi necessit\u00e0 del mercato locale e pi\u00f9 ampio, sulla base dell&#8217; efficacit\u00e0, della qualit\u00e0 e di una tecnologia contemporanea. Con un laboratorio avanzato attrezzato con apparecchiature tedesche dalle pi\u00f9 moderne, con un equipe scientifico il quale rende il meglio possibile il processo di ricerca dello sviluppo, che infine porta ai nostri clineti i prodotti di qualit\u00e0.<\/p>\n<p>Una larga gamma di prodotti, iniziando dalle vernici a base di emulsione fino a quelle industriali, cosi come tutta la gamma dei materiali edili, rendono possibile ai clienti una molteplicit\u00e0 di scelta.<\/p>\n<p>DEUTSCHCOLOR accademy, mediante i seminari che realizza, rende possibile il training di ogni collaboratore per conoscere meglio i nostri prodotti. Da menzionare, \u00e8 lo staff dedicato di DEUTSCHCOLOR che mediante il loro impegni hanno portato clienti che sono da anni fedeli ai nostri prodotti. I nostri partner si sono trasformati in un motivo in pi\u00f9 per continuare a perfezionare i prodotti in modo tale da fare al meglio ci\u00f2 che ci viene richiesto. Non sempre c&#8217;\u00e8 una luce verde, ma sappiamo dirvi che non conosciamo altra opzione se non il successo. Questa azienda, con un orientamento globale ha sue rappresentanze in molti paesi come Germania, Austria, Canada, Svizzera, Olanda, ecc. DEUTSCHCOLOR il pi\u00f9 grande nell&#8217; industria di produzione delle vernici e dei materiali edili negli hannoi ha dimostrato che la chiave del successo del business \u00e8 la produzione dei prodotti in piena armonia alle condizioni climatiche. Oltre ai prodotti di alta qualit\u00e0 il focus di DEUTSCHCOLOR \u00e8 la produzione dei prodotti ecologici che sono amichevoli con l&#8217; ambiente. Il nostro pianeta \u00e8 la nostra casa, per tale motivo noi facciamo in modo che l&#8217; ambiente sia protetto e sicuro per i nostri successori. Ogni giorno il nostro staff qualificato di chimici, con molta esperienza nel settore, lavorano per avanzare tali <a href=\"https:\/\/acp.al\/company-listing\/company\/1508\/DEUTSCHCOLOR\/\">prodotti<\/a>, affinch\u00e8 possiamo essere presenti nel pi\u00f9 alto livello richiesto dal mercato.<\/p>\n\r\n\t\t<\/div>\r\n\t<\/div>\r\n<div class=\"w-separator size_large\"><\/div>\r\n\t<div class=\"wpb_text_column \">\r\n\t\t<div class=\"wpb_wrapper\">\r\n\t\t\t<h3><strong>La nostra visione<\/strong><\/h3>\n<p>Deutsch Colour \u00e8 orgogliosa di essere un partner fondamentale per le aziende di un settore pi\u00f9 piccolo e di contribuire allo sviluppo e alla crescita<\/p>\n<p>Abbiamo una visione potente. Produrre, sviluppare e distribuire. Miriamo a soddisfare tutte le esigenze dei clienti nel campo della verniciatura e continueremo a cercare nuovi metodi efficaci per farlo mentre siamo in viaggio per il successo.<br \/>\nFino ad oggi abbiamo raggiunto uno status multinazionale del nostro marchio, la nostra visione a lungo termine \u00e8 quella di essere presenti in ognuno dei vostri dintorni attraverso il concetto di vernici.<\/p>\n<p>Miriamo a fornire a tutti i clienti e clienti i migliori consigli, servizi e prodotti necessari per le loro esigenze. Se sei alla ricerca di essere in un&#8217;atmosfera in cui la motivazione, la chiarezza e la concentrazione sono fondamentali, Deutsch Color pu\u00f2 aiutarti a farlo.<\/p>\n\r\n\t\t<\/div>\r\n\t<\/div>\r\n<div class=\"w-separator size_large\"><\/div>\r\n\t<div class=\"wpb_text_column \">\r\n\t\t<div class=\"wpb_wrapper\">\r\n\t\t\t<h3><strong>La nostra strategia<\/strong><\/h3>\n<div class=\"tlid-results-container results-container\">\n<div class=\"tlid-result result-dict-wrapper\">\n<div class=\"result tlid-copy-target\">\n<div class=\"text-wrap tlid-copy-target\">\n<div class=\"result-shield-container tlid-copy-target\" tabindex=\"0\">\n<p><span class=\"tlid-translation translation\" lang=\"it\"><span title=\"\">Come parte delle nostre misurazioni strategiche, ci concentriamo sull&#8217;avere un solido prodotto di lunga durata nel mercato a un margine ragionevole che sia accessibile a tutti i livelli economici.<\/span><\/span><\/p>\n<p><span title=\"\">Le nostre strategie generiche mirano ad espandere le nuove risorse aprendo un vasto numero di filiali a livello globale, sviluppando nuovi prodotti da immettere sul mercato e rispondenti allo scopo di soddisfare tutte le esigenze dei clienti nel settore della verniciatura.<\/span><\/p>\n<p><span title=\"\">Espandendo le nostre attivit\u00e0 a livello nazionale stiamo creando infinite opportunit\u00e0 per le persone di unirsi a noi in questo viaggio di successo e di far parte di un futuro impero.<\/span> <span title=\"\">I nostri membri del team di ricerca professionale prendono in considerazione tutti i feedback dei nostri clienti allo scopo di fornire un prodotto eccellente al nostro mercato.<\/span><\/p>\n<p><span class=\"\" title=\"\">Un altro fattore cruciale su cui ci concentriamo \u00e8 il marketing del nostro marchio.<\/span> <span class=\"\" title=\"\">Conosciamo l&#8217;importanza di informare tutti i clienti delle nostre offerte e della fedelt\u00e0 dei clienti, pertanto manteniamo un elevato standard di marketing e pubblicit\u00e0.<\/span><\/p>\n<\/div>\n<\/div>\n<\/div>\n<\/div>\n<\/div>\n\r\n\t\t<\/div>\r\n\t<\/div>\r\n<div class=\"w-separator size_large\"><\/div>\r\n\t<div class=\"wpb_text_column \">\r\n\t\t<div class=\"wpb_wrapper\">\r\n\t\t\t<h3><strong>Responsabilit\u00e0 sociale<\/strong><\/h3>\n<p>Tutti i prodotti Deutsch Colour sono sviluppati sulla base dell&#8217;essere rispettosi dell&#8217;ambiente e tenendo presente che rispettano tutte le norme e i regolamenti dei nostri standard di salute e sicurezza. Siamo stati certificati secondo ISO 9001, ISO 14001 e OHSAS 18001, ai sensi della legge sulla salute e la sicurezza. Per noi \u00e8 molto importante che, oltre a gestire un business di successo, lo stiamo combinando anche con le nostre responsabilit\u00e0 sociali e ambientali.<\/p>\n<p>Deutsch Politica aziendale Colour nel rispetto dell&#8217;individuo e delle sue esigenze;<\/p>\n<p>&#8211; Fornire un servizio equo a clienti e fornitori<br \/>\n&#8211; Ci sforziamo di ottenere il meglio da ogni singolo dipendente offrendo una formazione pertinente quando necessario, elogiando il duro lavoro e la motivazione mostrati ecc.<br \/>\n&#8211; Il nostro compito \u00e8 quello di assicurarsi che i nostri dipendenti siano in un ambiente di lavoro sicuro, seguendo tutte le norme e i regolamenti in materia di salute e sicurezza. Lo scopo \u00e8 quello di prevenire gli incidenti sul lavoro e qualsiasi altra malattia connessa al lavoro<br \/>\n&#8211; Informiamo tutti i clienti e tutti gli altri utenti sull&#8217;uso corretto e sicuro del nostro prodotto<\/p>\n\r\n\t\t<\/div>\r\n\t<\/div>\r\n<div class=\"w-separator size_large\"><\/div>\r\n\t<div class=\"wpb_text_column \">\r\n\t\t<div class=\"wpb_wrapper\">\r\n\t\t\t<h3><strong>Innovazione<\/strong><\/h3>\n<p>Deutsch Il colore si trasforma, abbellisce e aiuta a mantenere l&#8217;atmosfera intorno a te, calma e rilassata. Ci piace fare la differenza ed \u00e8 esattamente ci\u00f2 che stiamo facendo da oltre 100 anni.<\/p>\n<p>Alla creativit\u00e0 di Deutsch Colour inizia con la comprensione di ci\u00f2 che i nostri bisogni dei consumatori sono. Ci\u00f2 significa comprendere e avere una situazione inaspettata delle loro aspettative e del loro bisogno di cambiamento. Le nostre innovazioni sono intorno a te, le nostre vernici proteggono alcuni degli edifici pi\u00f9 rappresentativi a livello internazionale. La maggior parte di ci\u00f2 che facciamo \u00e8 guidata dalla sostenibilit\u00e0 come parte del nostro approccio per fornire il massimo valore dall&#8217;utilizzo di un minor numero di risorse possibili. Ci\u00f2 che questo significa per noi \u00e8 che reclutiamo solo il personale migliore e lavoriamo con il nostro team per assicurarci di fornire soluzioni creative innovative.<\/p>\n\r\n\t\t<\/div>\r\n\t<\/div>\r\n<\/div><\/div><\/div><div class=\"vc_col-sm-1 wpb_column vc_column_container\"><div class=\"vc_column-inner\"><div class=\"wpb_wrapper\"><\/div><\/div><\/div><\/div><\/div><\/section>\n","protected":false},"excerpt":{"rendered":"RIGUARDO A NOIHomechevron_rightPages Descrizione della societ\u00e0 L' azienda DEUTSCHCOLOR, dopo una partnership con DC Investment ha portato in Albania uno degli investimenti pi\u00f9 grandi nel campo delle vernici e dei materiali edili nell' Europa del sud-est. Questa fabbrica ecologica, adempie qualsiasi necessit\u00e0 del mercato locale e pi\u00f9 ampio, sulla base dell' efficacit\u00e0, della qualit\u00e0 e...","protected":false},"author":1,"featured_media":0,"parent":0,"menu_order":0,"comment_status":"closed","ping_status":"closed","template":"","meta":{"_monsterinsights_skip_tracking":false,"_monsterinsights_sitenote_active":false,"_monsterinsights_sitenote_note":"","_monsterinsights_sitenote_category":0},"aioseo_notices":[],"_links":{"self":[{"href":"https:\/\/deutschcolor.com\/it\/wp-json\/wp\/v2\/pages\/23482"}],"collection":[{"href":"https:\/\/deutschcolor.com\/it\/wp-json\/wp\/v2\/pages"}],"about":[{"href":"https:\/\/deutschcolor.com\/it\/wp-json\/wp\/v2\/types\/page"}],"author":[{"embeddable":true,"href":"https:\/\/deutschcolor.com\/it\/wp-json\/wp\/v2\/users\/1"}],"replies":[{"embeddable":true,"href":"https:\/\/deutschcolor.com\/it\/wp-json\/wp\/v2\/comments?post=23482"}],"version-history":[{"count":34,"href":"https:\/\/deutschcolor.com\/it\/wp-json\/wp\/v2\/pages\/23482\/revisions"}],"predecessor-version":[{"id":25006,"href":"https:\/\/deutschcolor.com\/it\/wp-json\/wp\/v2\/pages\/23482\/revisions\/25006"}],"wp:attachment":[{"href":"https:\/\/deutschcolor.com\/it\/wp-json\/wp\/v2\/media?parent=23482"}],"curies":[{"name":"wp","href":"https:\/\/api.w.org\/{rel}","templated":true}]}}