{"id":23509,"date":"2019-04-02T17:38:51","date_gmt":"2019-04-02T17:38:51","guid":{"rendered":"https:\/\/deutschcolor.com\/it\/?page_id=23509"},"modified":"2025-06-05T08:18:42","modified_gmt":"2025-06-05T08:18:42","slug":"media","status":"publish","type":"page","link":"https:\/\/deutschcolor.com\/it\/media\/","title":{"rendered":"MEDIA"},"content":{"rendered":"<section class=\"l-section wpb_row height_large\"><div class=\"l-section-h i-cf\"><div class=\"g-cols vc_row type_default valign_top\"><div class=\"vc_col-sm-12 wpb_column vc_column_container\"><div class=\"vc_column-inner\"><div class=\"wpb_wrapper\"><div class=\"w-grid type_masonry layout_blog_11 cols_2 with_isotope\" id=\"us_grid_1\"><style id=\"us_grid_1_css\">#us_grid_1 .w-grid-item{padding:1.5rem}#us_grid_1 .w-grid-list{margin:-1.5rem -1.5rem 1.5rem}.w-grid + #us_grid_1 .w-grid-list{margin-top:1.5rem}.l-section.width_full>div>div>.vc_col-sm-12>div>div>#us_grid_1 .w-grid-list{margin-left:1.5rem;margin-right:1.5rem}.l-section.height_auto>div>div>.vc_col-sm-12>div>div>#us_grid_1:first-child .w-grid-list{margin-top:1.5rem}.l-section.height_auto>div>div>.vc_col-sm-12>div>div>#us_grid_1:last-child .w-grid-list{margin-bottom:1.5rem}@media (max-width:599px){#us_grid_1 .w-grid-list{margin:0}#us_grid_1 .w-grid-item{width:100%;padding:0;margin-bottom:1.5rem}}#us_grid_1 .w-post-elm.post_title{font-size:2rem}<\/style><style>#us_grid_1 .w-grid-item-h{}#us_grid_1 .usg_post_title_1{font-size:1.4rem}@media (max-width:599px){#us_grid_1 .usg_post_title_1{font-size:1.2rem !important}}#us_grid_1 .usg_hwrapper_1{color:#9e9e9e}#us_grid_1 .usg_post_taxonomy_1{font-weight:700;text-transform:uppercase;font-size:14px}#us_grid_1 .usg_post_date_1{font-size:14px}#us_grid_1 .usg_post_comments_1{font-size:14px}#us_grid_1 .usg_post_image_1{}#us_grid_1 .usg_post_content_1{font-size:0.9rem;line-height:1.7}#us_grid_1 .usg_post_title_1{margin-bottom:0}#us_grid_1 .usg_post_image_1{margin-top:0.6rem}#us_grid_1 .usg_post_content_1{margin-top:0.8rem}<\/style><div class=\"w-grid-list\"><article class=\"w-grid-item ratio_1x1 size_1x1 post-25097 post type-post status-publish format-standard has-post-thumbnail hentry category-media\" data-id=\"25097\">\r\n\t<div class=\"w-grid-item-h\">\r\n\t\t\t\t<h2 class=\"w-post-elm post_title usg_post_title_1 entry-title color_link_inherit\"><a href=\"https:\/\/deutschcolor.com\/it\/scopri-il-potere-del-picasso-classic-vn-35-di-deutsch-color\/\">Scopri il potere del PICASSO CLASSIC VN-35 \u2013 di Deutsch Color?<\/a><\/h2><div class=\"w-hwrapper usg_hwrapper_1 align_left valign_top wrap \"><div class=\"w-post-elm post_taxonomy usg_post_taxonomy_1 style_simple\"><a href=\"https:\/\/deutschcolor.com\/it\/category\/media\/\">Media<\/a><\/div><time class=\"w-post-elm post_date usg_post_date_1 entry-date published\" datetime=\"2025-09-18T10:09:31+00:00\" title=\"18 September 2025 at 10:09:31 +00:00\">18 Sep 2025<\/time><\/div><div class=\"w-post-elm post_image usg_post_image_1 stretched\"><a href=\"https:\/\/deutschcolor.com\/it\/scopri-il-potere-del-picasso-classic-vn-35-di-deutsch-color\/\" aria-label=\"Scopri il potere del PICASSO CLASSIC VN-35 \u2013 di Deutsch Color?\"><img width=\"819\" height=\"1024\" src=\"https:\/\/deutschcolor.com\/it\/wp-content\/uploads\/2025\/07\/piccasso-classic-vn-35-media-819x1024.webp\" class=\"attachment-large size-large wp-post-image\" alt=\"Picasso Classic VN\u201135 nga Deutsch Color \u2013 boj\u00eb plastike mat\u00eb dhe rezistente ndaj larjes\" loading=\"lazy\" srcset=\"https:\/\/deutschcolor.com\/it\/wp-content\/uploads\/2025\/07\/piccasso-classic-vn-35-media-819x1024.webp 819w, https:\/\/deutschcolor.com\/it\/wp-content\/uploads\/2025\/07\/piccasso-classic-vn-35-media-240x300.webp 240w, https:\/\/deutschcolor.com\/it\/wp-content\/uploads\/2025\/07\/piccasso-classic-vn-35-media-600x750.webp 600w, https:\/\/deutschcolor.com\/it\/wp-content\/uploads\/2025\/07\/piccasso-classic-vn-35-media.webp 1200w\" sizes=\"(max-width: 819px) 100vw, 819px\" \/><\/a><\/div><div class=\"w-post-elm post_content usg_post_content_1\">Cosa Rende PICASSO CLASSIC VN-35 la Scelta Giusta per i Professionisti e Qual \u00e8 la Migliore Pittura? PICASSO CLASSIC VN-35 offre una combinazione impareggiabile di qualit\u00e0, affidabilit\u00e0 e prestazioni. Le sue caratteristiche includono: Eccezionale bianchezza con una delicata finitura brillante Superficie opaca che esalta l\u2019eleganza Ottima copertura e alta resistenza&hellip;<\/div>\t<\/div>\r\n<\/article>\r\n<article class=\"w-grid-item ratio_1x1 size_1x1 post-25089 post type-post status-publish format-standard has-post-thumbnail hentry category-media\" data-id=\"25089\">\r\n\t<div class=\"w-grid-item-h\">\r\n\t\t\t\t<h2 class=\"w-post-elm post_title usg_post_title_1 entry-title color_link_inherit\"><a href=\"https:\/\/deutschcolor.com\/it\/la-ristrutturazione-immobili-ultime-opportunita-prima-dei-cambiamenti-del-2026\/\">La ristrutturazione immobili, ultime opportunit\u00e0 prima dei cambiamenti del 2026.<\/a><\/h2><div class=\"w-hwrapper usg_hwrapper_1 align_left valign_top wrap \"><div class=\"w-post-elm post_taxonomy usg_post_taxonomy_1 style_simple\"><a href=\"https:\/\/deutschcolor.com\/it\/category\/media\/\">Media<\/a><\/div><time class=\"w-post-elm post_date usg_post_date_1 entry-date published\" datetime=\"2025-09-06T09:53:10+00:00\" title=\"6 September 2025 at 09:53:10 +00:00\">6 Sep 2025<\/time><\/div><div class=\"w-post-elm post_image usg_post_image_1 stretched\"><a href=\"https:\/\/deutschcolor.com\/it\/la-ristrutturazione-immobili-ultime-opportunita-prima-dei-cambiamenti-del-2026\/\" aria-label=\"La ristrutturazione immobili, ultime opportunit\u00e0 prima dei cambiamenti del 2026.\"><img width=\"800\" height=\"1024\" src=\"https:\/\/deutschcolor.com\/it\/wp-content\/uploads\/revslider\/additifs\/fq.248-800x1024.jpg\" class=\"attachment-large size-large wp-post-image\" alt=\"Scopri come sfruttare al massimo l\u2019agevolazione per la ristrutturazione immobili?\" loading=\"lazy\" srcset=\"https:\/\/deutschcolor.com\/it\/wp-content\/uploads\/revslider\/additifs\/fq.248-800x1024.jpg 800w, https:\/\/deutschcolor.com\/it\/wp-content\/uploads\/revslider\/additifs\/fq.248-600x768.jpg 600w, https:\/\/deutschcolor.com\/it\/wp-content\/uploads\/revslider\/additifs\/fq.248-234x300.jpg 234w, https:\/\/deutschcolor.com\/it\/wp-content\/uploads\/revslider\/additifs\/fq.248.jpg 1007w\" sizes=\"(max-width: 800px) 100vw, 800px\" \/><\/a><\/div><div class=\"w-post-elm post_content usg_post_content_1\">Scopri come sfruttare al massimo l\u2019agevolazione per la ristrutturazione immobili? Stai pensando di ristrutturare casa? Approfitta ora del Bonus prima che cambi! Dal 2026 le detrazioni si riducono: scopri quali restano e come utilizzarle subito per risparmiare al massimo. Picasso Classic VN\u201135 | Deutsch Color La ristrutturazione immobili\u00a0\u00e8 un lavoro&hellip;<\/div>\t<\/div>\r\n<\/article>\r\n<article class=\"w-grid-item ratio_1x1 size_1x1 post-25080 post type-post status-publish format-standard has-post-thumbnail hentry category-media\" data-id=\"25080\">\r\n\t<div class=\"w-grid-item-h\">\r\n\t\t\t\t<h2 class=\"w-post-elm post_title usg_post_title_1 entry-title color_link_inherit\"><a href=\"https:\/\/deutschcolor.com\/it\/costruzione-e-vernici\/\">DAST &#038; Deutsch Color sono i partner di Delta Corporation Sono nel campo delle costruzione e vernici<\/a><\/h2><div class=\"w-hwrapper usg_hwrapper_1 align_left valign_top wrap \"><div class=\"w-post-elm post_taxonomy usg_post_taxonomy_1 style_simple\"><a href=\"https:\/\/deutschcolor.com\/it\/category\/media\/\">Media<\/a><\/div><time class=\"w-post-elm post_date usg_post_date_1 entry-date published\" datetime=\"2025-08-09T13:18:03+00:00\" title=\"9 August 2025 at 13:18:03 +00:00\">9 Aug 2025<\/time><\/div><div class=\"w-post-elm post_image usg_post_image_1 stretched\"><a href=\"https:\/\/deutschcolor.com\/it\/costruzione-e-vernici\/\" aria-label=\"DAST &#038; Deutsch Color sono i partner di Delta Corporation Sono nel campo delle costruzione e vernici\"><img width=\"1024\" height=\"576\" src=\"https:\/\/deutschcolor.com\/it\/wp-content\/uploads\/2025\/08\/architectural-1024x576.webp\" class=\"attachment-large size-large wp-post-image\" alt=\"Vernice di quali\u00e0 in Deutsch Color ancora con i partner Delta Corporation\" loading=\"lazy\" srcset=\"https:\/\/deutschcolor.com\/it\/wp-content\/uploads\/2025\/08\/architectural-1024x576.webp 1024w, https:\/\/deutschcolor.com\/it\/wp-content\/uploads\/2025\/08\/architectural-300x169.webp 300w, https:\/\/deutschcolor.com\/it\/wp-content\/uploads\/2025\/08\/architectural-1536x864.webp 1536w, https:\/\/deutschcolor.com\/it\/wp-content\/uploads\/2025\/08\/architectural-600x337.webp 600w, https:\/\/deutschcolor.com\/it\/wp-content\/uploads\/2025\/08\/architectural.webp 1885w\" sizes=\"(max-width: 1024px) 100vw, 1024px\" \/><\/a><\/div><div class=\"w-post-elm post_content usg_post_content_1\">Siamo convinti che, insieme, siano la chiave della crescita delle operazioni industriali. Delta Corporation opera due imponenti stabilimenti: DAST e\u00a0Deutsch Color.I pi\u00f9 grandi nella regione e nei Balcani, producono materiali da costruzione e vernici di alta qualit\u00e0 per il mercato locale e per l\u2019esportazione verso l\u2019Europa. Nel frattempo, l\u2019azienda possiede&hellip;<\/div>\t<\/div>\r\n<\/article>\r\n<article class=\"w-grid-item ratio_1x1 size_1x1 post-25075 post type-post status-publish format-standard has-post-thumbnail hentry category-media\" data-id=\"25075\">\r\n\t<div class=\"w-grid-item-h\">\r\n\t\t\t\t<h2 class=\"w-post-elm post_title usg_post_title_1 entry-title color_link_inherit\"><a href=\"https:\/\/deutschcolor.com\/it\/come-puoi-scegliere-o-lasciarti-ispirare-dai-colori-dietro-ogni-idea\/\">Come puoi scegliere o lasciarti ispirare dai colori dietro ogni idea?<\/a><\/h2><div class=\"w-hwrapper usg_hwrapper_1 align_left valign_top wrap \"><div class=\"w-post-elm post_taxonomy usg_post_taxonomy_1 style_simple\"><a href=\"https:\/\/deutschcolor.com\/it\/category\/media\/\">Media<\/a><\/div><time class=\"w-post-elm post_date usg_post_date_1 entry-date published\" datetime=\"2025-08-01T11:42:59+00:00\" title=\"1 August 2025 at 11:42:59 +00:00\">1 Aug 2025<\/time><\/div><div class=\"w-post-elm post_image usg_post_image_1 stretched\"><a href=\"https:\/\/deutschcolor.com\/it\/come-puoi-scegliere-o-lasciarti-ispirare-dai-colori-dietro-ogni-idea\/\" aria-label=\"Come puoi scegliere o lasciarti ispirare dai colori dietro ogni idea?\"><img width=\"819\" height=\"1024\" src=\"https:\/\/deutschcolor.com\/it\/wp-content\/uploads\/2025\/08\/frymezim-deutsch-al-819x1024.jpg\" class=\"attachment-large size-large wp-post-image\" alt=\"Da Deutsch Color, ogni colore racconta una storia. Ispirata alla vera bellezza della vita\" loading=\"lazy\" srcset=\"https:\/\/deutschcolor.com\/it\/wp-content\/uploads\/2025\/08\/frymezim-deutsch-al-819x1024.jpg 819w, https:\/\/deutschcolor.com\/it\/wp-content\/uploads\/2025\/08\/frymezim-deutsch-al-240x300.jpg 240w, https:\/\/deutschcolor.com\/it\/wp-content\/uploads\/2025\/08\/frymezim-deutsch-al-600x750.jpg 600w, https:\/\/deutschcolor.com\/it\/wp-content\/uploads\/2025\/08\/frymezim-deutsch-al.jpg 1024w\" sizes=\"(max-width: 819px) 100vw, 819px\" \/><\/a><\/div><div class=\"w-post-elm post_content usg_post_content_1\">Risposta di come puoi scegliere: Da Deutsch Color, ogni colore racconta una storia.Ispirata alla vera bellezza della vita, la nostra palette \u00e8 pensata per chi cerca eleganza, stile e carattere in ogni angolo della propria casa o ambiente di lavoro. Che tu stia progettando una camera da letto rilassante o&hellip;<\/div>\t<\/div>\r\n<\/article>\r\n<article class=\"w-grid-item ratio_1x1 size_1x1 post-23559 post type-post status-publish format-standard has-post-thumbnail hentry category-media\" data-id=\"23559\">\r\n\t<div class=\"w-grid-item-h\">\r\n\t\t\t\t<h2 class=\"w-post-elm post_title usg_post_title_1 entry-title color_link_inherit\"><a href=\"https:\/\/deutschcolor.com\/it\/ngjyrat-e-natyres-teoria-e-riperteritjes\/\">Colori della natura, teoria del rinnovamento<\/a><\/h2><div class=\"w-hwrapper usg_hwrapper_1 align_left valign_top wrap \"><div class=\"w-post-elm post_taxonomy usg_post_taxonomy_1 style_simple\"><a href=\"https:\/\/deutschcolor.com\/it\/category\/media\/\">Media<\/a><\/div><time class=\"w-post-elm post_date usg_post_date_1 entry-date published\" datetime=\"2019-04-03T09:00:06+00:00\" title=\"3 April 2019 at 09:00:06 +00:00\">3 Apr 2019<\/time><div class=\"w-post-elm post_comments usg_post_comments_1 layout_amount color_link_inherit\"><i class=\"far fa-comments\"><\/i><a class=\"smooth-scroll\" href=\"https:\/\/deutschcolor.com\/it\/ngjyrat-e-natyres-teoria-e-riperteritjes\/#respond\">0<\/a><\/div><\/div><div class=\"w-post-elm post_image usg_post_image_1 stretched\"><a href=\"https:\/\/deutschcolor.com\/it\/ngjyrat-e-natyres-teoria-e-riperteritjes\/\" aria-label=\"Colori della natura, teoria del rinnovamento\"><img width=\"1000\" height=\"538\" src=\"https:\/\/deutschcolor.com\/it\/wp-content\/uploads\/2019\/04\/renewal-theory.jpg\" class=\"attachment-large size-large wp-post-image\" alt=\"Psicologia dei Colori Naturali \u2013 Benessere e Design | Deutsch\u202fColor\" loading=\"lazy\" srcset=\"https:\/\/deutschcolor.com\/it\/wp-content\/uploads\/2019\/04\/renewal-theory.jpg 1000w, https:\/\/deutschcolor.com\/it\/wp-content\/uploads\/2019\/04\/renewal-theory-600x323.jpg 600w\" sizes=\"(max-width: 1000px) 100vw, 1000px\" \/><\/a><\/div><div class=\"w-post-elm post_content usg_post_content_1\">Psicologia dei Colori e Influenza sul Benessere \u00c8 noto psicologicamente che il nostro io interiore, l&#8217;umore e il comportamento sono nella maggior parte dei casi influenzati dai colori che circondano noi stessi e l\u2019ambiente. Vibrazioni Rilassanti della Natura La natura \u00e8 conosciuta per le sue vibrazioni rilassanti che possiamo anche&hellip;<\/div>\t<\/div>\r\n<\/article>\r\n<\/div>\t\t<div class=\"g-loadmore\">\r\n\t\t\t<div class=\"g-preloader type_1\">\r\n\t\t\t\t<div><\/div>\r\n\t\t\t<\/div>\r\n\t\t\t<a class=\"w-btn us-btn-style_2\" href=\"javascript:void(0)\">\r\n\t\t\t\t<span class=\"w-btn-label\">Swow More<\/span>\r\n\t\t\t<\/a>\r\n\t\t<\/div>\r\n\t\t\t<div class=\"w-grid-json hidden\" onclick='return {&quot;ajax_url&quot;:&quot;https:\\\/\\\/deutschcolor.com\\\/it\\\/wp-admin\\\/admin-ajax.php&quot;,&quot;permalink_url&quot;:&quot;https:\\\/\\\/deutschcolor.com\\\/it\\\/ngjyrat-e-natyres-teoria-e-riperteritjes\\\/&quot;,&quot;action&quot;:&quot;us_ajax_grid&quot;,&quot;max_num_pages&quot;:2,&quot;infinite_scroll&quot;:0,&quot;template_vars&quot;:{&quot;query_args&quot;:{&quot;post_type&quot;:[&quot;post&quot;],&quot;tax_query&quot;:[{&quot;taxonomy&quot;:&quot;category&quot;,&quot;field&quot;:&quot;slug&quot;,&quot;terms&quot;:[&quot;media&quot;]}],&quot;orderby&quot;:{&quot;date&quot;:&quot;DESC&quot;},&quot;post_status&quot;:[&quot;publish&quot;,&quot;acf-disabled&quot;],&quot;posts_per_page&quot;:&quot;5&quot;},&quot;post_id&quot;:23509,&quot;us_grid_index&quot;:1,&quot;us_grid_ajax_index&quot;:1,&quot;exclude_items&quot;:&quot;none&quot;,&quot;items_offset&quot;:&quot;1&quot;,&quot;items_layout&quot;:&quot;blog_11&quot;,&quot;type&quot;:&quot;masonry&quot;,&quot;columns&quot;:&quot;2&quot;,&quot;img_size&quot;:&quot;default&quot;,&quot;overriding_link&quot;:&quot;none&quot;},&quot;carousel_settings&quot;:{&quot;items&quot;:&quot;2&quot;,&quot;nav&quot;:0,&quot;navNext&quot;:&quot;&quot;,&quot;navPrev&quot;:&quot;&quot;,&quot;dots&quot;:0,&quot;center&quot;:0,&quot;autoplay&quot;:0,&quot;smooth_play&quot;:0,&quot;timeout&quot;:3000,&quot;speed&quot;:250,&quot;transition&quot;:&quot;&quot;,&quot;autoheight&quot;:0,&quot;slideby&quot;:&quot;1&quot;},&quot;carousel_breakpoints&quot;:{&quot;1200&quot;:{&quot;items&quot;:&quot;2&quot;},&quot;900&quot;:{&quot;items&quot;:&quot;2&quot;,&quot;autoplay&quot;:1,&quot;autoplayHoverPause&quot;:1},&quot;600&quot;:{&quot;items&quot;:2,&quot;autoplay&quot;:1,&quot;autoplayHoverPause&quot;:1},&quot;0&quot;:{&quot;items&quot;:1,&quot;autoplay&quot;:1,&quot;autoplayHoverPause&quot;:1}}}'><\/div>\r\n<\/div><\/div><\/div><\/div><\/div><\/div><\/section>\n","protected":false},"excerpt":{"rendered":"Psicologia dei Colori e Influenza sul Benessere \u00c8 noto psicologicamente che il nostro io interiore, l'umore e il comportamento sono nella maggior parte dei casi influenzati dai colori che circondano noi stessi e l\u2019ambiente. Vibrazioni Rilassanti della Natura La natura \u00e8 conosciuta per le sue vibrazioni rilassanti che possiamo anche sfruttare quando si tratta di...","protected":false},"author":1,"featured_media":0,"parent":0,"menu_order":0,"comment_status":"closed","ping_status":"closed","template":"","meta":{"_monsterinsights_skip_tracking":false,"_monsterinsights_sitenote_active":false,"_monsterinsights_sitenote_note":"","_monsterinsights_sitenote_category":0},"aioseo_notices":[],"_links":{"self":[{"href":"https:\/\/deutschcolor.com\/it\/wp-json\/wp\/v2\/pages\/23509"}],"collection":[{"href":"https:\/\/deutschcolor.com\/it\/wp-json\/wp\/v2\/pages"}],"about":[{"href":"https:\/\/deutschcolor.com\/it\/wp-json\/wp\/v2\/types\/page"}],"author":[{"embeddable":true,"href":"https:\/\/deutschcolor.com\/it\/wp-json\/wp\/v2\/users\/1"}],"replies":[{"embeddable":true,"href":"https:\/\/deutschcolor.com\/it\/wp-json\/wp\/v2\/comments?post=23509"}],"version-history":[{"count":8,"href":"https:\/\/deutschcolor.com\/it\/wp-json\/wp\/v2\/pages\/23509\/revisions"}],"predecessor-version":[{"id":25007,"href":"https:\/\/deutschcolor.com\/it\/wp-json\/wp\/v2\/pages\/23509\/revisions\/25007"}],"wp:attachment":[{"href":"https:\/\/deutschcolor.com\/it\/wp-json\/wp\/v2\/media?parent=23509"}],"curies":[{"name":"wp","href":"https:\/\/api.w.org\/{rel}","templated":true}]}}