{"id":23808,"date":"2019-05-22T09:51:51","date_gmt":"2019-05-22T09:51:51","guid":{"rendered":"https:\/\/deutschcolor.com\/it\/?post_type=product&#038;p=23808"},"modified":"2019-07-11T13:04:25","modified_gmt":"2019-07-11T13:04:25","slug":"wa-500","status":"publish","type":"product","link":"https:\/\/deutschcolor.com\/it\/product\/wa-500\/","title":{"rendered":"WA 500"},"content":{"rendered":"<p><strong>Caratteristiche<\/strong><br \/>\n&#8211; WA 500 \u00e8 un adesivo sintetico, con Asciugatura rapida, a base di emulsione acquosa,con basso contenuto d\u2019acqua.<br \/>\n&#8211; WA 500 si indurisce anche a temperature vicino al congelamento.Tuttavia, si raccomanda di effettuare l\u2019installazione almeno in +10\u00b0C.<br \/>\n&#8211; WA 500 ha un\u2019elevata adesivit\u00e0, che lo rende calpestabile dopo 24 ore.<br \/>\n&#8211; Dopo l\u2019evaporazione dell\u2019acqua, WA 500 raggiunge un elevato livello di flessibilit\u00e0 e adesivit\u00e0, ed \u00e8 resistente ai normali movimenti igrometrici di legno e all\u2019espansione termica della superfice.<br \/>\n&#8211; WA 500 \u00e8 completamente resistente alle muffe e batteri, grazie agli strati speciali che contiene.<\/p>\n<p>###<\/p>\n<p><strong>Conservazione<\/strong><br \/>\n24 mesi, se immagazzinato in un ambiente asciutto, nella sua confezione<br \/>\noriginale e chiusa.<\/p>\n<p><strong>Consumo<\/strong>: 1- 1.5kg\/m2<\/p>\n<p><strong>Imballaggio<\/strong>: Contenitore di plastica 5 kg\/15 kg<\/p>\n","protected":false},"excerpt":{"rendered":"<p>Adesivo con Asciugatura rapida, per parquet di legno a base di dispersione acquosa, esente da solventei.<\/p>\n","protected":false},"featured_media":24460,"comment_status":"closed","ping_status":"closed","template":"","meta":{"_monsterinsights_skip_tracking":false,"_monsterinsights_sitenote_active":false,"_monsterinsights_sitenote_note":"","_monsterinsights_sitenote_category":0},"aioseo_notices":[],"_links":{"self":[{"href":"https:\/\/deutschcolor.com\/it\/wp-json\/wp\/v2\/product\/23808"}],"collection":[{"href":"https:\/\/deutschcolor.com\/it\/wp-json\/wp\/v2\/product"}],"about":[{"href":"https:\/\/deutschcolor.com\/it\/wp-json\/wp\/v2\/types\/product"}],"replies":[{"embeddable":true,"href":"https:\/\/deutschcolor.com\/it\/wp-json\/wp\/v2\/comments?post=23808"}],"wp:featuredmedia":[{"embeddable":true,"href":"https:\/\/deutschcolor.com\/it\/wp-json\/wp\/v2\/media\/24460"}],"wp:attachment":[{"href":"https:\/\/deutschcolor.com\/it\/wp-json\/wp\/v2\/media?parent=23808"}],"curies":[{"name":"wp","href":"https:\/\/api.w.org\/{rel}","templated":true}]}}